{"id":11,"date":"2019-09-07T12:44:20","date_gmt":"2019-09-07T12:44:20","guid":{"rendered":"https:\/\/rrygm.beeweb-green.io\/?page_id=11"},"modified":"2019-10-15T19:05:41","modified_gmt":"2019-10-15T19:05:41","slug":"que-es-tre","status":"publish","type":"page","link":"http:\/\/tre-online.com\/es\/what-is-tre\/","title":{"rendered":"Qu\u00e9 es TRE"},"content":{"rendered":"<p>TRE\u00ae es una innovadora serie de ejercicios que ayudan al cuerpo a liberar patrones musculares profundos de estr\u00e9s, tensi\u00f3n y trauma. Los ejercicios activan de forma segura un mecanismo reflejo natural de sacudida o vibraci\u00f3n que libera la tensi\u00f3n muscular, calmando el sistema nervioso. Cuando este mecanismo de sacudida\/vibraci\u00f3n muscular se activa en un entorno seguro y controlado, se anima al cuerpo a volver a un estado de equilibrio.<\/p>\n\n\n\n<p>TRE\u00ae est\u00e1 dise\u00f1ado para ser una herramienta de autoayuda que, una vez aprendida, puede utilizarse de forma independiente seg\u00fan se necesite a lo largo de la vida, apoyando y fomentando as\u00ed de forma continua la salud y el bienestar personales.<\/p>\n\n\n\n<p>Mediante la liberaci\u00f3n de nuestros h\u00e1bitos defensivos podemos volver a un estado de paz, calma, curiosidad y alegr\u00eda que muchos de nosotros no hemos experimentado desde que \u00e9ramos ni\u00f1os peque\u00f1os.<\/p>\n\n\n\n<p>TRE\u00ae se ense\u00f1a en m\u00e1s de 60 pa\u00edses de todo el mundo. Puede ense\u00f1arse a individuos y grupos, ni\u00f1os y ancianos. El m\u00e9todo lo imparten instructores y formadores TRE\u00ae certificados.<\/p>\n\n\n\n<iframe src=\"https:\/\/player.vimeo.com\/video\/185226382\" allow=\"autoplay; fullscreen\" allowfullscreen=\"\" width=\"640\" height=\"360\" frameborder=\"0\"><\/iframe>","protected":false},"excerpt":{"rendered":"<p>TRE\u00ae es una innovadora serie de ejercicios que ayudan al cuerpo a liberar patrones musculares profundos de estr\u00e9s, tensi\u00f3n y trauma. Los ejercicios activan de forma segura un mecanismo reflejo natural de sacudida o vibraci\u00f3n que libera la tensi\u00f3n muscular, calmando el sistema nervioso. Cuando este mecanismo de sacudida\/vibraci\u00f3n muscular se activa en un entorno seguro y controlado, ... <\/p>","protected":false},"author":1,"featured_media":0,"parent":0,"menu_order":0,"comment_status":"closed","ping_status":"closed","template":"","meta":{"_acf_changed":false,"footnotes":""},"class_list":["post-11","page","type-page","status-publish","hentry","grid-sizer","latest_post"],"acf":[],"yoast_head":"<!-- This site is optimized with the Yoast SEO plugin v27.5 - https:\/\/yoast.com\/product\/yoast-seo-wordpress\/ -->\n<title>What is TRE\u00ae - TRE\u00ae Tension Releasing Exercises<\/title>\n<meta name=\"robots\" content=\"index, follow, max-snippet:-1, max-image-preview:large, max-video-preview:-1\" \/>\n<link rel=\"canonical\" href=\"https:\/\/tre-online.com\/es\/que-es-tre\/\" \/>\n<meta property=\"og:locale\" content=\"es_ES\" \/>\n<meta property=\"og:type\" content=\"article\" \/>\n<meta property=\"og:title\" content=\"What is TRE\u00ae - TRE\u00ae Tension Releasing Exercises\" \/>\n<meta property=\"og:description\" content=\"TRE\u00ae is an innovative series of exercises that assist the body in releasing deep muscular patterns of stress, tension and trauma. The exercises safely activate a natural reflex mechanism of shaking or vibrating that releases muscular tension, calming down the nervous system. When this muscular shaking\/vibrating mechanism is activated in a safe and controlled environment, &hellip;\" \/>\n<meta property=\"og:url\" content=\"https:\/\/tre-online.com\/es\/que-es-tre\/\" \/>\n<meta property=\"og:site_name\" content=\"TRE\u00ae Tension Releasing Exercises\" \/>\n<meta property=\"article:publisher\" content=\"https:\/\/www.facebook.com\/onlineTRE\" \/>\n<meta property=\"article:modified_time\" content=\"2019-10-15T19:05:41+00:00\" \/>\n<meta name=\"twitter:card\" content=\"summary_large_image\" \/>\n<meta name=\"twitter:label1\" content=\"Tiempo de lectura\" \/>\n\t<meta name=\"twitter:data1\" content=\"1 minuto\" \/>\n<script type=\"application\/ld+json\" class=\"yoast-schema-graph\">{\"@context\":\"https:\\\/\\\/schema.org\",\"@graph\":[{\"@type\":\"WebPage\",\"@id\":\"https:\\\/\\\/tre-online.com\\\/what-is-tre\\\/\",\"url\":\"https:\\\/\\\/tre-online.com\\\/what-is-tre\\\/\",\"name\":\"What is TRE\u00ae - TRE\u00ae Tension Releasing Exercises\",\"isPartOf\":{\"@id\":\"https:\\\/\\\/tre-online.com\\\/#website\"},\"datePublished\":\"2019-09-07T12:44:20+00:00\",\"dateModified\":\"2019-10-15T19:05:41+00:00\",\"breadcrumb\":{\"@id\":\"https:\\\/\\\/tre-online.com\\\/what-is-tre\\\/#breadcrumb\"},\"inLanguage\":\"es\",\"potentialAction\":[{\"@type\":\"ReadAction\",\"target\":[\"https:\\\/\\\/tre-online.com\\\/what-is-tre\\\/\"]}]},{\"@type\":\"BreadcrumbList\",\"@id\":\"https:\\\/\\\/tre-online.com\\\/what-is-tre\\\/#breadcrumb\",\"itemListElement\":[{\"@type\":\"ListItem\",\"position\":1,\"name\":\"Home\",\"item\":\"https:\\\/\\\/tre-online.com\\\/\"},{\"@type\":\"ListItem\",\"position\":2,\"name\":\"What is TRE\u00ae\"}]},{\"@type\":\"WebSite\",\"@id\":\"https:\\\/\\\/tre-online.com\\\/#website\",\"url\":\"https:\\\/\\\/tre-online.com\\\/\",\"name\":\"TRE\u00ae Tension Releasing Exercises\",\"description\":\"Release Your Body - Release Your Mind\",\"publisher\":{\"@id\":\"https:\\\/\\\/tre-online.com\\\/#organization\"},\"potentialAction\":[{\"@type\":\"SearchAction\",\"target\":{\"@type\":\"EntryPoint\",\"urlTemplate\":\"https:\\\/\\\/tre-online.com\\\/?s={search_term_string}\"},\"query-input\":{\"@type\":\"PropertyValueSpecification\",\"valueRequired\":true,\"valueName\":\"search_term_string\"}}],\"inLanguage\":\"es\"},{\"@type\":\"Organization\",\"@id\":\"https:\\\/\\\/tre-online.com\\\/#organization\",\"name\":\"TRE\u00ae Tension Releasing Exercises\",\"url\":\"https:\\\/\\\/tre-online.com\\\/\",\"logo\":{\"@type\":\"ImageObject\",\"inLanguage\":\"es\",\"@id\":\"https:\\\/\\\/tre-online.com\\\/#\\\/schema\\\/logo\\\/image\\\/\",\"url\":\"https:\\\/\\\/tre-online.com\\\/wp-content\\\/uploads\\\/2021\\\/02\\\/TRE-online-logo-size-optimzed.png\",\"contentUrl\":\"https:\\\/\\\/tre-online.com\\\/wp-content\\\/uploads\\\/2021\\\/02\\\/TRE-online-logo-size-optimzed.png\",\"width\":400,\"height\":397,\"caption\":\"TRE\u00ae Tension Releasing Exercises\"},\"image\":{\"@id\":\"https:\\\/\\\/tre-online.com\\\/#\\\/schema\\\/logo\\\/image\\\/\"},\"sameAs\":[\"https:\\\/\\\/www.facebook.com\\\/onlineTRE\",\"https:\\\/\\\/www.instagram.com\\\/online_tre\\\/\"]}]}<\/script>\n<!-- \/ Yoast SEO plugin. -->","yoast_head_json":{"title":"Qu\u00e9 es TRE\u00ae - TRE\u00ae Ejercicios de Liberaci\u00f3n de Tensi\u00f3n","robots":{"index":"index","follow":"follow","max-snippet":"max-snippet:-1","max-image-preview":"max-image-preview:large","max-video-preview":"max-video-preview:-1"},"canonical":"https:\/\/tre-online.com\/es\/que-es-tre\/","og_locale":"es_ES","og_type":"article","og_title":"What is TRE\u00ae - TRE\u00ae Tension Releasing Exercises","og_description":"TRE\u00ae is an innovative series of exercises that assist the body in releasing deep muscular patterns of stress, tension and trauma. The exercises safely activate a natural reflex mechanism of shaking or vibrating that releases muscular tension, calming down the nervous system. When this muscular shaking\/vibrating mechanism is activated in a safe and controlled environment, &hellip;","og_url":"https:\/\/tre-online.com\/es\/que-es-tre\/","og_site_name":"TRE\u00ae Tension Releasing Exercises","article_publisher":"https:\/\/www.facebook.com\/onlineTRE","article_modified_time":"2019-10-15T19:05:41+00:00","twitter_card":"summary_large_image","twitter_misc":{"Tiempo de lectura":"1 minuto"},"schema":{"@context":"https:\/\/schema.org","@graph":[{"@type":"WebPage","@id":"https:\/\/tre-online.com\/what-is-tre\/","url":"https:\/\/tre-online.com\/what-is-tre\/","name":"Qu\u00e9 es TRE\u00ae - TRE\u00ae Ejercicios de Liberaci\u00f3n de Tensi\u00f3n","isPartOf":{"@id":"https:\/\/tre-online.com\/#website"},"datePublished":"2019-09-07T12:44:20+00:00","dateModified":"2019-10-15T19:05:41+00:00","breadcrumb":{"@id":"https:\/\/tre-online.com\/what-is-tre\/#breadcrumb"},"inLanguage":"es","potentialAction":[{"@type":"ReadAction","target":["https:\/\/tre-online.com\/what-is-tre\/"]}]},{"@type":"BreadcrumbList","@id":"https:\/\/tre-online.com\/what-is-tre\/#breadcrumb","itemListElement":[{"@type":"ListItem","position":1,"name":"Home","item":"https:\/\/tre-online.com\/"},{"@type":"ListItem","position":2,"name":"What is TRE\u00ae"}]},{"@type":"WebSite","@id":"https:\/\/tre-online.com\/#website","url":"https:\/\/tre-online.com\/","name":"TRE\u00ae Ejercicios para liberar la tensi\u00f3n","description":"Libera tu cuerpo - Libera tu mente","publisher":{"@id":"https:\/\/tre-online.com\/#organization"},"potentialAction":[{"@type":"SearchAction","target":{"@type":"EntryPoint","urlTemplate":"https:\/\/tre-online.com\/?s={search_term_string}"},"query-input":{"@type":"PropertyValueSpecification","valueRequired":true,"valueName":"search_term_string"}}],"inLanguage":"es"},{"@type":"Organization","@id":"https:\/\/tre-online.com\/#organization","name":"TRE\u00ae Ejercicios para liberar la tensi\u00f3n","url":"https:\/\/tre-online.com\/","logo":{"@type":"ImageObject","inLanguage":"es","@id":"https:\/\/tre-online.com\/#\/schema\/logo\/image\/","url":"https:\/\/tre-online.com\/wp-content\/uploads\/2021\/02\/TRE-online-logo-size-optimzed.png","contentUrl":"https:\/\/tre-online.com\/wp-content\/uploads\/2021\/02\/TRE-online-logo-size-optimzed.png","width":400,"height":397,"caption":"TRE\u00ae Tension Releasing Exercises"},"image":{"@id":"https:\/\/tre-online.com\/#\/schema\/logo\/image\/"},"sameAs":["https:\/\/www.facebook.com\/onlineTRE","https:\/\/www.instagram.com\/online_tre\/"]}]}},"_links":{"self":[{"href":"http:\/\/tre-online.com\/es\/wp-json\/wp\/v2\/pages\/11","targetHints":{"allow":["GET"]}}],"collection":[{"href":"http:\/\/tre-online.com\/es\/wp-json\/wp\/v2\/pages"}],"about":[{"href":"http:\/\/tre-online.com\/es\/wp-json\/wp\/v2\/types\/page"}],"author":[{"embeddable":true,"href":"http:\/\/tre-online.com\/es\/wp-json\/wp\/v2\/users\/1"}],"replies":[{"embeddable":true,"href":"http:\/\/tre-online.com\/es\/wp-json\/wp\/v2\/comments?post=11"}],"version-history":[{"count":0,"href":"http:\/\/tre-online.com\/es\/wp-json\/wp\/v2\/pages\/11\/revisions"}],"wp:attachment":[{"href":"http:\/\/tre-online.com\/es\/wp-json\/wp\/v2\/media?parent=11"}],"curies":[{"name":"wp","href":"https:\/\/api.w.org\/{rel}","templated":true}]}}