{"id":19,"date":"2019-09-07T12:45:50","date_gmt":"2019-09-07T12:45:50","guid":{"rendered":"https:\/\/rrygm.beeweb-green.io\/?page_id=19"},"modified":"2022-11-05T13:41:00","modified_gmt":"2022-11-05T12:41:00","slug":"tre-en-linea-aprender-a","status":"publish","type":"page","link":"http:\/\/tre-online.com\/es\/tre-online-learn-how-to\/","title":{"rendered":"TRE\u00ae en l\u00ednea"},"content":{"rendered":"<blockquote class=\"wp-block-quote is-layout-flow wp-block-quote-is-layout-flow\">\n<p>todos los seres humanos tenemos una capacidad innata para curarnos de las experiencias traum\u00e1ticas. Como especie, tenemos codificada gen\u00e9ticamente la capacidad de curarnos a nosotros mismos. Si no posey\u00e9ramos esta capacidad, nuestra especie se habr\u00eda extinguido poco despu\u00e9s de nacer. No s\u00f3lo podemos curarnos de experiencias traum\u00e1ticas, sino que el trauma mismo ha formado parte del proceso evolutivo natural de nuestra especie, y todos los individuos traumatizados tienen acceso a este m\u00e9todo de curaci\u00f3n natural que est\u00e1 codificado gen\u00e9ticamente en su interior.<\/p>\n<cite><strong>David Berceli<\/strong><\/cite><\/blockquote>\n\n\n\n<p>Una de las ideas fundamentales de TRE\u00ae es que el individuo debe poder participar en el proceso y aprender a trabajar dentro de su margen de tolerancia.<\/p>\n\n\n\n<p>En muchos casos no hay Proveedores Certificados TRE\u00ae cerca, o se siente m\u00e1s seguro en el proceso de aprendizaje quedarse en la propia casa.<\/p>\n\n\n\n<p>TRE\u00ae online es un sitio web creado para dar a conocer el crecimiento de TRE\u00ae en todo el mundo.  <\/p>\n\n\n\n<p>Si a\u00fan no has aprendido TRE\u00ae, puedes aprender TRE\u00ae a trav\u00e9s de una video-sesi\u00f3n de forma segura, con apoyo y empoderamiento. La fundadora del sitio web en l\u00ednea de TRE\u00ae es formadora de certificaci\u00f3n de TRE\u00ae desde 2011, y tiene una profunda experiencia trabajando con sesiones de v\u00eddeo de TRE\u00ae desde el inicio de su funci\u00f3n de formadora de certificaci\u00f3n.<\/p>\n\n\n\n<p>Se ofrecer\u00e1n sesiones de grupo de TRE\u00ae Online, en las que las personas que ya practican TRE\u00ae podr\u00e1n participar desde el sal\u00f3n de su casa en sesiones conjuntas de sacudidas para explorar y compartir.<\/p>\n\n\n\n<p>Los proveedores de TRE\u00ae certificados pueden solicitar una supervisi\u00f3n posterior a la certificaci\u00f3n, ya sea para obtener apoyo en su proceso personal o para obtener apoyo y asesoramiento en casos de clientes.<\/p>\n\n\n\n<p>A continuaci\u00f3n se muestra un magn\u00edfico v\u00eddeo explicativo sobre qu\u00e9 es y qu\u00e9 hace TRE\u00ae.<\/p>\n\n\n\n<figure class=\"wp-block-embed is-type-video is-provider-youtube wp-block-embed-youtube wp-embed-aspect-16-9 wp-has-aspect-ratio\"><div class=\"wp-block-embed__wrapper\">\n<iframe title=\"\u00bfQu\u00e9 es la ERT? (Una r\u00e1pida y sencilla explicaci\u00f3n animada de la ERT)\" width=\"810\" height=\"456\" src=\"https:\/\/www.youtube.com\/embed\/9Flm8v8IKCg?feature=oembed\" frameborder=\"0\" allow=\"accelerometer; autoplay; clipboard-write; encrypted-media; gyroscope; picture-in-picture\" allowfullscreen><\/iframe>\n<\/div><figcaption class=\"wp-element-caption\">\u00bfQu\u00e9 es TRE\u00ae?<\/figcaption><\/figure>\n\n\n\n<p><\/p>\n\n\n\n<figure class=\"wp-block-embed is-type-video is-provider-youtube wp-block-embed-youtube wp-embed-aspect-16-9 wp-has-aspect-ratio\"><div class=\"wp-block-embed__wrapper\">\n<iframe title=\"TRE\u00ae (Ejercicios de Liberaci\u00f3n de Tensi\u00f3n y Trauma): Instrucciones completas con el Dr. David Berceli (OFICIAL)\" width=\"810\" height=\"456\" src=\"https:\/\/www.youtube.com\/embed\/FeUioDuJjFI?feature=oembed\" frameborder=\"0\" allow=\"accelerometer; autoplay; clipboard-write; encrypted-media; gyroscope; picture-in-picture\" allowfullscreen><\/iframe>\n<\/div><figcaption class=\"wp-element-caption\">El v\u00eddeo oficial de TRE\u00ae PARA TODOS con instrucciones para realizar la serie de ejercicios. <\/figcaption><\/figure>","protected":false},"excerpt":{"rendered":"<p>all humans have an innate capacity to heal from traumatic experiences. We as a species are genetically encoded with the capacity to heal ourselves. If we did not possess this ability, our species would have become extinct shortly after we were born. Not only can we heal from traumatic experiences, but trauma itself has been &hellip; <\/p>","protected":false},"author":1,"featured_media":0,"parent":0,"menu_order":0,"comment_status":"closed","ping_status":"closed","template":"","meta":{"_acf_changed":false,"footnotes":""},"class_list":["post-19","page","type-page","status-publish","hentry","grid-sizer","latest_post"],"acf":[],"yoast_head":"<!-- This site is optimized with the Yoast SEO plugin v27.5 - https:\/\/yoast.com\/product\/yoast-seo-wordpress\/ -->\n<title>TRE\u00ae Online - TRE\u00ae Tension Releasing Exercises<\/title>\n<meta name=\"description\" content=\"Learn how to do TRE Tension Trauma Releasing Exercises in a safe and supported manner through online sessions.\" \/>\n<meta name=\"robots\" content=\"index, follow, max-snippet:-1, max-image-preview:large, max-video-preview:-1\" \/>\n<link rel=\"canonical\" href=\"https:\/\/tre-online.com\/es\/tre-en-linea-aprender-a\/\" \/>\n<meta property=\"og:locale\" content=\"es_ES\" \/>\n<meta property=\"og:type\" content=\"article\" \/>\n<meta property=\"og:title\" content=\"TRE\u00ae Online - TRE\u00ae Tension Releasing Exercises\" \/>\n<meta property=\"og:description\" content=\"Learn how to do TRE Tension Trauma Releasing Exercises in a safe and supported manner through online sessions.\" \/>\n<meta property=\"og:url\" content=\"https:\/\/tre-online.com\/es\/tre-en-linea-aprender-a\/\" \/>\n<meta property=\"og:site_name\" content=\"TRE\u00ae Tension Releasing Exercises\" \/>\n<meta property=\"article:publisher\" content=\"https:\/\/www.facebook.com\/onlineTRE\" \/>\n<meta property=\"article:modified_time\" content=\"2022-11-05T12:41:00+00:00\" \/>\n<meta name=\"twitter:card\" content=\"summary_large_image\" \/>\n<meta name=\"twitter:label1\" content=\"Tiempo de lectura\" \/>\n\t<meta name=\"twitter:data1\" content=\"2 minutos\" \/>\n<script type=\"application\/ld+json\" class=\"yoast-schema-graph\">{\"@context\":\"https:\\\/\\\/schema.org\",\"@graph\":[{\"@type\":\"WebPage\",\"@id\":\"https:\\\/\\\/tre-online.com\\\/tre-online-learn-how-to\\\/\",\"url\":\"https:\\\/\\\/tre-online.com\\\/tre-online-learn-how-to\\\/\",\"name\":\"TRE\u00ae Online - TRE\u00ae Tension Releasing Exercises\",\"isPartOf\":{\"@id\":\"https:\\\/\\\/tre-online.com\\\/#website\"},\"datePublished\":\"2019-09-07T12:45:50+00:00\",\"dateModified\":\"2022-11-05T12:41:00+00:00\",\"description\":\"Learn how to do TRE Tension Trauma Releasing Exercises in a safe and supported manner through online sessions.\",\"breadcrumb\":{\"@id\":\"https:\\\/\\\/tre-online.com\\\/tre-online-learn-how-to\\\/#breadcrumb\"},\"inLanguage\":\"es\",\"potentialAction\":[{\"@type\":\"ReadAction\",\"target\":[\"https:\\\/\\\/tre-online.com\\\/tre-online-learn-how-to\\\/\"]}]},{\"@type\":\"BreadcrumbList\",\"@id\":\"https:\\\/\\\/tre-online.com\\\/tre-online-learn-how-to\\\/#breadcrumb\",\"itemListElement\":[{\"@type\":\"ListItem\",\"position\":1,\"name\":\"Home\",\"item\":\"https:\\\/\\\/tre-online.com\\\/\"},{\"@type\":\"ListItem\",\"position\":2,\"name\":\"TRE\u00ae Online\"}]},{\"@type\":\"WebSite\",\"@id\":\"https:\\\/\\\/tre-online.com\\\/#website\",\"url\":\"https:\\\/\\\/tre-online.com\\\/\",\"name\":\"TRE\u00ae Tension Releasing Exercises\",\"description\":\"Release Your Body - Release Your Mind\",\"publisher\":{\"@id\":\"https:\\\/\\\/tre-online.com\\\/#organization\"},\"potentialAction\":[{\"@type\":\"SearchAction\",\"target\":{\"@type\":\"EntryPoint\",\"urlTemplate\":\"https:\\\/\\\/tre-online.com\\\/?s={search_term_string}\"},\"query-input\":{\"@type\":\"PropertyValueSpecification\",\"valueRequired\":true,\"valueName\":\"search_term_string\"}}],\"inLanguage\":\"es\"},{\"@type\":\"Organization\",\"@id\":\"https:\\\/\\\/tre-online.com\\\/#organization\",\"name\":\"TRE\u00ae Tension Releasing Exercises\",\"url\":\"https:\\\/\\\/tre-online.com\\\/\",\"logo\":{\"@type\":\"ImageObject\",\"inLanguage\":\"es\",\"@id\":\"https:\\\/\\\/tre-online.com\\\/#\\\/schema\\\/logo\\\/image\\\/\",\"url\":\"https:\\\/\\\/tre-online.com\\\/wp-content\\\/uploads\\\/2021\\\/02\\\/TRE-online-logo-size-optimzed.png\",\"contentUrl\":\"https:\\\/\\\/tre-online.com\\\/wp-content\\\/uploads\\\/2021\\\/02\\\/TRE-online-logo-size-optimzed.png\",\"width\":400,\"height\":397,\"caption\":\"TRE\u00ae Tension Releasing Exercises\"},\"image\":{\"@id\":\"https:\\\/\\\/tre-online.com\\\/#\\\/schema\\\/logo\\\/image\\\/\"},\"sameAs\":[\"https:\\\/\\\/www.facebook.com\\\/onlineTRE\",\"https:\\\/\\\/www.instagram.com\\\/online_tre\\\/\"]}]}<\/script>\n<!-- \/ Yoast SEO plugin. -->","yoast_head_json":{"title":"TRE\u00ae Online - TRE\u00ae Ejercicios para liberar la tensi\u00f3n","description":"Aprenda a realizar los Ejercicios de Liberaci\u00f3n de Traumatismos por Tensi\u00f3n TRE de forma segura y con apoyo a trav\u00e9s de sesiones en l\u00ednea.","robots":{"index":"index","follow":"follow","max-snippet":"max-snippet:-1","max-image-preview":"max-image-preview:large","max-video-preview":"max-video-preview:-1"},"canonical":"https:\/\/tre-online.com\/es\/tre-en-linea-aprender-a\/","og_locale":"es_ES","og_type":"article","og_title":"TRE\u00ae Online - TRE\u00ae Tension Releasing Exercises","og_description":"Learn how to do TRE Tension Trauma Releasing Exercises in a safe and supported manner through online sessions.","og_url":"https:\/\/tre-online.com\/es\/tre-en-linea-aprender-a\/","og_site_name":"TRE\u00ae Tension Releasing Exercises","article_publisher":"https:\/\/www.facebook.com\/onlineTRE","article_modified_time":"2022-11-05T12:41:00+00:00","twitter_card":"summary_large_image","twitter_misc":{"Tiempo de lectura":"2 minutos"},"schema":{"@context":"https:\/\/schema.org","@graph":[{"@type":"WebPage","@id":"https:\/\/tre-online.com\/tre-online-learn-how-to\/","url":"https:\/\/tre-online.com\/tre-online-learn-how-to\/","name":"TRE\u00ae Online - TRE\u00ae Ejercicios para liberar la tensi\u00f3n","isPartOf":{"@id":"https:\/\/tre-online.com\/#website"},"datePublished":"2019-09-07T12:45:50+00:00","dateModified":"2022-11-05T12:41:00+00:00","description":"Aprenda a realizar los Ejercicios de Liberaci\u00f3n de Traumatismos por Tensi\u00f3n TRE de forma segura y con apoyo a trav\u00e9s de sesiones en l\u00ednea.","breadcrumb":{"@id":"https:\/\/tre-online.com\/tre-online-learn-how-to\/#breadcrumb"},"inLanguage":"es","potentialAction":[{"@type":"ReadAction","target":["https:\/\/tre-online.com\/tre-online-learn-how-to\/"]}]},{"@type":"BreadcrumbList","@id":"https:\/\/tre-online.com\/tre-online-learn-how-to\/#breadcrumb","itemListElement":[{"@type":"ListItem","position":1,"name":"Home","item":"https:\/\/tre-online.com\/"},{"@type":"ListItem","position":2,"name":"TRE\u00ae Online"}]},{"@type":"WebSite","@id":"https:\/\/tre-online.com\/#website","url":"https:\/\/tre-online.com\/","name":"TRE\u00ae Ejercicios para liberar la tensi\u00f3n","description":"Libera tu cuerpo - Libera tu mente","publisher":{"@id":"https:\/\/tre-online.com\/#organization"},"potentialAction":[{"@type":"SearchAction","target":{"@type":"EntryPoint","urlTemplate":"https:\/\/tre-online.com\/?s={search_term_string}"},"query-input":{"@type":"PropertyValueSpecification","valueRequired":true,"valueName":"search_term_string"}}],"inLanguage":"es"},{"@type":"Organization","@id":"https:\/\/tre-online.com\/#organization","name":"TRE\u00ae Ejercicios para liberar la tensi\u00f3n","url":"https:\/\/tre-online.com\/","logo":{"@type":"ImageObject","inLanguage":"es","@id":"https:\/\/tre-online.com\/#\/schema\/logo\/image\/","url":"https:\/\/tre-online.com\/wp-content\/uploads\/2021\/02\/TRE-online-logo-size-optimzed.png","contentUrl":"https:\/\/tre-online.com\/wp-content\/uploads\/2021\/02\/TRE-online-logo-size-optimzed.png","width":400,"height":397,"caption":"TRE\u00ae Tension Releasing Exercises"},"image":{"@id":"https:\/\/tre-online.com\/#\/schema\/logo\/image\/"},"sameAs":["https:\/\/www.facebook.com\/onlineTRE","https:\/\/www.instagram.com\/online_tre\/"]}]}},"_links":{"self":[{"href":"http:\/\/tre-online.com\/es\/wp-json\/wp\/v2\/pages\/19","targetHints":{"allow":["GET"]}}],"collection":[{"href":"http:\/\/tre-online.com\/es\/wp-json\/wp\/v2\/pages"}],"about":[{"href":"http:\/\/tre-online.com\/es\/wp-json\/wp\/v2\/types\/page"}],"author":[{"embeddable":true,"href":"http:\/\/tre-online.com\/es\/wp-json\/wp\/v2\/users\/1"}],"replies":[{"embeddable":true,"href":"http:\/\/tre-online.com\/es\/wp-json\/wp\/v2\/comments?post=19"}],"version-history":[{"count":1,"href":"http:\/\/tre-online.com\/es\/wp-json\/wp\/v2\/pages\/19\/revisions"}],"predecessor-version":[{"id":4694,"href":"http:\/\/tre-online.com\/es\/wp-json\/wp\/v2\/pages\/19\/revisions\/4694"}],"wp:attachment":[{"href":"http:\/\/tre-online.com\/es\/wp-json\/wp\/v2\/media?parent=19"}],"curies":[{"name":"wp","href":"https:\/\/api.w.org\/{rel}","templated":true}]}}