{"id":2085,"date":"2020-04-21T11:13:06","date_gmt":"2020-04-21T09:13:06","guid":{"rendered":"https:\/\/rrygm.beeweb-green.io\/?page_id=2085"},"modified":"2025-06-02T15:45:14","modified_gmt":"2025-06-02T13:45:14","slug":"politica-de-cancelacion","status":"publish","type":"page","link":"http:\/\/tre-online.com\/es\/cancellation-policy\/","title":{"rendered":"Pol\u00edtica de cancelaci\u00f3n"},"content":{"rendered":"<h2 class=\"wp-block-heading\">Pol\u00edtica de cancelaci\u00f3n Sesiones<\/h2>\n\n\n\n<p><strong>Anulaci\u00f3n por su parte<\/strong><br>La cancelaci\u00f3n debe realizarse 24 horas antes de la hora programada; de lo contrario, se cobrar\u00e1 el importe total y no ser\u00e1 posible cambiar la reserva. Para las sesiones de los lunes, la cancelaci\u00f3n debe realizarse a m\u00e1s tardar el viernes por la tarde (15.00 h, zona horaria de Estocolmo).<\/p>\n\n\n\n<p><strong>\"Ausencias y retrasos<\/strong><br>Si no se presenta (en l\u00ednea o in situ) a la hora programada (dentro de los 10 minutos siguientes al inicio programado), y\/o no informa de los retrasos, perder\u00e1 su derecho a la hora programada y no ser\u00e1 posible ning\u00fan reembolso o cambio de reserva.<\/p>\n\n\n\n<p><strong>Anulaci\u00f3n por nuestra parte<br><\/strong>OmniBalance se reserva el derecho de modificar o cancelar cualquier sesi\u00f3n si surgen circunstancias imprevistas. En caso de cancelaci\u00f3n, le informaremos lo antes posible.<\/p>\n\n\n\n<p><strong>Enfermedad<\/strong><br>Tenga en cuenta que si est\u00e1 enfermo, tiene menos, etc., le rogamos que nos informe lo antes posible para volver a reservar su hora. El tiempo tiene que ser reservado de nuevo en el plazo de 1 mes, si completamos la nueva reserva dentro de las 4 - 24 horas antes de la hora programada. Una sesi\u00f3n reservada de nuevo a partir de este plazo no se puede volver a reservar varias veces. Cancelaci\u00f3n 0-4 horas antes de la sesi\u00f3n (o presentarse a la sesi\u00f3n enfermo para que el Proveedor decida que no se puede completar, se cargar\u00e1\/perder\u00e1 50% del coste).<\/p>\n\n\n\n<p><strong>POL\u00cdTICA ESPECIAL DE CANCELACI\u00d3N DE LAS SESIONES DE SUPERVISI\u00d3N DEL GCTP<\/strong><br>Las sesiones con necesidad de material pregrabado tienen una pol\u00edtica de cancelaci\u00f3n diferente, consulte el correo electr\u00f3nico separado con las condiciones relacionadas con el plazo de entrega del material.<\/p>\n\n\n\n<h2 class=\"wp-block-heading\">Pol\u00edtica de cancelaci\u00f3n Talleres\/Formaci\u00f3n<\/h2>\n\n\n\n<p><strong>Anulaci\u00f3n por su parte<\/strong><\/p>\n\n\n\n<ul class=\"wp-block-list\">\n<li>La cancelaci\u00f3n debe hacerse como muy tarde 6 semanas (43+ d\u00edas) antes del taller programado para que la cuota sea reembolsada (menos la cuota de inscripci\u00f3n no reembolsable de 80\u20ac).<\/li>\n\n\n\n<li>Si la cancelaci\u00f3n se realiza entre 3-6 semanas (22-42 d\u00edas) antes del taller programado, se reembolsar\u00e1 el 50% del taller.<\/li>\n\n\n\n<li>Cancelaci\u00f3n con menos de tres semanas (21 d\u00edas): \u00a1lo sentimos, no hay reembolso!<\/li>\n<\/ul>\n\n\n\n<p>En las inscripciones realizadas en las seis \u00faltimas semanas anteriores a la fecha prevista para el taller, s\u00f3lo se aplicar\u00e1n los dos \u00faltimos puntos de la pol\u00edtica de cancelaci\u00f3n. En caso de que el participante no haya abonado la cuota en el momento de la inscripci\u00f3n, sino que haya optado por realizar una transferencia bancaria directa, seguir\u00e1 estando sujeto a las condiciones de pago correspondientes a su plaza inscrita. Si no puede asistir y encuentra a alguien que ocupe su plaza antes de la formaci\u00f3n (m\u00ednimo 2 semanas), puede transferir su plaza a otra persona para no perder ninguna cuota.<\/p>\n\n\n\n<p><strong>Trasladar la tasa al pr\u00f3ximo taller<\/strong><br>En caso de que, a su debido tiempo, no pueda asistir al taller\/formaci\u00f3n, podr\u00e1 trasladar el importe \u00edntegro a la siguiente formaci\u00f3n (1 vez) en un plazo de 6 meses a partir de las fechas originales. Para poder trasladar el importe \u00edntegro de la matr\u00edcula, el participante deber\u00e1 solicitarlo a m\u00e1s tardar 3 semanas antes de la fecha original para la que se inscribi\u00f3.<\/p>\n\n\n\n<p><strong>Enfermedad<\/strong><br>Si se pone enfermo y tiene<strong> certificado m\u00e9dico v\u00e1lido<\/strong>En caso de cambio de fin de semana, se puede transferir la cuota pagada a una formaci\u00f3n en un plazo de 6 meses a partir de las fechas previstas originalmente para asistir. Si el participante est\u00e1 enfermo, incluso en el nuevo fin de semana, por desgracia, la cuota no se mover\u00e1 de nuevo.<\/p>\n\n\n\n<p><strong>\"Ausencias y retrasos<\/strong><br>La participaci\u00f3n en talleres y cursos de formaci\u00f3n requiere que el participante se implique desde el principio. Son vivenciales y la seguridad del grupo es la prioridad principal. Si el participante no se presenta a tiempo, lamentablemente no podr\u00e1 participar. El participante es responsable de haber completado la preparaci\u00f3n solicitada en tiempo y forma. Ausencias o falta de informaci\u00f3n que afecten a la participaci\u00f3n <strong>no tendr\u00e1 derecho a reembolso<\/strong> si el organizador ha enviado la informaci\u00f3n a tiempo. <\/p>\n\n\n\n<p><strong>Responsabilidad diferencia horaria (formaci\u00f3n en l\u00ednea)<\/strong><br>OmniBalance AB indicar\u00e1 las horas de su ubicaci\u00f3n (zona horaria de Europa Central, horario de verano e invierno). Siempre es responsabilidad de los participantes asegurarse de que est\u00e1n utilizando un convertidor de zona horaria para la fecha\/hora dada para asegurarse de que se presentan a la hora correcta de inicio del taller.<\/p>\n\n\n\n<p><strong>Anulaci\u00f3n por nuestra parte<\/strong><br>Nos reservamos el derecho a modificar o cancelar la formaci\u00f3n si surgen circunstancias imprevistas. En caso de cancelaci\u00f3n, le informaremos lo antes posible y le devolveremos el importe abonado.<\/p>\n\n\n\n<p class=\"has-vivid-red-color has-text-color\"><em><strong>OmniBalance no se hace responsable de los gastos de viaje\/alojamiento de los participantes en los talleres\/formaci\u00f3n cancelados.<\/strong><\/em><\/p>\n\n\n\n<h2 class=\"wp-block-heading\">Derecho aplicable<\/h2>\n\n\n\n<p>Las presentes Condiciones se regir\u00e1n e interpretar\u00e1n de conformidad con la legislaci\u00f3n de Suecia, sin tener en cuenta sus disposiciones en materia de conflicto de leyes.<\/p>\n\n\n\n<p>El hecho de que no hagamos valer cualquier derecho o disposici\u00f3n de estas Condiciones no se considerar\u00e1 una renuncia a dichos derechos. Si alguna disposici\u00f3n de estas Condiciones fuera declarada inv\u00e1lida o inaplicable por un tribunal, las restantes disposiciones de estas Condiciones seguir\u00e1n en vigor. Estas Condiciones constituyen el acuerdo completo entre nosotros en relaci\u00f3n con nuestro Servicio, y sustituyen y reemplazan cualquier acuerdo anterior que pudi\u00e9ramos tener entre nosotros en relaci\u00f3n con el Servicio.<\/p>\n\n\n\n<p>Cuando compras el evento como Consumidor, est\u00e1s protegido por la Ley sueca de Protecci\u00f3n de los Consumidores, as\u00ed como por la Ley de Contratos.<br>Los servicios y productos adquiridos como Empresa caen bajo la jurisdicci\u00f3n de la Ley de Ventas, as\u00ed como de la Ley de Contratos.<\/p>\n\n\n\n<p><\/p>","protected":false},"excerpt":{"rendered":"<p>Cancellation Policy Sessions Cancellation by youCancellation must be completed 24 hours prior to scheduled time, otherwise full cost will be charged\/no rebooking will be possible. For sessions on Mondays, cancellation must be completed latest Friday afternoon (3pm Stockholm time zone), otherwise full cost will be charged. &#8220;No Show&#8221; &amp; Delay&#8217;sIf you don&#8217;t show up (online\/on-site) &hellip; <\/p>","protected":false},"author":2,"featured_media":0,"parent":0,"menu_order":0,"comment_status":"closed","ping_status":"closed","template":"","meta":{"_acf_changed":false,"footnotes":""},"class_list":["post-2085","page","type-page","status-publish","hentry","grid-sizer","latest_post"],"acf":[],"yoast_head":"<!-- This site is optimized with the Yoast SEO plugin v27.5 - https:\/\/yoast.com\/product\/yoast-seo-wordpress\/ -->\n<title>Cancellation Policy - TRE\u00ae Tension Releasing Exercises<\/title>\n<meta name=\"robots\" content=\"index, follow, max-snippet:-1, max-image-preview:large, max-video-preview:-1\" \/>\n<link rel=\"canonical\" href=\"https:\/\/tre-online.com\/es\/politica-de-cancelacion\/\" \/>\n<meta property=\"og:locale\" content=\"es_ES\" \/>\n<meta property=\"og:type\" content=\"article\" \/>\n<meta property=\"og:title\" content=\"Cancellation Policy - TRE\u00ae Tension Releasing Exercises\" \/>\n<meta property=\"og:description\" content=\"Cancellation Policy Sessions Cancellation by youCancellation must be completed 24 hours prior to scheduled time, otherwise full cost will be charged\/no rebooking will be possible. For sessions on Mondays, cancellation must be completed latest Friday afternoon (3pm Stockholm time zone), otherwise full cost will be charged. &#8220;No Show&#8221; &amp; Delay&#8217;sIf you don&#8217;t show up (online\/on-site) &hellip;\" \/>\n<meta property=\"og:url\" content=\"https:\/\/tre-online.com\/es\/politica-de-cancelacion\/\" \/>\n<meta property=\"og:site_name\" content=\"TRE\u00ae Tension Releasing Exercises\" \/>\n<meta property=\"article:publisher\" content=\"https:\/\/www.facebook.com\/onlineTRE\" \/>\n<meta property=\"article:modified_time\" content=\"2025-06-02T13:45:14+00:00\" \/>\n<meta name=\"twitter:card\" content=\"summary_large_image\" \/>\n<meta name=\"twitter:label1\" content=\"Tiempo de lectura\" \/>\n\t<meta name=\"twitter:data1\" content=\"4 minutos\" \/>\n<script type=\"application\/ld+json\" class=\"yoast-schema-graph\">{\"@context\":\"https:\\\/\\\/schema.org\",\"@graph\":[{\"@type\":\"WebPage\",\"@id\":\"https:\\\/\\\/tre-online.com\\\/cancellation-policy\\\/\",\"url\":\"https:\\\/\\\/tre-online.com\\\/cancellation-policy\\\/\",\"name\":\"Cancellation Policy - TRE\u00ae Tension Releasing Exercises\",\"isPartOf\":{\"@id\":\"https:\\\/\\\/tre-online.com\\\/#website\"},\"datePublished\":\"2020-04-21T09:13:06+00:00\",\"dateModified\":\"2025-06-02T13:45:14+00:00\",\"breadcrumb\":{\"@id\":\"https:\\\/\\\/tre-online.com\\\/cancellation-policy\\\/#breadcrumb\"},\"inLanguage\":\"es\",\"potentialAction\":[{\"@type\":\"ReadAction\",\"target\":[\"https:\\\/\\\/tre-online.com\\\/cancellation-policy\\\/\"]}]},{\"@type\":\"BreadcrumbList\",\"@id\":\"https:\\\/\\\/tre-online.com\\\/cancellation-policy\\\/#breadcrumb\",\"itemListElement\":[{\"@type\":\"ListItem\",\"position\":1,\"name\":\"Home\",\"item\":\"https:\\\/\\\/tre-online.com\\\/\"},{\"@type\":\"ListItem\",\"position\":2,\"name\":\"Cancellation Policy\"}]},{\"@type\":\"WebSite\",\"@id\":\"https:\\\/\\\/tre-online.com\\\/#website\",\"url\":\"https:\\\/\\\/tre-online.com\\\/\",\"name\":\"TRE\u00ae Tension Releasing Exercises\",\"description\":\"Release Your Body - Release Your Mind\",\"publisher\":{\"@id\":\"https:\\\/\\\/tre-online.com\\\/#organization\"},\"potentialAction\":[{\"@type\":\"SearchAction\",\"target\":{\"@type\":\"EntryPoint\",\"urlTemplate\":\"https:\\\/\\\/tre-online.com\\\/?s={search_term_string}\"},\"query-input\":{\"@type\":\"PropertyValueSpecification\",\"valueRequired\":true,\"valueName\":\"search_term_string\"}}],\"inLanguage\":\"es\"},{\"@type\":\"Organization\",\"@id\":\"https:\\\/\\\/tre-online.com\\\/#organization\",\"name\":\"TRE\u00ae Tension Releasing Exercises\",\"url\":\"https:\\\/\\\/tre-online.com\\\/\",\"logo\":{\"@type\":\"ImageObject\",\"inLanguage\":\"es\",\"@id\":\"https:\\\/\\\/tre-online.com\\\/#\\\/schema\\\/logo\\\/image\\\/\",\"url\":\"https:\\\/\\\/tre-online.com\\\/wp-content\\\/uploads\\\/2021\\\/02\\\/TRE-online-logo-size-optimzed.png\",\"contentUrl\":\"https:\\\/\\\/tre-online.com\\\/wp-content\\\/uploads\\\/2021\\\/02\\\/TRE-online-logo-size-optimzed.png\",\"width\":400,\"height\":397,\"caption\":\"TRE\u00ae Tension Releasing Exercises\"},\"image\":{\"@id\":\"https:\\\/\\\/tre-online.com\\\/#\\\/schema\\\/logo\\\/image\\\/\"},\"sameAs\":[\"https:\\\/\\\/www.facebook.com\\\/onlineTRE\",\"https:\\\/\\\/www.instagram.com\\\/online_tre\\\/\"]}]}<\/script>\n<!-- \/ Yoast SEO plugin. -->","yoast_head_json":{"title":"Pol\u00edtica de cancelaci\u00f3n - TRE\u00ae Tension Releasing Exercises","robots":{"index":"index","follow":"follow","max-snippet":"max-snippet:-1","max-image-preview":"max-image-preview:large","max-video-preview":"max-video-preview:-1"},"canonical":"https:\/\/tre-online.com\/es\/politica-de-cancelacion\/","og_locale":"es_ES","og_type":"article","og_title":"Cancellation Policy - TRE\u00ae Tension Releasing Exercises","og_description":"Cancellation Policy Sessions Cancellation by youCancellation must be completed 24 hours prior to scheduled time, otherwise full cost will be charged\/no rebooking will be possible. For sessions on Mondays, cancellation must be completed latest Friday afternoon (3pm Stockholm time zone), otherwise full cost will be charged. &#8220;No Show&#8221; &amp; Delay&#8217;sIf you don&#8217;t show up (online\/on-site) &hellip;","og_url":"https:\/\/tre-online.com\/es\/politica-de-cancelacion\/","og_site_name":"TRE\u00ae Tension Releasing Exercises","article_publisher":"https:\/\/www.facebook.com\/onlineTRE","article_modified_time":"2025-06-02T13:45:14+00:00","twitter_card":"summary_large_image","twitter_misc":{"Tiempo de lectura":"4 minutos"},"schema":{"@context":"https:\/\/schema.org","@graph":[{"@type":"WebPage","@id":"https:\/\/tre-online.com\/cancellation-policy\/","url":"https:\/\/tre-online.com\/cancellation-policy\/","name":"Pol\u00edtica de cancelaci\u00f3n - TRE\u00ae Tension Releasing Exercises","isPartOf":{"@id":"https:\/\/tre-online.com\/#website"},"datePublished":"2020-04-21T09:13:06+00:00","dateModified":"2025-06-02T13:45:14+00:00","breadcrumb":{"@id":"https:\/\/tre-online.com\/cancellation-policy\/#breadcrumb"},"inLanguage":"es","potentialAction":[{"@type":"ReadAction","target":["https:\/\/tre-online.com\/cancellation-policy\/"]}]},{"@type":"BreadcrumbList","@id":"https:\/\/tre-online.com\/cancellation-policy\/#breadcrumb","itemListElement":[{"@type":"ListItem","position":1,"name":"Home","item":"https:\/\/tre-online.com\/"},{"@type":"ListItem","position":2,"name":"Cancellation Policy"}]},{"@type":"WebSite","@id":"https:\/\/tre-online.com\/#website","url":"https:\/\/tre-online.com\/","name":"TRE\u00ae Ejercicios para liberar la tensi\u00f3n","description":"Libera tu cuerpo - Libera tu mente","publisher":{"@id":"https:\/\/tre-online.com\/#organization"},"potentialAction":[{"@type":"SearchAction","target":{"@type":"EntryPoint","urlTemplate":"https:\/\/tre-online.com\/?s={search_term_string}"},"query-input":{"@type":"PropertyValueSpecification","valueRequired":true,"valueName":"search_term_string"}}],"inLanguage":"es"},{"@type":"Organization","@id":"https:\/\/tre-online.com\/#organization","name":"TRE\u00ae Ejercicios para liberar la tensi\u00f3n","url":"https:\/\/tre-online.com\/","logo":{"@type":"ImageObject","inLanguage":"es","@id":"https:\/\/tre-online.com\/#\/schema\/logo\/image\/","url":"https:\/\/tre-online.com\/wp-content\/uploads\/2021\/02\/TRE-online-logo-size-optimzed.png","contentUrl":"https:\/\/tre-online.com\/wp-content\/uploads\/2021\/02\/TRE-online-logo-size-optimzed.png","width":400,"height":397,"caption":"TRE\u00ae Tension Releasing Exercises"},"image":{"@id":"https:\/\/tre-online.com\/#\/schema\/logo\/image\/"},"sameAs":["https:\/\/www.facebook.com\/onlineTRE","https:\/\/www.instagram.com\/online_tre\/"]}]}},"_links":{"self":[{"href":"http:\/\/tre-online.com\/es\/wp-json\/wp\/v2\/pages\/2085","targetHints":{"allow":["GET"]}}],"collection":[{"href":"http:\/\/tre-online.com\/es\/wp-json\/wp\/v2\/pages"}],"about":[{"href":"http:\/\/tre-online.com\/es\/wp-json\/wp\/v2\/types\/page"}],"author":[{"embeddable":true,"href":"http:\/\/tre-online.com\/es\/wp-json\/wp\/v2\/users\/2"}],"replies":[{"embeddable":true,"href":"http:\/\/tre-online.com\/es\/wp-json\/wp\/v2\/comments?post=2085"}],"version-history":[{"count":12,"href":"http:\/\/tre-online.com\/es\/wp-json\/wp\/v2\/pages\/2085\/revisions"}],"predecessor-version":[{"id":7067,"href":"http:\/\/tre-online.com\/es\/wp-json\/wp\/v2\/pages\/2085\/revisions\/7067"}],"wp:attachment":[{"href":"http:\/\/tre-online.com\/es\/wp-json\/wp\/v2\/media?parent=2085"}],"curies":[{"name":"wp","href":"https:\/\/api.w.org\/{rel}","templated":true}]}}