{"id":2132,"date":"2020-05-05T22:53:26","date_gmt":"2020-05-05T20:53:26","guid":{"rendered":"https:\/\/rrygm.beeweb-green.io\/?page_id=2132"},"modified":"2026-02-10T15:48:41","modified_gmt":"2026-02-10T14:48:41","slug":"formacion-para-la-certificacion-in-situ","status":"publish","type":"page","link":"http:\/\/tre-online.com\/es\/on-site-certification-training\/","title":{"rendered":"Formaci\u00f3n presencial para la certificaci\u00f3n"},"content":{"rendered":"<p class=\"has-text-color has-medium-font-size\" style=\"color:#005b7d\"><strong>Requisitos del programa<\/strong><\/p>\n\n\n\n<p><strong>Para ser proveedor certificado de TRE<\/strong>Tendr\u00e1 que asistir a seis d\u00edas de formaci\u00f3n obligatoria (divididos en dos o tres m\u00f3dulos), adem\u00e1s de ser supervisado durante todo el proceso, leer la bibliograf\u00eda obligatoria y hacer un seguimiento de las tareas requeridas.<\/p>\n\n\n\n<p>Siempre puedes asistir al primer M\u00f3dulo sin ning\u00fan compromiso de seguir el proceso de certificaci\u00f3n como Proveedor de TRE\u00ae. Tienes que seguir el proceso de Certificaci\u00f3n Global para poder seguir ense\u00f1ando TRE\u00ae a personas y grupos peque\u00f1os. Se requiere una sesi\u00f3n de supervisi\u00f3n entre el M\u00f3dulo 1 y el M\u00f3dulo 2, as\u00ed como despu\u00e9s del M\u00f3dulo 3, antes de poder completar la certificaci\u00f3n. El proceso debe completarse en un plazo de 12-18 meses desde el inicio del M\u00f3dulo 3. <\/p>\n\n\n\n<p>Los d\u00edas de taller obligatorios deben tomarse como <strong>UN PROGRAMA<\/strong> con el mismo Formador de Certificaci\u00f3n TRE\u00ae, ellos <strong>no pueden cursarse como m\u00f3dulos independientes<\/strong>. El Programa de Certificaci\u00f3n TRE\u00ae es un programa basado en habilidades y competencias, y para alcanzar el <strong>Condici\u00f3n de proveedor global de TRE<\/strong>La formaci\u00f3n y las competencias son para m\u00ed de nivel inicial.  <\/p>\n\n\n\n<figure class=\"wp-block-image size-full is-resized\"><a href=\"https:\/\/tre-online.com\/wp-content\/uploads\/2025\/11\/Process-Certified-TRE\u00ae-Provider-1.jpg\"><img fetchpriority=\"high\" decoding=\"async\" width=\"960\" height=\"720\" src=\"https:\/\/tre-online.com\/wp-content\/uploads\/2025\/11\/Process-Certified-TRE\u00ae-Provider-1.jpg\" alt=\"\" class=\"wp-image-7224\" srcset=\"https:\/\/tre-online.com\/wp-content\/uploads\/2025\/11\/Process-Certified-TRE\u00ae-Provider-1.jpg 960w, https:\/\/tre-online.com\/wp-content\/uploads\/2025\/11\/Process-Certified-TRE\u00ae-Provider-1-300x225.jpg 300w, https:\/\/tre-online.com\/wp-content\/uploads\/2025\/11\/Process-Certified-TRE\u00ae-Provider-1-768x576.jpg 768w, https:\/\/tre-online.com\/wp-content\/uploads\/2025\/11\/Process-Certified-TRE\u00ae-Provider-1-16x12.jpg 16w, https:\/\/tre-online.com\/wp-content\/uploads\/2025\/11\/Process-Certified-TRE\u00ae-Provider-1-200x150.jpg 200w\" sizes=\"(max-width: 960px) 100vw, 960px\" \/><\/a><figcaption class=\"wp-element-caption\">Proceso para convertirse en proveedor certificado de TRE\u00ae, en 3 m\u00f3dulos y estudios individuales. El Programa TRE\u00ae consiste principalmente en estudios individuales, con una media de 4-8 horas de estudio a la semana durante todo el programa.<\/figcaption><\/figure>\n\n\n\n<p><strong>El proceso se divide en las siguientes partes<\/strong>;<\/p>\n\n\n\n<ol class=\"wp-block-list\">\n<li><strong>Asistir a un taller de formaci\u00f3n presencial<\/strong>\n<ul class=\"wp-block-list\">\n<li>6 jornadas de formaci\u00f3n obligatoria en dos versiones.<br>Sigue uno de los dos modelos.\n<ol class=\"wp-block-list\">\n<li><strong>M\u00f3dulo 1<\/strong>&nbsp;- 2 d\u00edas seguidos de<br><strong>M\u00f3dulo 2&nbsp;<\/strong>- 2,5 d\u00edas (2-4 meses post M1)<br><strong>M\u00f3dulo&nbsp;<\/strong>3 - 2,5 d\u00edas (3-5 meses post M2)<\/li>\n\n\n\n<li><strong>M\u00f3dulo&nbsp;<\/strong>1 - 3 d\u00edas seguidos de<br><strong>M\u00f3dulo 2<\/strong>&nbsp;- 3 d\u00edas (<em>m\u00edn. 3 meses - m\u00e1x. 8 meses despu\u00e9s de la participaci\u00f3n en el IM<\/em>)<\/li>\n<\/ol>\n<\/li>\n<\/ul>\n<\/li>\n\n\n\n<li><strong>Proceso TRE\u00ae personal<\/strong>\n<ul class=\"wp-block-list\">\n<li>Un m\u00ednimo de cuatro (4) sesiones personales supervisadas por un TRE\u00ae CT (un m\u00ednimo de 2 sesiones completadas antes de asistir al M\u00f3dulo 2).<\/li>\n\n\n\n<li>Diario de 60 experiencias TRE\u00ae personales<\/li>\n<\/ul>\n<\/li>\n\n\n\n<li><strong>Aprendizaje de la plantilla TRE\u00ae y ense\u00f1anza de TRE<\/strong>\n<ul class=\"wp-block-list\">\n<li>Sesiones estructuradas de pr\u00e1ctica-ense\u00f1anza con familiares\/amigos<\/li>\n\n\n\n<li>Casos pr\u00e1cticos y evaluaciones por escrito<\/li>\n\n\n\n<li>Ense\u00f1ar TRE\u00ae a un m\u00ednimo de cuatro (4) personas y ser supervisado por un Formador de Certificaci\u00f3n TRE\u00ae \/ Mentor TRE\u00ae.<\/li>\n\n\n\n<li>Ense\u00f1ar TRE\u00ae a un m\u00ednimo de cuatro (4) grupos y ser supervisado por un Formador de Certificaci\u00f3n TRE<\/li>\n\n\n\n<li>Evaluaci\u00f3n final de la competencia de una instrucci\u00f3n TRE\u00ae en grupo (Evaluaci\u00f3n final)<\/li>\n<\/ul>\n<\/li>\n\n\n\n<li><strong>Profundizar en el conocimiento y la teor\u00eda de las ERT<\/strong>\n<ul class=\"wp-block-list\">\n<li>Leer\/ver los libros\/medios necesarios y preparar un breve an\u00e1lisis<\/li>\n<\/ul>\n<\/li>\n<\/ol>\n\n\n\n<p>El TRE<sup>\u00ae<\/sup>&nbsp;El programa de formaci\u00f3n certificada permite a personas procedentes de diversos \u00e1mbitos profesionales y educativos aprender a ense\u00f1ar TRE<sup>\u00ae<\/sup>&nbsp;de forma segura y eficaz. Nuestro programa de certificaci\u00f3n multidisciplinar permite a personas de diversos \u00e1mbitos profesionales y personales convertirse en profesores certificados competentes y profesionales de las TRE<sup>\u00ae<\/sup>&nbsp;proceso.<\/p>\n\n\n\n<p>Todas las personas certificadas TRE<sup>\u00ae<\/sup>&nbsp;los proveedores pueden elegir figurar en la lista&nbsp;<a rel=\"noreferrer noopener\" href=\"http:\/\/www.traumaprevention.com\/\" target=\"_blank\">www.traumaprevention.com<\/a>&nbsp;y s\u00f3lo debe recibir TRE<sup>\u00ae<\/sup>de estas personas. Esperemos que esto proporcione un elemento de seguridad y comodidad a quienes buscan proveedores certificados y cualificados de los que aprender TRE<sup>\u00ae<\/sup>.<\/p>\n\n\n\n<p><strong>El M\u00f3dulo 1 incluir\u00e1:<\/strong><\/p>\n\n\n\n<ul class=\"wp-block-list\">\n<li>Anatom\u00eda, neurolog\u00eda y fisiolog\u00eda del estr\u00e9s y el trauma en relaci\u00f3n con las ERT\u00ae.<\/li>\n\n\n\n<li>Comprensi\u00f3n de la respuesta al temblor<\/li>\n\n\n\n<li>Introducci\u00f3n a la teor\u00eda polivagal<\/li>\n\n\n\n<li>Reacciones de defensa en relaci\u00f3n con TRE<\/li>\n\n\n\n<li>Estrategias de contenci\u00f3n y conexi\u00f3n a tierra<\/li>\n\n\n\n<li>Introducci\u00f3n a las competencias b\u00e1sicas del trabajo con individuos y grupos<\/li>\n\n\n\n<li>Introducci\u00f3n a TRE\u00ae y experiencia personal con temblores<\/li>\n<\/ul>\n\n\n\n<p><strong>Los m\u00f3dulos 2 y 3 incluir\u00e1n:<\/strong><\/p>\n\n\n\n<ul class=\"wp-block-list\">\n<li>Profundizaci\u00f3n del contenido del m\u00f3dulo 1<\/li>\n\n\n\n<li>Informe sobre las experiencias de ense\u00f1anza pr\u00e1ctica<\/li>\n\n\n\n<li>Revisi\u00f3n del documento \"\u00c1mbitos de sensibilizaci\u00f3n en la pr\u00e1ctica de las ERT<\/li>\n\n\n\n<li>Papel de la fascia en TRE<\/li>\n\n\n\n<li>Intervenciones b\u00e1sicas TRE\u00ae (intervenciones de expansi\u00f3n energ\u00e9tica t\u00e1ctiles y no t\u00e1ctiles)<\/li>\n\n\n\n<li>Modificaciones TRE<\/li>\n\n\n\n<li>Trabajar dentro de su \u00e1mbito de pr\u00e1ctica, conocimientos y competencia<\/li>\n\n\n\n<li>Conciencia \u00e9tica<\/li>\n\n\n\n<li>Introducci\u00f3n a c\u00f3mo guiar a otros a trav\u00e9s del proceso TRE<\/li>\n<\/ul>\n\n\n\n<p><strong>Tras los m\u00f3dulos 2 y 3 y antes de la certificaci\u00f3n final, el alumno:<\/strong><\/p>\n\n\n\n<ul class=\"wp-block-list\">\n<li>Realizaci\u00f3n de trabajos escritos, pr\u00e1ctica personal continuada y varios estudios de casos que incluyan extensos informes escritos.<\/li>\n\n\n\n<li>Mantenga un intercambio continuo con sus compa\u00f1eros en forma de debates y pr\u00e1cticas.<\/li>\n\n\n\n<li>Ense\u00f1ar a min. 4 individuos TRE\u00ae y recibir feedback de un Formador de Certificaci\u00f3n.<\/li>\n\n\n\n<li>Ense\u00f1ar min. 4 grupos de personas TRE\u00ae y recibir feedback de un Formador de Certificaci\u00f3n\n<ul class=\"wp-block-list\">\n<li>El tama\u00f1o y la composici\u00f3n del grupo ser\u00e1n determinados por el alumno y el instructor de certificaci\u00f3n.<\/li>\n<\/ul>\n<\/li>\n\n\n\n<li>Integrar lo aprendido en una experiencia docente antes de pasar a la siguiente.<\/li>\n\n\n\n<li>Demostrar competencia en todas las \u00e1reas identificadas<\/li>\n<\/ul>\n\n\n\n<p><strong>Evaluaci\u00f3n para la certificaci\u00f3n:<\/strong><\/p>\n\n\n\n<p>El instructor de certificaci\u00f3n determinar\u00e1 el proceso utilizado para evaluar la competencia del alumno.  Los alumnos ser\u00e1n informados de este proceso de evaluaci\u00f3n en el paquete de informaci\u00f3n que se les proporcionar\u00e1 antes de la inscripci\u00f3n en la formaci\u00f3n de certificaci\u00f3n.<\/p>\n\n\n\n<p><strong>Plazo para completar el programa de formaci\u00f3n<\/strong><\/p>\n\n\n\n<ul class=\"wp-block-list\">\n<li>El proceso de certificaci\u00f3n se recomienda entre 12-15 meses desde el inicio del M\u00f3dulo<\/li>\n\n\n\n<li>Para dejar tiempo suficiente para que se desarrolle el proceso personal, un becario puede&nbsp;<strong>NO<\/strong>&nbsp;certificar en menos de 10 meses desde el inicio del programa.<\/li>\n\n\n\n<li>Todos los requisitos del programa deben iniciarse tras la asistencia al Taller del M\u00f3dulo 1. Cualquier requisito del programa que se haya completado antes del inicio del Taller del M\u00f3dulo 1 no ser\u00e1 v\u00e1lido ni aceptado como parte del programa de formaci\u00f3n. En caso de que un alumno TRE\u00ae no haya completado todo el programa de certificaci\u00f3n en un plazo de 18 meses, deber\u00e1 completar los requisitos adicionales hasta o incluyendo la repetici\u00f3n de los talleres del M\u00f3dulo.<\/li>\n\n\n\n<li><strong>Si un aprendiz no ha completado el programa de certificaci\u00f3n en 24 meses&nbsp;<\/strong>despu\u00e9s de comenzar la formaci\u00f3n de proveedores TRE\u00ae , tendr\u00e1n que volver a cursar todo el programa.<\/li>\n\n\n\n<li>El Programa de Certificaci\u00f3n TRE\u00ae es un programa basado en habilidades y competencias, y para alcanzar el&nbsp;<strong>Condici\u00f3n de proveedor global de TRE<\/strong>La formaci\u00f3n y las competencias son para m\u00ed de nivel inicial.<\/li>\n<\/ul>\n\n\n\n<p><em>Todos los precios son aproximados y podr\u00edan ajustarse individualmente<\/em><\/p>\n\n\n\n<p>Los precios est\u00e1n indicados, pero forman parte de un paquete y no se facturan individualmente.<\/p>\n\n\n\n<ul class=\"wp-block-list\">\n<li>M\u00f3dulo 1 Formaci\u00f3n de 2 d\u00edas 320 \u20ac \/ 380<\/li>\n\n\n\n<li>M\u00f3dulo 2 \/ 3 2,5 formaci\u00f3n 420 \u20ac por m\u00f3dulo<\/li>\n\n\n\n<li>Literatura\/medios necesarios aprox. 150<br>(<em>menos si presta literatura<\/em>)<\/li>\n\n\n\n<li>Sesiones individuales<br>(2 x 90 min @ 125 \u20ac, 2 x 60 min @ 95 \u20ac) 440<\/li>\n\n\n\n<li>Sesiones 1:1 dirigidas y supervisadas (75 min* x 4 @ 140 euros) 560 euros<\/li>\n\n\n\n<li>Sesiones de grupo dirigidas y supervisadas (90 min* x 4 @ 180 euros) 720 euros<\/li>\n\n\n\n<li>Ocho(8) sesiones de apoyo en l\u00ednea con tu cohorte 120<\/li>\n\n\n\n<li>Llamadas mensuales gratuitas de control individual de 15 minutos<\/li>\n\n\n\n<li>Evaluaci\u00f3n final de competencias (2,5 horas) 250 euros<\/li>\n\n\n\n<li>Tasa de inscripci\u00f3n US$35 Sistema de inscripci\u00f3n TRE<\/li>\n\n\n\n<li>Tasa de inscripci\u00f3n en la web US$75 www.treforall.org<\/li>\n\n\n\n<li><strong>Coste total estimado aprox. 3000\u00a0<\/strong><br><em>Los becarios que vivan en pa\u00edses en v\u00edas de desarrollo o en pa\u00edses europeos de bajo coste tienen derecho a solicitar un peque\u00f1o descuento en el coste de la certificaci\u00f3n. Se determinar\u00e1 en funci\u00f3n del pa\u00eds, los ingresos y la comparaci\u00f3n de precios en el pa\u00eds de residencia. Por favor, ten en cuenta que no se concede autom\u00e1ticamente, y que las posibilidades de que se conceda son limitadas. <\/em>**<\/li>\n<\/ul>\n\n\n\n<p class=\"has-small-font-size\">*<em><sup>incluido en esta tarifa, aprox. 45-60 de tiempo de preparaci\u00f3n por parte del supervisor<\/sup><\/em><br><em>** Ten en cuenta que la p\u00e1gina web TRE\u00ae Online est\u00e1 gestionada por OmniBalance AB, y que s\u00f3lo son licenciatarios de TRE\u00ae FOR ALL, Inc para impartir cursos de certificaci\u00f3n TRE\u00ae, y por tanto no son una empresa sin \u00e1nimo de lucro que pueda conceder financiaci\u00f3n\/becas.<\/em><\/p>\n\n\n\n<p><em><strong>Los costes se calculan en funci\u00f3n de los requisitos m\u00ednimos del proceso de certificaci\u00f3n. Es posible que su supervisor le exija sesiones adicionales en funci\u00f3n del desarrollo de sus competencias.&nbsp;<br><br>Puedes participar en el M\u00f3dulo 1 antes de decidir si deseas completar el programa de certificaci\u00f3n. Una vez que te hayas decidido, tendr\u00e1s la opci\u00f3n de abonar el pago completo como pago \u00fanico, o 2 opciones diferentes como plan de pago.<\/strong><\/em><\/p>\n\n\n\n<p><\/p>","protected":false},"excerpt":{"rendered":"<p>Program Requirements To become a Certified&nbsp;TRE\u00ae Provider, you&#8217;ll need to attend six mandatory training days (divided into two or three modules) as well as being supervised throughout your process,&nbsp;read&nbsp;required literature and follow up on required assignments. You can always attend the first Module without any commitment to go through the certification process towards&nbsp;TRE\u00ae Provider. You &hellip; <\/p>","protected":false},"author":2,"featured_media":0,"parent":0,"menu_order":0,"comment_status":"closed","ping_status":"closed","template":"","meta":{"_acf_changed":false,"footnotes":""},"class_list":["post-2132","page","type-page","status-publish","hentry","grid-sizer","latest_post"],"acf":[],"yoast_head":"<!-- This site is optimized with the Yoast SEO plugin v27.5 - https:\/\/yoast.com\/product\/yoast-seo-wordpress\/ -->\n<title>In Person Certification Training - TRE\u00ae Tension Releasing Exercises<\/title>\n<meta name=\"description\" content=\"Process to become a Certified TRE\u00ae Provider through module trainings in group and individual \/ group self-studies\" \/>\n<meta name=\"robots\" content=\"index, follow, max-snippet:-1, max-image-preview:large, max-video-preview:-1\" \/>\n<link rel=\"canonical\" href=\"https:\/\/tre-online.com\/es\/formacion-para-la-certificacion-in-situ\/\" \/>\n<meta property=\"og:locale\" content=\"es_ES\" \/>\n<meta property=\"og:type\" content=\"article\" \/>\n<meta property=\"og:title\" content=\"In Person Certification Training - TRE\u00ae Tension Releasing Exercises\" \/>\n<meta property=\"og:description\" content=\"Process to become a Certified TRE\u00ae Provider through module trainings in group and individual \/ group self-studies\" \/>\n<meta property=\"og:url\" content=\"https:\/\/tre-online.com\/es\/formacion-para-la-certificacion-in-situ\/\" \/>\n<meta property=\"og:site_name\" content=\"TRE\u00ae Tension Releasing Exercises\" \/>\n<meta property=\"article:publisher\" content=\"https:\/\/www.facebook.com\/onlineTRE\" \/>\n<meta property=\"article:modified_time\" content=\"2026-02-10T14:48:41+00:00\" \/>\n<meta name=\"twitter:card\" content=\"summary_large_image\" \/>\n<meta name=\"twitter:label1\" content=\"Tiempo de lectura\" \/>\n\t<meta name=\"twitter:data1\" content=\"6 minutos\" \/>\n<script type=\"application\/ld+json\" class=\"yoast-schema-graph\">{\"@context\":\"https:\\\/\\\/schema.org\",\"@graph\":[{\"@type\":\"WebPage\",\"@id\":\"https:\\\/\\\/tre-online.com\\\/on-site-certification-training\\\/\",\"url\":\"https:\\\/\\\/tre-online.com\\\/on-site-certification-training\\\/\",\"name\":\"In Person Certification Training - TRE\u00ae Tension Releasing Exercises\",\"isPartOf\":{\"@id\":\"https:\\\/\\\/tre-online.com\\\/#website\"},\"datePublished\":\"2020-05-05T20:53:26+00:00\",\"dateModified\":\"2026-02-10T14:48:41+00:00\",\"description\":\"Process to become a Certified TRE\u00ae Provider through module trainings in group and individual \\\/ group self-studies\",\"breadcrumb\":{\"@id\":\"https:\\\/\\\/tre-online.com\\\/on-site-certification-training\\\/#breadcrumb\"},\"inLanguage\":\"es\",\"potentialAction\":[{\"@type\":\"ReadAction\",\"target\":[\"https:\\\/\\\/tre-online.com\\\/on-site-certification-training\\\/\"]}]},{\"@type\":\"BreadcrumbList\",\"@id\":\"https:\\\/\\\/tre-online.com\\\/on-site-certification-training\\\/#breadcrumb\",\"itemListElement\":[{\"@type\":\"ListItem\",\"position\":1,\"name\":\"Home\",\"item\":\"https:\\\/\\\/tre-online.com\\\/\"},{\"@type\":\"ListItem\",\"position\":2,\"name\":\"In Person Certification Training\"}]},{\"@type\":\"WebSite\",\"@id\":\"https:\\\/\\\/tre-online.com\\\/#website\",\"url\":\"https:\\\/\\\/tre-online.com\\\/\",\"name\":\"TRE\u00ae Tension Releasing Exercises\",\"description\":\"Release Your Body - Release Your Mind\",\"publisher\":{\"@id\":\"https:\\\/\\\/tre-online.com\\\/#organization\"},\"potentialAction\":[{\"@type\":\"SearchAction\",\"target\":{\"@type\":\"EntryPoint\",\"urlTemplate\":\"https:\\\/\\\/tre-online.com\\\/?s={search_term_string}\"},\"query-input\":{\"@type\":\"PropertyValueSpecification\",\"valueRequired\":true,\"valueName\":\"search_term_string\"}}],\"inLanguage\":\"es\"},{\"@type\":\"Organization\",\"@id\":\"https:\\\/\\\/tre-online.com\\\/#organization\",\"name\":\"TRE\u00ae Tension Releasing Exercises\",\"url\":\"https:\\\/\\\/tre-online.com\\\/\",\"logo\":{\"@type\":\"ImageObject\",\"inLanguage\":\"es\",\"@id\":\"https:\\\/\\\/tre-online.com\\\/#\\\/schema\\\/logo\\\/image\\\/\",\"url\":\"https:\\\/\\\/tre-online.com\\\/wp-content\\\/uploads\\\/2021\\\/02\\\/TRE-online-logo-size-optimzed.png\",\"contentUrl\":\"https:\\\/\\\/tre-online.com\\\/wp-content\\\/uploads\\\/2021\\\/02\\\/TRE-online-logo-size-optimzed.png\",\"width\":400,\"height\":397,\"caption\":\"TRE\u00ae Tension Releasing Exercises\"},\"image\":{\"@id\":\"https:\\\/\\\/tre-online.com\\\/#\\\/schema\\\/logo\\\/image\\\/\"},\"sameAs\":[\"https:\\\/\\\/www.facebook.com\\\/onlineTRE\",\"https:\\\/\\\/www.instagram.com\\\/online_tre\\\/\"]}]}<\/script>\n<!-- \/ Yoast SEO plugin. -->","yoast_head_json":{"title":"Formaci\u00f3n certificada en persona - TRE\u00ae Ejercicios para Liberar la Tensi\u00f3n","description":"Proceso para convertirse en Proveedor Certificado TRE\u00ae a trav\u00e9s de m\u00f3dulos de formaci\u00f3n en grupo y autoestudios individuales \/ grupales.","robots":{"index":"index","follow":"follow","max-snippet":"max-snippet:-1","max-image-preview":"max-image-preview:large","max-video-preview":"max-video-preview:-1"},"canonical":"https:\/\/tre-online.com\/es\/formacion-para-la-certificacion-in-situ\/","og_locale":"es_ES","og_type":"article","og_title":"In Person Certification Training - TRE\u00ae Tension Releasing Exercises","og_description":"Process to become a Certified TRE\u00ae Provider through module trainings in group and individual \/ group self-studies","og_url":"https:\/\/tre-online.com\/es\/formacion-para-la-certificacion-in-situ\/","og_site_name":"TRE\u00ae Tension Releasing Exercises","article_publisher":"https:\/\/www.facebook.com\/onlineTRE","article_modified_time":"2026-02-10T14:48:41+00:00","twitter_card":"summary_large_image","twitter_misc":{"Tiempo de lectura":"6 minutos"},"schema":{"@context":"https:\/\/schema.org","@graph":[{"@type":"WebPage","@id":"https:\/\/tre-online.com\/on-site-certification-training\/","url":"https:\/\/tre-online.com\/on-site-certification-training\/","name":"Formaci\u00f3n certificada en persona - TRE\u00ae Ejercicios para Liberar la Tensi\u00f3n","isPartOf":{"@id":"https:\/\/tre-online.com\/#website"},"datePublished":"2020-05-05T20:53:26+00:00","dateModified":"2026-02-10T14:48:41+00:00","description":"Proceso para convertirse en Proveedor Certificado TRE\u00ae a trav\u00e9s de m\u00f3dulos de formaci\u00f3n en grupo y autoestudios individuales \/ grupales.","breadcrumb":{"@id":"https:\/\/tre-online.com\/on-site-certification-training\/#breadcrumb"},"inLanguage":"es","potentialAction":[{"@type":"ReadAction","target":["https:\/\/tre-online.com\/on-site-certification-training\/"]}]},{"@type":"BreadcrumbList","@id":"https:\/\/tre-online.com\/on-site-certification-training\/#breadcrumb","itemListElement":[{"@type":"ListItem","position":1,"name":"Home","item":"https:\/\/tre-online.com\/"},{"@type":"ListItem","position":2,"name":"In Person Certification Training"}]},{"@type":"WebSite","@id":"https:\/\/tre-online.com\/#website","url":"https:\/\/tre-online.com\/","name":"TRE\u00ae Ejercicios para liberar la tensi\u00f3n","description":"Libera tu cuerpo - Libera tu mente","publisher":{"@id":"https:\/\/tre-online.com\/#organization"},"potentialAction":[{"@type":"SearchAction","target":{"@type":"EntryPoint","urlTemplate":"https:\/\/tre-online.com\/?s={search_term_string}"},"query-input":{"@type":"PropertyValueSpecification","valueRequired":true,"valueName":"search_term_string"}}],"inLanguage":"es"},{"@type":"Organization","@id":"https:\/\/tre-online.com\/#organization","name":"TRE\u00ae Ejercicios para liberar la tensi\u00f3n","url":"https:\/\/tre-online.com\/","logo":{"@type":"ImageObject","inLanguage":"es","@id":"https:\/\/tre-online.com\/#\/schema\/logo\/image\/","url":"https:\/\/tre-online.com\/wp-content\/uploads\/2021\/02\/TRE-online-logo-size-optimzed.png","contentUrl":"https:\/\/tre-online.com\/wp-content\/uploads\/2021\/02\/TRE-online-logo-size-optimzed.png","width":400,"height":397,"caption":"TRE\u00ae Tension Releasing Exercises"},"image":{"@id":"https:\/\/tre-online.com\/#\/schema\/logo\/image\/"},"sameAs":["https:\/\/www.facebook.com\/onlineTRE","https:\/\/www.instagram.com\/online_tre\/"]}]}},"_links":{"self":[{"href":"http:\/\/tre-online.com\/es\/wp-json\/wp\/v2\/pages\/2132","targetHints":{"allow":["GET"]}}],"collection":[{"href":"http:\/\/tre-online.com\/es\/wp-json\/wp\/v2\/pages"}],"about":[{"href":"http:\/\/tre-online.com\/es\/wp-json\/wp\/v2\/types\/page"}],"author":[{"embeddable":true,"href":"http:\/\/tre-online.com\/es\/wp-json\/wp\/v2\/users\/2"}],"replies":[{"embeddable":true,"href":"http:\/\/tre-online.com\/es\/wp-json\/wp\/v2\/comments?post=2132"}],"version-history":[{"count":17,"href":"http:\/\/tre-online.com\/es\/wp-json\/wp\/v2\/pages\/2132\/revisions"}],"predecessor-version":[{"id":7336,"href":"http:\/\/tre-online.com\/es\/wp-json\/wp\/v2\/pages\/2132\/revisions\/7336"}],"wp:attachment":[{"href":"http:\/\/tre-online.com\/es\/wp-json\/wp\/v2\/media?parent=2132"}],"curies":[{"name":"wp","href":"https:\/\/api.w.org\/{rel}","templated":true}]}}