{"id":2469,"date":"2020-11-25T21:26:02","date_gmt":"2020-11-25T20:26:02","guid":{"rendered":"https:\/\/rrygm.beeweb-green.io\/?page_id=2469"},"modified":"2020-11-25T21:26:54","modified_gmt":"2020-11-25T20:26:54","slug":"taller-de-exploracion-en-linea","status":"publish","type":"page","link":"http:\/\/tre-online.com\/es\/tre-online-learn-how-to\/online-exploration-workshop\/","title":{"rendered":"Talleres de exploraci\u00f3n en l\u00ednea"},"content":{"rendered":"<p>Comprender la neurobiolog\u00eda y la neurofisiolog\u00eda que hay detr\u00e1s del proceso TRE\u00ae es un gran apoyo cuando se es nuevo en TRE\u00ae. Este taller de exploraci\u00f3n en l\u00ednea est\u00e1 dirigido a personas que se encuentran al principio de su proceso de temblor y a personas que han estado temblando durante un tiempo sin contar con el apoyo de un proveedor certificado de TRE\u00ae.<\/p>\n\n\n\n<p>Se le guiar\u00e1 de forma segura a trav\u00e9s del proceso TRE\u00ae, movi\u00e9ndose a trav\u00e9s de los ejercicios, as\u00ed como la respuesta temblorosa con un enfoque en la encarnaci\u00f3n y la autorregulaci\u00f3n, apoyando la conciencia de mejorar la inteligencia curativa natural de su cuerpo. <\/p>\n\n\n\n<p>A trav\u00e9s de este taller comprender\u00e1s c\u00f3mo los temblores son la forma innata del sistema nervioso central de descargar la tensi\u00f3n excesiva, a trav\u00e9s de la contracci\u00f3n muscular r\u00e1pida y la relajaci\u00f3n para calmar el cuerpo de un estado suprarrenal sobreexcitado, as\u00ed como la forma en que te apoyar\u00e1 para liberar el estr\u00e9s diario y apoyar la construcci\u00f3n de tu resiliencia. <\/p>\n\n\n\n<p>Estos Talleres de Exploraci\u00f3n Online en TRE\u00ae Online se imparten como talleres de 3 horas y talleres de 6 horas (este \u00faltimo incluye un descanso m\u00e1s largo a mitad del d\u00eda). El taller de 6 horas podr\u00eda ser una buena oportunidad para obtener una comprensi\u00f3n m\u00e1s profunda y apoyo en el proceso, y puede ser adecuado para personas que deseen explorar m\u00e1s capas antes de decidir si la Certificaci\u00f3n TRE\u00ae es el camino correcto.<\/p>\n\n\n\n<h2 class=\"wp-block-heading\">Coste<\/h2>\n\n\n\n<p>Taller de 3 horas 65<br>Taller de 6 horas 120<\/p>\n\n\n\n<p>Para conocer los pr\u00f3ximos talleres, visite <a href=\"https:\/\/tre-online.com\/es\/eventos\/\" data-type=\"page\" data-id=\"25\">Eventos<\/a><\/p>","protected":false},"excerpt":{"rendered":"<p>Understanding the neuro-biology and neuro-physiology behind the TRE\u00ae process is a great support when you are new to TRE\u00ae. This online exploration workshop is intended for people early in their tremoring process, and for people that have been tremoring for a while without having support from a Certified TRE\u00ae Provider. You will be safely guided &hellip; <\/p>","protected":false},"author":2,"featured_media":2470,"parent":19,"menu_order":0,"comment_status":"closed","ping_status":"closed","template":"","meta":{"_acf_changed":false,"footnotes":""},"class_list":["post-2469","page","type-page","status-publish","has-post-thumbnail","hentry","grid-sizer","latest_post"],"acf":[],"yoast_head":"<!-- This site is optimized with the Yoast SEO plugin v27.5 - https:\/\/yoast.com\/product\/yoast-seo-wordpress\/ -->\n<title>Online Exploration Workshops - TRE\u00ae Tension Releasing Exercises<\/title>\n<meta name=\"robots\" content=\"index, follow, max-snippet:-1, max-image-preview:large, max-video-preview:-1\" \/>\n<link rel=\"canonical\" href=\"https:\/\/tre-online.com\/es\/tre-en-linea-aprender-a\/taller-de-exploracion-en-linea\/\" \/>\n<meta property=\"og:locale\" content=\"es_ES\" \/>\n<meta property=\"og:type\" content=\"article\" \/>\n<meta property=\"og:title\" content=\"Online Exploration Workshops - TRE\u00ae Tension Releasing Exercises\" \/>\n<meta property=\"og:description\" content=\"Understanding the neuro-biology and neuro-physiology behind the TRE\u00ae process is a great support when you are new to TRE\u00ae. This online exploration workshop is intended for people early in their tremoring process, and for people that have been tremoring for a while without having support from a Certified TRE\u00ae Provider. You will be safely guided &hellip;\" \/>\n<meta property=\"og:url\" content=\"https:\/\/tre-online.com\/es\/tre-en-linea-aprender-a\/taller-de-exploracion-en-linea\/\" \/>\n<meta property=\"og:site_name\" content=\"TRE\u00ae Tension Releasing Exercises\" \/>\n<meta property=\"article:publisher\" content=\"https:\/\/www.facebook.com\/onlineTRE\" \/>\n<meta property=\"article:modified_time\" content=\"2020-11-25T20:26:54+00:00\" \/>\n<meta property=\"og:image\" content=\"https:\/\/tre-online.com\/wp-content\/uploads\/2020\/11\/bigstock-Faceless-Caucasian-Woman-Lying-388521421.jpg\" \/>\n\t<meta property=\"og:image:width\" content=\"1600\" \/>\n\t<meta property=\"og:image:height\" content=\"856\" \/>\n\t<meta property=\"og:image:type\" content=\"image\/jpeg\" \/>\n<meta name=\"twitter:card\" content=\"summary_large_image\" \/>\n<meta name=\"twitter:label1\" content=\"Tiempo de lectura\" \/>\n\t<meta name=\"twitter:data1\" content=\"1 minuto\" \/>\n<script type=\"application\/ld+json\" class=\"yoast-schema-graph\">{\"@context\":\"https:\\\/\\\/schema.org\",\"@graph\":[{\"@type\":\"WebPage\",\"@id\":\"https:\\\/\\\/tre-online.com\\\/tre-online-learn-how-to\\\/online-exploration-workshop\\\/\",\"url\":\"https:\\\/\\\/tre-online.com\\\/tre-online-learn-how-to\\\/online-exploration-workshop\\\/\",\"name\":\"Online Exploration Workshops - TRE\u00ae Tension Releasing Exercises\",\"isPartOf\":{\"@id\":\"https:\\\/\\\/tre-online.com\\\/#website\"},\"primaryImageOfPage\":{\"@id\":\"https:\\\/\\\/tre-online.com\\\/tre-online-learn-how-to\\\/online-exploration-workshop\\\/#primaryimage\"},\"image\":{\"@id\":\"https:\\\/\\\/tre-online.com\\\/tre-online-learn-how-to\\\/online-exploration-workshop\\\/#primaryimage\"},\"thumbnailUrl\":\"https:\\\/\\\/tre-online.com\\\/wp-content\\\/uploads\\\/2020\\\/11\\\/bigstock-Faceless-Caucasian-Woman-Lying-388521421.jpg\",\"datePublished\":\"2020-11-25T20:26:02+00:00\",\"dateModified\":\"2020-11-25T20:26:54+00:00\",\"breadcrumb\":{\"@id\":\"https:\\\/\\\/tre-online.com\\\/tre-online-learn-how-to\\\/online-exploration-workshop\\\/#breadcrumb\"},\"inLanguage\":\"es\",\"potentialAction\":[{\"@type\":\"ReadAction\",\"target\":[\"https:\\\/\\\/tre-online.com\\\/tre-online-learn-how-to\\\/online-exploration-workshop\\\/\"]}]},{\"@type\":\"ImageObject\",\"inLanguage\":\"es\",\"@id\":\"https:\\\/\\\/tre-online.com\\\/tre-online-learn-how-to\\\/online-exploration-workshop\\\/#primaryimage\",\"url\":\"https:\\\/\\\/tre-online.com\\\/wp-content\\\/uploads\\\/2020\\\/11\\\/bigstock-Faceless-Caucasian-Woman-Lying-388521421.jpg\",\"contentUrl\":\"https:\\\/\\\/tre-online.com\\\/wp-content\\\/uploads\\\/2020\\\/11\\\/bigstock-Faceless-Caucasian-Woman-Lying-388521421.jpg\",\"width\":1600,\"height\":856,\"caption\":\"Learning TRE\u00ae Online\"},{\"@type\":\"BreadcrumbList\",\"@id\":\"https:\\\/\\\/tre-online.com\\\/tre-online-learn-how-to\\\/online-exploration-workshop\\\/#breadcrumb\",\"itemListElement\":[{\"@type\":\"ListItem\",\"position\":1,\"name\":\"Home\",\"item\":\"https:\\\/\\\/tre-online.com\\\/\"},{\"@type\":\"ListItem\",\"position\":2,\"name\":\"TRE\u00ae Online\",\"item\":\"https:\\\/\\\/tre-online.com\\\/tre-online-learn-how-to\\\/\"},{\"@type\":\"ListItem\",\"position\":3,\"name\":\"Online Exploration Workshops\"}]},{\"@type\":\"WebSite\",\"@id\":\"https:\\\/\\\/tre-online.com\\\/#website\",\"url\":\"https:\\\/\\\/tre-online.com\\\/\",\"name\":\"TRE\u00ae Tension Releasing Exercises\",\"description\":\"Release Your Body - Release Your Mind\",\"publisher\":{\"@id\":\"https:\\\/\\\/tre-online.com\\\/#organization\"},\"potentialAction\":[{\"@type\":\"SearchAction\",\"target\":{\"@type\":\"EntryPoint\",\"urlTemplate\":\"https:\\\/\\\/tre-online.com\\\/?s={search_term_string}\"},\"query-input\":{\"@type\":\"PropertyValueSpecification\",\"valueRequired\":true,\"valueName\":\"search_term_string\"}}],\"inLanguage\":\"es\"},{\"@type\":\"Organization\",\"@id\":\"https:\\\/\\\/tre-online.com\\\/#organization\",\"name\":\"TRE\u00ae Tension Releasing Exercises\",\"url\":\"https:\\\/\\\/tre-online.com\\\/\",\"logo\":{\"@type\":\"ImageObject\",\"inLanguage\":\"es\",\"@id\":\"https:\\\/\\\/tre-online.com\\\/#\\\/schema\\\/logo\\\/image\\\/\",\"url\":\"https:\\\/\\\/tre-online.com\\\/wp-content\\\/uploads\\\/2021\\\/02\\\/TRE-online-logo-size-optimzed.png\",\"contentUrl\":\"https:\\\/\\\/tre-online.com\\\/wp-content\\\/uploads\\\/2021\\\/02\\\/TRE-online-logo-size-optimzed.png\",\"width\":400,\"height\":397,\"caption\":\"TRE\u00ae Tension Releasing Exercises\"},\"image\":{\"@id\":\"https:\\\/\\\/tre-online.com\\\/#\\\/schema\\\/logo\\\/image\\\/\"},\"sameAs\":[\"https:\\\/\\\/www.facebook.com\\\/onlineTRE\",\"https:\\\/\\\/www.instagram.com\\\/online_tre\\\/\"]}]}<\/script>\n<!-- \/ Yoast SEO plugin. -->","yoast_head_json":{"title":"Talleres de exploraci\u00f3n en l\u00ednea - TRE\u00ae Ejercicios para liberar la tensi\u00f3n","robots":{"index":"index","follow":"follow","max-snippet":"max-snippet:-1","max-image-preview":"max-image-preview:large","max-video-preview":"max-video-preview:-1"},"canonical":"https:\/\/tre-online.com\/es\/tre-en-linea-aprender-a\/taller-de-exploracion-en-linea\/","og_locale":"es_ES","og_type":"article","og_title":"Online Exploration Workshops - TRE\u00ae Tension Releasing Exercises","og_description":"Understanding the neuro-biology and neuro-physiology behind the TRE\u00ae process is a great support when you are new to TRE\u00ae. This online exploration workshop is intended for people early in their tremoring process, and for people that have been tremoring for a while without having support from a Certified TRE\u00ae Provider. You will be safely guided &hellip;","og_url":"https:\/\/tre-online.com\/es\/tre-en-linea-aprender-a\/taller-de-exploracion-en-linea\/","og_site_name":"TRE\u00ae Tension Releasing Exercises","article_publisher":"https:\/\/www.facebook.com\/onlineTRE","article_modified_time":"2020-11-25T20:26:54+00:00","og_image":[{"width":1600,"height":856,"url":"https:\/\/tre-online.com\/wp-content\/uploads\/2020\/11\/bigstock-Faceless-Caucasian-Woman-Lying-388521421.jpg","type":"image\/jpeg"}],"twitter_card":"summary_large_image","twitter_misc":{"Tiempo de lectura":"1 minuto"},"schema":{"@context":"https:\/\/schema.org","@graph":[{"@type":"WebPage","@id":"https:\/\/tre-online.com\/tre-online-learn-how-to\/online-exploration-workshop\/","url":"https:\/\/tre-online.com\/tre-online-learn-how-to\/online-exploration-workshop\/","name":"Talleres de exploraci\u00f3n en l\u00ednea - TRE\u00ae Ejercicios para liberar la tensi\u00f3n","isPartOf":{"@id":"https:\/\/tre-online.com\/#website"},"primaryImageOfPage":{"@id":"https:\/\/tre-online.com\/tre-online-learn-how-to\/online-exploration-workshop\/#primaryimage"},"image":{"@id":"https:\/\/tre-online.com\/tre-online-learn-how-to\/online-exploration-workshop\/#primaryimage"},"thumbnailUrl":"https:\/\/tre-online.com\/wp-content\/uploads\/2020\/11\/bigstock-Faceless-Caucasian-Woman-Lying-388521421.jpg","datePublished":"2020-11-25T20:26:02+00:00","dateModified":"2020-11-25T20:26:54+00:00","breadcrumb":{"@id":"https:\/\/tre-online.com\/tre-online-learn-how-to\/online-exploration-workshop\/#breadcrumb"},"inLanguage":"es","potentialAction":[{"@type":"ReadAction","target":["https:\/\/tre-online.com\/tre-online-learn-how-to\/online-exploration-workshop\/"]}]},{"@type":"ImageObject","inLanguage":"es","@id":"https:\/\/tre-online.com\/tre-online-learn-how-to\/online-exploration-workshop\/#primaryimage","url":"https:\/\/tre-online.com\/wp-content\/uploads\/2020\/11\/bigstock-Faceless-Caucasian-Woman-Lying-388521421.jpg","contentUrl":"https:\/\/tre-online.com\/wp-content\/uploads\/2020\/11\/bigstock-Faceless-Caucasian-Woman-Lying-388521421.jpg","width":1600,"height":856,"caption":"Learning TRE\u00ae Online"},{"@type":"BreadcrumbList","@id":"https:\/\/tre-online.com\/tre-online-learn-how-to\/online-exploration-workshop\/#breadcrumb","itemListElement":[{"@type":"ListItem","position":1,"name":"Home","item":"https:\/\/tre-online.com\/"},{"@type":"ListItem","position":2,"name":"TRE\u00ae Online","item":"https:\/\/tre-online.com\/tre-online-learn-how-to\/"},{"@type":"ListItem","position":3,"name":"Online Exploration Workshops"}]},{"@type":"WebSite","@id":"https:\/\/tre-online.com\/#website","url":"https:\/\/tre-online.com\/","name":"TRE\u00ae Ejercicios para liberar la tensi\u00f3n","description":"Libera tu cuerpo - Libera tu mente","publisher":{"@id":"https:\/\/tre-online.com\/#organization"},"potentialAction":[{"@type":"SearchAction","target":{"@type":"EntryPoint","urlTemplate":"https:\/\/tre-online.com\/?s={search_term_string}"},"query-input":{"@type":"PropertyValueSpecification","valueRequired":true,"valueName":"search_term_string"}}],"inLanguage":"es"},{"@type":"Organization","@id":"https:\/\/tre-online.com\/#organization","name":"TRE\u00ae Ejercicios para liberar la tensi\u00f3n","url":"https:\/\/tre-online.com\/","logo":{"@type":"ImageObject","inLanguage":"es","@id":"https:\/\/tre-online.com\/#\/schema\/logo\/image\/","url":"https:\/\/tre-online.com\/wp-content\/uploads\/2021\/02\/TRE-online-logo-size-optimzed.png","contentUrl":"https:\/\/tre-online.com\/wp-content\/uploads\/2021\/02\/TRE-online-logo-size-optimzed.png","width":400,"height":397,"caption":"TRE\u00ae Tension Releasing Exercises"},"image":{"@id":"https:\/\/tre-online.com\/#\/schema\/logo\/image\/"},"sameAs":["https:\/\/www.facebook.com\/onlineTRE","https:\/\/www.instagram.com\/online_tre\/"]}]}},"_links":{"self":[{"href":"http:\/\/tre-online.com\/es\/wp-json\/wp\/v2\/pages\/2469","targetHints":{"allow":["GET"]}}],"collection":[{"href":"http:\/\/tre-online.com\/es\/wp-json\/wp\/v2\/pages"}],"about":[{"href":"http:\/\/tre-online.com\/es\/wp-json\/wp\/v2\/types\/page"}],"author":[{"embeddable":true,"href":"http:\/\/tre-online.com\/es\/wp-json\/wp\/v2\/users\/2"}],"replies":[{"embeddable":true,"href":"http:\/\/tre-online.com\/es\/wp-json\/wp\/v2\/comments?post=2469"}],"version-history":[{"count":0,"href":"http:\/\/tre-online.com\/es\/wp-json\/wp\/v2\/pages\/2469\/revisions"}],"up":[{"embeddable":true,"href":"http:\/\/tre-online.com\/es\/wp-json\/wp\/v2\/pages\/19"}],"wp:featuredmedia":[{"embeddable":true,"href":"http:\/\/tre-online.com\/es\/wp-json\/wp\/v2\/media\/2470"}],"wp:attachment":[{"href":"http:\/\/tre-online.com\/es\/wp-json\/wp\/v2\/media?parent=2469"}],"curies":[{"name":"wp","href":"https:\/\/api.w.org\/{rel}","templated":true}]}}