{"id":52,"date":"2019-10-15T17:01:52","date_gmt":"2019-10-15T17:01:52","guid":{"rendered":"https:\/\/rrygm.beeweb-green.io\/?page_id=52"},"modified":"2020-03-25T18:03:24","modified_gmt":"2020-03-25T18:03:24","slug":"supervision-posterior-a-la-certificacion","status":"publish","type":"page","link":"http:\/\/tre-online.com\/es\/tre-online-learn-how-to\/post-certification-supervision\/","title":{"rendered":"Supervisi\u00f3n posterior a la certificaci\u00f3n"},"content":{"rendered":"<p>Una vez que un proveedor TRE\u00ae obtiene la certificaci\u00f3n, esto es s\u00f3lo el principio del viaje. Me gusta utilizar la met\u00e1fora del permiso de conducir. El proceso de certificaci\u00f3n consiste en ense\u00f1ar los conocimientos b\u00e1sicos, que es como recibir clases de conducir. Una vez que se tiene el carn\u00e9 de conducir, hay que seguir practicando, enfrent\u00e1ndose a retos por el camino e incluso es posible que uno se meta por caminos que no se cubrieron en la formaci\u00f3n b\u00e1sica. Siempre animamos a los proveedores de TRE\u00ae a que se mantengan al d\u00eda y busquen apoyo cuando lo necesiten.<\/p>\n<p>Deva Laya es una experimentada formadora de TRE\u00ae, que imparte supervisi\u00f3n en l\u00ednea en TRE\u00ae desde 2011.<\/p>\n<p>Como proveedor certificado de TRE\u00ae, le invitamos a solicitar supervisi\u00f3n para profundizar en su funci\u00f3n. Puede tratarse de dificultades generales a las que se enfrente al impartir sesiones de TRE\u00ae, puede estar relacionada con cuestiones espec\u00edficas de un caso, puede ayudarle a resolver problemas de contratransferencia\/transferencia, o simplemente una breve sesi\u00f3n en la que se ocupe de su propia sesi\u00f3n de TRE\u00ae.<\/p>\n<p>P\u00f3ngase en contacto conmigo si tiene alguna pregunta sobre las sesiones de post-supervisi\u00f3n.<\/p>","protected":false},"excerpt":{"rendered":"<p>Once a TRE\u00ae Provider is certified, this is only the beginning of the journey. I like to give it the metaphor of taking a drivers license. The certification process is teaching the basic knowledge that is as taking driving lessons. Once you have your drivers license, you still need to practice, meet challenges along the &hellip; <\/p>","protected":false},"author":1,"featured_media":0,"parent":19,"menu_order":0,"comment_status":"closed","ping_status":"closed","template":"","meta":{"_acf_changed":false,"footnotes":""},"class_list":["post-52","page","type-page","status-publish","hentry","grid-sizer","latest_post"],"acf":[],"yoast_head":"<!-- This site is optimized with the Yoast SEO plugin v27.5 - https:\/\/yoast.com\/product\/yoast-seo-wordpress\/ -->\n<title>Post Certification Supervision - TRE\u00ae Tension Releasing Exercises<\/title>\n<meta name=\"robots\" content=\"index, follow, max-snippet:-1, max-image-preview:large, max-video-preview:-1\" \/>\n<link rel=\"canonical\" href=\"https:\/\/tre-online.com\/es\/tre-en-linea-aprender-a\/supervision-posterior-a-la-certificacion\/\" \/>\n<meta property=\"og:locale\" content=\"es_ES\" \/>\n<meta property=\"og:type\" content=\"article\" \/>\n<meta property=\"og:title\" content=\"Post Certification Supervision - TRE\u00ae Tension Releasing Exercises\" \/>\n<meta property=\"og:description\" content=\"Once a TRE\u00ae Provider is certified, this is only the beginning of the journey. I like to give it the metaphor of taking a drivers license. The certification process is teaching the basic knowledge that is as taking driving lessons. Once you have your drivers license, you still need to practice, meet challenges along the &hellip;\" \/>\n<meta property=\"og:url\" content=\"https:\/\/tre-online.com\/es\/tre-en-linea-aprender-a\/supervision-posterior-a-la-certificacion\/\" \/>\n<meta property=\"og:site_name\" content=\"TRE\u00ae Tension Releasing Exercises\" \/>\n<meta property=\"article:publisher\" content=\"https:\/\/www.facebook.com\/onlineTRE\" \/>\n<meta property=\"article:modified_time\" content=\"2020-03-25T18:03:24+00:00\" \/>\n<meta name=\"twitter:card\" content=\"summary_large_image\" \/>\n<meta name=\"twitter:label1\" content=\"Tiempo de lectura\" \/>\n\t<meta name=\"twitter:data1\" content=\"1 minuto\" \/>\n<script type=\"application\/ld+json\" class=\"yoast-schema-graph\">{\"@context\":\"https:\\\/\\\/schema.org\",\"@graph\":[{\"@type\":\"WebPage\",\"@id\":\"https:\\\/\\\/tre-online.com\\\/tre-online-learn-how-to\\\/post-certification-supervision\\\/\",\"url\":\"https:\\\/\\\/tre-online.com\\\/tre-online-learn-how-to\\\/post-certification-supervision\\\/\",\"name\":\"Post Certification Supervision - TRE\u00ae Tension Releasing Exercises\",\"isPartOf\":{\"@id\":\"https:\\\/\\\/tre-online.com\\\/#website\"},\"datePublished\":\"2019-10-15T17:01:52+00:00\",\"dateModified\":\"2020-03-25T18:03:24+00:00\",\"breadcrumb\":{\"@id\":\"https:\\\/\\\/tre-online.com\\\/tre-online-learn-how-to\\\/post-certification-supervision\\\/#breadcrumb\"},\"inLanguage\":\"es\",\"potentialAction\":[{\"@type\":\"ReadAction\",\"target\":[\"https:\\\/\\\/tre-online.com\\\/tre-online-learn-how-to\\\/post-certification-supervision\\\/\"]}]},{\"@type\":\"BreadcrumbList\",\"@id\":\"https:\\\/\\\/tre-online.com\\\/tre-online-learn-how-to\\\/post-certification-supervision\\\/#breadcrumb\",\"itemListElement\":[{\"@type\":\"ListItem\",\"position\":1,\"name\":\"Home\",\"item\":\"https:\\\/\\\/tre-online.com\\\/\"},{\"@type\":\"ListItem\",\"position\":2,\"name\":\"TRE\u00ae Online\",\"item\":\"https:\\\/\\\/tre-online.com\\\/tre-online-learn-how-to\\\/\"},{\"@type\":\"ListItem\",\"position\":3,\"name\":\"Post Certification Supervision\"}]},{\"@type\":\"WebSite\",\"@id\":\"https:\\\/\\\/tre-online.com\\\/#website\",\"url\":\"https:\\\/\\\/tre-online.com\\\/\",\"name\":\"TRE\u00ae Tension Releasing Exercises\",\"description\":\"Release Your Body - Release Your Mind\",\"publisher\":{\"@id\":\"https:\\\/\\\/tre-online.com\\\/#organization\"},\"potentialAction\":[{\"@type\":\"SearchAction\",\"target\":{\"@type\":\"EntryPoint\",\"urlTemplate\":\"https:\\\/\\\/tre-online.com\\\/?s={search_term_string}\"},\"query-input\":{\"@type\":\"PropertyValueSpecification\",\"valueRequired\":true,\"valueName\":\"search_term_string\"}}],\"inLanguage\":\"es\"},{\"@type\":\"Organization\",\"@id\":\"https:\\\/\\\/tre-online.com\\\/#organization\",\"name\":\"TRE\u00ae Tension Releasing Exercises\",\"url\":\"https:\\\/\\\/tre-online.com\\\/\",\"logo\":{\"@type\":\"ImageObject\",\"inLanguage\":\"es\",\"@id\":\"https:\\\/\\\/tre-online.com\\\/#\\\/schema\\\/logo\\\/image\\\/\",\"url\":\"https:\\\/\\\/tre-online.com\\\/wp-content\\\/uploads\\\/2021\\\/02\\\/TRE-online-logo-size-optimzed.png\",\"contentUrl\":\"https:\\\/\\\/tre-online.com\\\/wp-content\\\/uploads\\\/2021\\\/02\\\/TRE-online-logo-size-optimzed.png\",\"width\":400,\"height\":397,\"caption\":\"TRE\u00ae Tension Releasing Exercises\"},\"image\":{\"@id\":\"https:\\\/\\\/tre-online.com\\\/#\\\/schema\\\/logo\\\/image\\\/\"},\"sameAs\":[\"https:\\\/\\\/www.facebook.com\\\/onlineTRE\",\"https:\\\/\\\/www.instagram.com\\\/online_tre\\\/\"]}]}<\/script>\n<!-- \/ Yoast SEO plugin. -->","yoast_head_json":{"title":"Supervisi\u00f3n posterior a la certificaci\u00f3n - TRE\u00ae Tension Releasing Exercises","robots":{"index":"index","follow":"follow","max-snippet":"max-snippet:-1","max-image-preview":"max-image-preview:large","max-video-preview":"max-video-preview:-1"},"canonical":"https:\/\/tre-online.com\/es\/tre-en-linea-aprender-a\/supervision-posterior-a-la-certificacion\/","og_locale":"es_ES","og_type":"article","og_title":"Post Certification Supervision - TRE\u00ae Tension Releasing Exercises","og_description":"Once a TRE\u00ae Provider is certified, this is only the beginning of the journey. I like to give it the metaphor of taking a drivers license. The certification process is teaching the basic knowledge that is as taking driving lessons. Once you have your drivers license, you still need to practice, meet challenges along the &hellip;","og_url":"https:\/\/tre-online.com\/es\/tre-en-linea-aprender-a\/supervision-posterior-a-la-certificacion\/","og_site_name":"TRE\u00ae Tension Releasing Exercises","article_publisher":"https:\/\/www.facebook.com\/onlineTRE","article_modified_time":"2020-03-25T18:03:24+00:00","twitter_card":"summary_large_image","twitter_misc":{"Tiempo de lectura":"1 minuto"},"schema":{"@context":"https:\/\/schema.org","@graph":[{"@type":"WebPage","@id":"https:\/\/tre-online.com\/tre-online-learn-how-to\/post-certification-supervision\/","url":"https:\/\/tre-online.com\/tre-online-learn-how-to\/post-certification-supervision\/","name":"Supervisi\u00f3n posterior a la certificaci\u00f3n - TRE\u00ae Tension Releasing Exercises","isPartOf":{"@id":"https:\/\/tre-online.com\/#website"},"datePublished":"2019-10-15T17:01:52+00:00","dateModified":"2020-03-25T18:03:24+00:00","breadcrumb":{"@id":"https:\/\/tre-online.com\/tre-online-learn-how-to\/post-certification-supervision\/#breadcrumb"},"inLanguage":"es","potentialAction":[{"@type":"ReadAction","target":["https:\/\/tre-online.com\/tre-online-learn-how-to\/post-certification-supervision\/"]}]},{"@type":"BreadcrumbList","@id":"https:\/\/tre-online.com\/tre-online-learn-how-to\/post-certification-supervision\/#breadcrumb","itemListElement":[{"@type":"ListItem","position":1,"name":"Home","item":"https:\/\/tre-online.com\/"},{"@type":"ListItem","position":2,"name":"TRE\u00ae Online","item":"https:\/\/tre-online.com\/tre-online-learn-how-to\/"},{"@type":"ListItem","position":3,"name":"Post Certification Supervision"}]},{"@type":"WebSite","@id":"https:\/\/tre-online.com\/#website","url":"https:\/\/tre-online.com\/","name":"TRE\u00ae Ejercicios para liberar la tensi\u00f3n","description":"Libera tu cuerpo - Libera tu mente","publisher":{"@id":"https:\/\/tre-online.com\/#organization"},"potentialAction":[{"@type":"SearchAction","target":{"@type":"EntryPoint","urlTemplate":"https:\/\/tre-online.com\/?s={search_term_string}"},"query-input":{"@type":"PropertyValueSpecification","valueRequired":true,"valueName":"search_term_string"}}],"inLanguage":"es"},{"@type":"Organization","@id":"https:\/\/tre-online.com\/#organization","name":"TRE\u00ae Ejercicios para liberar la tensi\u00f3n","url":"https:\/\/tre-online.com\/","logo":{"@type":"ImageObject","inLanguage":"es","@id":"https:\/\/tre-online.com\/#\/schema\/logo\/image\/","url":"https:\/\/tre-online.com\/wp-content\/uploads\/2021\/02\/TRE-online-logo-size-optimzed.png","contentUrl":"https:\/\/tre-online.com\/wp-content\/uploads\/2021\/02\/TRE-online-logo-size-optimzed.png","width":400,"height":397,"caption":"TRE\u00ae Tension Releasing Exercises"},"image":{"@id":"https:\/\/tre-online.com\/#\/schema\/logo\/image\/"},"sameAs":["https:\/\/www.facebook.com\/onlineTRE","https:\/\/www.instagram.com\/online_tre\/"]}]}},"_links":{"self":[{"href":"http:\/\/tre-online.com\/es\/wp-json\/wp\/v2\/pages\/52","targetHints":{"allow":["GET"]}}],"collection":[{"href":"http:\/\/tre-online.com\/es\/wp-json\/wp\/v2\/pages"}],"about":[{"href":"http:\/\/tre-online.com\/es\/wp-json\/wp\/v2\/types\/page"}],"author":[{"embeddable":true,"href":"http:\/\/tre-online.com\/es\/wp-json\/wp\/v2\/users\/1"}],"replies":[{"embeddable":true,"href":"http:\/\/tre-online.com\/es\/wp-json\/wp\/v2\/comments?post=52"}],"version-history":[{"count":0,"href":"http:\/\/tre-online.com\/es\/wp-json\/wp\/v2\/pages\/52\/revisions"}],"up":[{"embeddable":true,"href":"http:\/\/tre-online.com\/es\/wp-json\/wp\/v2\/pages\/19"}],"wp:attachment":[{"href":"http:\/\/tre-online.com\/es\/wp-json\/wp\/v2\/media?parent=52"}],"curies":[{"name":"wp","href":"https:\/\/api.w.org\/{rel}","templated":true}]}}