{"id":13,"date":"2019-09-07T12:44:49","date_gmt":"2019-09-07T12:44:49","guid":{"rendered":"https:\/\/rrygm.beeweb-green.io\/?page_id=13"},"modified":"2020-03-29T18:34:57","modified_gmt":"2020-03-29T16:34:57","slug":"grunnlegger-david-berceli","status":"publish","type":"page","link":"http:\/\/tre-online.com\/nb\/what-is-tre\/founder-david-berceli\/","title":{"rendered":"Grunnlegger David Berceli, PhD"},"content":{"rendered":"<blockquote class=\"wp-block-quote is-layout-flow wp-block-quote-is-layout-flow\"><p>Den ytre konflikten tar slutt n\u00e5r den indre freden gryr<\/p><cite>Dr. David Berceli<\/cite><\/blockquote>\n\n\n\n<div class=\"wp-block-my-gvb-variable-column front-wrapper\" data-width=\"70\">\n<div class=\"wp-block-column is-layout-flow wp-block-column-is-layout-flow\">\n<p>David Berceli er en internasjonal ekspert p\u00e5 traumeintervensjon og konfliktl\u00f8sning. Han er skaperen av Tension &amp; Trauma Releasing Exercises (TRE\u00ae). Denne revolusjonerende teknikken er utviklet for \u00e5 frigj\u00f8re de dype spenningene som skapes i kroppen under en traumatisk opplevelse eller gjennom kronisk stress. Han er ogs\u00e5 den energiske og kreative grunnleggeren og administrerende direkt\u00f8ren av Trauma Recovery Services.<\/p>\n<\/div>\n\n\n\n<div class=\"wp-block-column is-layout-flow wp-block-column-is-layout-flow\">\n<div class=\"wp-block-image\"><figure class=\"aligncenter size-large is-resized\"><img decoding=\"async\" src=\"https:\/\/tre-online.com\/wp-content\/uploads\/2020\/03\/TRE-25-710x1024.jpg\" alt=\"\" class=\"wp-image-1855\" width=\"126\" height=\"181\" srcset=\"https:\/\/tre-online.com\/wp-content\/uploads\/2020\/03\/TRE-25-710x1024.jpg 710w, https:\/\/tre-online.com\/wp-content\/uploads\/2020\/03\/TRE-25-200x288.jpg 200w, https:\/\/tre-online.com\/wp-content\/uploads\/2020\/03\/TRE-25-208x300.jpg 208w, https:\/\/tre-online.com\/wp-content\/uploads\/2020\/03\/TRE-25-768x1108.jpg 768w, https:\/\/tre-online.com\/wp-content\/uploads\/2020\/03\/TRE-25-1065x1536.jpg 1065w, https:\/\/tre-online.com\/wp-content\/uploads\/2020\/03\/TRE-25-42x60.jpg 42w, https:\/\/tre-online.com\/wp-content\/uploads\/2020\/03\/TRE-25-400x577.jpg 400w, https:\/\/tre-online.com\/wp-content\/uploads\/2020\/03\/TRE-25.jpg 1420w\" sizes=\"(max-width: 126px) 100vw, 126px\" \/><figcaption><strong><a rel=\"noreferrer noopener\" aria-label=\"David Berceli, PhD (\u00e5pnes i en ny fane)\" href=\"http:\/\/www.traumaprevention.com\" target=\"_blank\">David Berceli<\/a><\/strong><\/figcaption><\/figure><\/div>\n<\/div>\n\n\n\n<p><\/p>\n<\/div>\n\n\n\n<p>Dave har bodd og arbeidet i ni land i to ti\u00e5r, hvor han har holdt workshops om traumelindring og utviklet gjenopprettingsprogrammer for internasjonale organisasjoner over hele verden. Han har bodd og arbeidet mye i Israel\/Palestina, Sudan, Uganda, Kenya, Jemen, Egypt og Libanon. Han snakker flytende engelsk og arabisk.<\/p>\n\n\n\n<p>David er unik ved at han har et solid akademisk og erfaringsbasert grunnlag i psykoterapi og terapeutisk kroppsarbeid. Han integrerer dette med en dyp forst\u00e5else av den sammenflettede dynamikken mellom religion og etniske skikker. Denne kombinasjonen har gjort det mulig for ham \u00e5 utvikle unike og spesifikke prosesser som gj\u00f8r det mulig for mennesker fra alle deler av verden \u00e5 h\u00e5ndtere og g\u00e5 videre fra personlige traumer, samt \u00e5 skape heling og forsoning mellom ulike grupper.<\/p>","protected":false},"excerpt":{"rendered":"<p>External conflict comes to an end with the dawn of internal peace Dr. David Berceli Dave has spent two decades living and working in nine countries providing trauma relief workshops and designing recovery programs for international organizations around the world. He has lived and worked extensively in Israel\/Palestine, Sudan, Uganda, Kenya, Yemen, Egypt, and Lebanon. &hellip; <\/p>","protected":false},"author":1,"featured_media":0,"parent":11,"menu_order":0,"comment_status":"closed","ping_status":"closed","template":"","meta":{"_acf_changed":false,"footnotes":""},"class_list":["post-13","page","type-page","status-publish","hentry","grid-sizer","latest_post"],"acf":[],"yoast_head":"<!-- This site is optimized with the Yoast SEO plugin v27.5 - https:\/\/yoast.com\/product\/yoast-seo-wordpress\/ -->\n<title>Founder David Berceli, PhD<\/title>\n<meta name=\"description\" content=\"The founder and creator of TRE\u00ae, David Berceli, PhD, is an international expert in the areas of trauma intervention and conflict resolution.\" \/>\n<meta name=\"robots\" content=\"index, follow, max-snippet:-1, max-image-preview:large, max-video-preview:-1\" \/>\n<link rel=\"canonical\" href=\"https:\/\/tre-online.com\/nb\/hva-er-tre\/grunnlegger-david-berceli\/\" \/>\n<meta property=\"og:locale\" content=\"nb_NO\" \/>\n<meta property=\"og:type\" content=\"article\" \/>\n<meta property=\"og:title\" content=\"Founder David Berceli, PhD\" \/>\n<meta property=\"og:description\" content=\"The founder and creator of TRE\u00ae, David Berceli, PhD, is an international expert in the areas of trauma intervention and conflict resolution.\" \/>\n<meta property=\"og:url\" content=\"https:\/\/tre-online.com\/nb\/hva-er-tre\/grunnlegger-david-berceli\/\" \/>\n<meta property=\"og:site_name\" content=\"TRE\u00ae Tension Releasing Exercises\" \/>\n<meta property=\"article:publisher\" content=\"https:\/\/www.facebook.com\/onlineTRE\" \/>\n<meta property=\"article:modified_time\" content=\"2020-03-29T16:34:57+00:00\" \/>\n<meta property=\"og:image\" content=\"https:\/\/tre-online.com\/wp-content\/uploads\/2020\/03\/TRE-25-710x1024.jpg\" \/>\n<meta name=\"twitter:card\" content=\"summary_large_image\" \/>\n<meta name=\"twitter:label1\" content=\"Ansl. lesetid\" \/>\n\t<meta name=\"twitter:data1\" content=\"1 minutt\" \/>\n<script type=\"application\/ld+json\" class=\"yoast-schema-graph\">{\"@context\":\"https:\\\/\\\/schema.org\",\"@graph\":[{\"@type\":\"WebPage\",\"@id\":\"https:\\\/\\\/tre-online.com\\\/what-is-tre\\\/founder-david-berceli\\\/\",\"url\":\"https:\\\/\\\/tre-online.com\\\/what-is-tre\\\/founder-david-berceli\\\/\",\"name\":\"Founder David Berceli, PhD\",\"isPartOf\":{\"@id\":\"https:\\\/\\\/tre-online.com\\\/#website\"},\"primaryImageOfPage\":{\"@id\":\"https:\\\/\\\/tre-online.com\\\/what-is-tre\\\/founder-david-berceli\\\/#primaryimage\"},\"image\":{\"@id\":\"https:\\\/\\\/tre-online.com\\\/what-is-tre\\\/founder-david-berceli\\\/#primaryimage\"},\"thumbnailUrl\":\"https:\\\/\\\/tre-online.com\\\/wp-content\\\/uploads\\\/2020\\\/03\\\/TRE-25-710x1024.jpg\",\"datePublished\":\"2019-09-07T12:44:49+00:00\",\"dateModified\":\"2020-03-29T16:34:57+00:00\",\"description\":\"The founder and creator of TRE\u00ae, David Berceli, PhD, is an international expert in the areas of trauma intervention and conflict resolution.\",\"breadcrumb\":{\"@id\":\"https:\\\/\\\/tre-online.com\\\/what-is-tre\\\/founder-david-berceli\\\/#breadcrumb\"},\"inLanguage\":\"nb-NO\",\"potentialAction\":[{\"@type\":\"ReadAction\",\"target\":[\"https:\\\/\\\/tre-online.com\\\/what-is-tre\\\/founder-david-berceli\\\/\"]}]},{\"@type\":\"ImageObject\",\"inLanguage\":\"nb-NO\",\"@id\":\"https:\\\/\\\/tre-online.com\\\/what-is-tre\\\/founder-david-berceli\\\/#primaryimage\",\"url\":\"https:\\\/\\\/tre-online.com\\\/wp-content\\\/uploads\\\/2020\\\/03\\\/TRE-25-710x1024.jpg\",\"contentUrl\":\"https:\\\/\\\/tre-online.com\\\/wp-content\\\/uploads\\\/2020\\\/03\\\/TRE-25-710x1024.jpg\"},{\"@type\":\"BreadcrumbList\",\"@id\":\"https:\\\/\\\/tre-online.com\\\/what-is-tre\\\/founder-david-berceli\\\/#breadcrumb\",\"itemListElement\":[{\"@type\":\"ListItem\",\"position\":1,\"name\":\"Home\",\"item\":\"https:\\\/\\\/tre-online.com\\\/\"},{\"@type\":\"ListItem\",\"position\":2,\"name\":\"What is TRE\u00ae\",\"item\":\"https:\\\/\\\/tre-online.com\\\/what-is-tre\\\/\"},{\"@type\":\"ListItem\",\"position\":3,\"name\":\"Founder David Berceli, PhD\"}]},{\"@type\":\"WebSite\",\"@id\":\"https:\\\/\\\/tre-online.com\\\/#website\",\"url\":\"https:\\\/\\\/tre-online.com\\\/\",\"name\":\"TRE\u00ae Tension Releasing Exercises\",\"description\":\"Release Your Body - Release Your Mind\",\"publisher\":{\"@id\":\"https:\\\/\\\/tre-online.com\\\/#organization\"},\"potentialAction\":[{\"@type\":\"SearchAction\",\"target\":{\"@type\":\"EntryPoint\",\"urlTemplate\":\"https:\\\/\\\/tre-online.com\\\/?s={search_term_string}\"},\"query-input\":{\"@type\":\"PropertyValueSpecification\",\"valueRequired\":true,\"valueName\":\"search_term_string\"}}],\"inLanguage\":\"nb-NO\"},{\"@type\":\"Organization\",\"@id\":\"https:\\\/\\\/tre-online.com\\\/#organization\",\"name\":\"TRE\u00ae Tension Releasing Exercises\",\"url\":\"https:\\\/\\\/tre-online.com\\\/\",\"logo\":{\"@type\":\"ImageObject\",\"inLanguage\":\"nb-NO\",\"@id\":\"https:\\\/\\\/tre-online.com\\\/#\\\/schema\\\/logo\\\/image\\\/\",\"url\":\"https:\\\/\\\/tre-online.com\\\/wp-content\\\/uploads\\\/2021\\\/02\\\/TRE-online-logo-size-optimzed.png\",\"contentUrl\":\"https:\\\/\\\/tre-online.com\\\/wp-content\\\/uploads\\\/2021\\\/02\\\/TRE-online-logo-size-optimzed.png\",\"width\":400,\"height\":397,\"caption\":\"TRE\u00ae Tension Releasing Exercises\"},\"image\":{\"@id\":\"https:\\\/\\\/tre-online.com\\\/#\\\/schema\\\/logo\\\/image\\\/\"},\"sameAs\":[\"https:\\\/\\\/www.facebook.com\\\/onlineTRE\",\"https:\\\/\\\/www.instagram.com\\\/online_tre\\\/\"]}]}<\/script>\n<!-- \/ Yoast SEO plugin. -->","yoast_head_json":{"title":"Grunnlegger David Berceli, PhD","description":"Grunnleggeren og skaperen av TRE\u00ae, David Berceli, PhD, er en internasjonal ekspert p\u00e5 traumeintervensjon og konfliktl\u00f8sning.","robots":{"index":"index","follow":"follow","max-snippet":"max-snippet:-1","max-image-preview":"max-image-preview:large","max-video-preview":"max-video-preview:-1"},"canonical":"https:\/\/tre-online.com\/nb\/hva-er-tre\/grunnlegger-david-berceli\/","og_locale":"nb_NO","og_type":"article","og_title":"Founder David Berceli, PhD","og_description":"The founder and creator of TRE\u00ae, David Berceli, PhD, is an international expert in the areas of trauma intervention and conflict resolution.","og_url":"https:\/\/tre-online.com\/nb\/hva-er-tre\/grunnlegger-david-berceli\/","og_site_name":"TRE\u00ae Tension Releasing Exercises","article_publisher":"https:\/\/www.facebook.com\/onlineTRE","article_modified_time":"2020-03-29T16:34:57+00:00","og_image":[{"url":"https:\/\/tre-online.com\/wp-content\/uploads\/2020\/03\/TRE-25-710x1024.jpg","type":"","width":"","height":""}],"twitter_card":"summary_large_image","twitter_misc":{"Ansl. lesetid":"1 minutt"},"schema":{"@context":"https:\/\/schema.org","@graph":[{"@type":"WebPage","@id":"https:\/\/tre-online.com\/what-is-tre\/founder-david-berceli\/","url":"https:\/\/tre-online.com\/what-is-tre\/founder-david-berceli\/","name":"Grunnlegger David Berceli, PhD","isPartOf":{"@id":"https:\/\/tre-online.com\/#website"},"primaryImageOfPage":{"@id":"https:\/\/tre-online.com\/what-is-tre\/founder-david-berceli\/#primaryimage"},"image":{"@id":"https:\/\/tre-online.com\/what-is-tre\/founder-david-berceli\/#primaryimage"},"thumbnailUrl":"https:\/\/tre-online.com\/wp-content\/uploads\/2020\/03\/TRE-25-710x1024.jpg","datePublished":"2019-09-07T12:44:49+00:00","dateModified":"2020-03-29T16:34:57+00:00","description":"Grunnleggeren og skaperen av TRE\u00ae, David Berceli, PhD, er en internasjonal ekspert p\u00e5 traumeintervensjon og konfliktl\u00f8sning.","breadcrumb":{"@id":"https:\/\/tre-online.com\/what-is-tre\/founder-david-berceli\/#breadcrumb"},"inLanguage":"nb-NO","potentialAction":[{"@type":"ReadAction","target":["https:\/\/tre-online.com\/what-is-tre\/founder-david-berceli\/"]}]},{"@type":"ImageObject","inLanguage":"nb-NO","@id":"https:\/\/tre-online.com\/what-is-tre\/founder-david-berceli\/#primaryimage","url":"https:\/\/tre-online.com\/wp-content\/uploads\/2020\/03\/TRE-25-710x1024.jpg","contentUrl":"https:\/\/tre-online.com\/wp-content\/uploads\/2020\/03\/TRE-25-710x1024.jpg"},{"@type":"BreadcrumbList","@id":"https:\/\/tre-online.com\/what-is-tre\/founder-david-berceli\/#breadcrumb","itemListElement":[{"@type":"ListItem","position":1,"name":"Home","item":"https:\/\/tre-online.com\/"},{"@type":"ListItem","position":2,"name":"What is TRE\u00ae","item":"https:\/\/tre-online.com\/what-is-tre\/"},{"@type":"ListItem","position":3,"name":"Founder David Berceli, PhD"}]},{"@type":"WebSite","@id":"https:\/\/tre-online.com\/#website","url":"https:\/\/tre-online.com\/","name":"TRE\u00ae Tension Releasing Exercises","description":"Frigj\u00f8r kroppen din - frigj\u00f8r sinnet ditt","publisher":{"@id":"https:\/\/tre-online.com\/#organization"},"potentialAction":[{"@type":"SearchAction","target":{"@type":"EntryPoint","urlTemplate":"https:\/\/tre-online.com\/?s={search_term_string}"},"query-input":{"@type":"PropertyValueSpecification","valueRequired":true,"valueName":"search_term_string"}}],"inLanguage":"nb-NO"},{"@type":"Organization","@id":"https:\/\/tre-online.com\/#organization","name":"TRE\u00ae Tension Releasing Exercises","url":"https:\/\/tre-online.com\/","logo":{"@type":"ImageObject","inLanguage":"nb-NO","@id":"https:\/\/tre-online.com\/#\/schema\/logo\/image\/","url":"https:\/\/tre-online.com\/wp-content\/uploads\/2021\/02\/TRE-online-logo-size-optimzed.png","contentUrl":"https:\/\/tre-online.com\/wp-content\/uploads\/2021\/02\/TRE-online-logo-size-optimzed.png","width":400,"height":397,"caption":"TRE\u00ae Tension Releasing Exercises"},"image":{"@id":"https:\/\/tre-online.com\/#\/schema\/logo\/image\/"},"sameAs":["https:\/\/www.facebook.com\/onlineTRE","https:\/\/www.instagram.com\/online_tre\/"]}]}},"_links":{"self":[{"href":"http:\/\/tre-online.com\/nb\/wp-json\/wp\/v2\/pages\/13","targetHints":{"allow":["GET"]}}],"collection":[{"href":"http:\/\/tre-online.com\/nb\/wp-json\/wp\/v2\/pages"}],"about":[{"href":"http:\/\/tre-online.com\/nb\/wp-json\/wp\/v2\/types\/page"}],"author":[{"embeddable":true,"href":"http:\/\/tre-online.com\/nb\/wp-json\/wp\/v2\/users\/1"}],"replies":[{"embeddable":true,"href":"http:\/\/tre-online.com\/nb\/wp-json\/wp\/v2\/comments?post=13"}],"version-history":[{"count":0,"href":"http:\/\/tre-online.com\/nb\/wp-json\/wp\/v2\/pages\/13\/revisions"}],"up":[{"embeddable":true,"href":"http:\/\/tre-online.com\/nb\/wp-json\/wp\/v2\/pages\/11"}],"wp:attachment":[{"href":"http:\/\/tre-online.com\/nb\/wp-json\/wp\/v2\/media?parent=13"}],"curies":[{"name":"wp","href":"https:\/\/api.w.org\/{rel}","templated":true}]}}