{"id":2122,"date":"2020-05-05T22:33:32","date_gmt":"2020-05-05T20:33:32","guid":{"rendered":"https:\/\/rrygm.beeweb-green.io\/?page_id=2122"},"modified":"2026-02-08T12:24:41","modified_gmt":"2026-02-08T11:24:41","slug":"tre-nettbasert-sertifiseringsopplaering","status":"publish","type":"page","link":"http:\/\/tre-online.com\/nb\/tre-online-certification-training\/","title":{"rendered":"Sertifiseringsoppl\u00e6ring p\u00e5 nett"},"content":{"rendered":"<p class=\"has-very-dark-gray-color has-luminous-vivid-amber-background-color has-text-color has-background\"><strong><em>Vi tilbyr Global TRE\u00ae-sertifisering p\u00e5 nett. <\/em><\/strong>Minimumskravene som en del av sertifiseringsprosessen er stort sett de samme som oppl\u00e6ring p\u00e5 stedet og oppl\u00e6ringsdager samt personlige trenings\u00f8kter og veiledede undervisnings\u00f8kter. <\/p>\n\n\n\n<p><strong>For \u00e5 bli en sertifisert TRE\u00ae-leverand\u00f8r<\/strong>I tillegg m\u00e5 du delta p\u00e5 seks obligatoriske oppl\u00e6ringsdager (fordelt p\u00e5 to eller tre moduler), bli veiledet gjennom hele prosessen, lese n\u00f8dvendig litteratur og f\u00f8lge opp obligatoriske oppgaver.<\/p>\n\n\n\n<p>Du kan alltid delta p\u00e5 den f\u00f8rste modulen uten \u00e5 forplikte deg til \u00e5 g\u00e5 gjennom sertifiseringsprosessen for \u00e5 bli TRE\u00ae Provider. Du m\u00e5 f\u00f8lge den globale sertifiseringsprosessen for \u00e5 kunne undervise TRE\u00ae videre til enkeltpersoner og sm\u00e5 grupper. Det kreves veiledning mellom Modul 1 og Modul 2 samt etter Modul 3 f\u00f8r sertifiseringen kan fullf\u00f8res. Prosessen skal fullf\u00f8res innen en tidsramme p\u00e5 12-18 m\u00e5neder fra starten av modul 1. <\/p>\n\n\n\n<p><strong>De obligatoriske workshop-dagene skal tas som ETT PROGRAM med den samme TRE\u00ae-sertifiseringsinstrukt\u00f8ren, og kan ikke tas som frittst\u00e5ende moduler.<\/strong> TRE\u00ae-sertifiseringsprogrammet er et ferdighets- og kompetansebasert program, og for \u00e5 oppn\u00e5 <strong>Status som global TRE\u00ae-leverand\u00f8r<\/strong>, skal ferdighetene og kompetansen oppfylles p\u00e5 et inngangsniv\u00e5. <strong><em>V\u00e6r oppmerksom p\u00e5 at selv om modul 1 er \u00e5pen for alle, kan du ikke bruke modul 1 fra TRE-online\/OmniBalance som den f\u00f8rste modulen for senere \u00e5 fortsette i en annen region\/med en annen trener. <\/em><\/strong><\/p>\n\n\n\n<figure class=\"wp-block-image size-full is-style-default\"><a href=\"https:\/\/tre-online.com\/wp-content\/uploads\/2025\/11\/Process-Certified-TRE\u00ae-Provider-1.jpg\"><img fetchpriority=\"high\" decoding=\"async\" width=\"960\" height=\"720\" src=\"https:\/\/tre-online.com\/wp-content\/uploads\/2025\/11\/Process-Certified-TRE\u00ae-Provider-1.jpg\" alt=\"Prosess for \u00e5 bli en sertifisert TRE\u00ae-leverand\u00f8r, i 3 moduler og individuelle studier. TRE\u00ae-programmet best\u00e5r hovedsakelig av selvstudier, med et gjennomsnitt p\u00e5 4-8 studietimer per uke gjennom hele programmet.\" class=\"wp-image-7224\" title=\"Flytskjema for TRE\u00ae-sertifiseringsprosessen p\u00e5 nett\" srcset=\"https:\/\/tre-online.com\/wp-content\/uploads\/2025\/11\/Process-Certified-TRE\u00ae-Provider-1.jpg 960w, https:\/\/tre-online.com\/wp-content\/uploads\/2025\/11\/Process-Certified-TRE\u00ae-Provider-1-300x225.jpg 300w, https:\/\/tre-online.com\/wp-content\/uploads\/2025\/11\/Process-Certified-TRE\u00ae-Provider-1-768x576.jpg 768w, https:\/\/tre-online.com\/wp-content\/uploads\/2025\/11\/Process-Certified-TRE\u00ae-Provider-1-16x12.jpg 16w, https:\/\/tre-online.com\/wp-content\/uploads\/2025\/11\/Process-Certified-TRE\u00ae-Provider-1-200x150.jpg 200w\" sizes=\"(max-width: 960px) 100vw, 960px\" \/><\/a><\/figure>\n\n\n\n<p><strong>Sertifiseringsprogrammet tar normalt 12-15 m\u00e5neder \u00e5 gjennomf\u00f8re<\/strong>,&nbsp;<strong>fordelt p\u00e5 gruppem\u00f8ter, veiledningssamtaler, personlig arbeid og selvstudietimer.<\/strong><\/p>\n\n\n\n<p><strong>Prosessen er delt inn i f\u00f8lgende deler<\/strong>;<\/p>\n\n\n\n<ol class=\"wp-block-list\">\n<li><strong>Delta p\u00e5 nettbasert oppl\u00e6ring<\/strong>\n<ul class=\"wp-block-list\">\n<li>6 obligatoriske utdanningsdager i to versjoner.<br>Du f\u00f8lger en av de to modellene.\n<ol class=\"wp-block-list\">\n<li><strong>Modul 1<\/strong>\u00a0- 2 dager etterfulgt av<br><strong>Modul 2\u00a0<\/strong>- 2,5 dager (2-4 m\u00e5neder etter M1)<br><strong>Modul\u00a0<\/strong>3 - 2,5 dager (3-5 m\u00e5neder etter M2)<\/li>\n<\/ol>\n<\/li>\n<\/ul>\n<\/li>\n\n\n\n<li><strong>Personlig TRE\u00ae-prosess<\/strong>\n<ul class=\"wp-block-list\">\n<li>Minst fire (4) personlige \u00f8kter under veiledning av en TRE\u00ae CT (minst 2 \u00f8kter gjennomf\u00f8rt f\u00f8r deltakelse p\u00e5 modul 2)<\/li>\n\n\n\n<li>Nedtegning av 60 personlige TRE\u00ae-opplevelser<\/li>\n<\/ul>\n<\/li>\n\n\n\n<li><strong>L\u00e6ring av TRE\u00ae-mal og undervisning i TRE\u00ae<\/strong>\n<ul class=\"wp-block-list\">\n<li>Strukturerte \u00f8vingssamlinger med familie\/venner<\/li>\n\n\n\n<li>Skriftlige casestudier og vurderinger<\/li>\n\n\n\n<li>Undervise minst fire (4) personer i TRE\u00ae og bli veiledet av en TRE\u00ae-sertifisert trener \/ TRE\u00ae-mentor<\/li>\n\n\n\n<li>Undervise minst fire (4) grupper i TRE\u00ae og bli veiledet av en TRE\u00ae-sertifisert trener<\/li>\n\n\n\n<li>Avsluttende kompetanseevaluering av en TRE\u00ae-gruppeundervisning (sluttvurdering)<\/li>\n<\/ul>\n<\/li>\n\n\n\n<li><strong>Utdype kunnskap og teori om TRE\u00ae.<\/strong>\n<ul class=\"wp-block-list\">\n<li>Les\/se p\u00e5krevde b\u00f8ker\/medier og forbered en kort analyse<\/li>\n<\/ul>\n<\/li>\n<\/ol>\n\n\n\n<p>TRE<sup>\u00ae<\/sup>&nbsp;Sertifiseringsprogrammet gj\u00f8r det mulig for personer med ulik yrkes- og utdanningsbakgrunn \u00e5 l\u00e6re \u00e5 undervise i TRE<sup>\u00ae<\/sup>&nbsp;trygt og effektivt. V\u00e5rt sertifiseringsprogram med flere spor gj\u00f8r det mulig for personer med ulik faglig og personlig bakgrunn \u00e5 bli kompetente og profesjonelle sertifiserte l\u00e6rere i TRE<sup>\u00ae<\/sup>&nbsp;prosess.<\/p>\n\n\n\n<p>Alle personer som er sertifisert TRE<sup>\u00ae<\/sup>&nbsp;leverand\u00f8rer kan velge \u00e5 bli oppf\u00f8rt&nbsp;<a rel=\"noreferrer noopener\" href=\"http:\/\/www.traumaprevention.com\/\" target=\"_blank\">www.traumaprevention.com<\/a>&nbsp;og du skal bare motta TRE<sup>\u00ae<\/sup>veiledning fra disse personene. Forh\u00e5pentligvis vil dette skape trygghet og komfort for dem som er p\u00e5 utkikk etter sertifiserte og kvalifiserte leverand\u00f8rer som de kan l\u00e6re TRE av.<sup>\u00ae<\/sup>.<\/p>\n\n\n\n<p><strong>Modul 1 vil inkludere:<\/strong><\/p>\n\n\n\n<ul class=\"wp-block-list\">\n<li>Anatomi, nevrologi og fysiologi knyttet til stress og traumer i forbindelse med TRE\u00ae.<\/li>\n\n\n\n<li>Forst\u00e5else av tremorresponsen<\/li>\n\n\n\n<li>Introduksjon til polyvagalteorien<\/li>\n\n\n\n<li>Forsvarsreaksjoner i forbindelse med TRE\u00ae.<\/li>\n\n\n\n<li>Strategier for inneslutning og jording<\/li>\n\n\n\n<li>Introduksjon til grunnleggende ferdigheter i \u00e5 jobbe med individer og grupper<\/li>\n\n\n\n<li>Introduksjon til TRE\u00ae og personlig erfaring med skjelving<\/li>\n<\/ul>\n\n\n\n<p><strong>Modul 2 og 3 vil inkludere:<\/strong><\/p>\n\n\n\n<ul class=\"wp-block-list\">\n<li>Utdyping av innholdet i modul 1<\/li>\n\n\n\n<li>Debriefing av erfaringer fra praksisundervisning<\/li>\n\n\n\n<li>Gjennomgang av artikkelen \"Areas of Awareness in the Practice of TRE\u00ae\"<\/li>\n\n\n\n<li>Fascias rolle i TRE\u00ae.<\/li>\n\n\n\n<li>TRE\u00ae grunnleggende intervensjoner (ber\u00f8rende og ikke-ber\u00f8rende energiutvidende intervensjoner)<\/li>\n\n\n\n<li>TRE\u00ae-modifikasjoner<\/li>\n\n\n\n<li>Arbeide innenfor ditt praksisomr\u00e5de, kunnskap og kompetanse<\/li>\n\n\n\n<li>Etisk bevissthet<\/li>\n\n\n\n<li>Introduksjon til \u00e5 lede andre gjennom TRE\u00ae-prosessen<\/li>\n<\/ul>\n\n\n\n<p><strong>Etter modul 2 og 3 og f\u00f8r den endelige sertifiseringen skal traineen:<\/strong><\/p>\n\n\n\n<ul class=\"wp-block-list\">\n<li>Fullf\u00f8re skriftlige oppgaver, fortsette personlig praksis, og gj\u00f8re flere casestudier inkludert omfattende skriftlige rapporter.<\/li>\n\n\n\n<li>Ha en l\u00f8pende utveksling med medstudenter i form av diskusjoner og \u00f8velser.<\/li>\n\n\n\n<li>Undervis min. 4 personer i TRE\u00ae og f\u00e5 tilbakemelding fra en sertifiseringstrener<\/li>\n\n\n\n<li>Undervis min. 4 grupper TRE\u00ae og f\u00e5 tilbakemelding fra en sertifiseringstrener\n<ul class=\"wp-block-list\">\n<li>St\u00f8rrelsen og sammensetningen av gruppen bestemmes av eleven og sertifiseringsinstrukt\u00f8ren.<\/li>\n<\/ul>\n<\/li>\n\n\n\n<li>Integrere l\u00e6ringen fra en undervisningserfaring f\u00f8r du g\u00e5r videre til neste undervisningserfaring<\/li>\n\n\n\n<li>Demonstrere kompetanse p\u00e5 alle de identifiserte omr\u00e5dene<\/li>\n<\/ul>\n\n\n\n<p><strong>Vurdering for sertifisering:<\/strong><\/p>\n\n\n\n<p>Sertifiseringsinstrukt\u00f8ren bestemmer hvilken prosess som skal brukes for \u00e5 vurdere kursdeltakernes kompetanse.  Deltakerne vil bli informert om denne vurderingsprosessen i informasjonspakken som utleveres f\u00f8r registrering til sertifiseringsoppl\u00e6ringen.<\/p>\n\n\n\n<p><strong>Tidsramme for gjennomf\u00f8ring av oppl\u00e6ringsprogrammet<\/strong><\/p>\n\n\n\n<ul class=\"wp-block-list\">\n<li>Sertifiseringsprosessen anbefales mellom 12-15 m\u00e5neder fra starten av modulen<\/li>\n\n\n\n<li>For \u00e5 gi tilstrekkelig tid til \u00e5 utvikle en personlig prosess, kan en trainee&nbsp;<strong>IKKE<\/strong>&nbsp;sertifisere p\u00e5 mindre enn 10 m\u00e5neder fra programstart.<\/li>\n\n\n\n<li>Alle programkrav m\u00e5 p\u00e5begynnes etter at du har deltatt p\u00e5 Modul 1-workshopen. Eventuelle programkrav som er fullf\u00f8rt f\u00f8r starten av Modul 1-workshopen, vil ikke v\u00e6re gyldige eller akseptert som en del av oppl\u00e6ringsprogrammet. Hvis en TRE\u00ae Trainee ikke har fullf\u00f8rt hele sertifiseringsprogrammet innen 18 m\u00e5neder, m\u00e5 vedkommende fullf\u00f8re ytterligere krav, opp til eller inkludert \u00e5 ta modulworkshopene p\u00e5 nytt.<\/li>\n\n\n\n<li><strong>Hvis en trainee ikke har fullf\u00f8rt sertifiseringsprogrammet innen 24 m\u00e5neder&nbsp;<\/strong>etter at de har startet TRE\u00ae Provider Training , m\u00e5 de ta hele programmet p\u00e5 nytt.<\/li>\n\n\n\n<li>TRE\u00ae-sertifiseringsprogrammet er et ferdighets- og kompetansebasert program, og for \u00e5 oppn\u00e5&nbsp;<strong>Status som global TRE\u00ae-leverand\u00f8r<\/strong>Jeg mener at jeg m\u00e5 oppfylle kravene til ferdigheter og kompetanse p\u00e5 et begynnerniv\u00e5.<\/li>\n<\/ul>\n\n\n\n<p><em>Alle priser er ca. priser og kan justeres individuelt<\/em><\/p>\n\n\n\n<p>Prisene er oppgitt, men de er en del av en pakke og faktureres ikke enkeltvis.<\/p>\n\n\n\n<ul class=\"wp-block-list\">\n<li>Modul 1 2-dagers oppl\u00e6ring \u20ac 280 \/ \u20ac 330<\/li>\n\n\n\n<li>Modul 2 \/ 3 2,5 oppl\u00e6ring \u20ac 360 per modul<\/li>\n\n\n\n<li>N\u00f8dvendig litteratur\/media ca. \u20ac 150<br>(<em>mindre hvis du l\u00e5ner ut litteratur<\/em>)<\/li>\n\n\n\n<li>Individuelle \u00f8kter<br>(2 x 90 min @ 125 euro, 2 x 60 min @ 95 euro) 440 euro<\/li>\n\n\n\n<li>Veiledet 1:1-veiledning (75 min* x 4 @ \u20ac 140) \u20ac 560<\/li>\n\n\n\n<li>Veiledede gruppesamtaler (90 min* x 4 @ \u20ac 180) \u20ac 720<\/li>\n\n\n\n<li>\u00c5tte (8) nettbaserte st\u00f8tte\u00f8kter med kohorten din 120 euro<\/li>\n\n\n\n<li>M\u00e5nedlige gratis 15-minutters individuelle innsjekkingssamtaler<\/li>\n\n\n\n<li>Avsluttende kompetanseevaluering (2,5 timer) \u20ac 250<\/li>\n\n\n\n<li>Registreringsavgift US$35 TRE\u00ae -registreringssystem<\/li>\n\n\n\n<li>Gebyr for nettnotering US$75 www.treforall.org<\/li>\n\n\n\n<li><strong>Total estimert kostnad ca. \u20ac 2900&nbsp;<\/strong><br><em>Traineer som bor i utviklingsland eller i europeiske lavkostland, har rett til \u00e5 be om en liten rabatt p\u00e5 sertifiseringskostnaden. Dette vil bli bestemt basert p\u00e5 land, inntekt og sammenligning av priser i bostedslandet. V\u00e6r oppmerksom p\u00e5 at det ikke gis automatisk, og at det er begrensede muligheter for hvor mye som innvilges. <\/em>**<\/li>\n<\/ul>\n\n\n\n<p class=\"has-small-font-size\">*<em><sup>inkludert i dette gebyret, ca. 45-60 forberedelsestid av veileder<\/sup><\/em><br><em>** V\u00e6r oppmerksom p\u00e5 at nettsiden TRE\u00ae Online drives av OmniBalance AB, som kun har lisens fra TRE\u00ae FOR ALL, Inc til \u00e5 drive TRE\u00ae-sertifiseringskurs, og derfor ikke er et non-profit selskap som kan gi finansiering\/stipend.<\/em><\/p>\n\n\n\n<p><em><strong>Kostnadene beregnes ut fra minimumskravet i sertifiseringsprosessen. Veilederen din kan kreve ytterligere \u00f8kter, avhengig av kompetanseutviklingen din.&nbsp;<br><br>Du kan delta i modul 1 f\u00f8r du bestemmer deg for om du \u00f8nsker \u00e5 fullf\u00f8re sertifiseringsprogrammet. N\u00e5r du har bestemt deg, f\u00e5r du muligheten til \u00e5 betale hele bel\u00f8pet som en engangsbetaling, eller to forskjellige alternativer som en betalingsplan.<\/strong><\/em><\/p>","protected":false},"excerpt":{"rendered":"<p>We&#8217;re offering Global TRE\u00ae Certification Online. The minimum requirements as a part of the Certification Process are mostly the same as on-site training, and training days as well as personal tremoring sessions &amp; supervised teaching sessions. To become a Certified&nbsp;TRE\u00ae Provider, you&#8217;ll need to attend six mandatory training days (divided into two or three modules) &hellip; <\/p>","protected":false},"author":2,"featured_media":2740,"parent":0,"menu_order":0,"comment_status":"closed","ping_status":"closed","template":"","meta":{"_acf_changed":false,"footnotes":""},"class_list":["post-2122","page","type-page","status-publish","has-post-thumbnail","hentry","grid-sizer","latest_post"],"acf":[],"yoast_head":"<!-- This site is optimized with the Yoast SEO plugin v27.5 - https:\/\/yoast.com\/product\/yoast-seo-wordpress\/ -->\n<title>Online Certification Training - TRE\u00ae Tension Releasing Exercises<\/title>\n<meta name=\"description\" content=\"We&#039;re offering Global TRE\u00ae Certification Online. Learn how to lead individuals and small groups safely through the TRE\u00ae process.\" \/>\n<meta name=\"robots\" content=\"index, follow, max-snippet:-1, max-image-preview:large, max-video-preview:-1\" \/>\n<link rel=\"canonical\" href=\"https:\/\/tre-online.com\/nb\/tre-nettbasert-sertifiseringsopplaering\/\" \/>\n<meta property=\"og:locale\" content=\"nb_NO\" \/>\n<meta property=\"og:type\" content=\"article\" \/>\n<meta property=\"og:title\" content=\"Online Certification Training - TRE\u00ae Tension Releasing Exercises\" \/>\n<meta property=\"og:description\" content=\"We&#039;re offering Global TRE\u00ae Certification Online. Learn how to lead individuals and small groups safely through the TRE\u00ae process.\" \/>\n<meta property=\"og:url\" content=\"https:\/\/tre-online.com\/nb\/tre-nettbasert-sertifiseringsopplaering\/\" \/>\n<meta property=\"og:site_name\" content=\"TRE\u00ae Tension Releasing Exercises\" \/>\n<meta property=\"article:publisher\" content=\"https:\/\/www.facebook.com\/onlineTRE\" \/>\n<meta property=\"article:modified_time\" content=\"2026-02-08T11:24:41+00:00\" \/>\n<meta property=\"og:image\" content=\"https:\/\/tre-online.com\/wp-content\/uploads\/2021\/04\/bigstock-Faceless-Caucasian-Woman-Lying-388521421.jpg\" \/>\n\t<meta property=\"og:image:width\" content=\"1600\" \/>\n\t<meta property=\"og:image:height\" content=\"856\" \/>\n\t<meta property=\"og:image:type\" content=\"image\/jpeg\" \/>\n<meta name=\"twitter:card\" content=\"summary_large_image\" \/>\n<meta name=\"twitter:label1\" content=\"Ansl. lesetid\" \/>\n\t<meta name=\"twitter:data1\" content=\"6 minutter\" \/>\n<script type=\"application\/ld+json\" class=\"yoast-schema-graph\">{\"@context\":\"https:\\\/\\\/schema.org\",\"@graph\":[{\"@type\":\"WebPage\",\"@id\":\"https:\\\/\\\/tre-online.com\\\/tre-online-certification-training\\\/\",\"url\":\"https:\\\/\\\/tre-online.com\\\/tre-online-certification-training\\\/\",\"name\":\"Online Certification Training - TRE\u00ae Tension Releasing Exercises\",\"isPartOf\":{\"@id\":\"https:\\\/\\\/tre-online.com\\\/#website\"},\"primaryImageOfPage\":{\"@id\":\"https:\\\/\\\/tre-online.com\\\/tre-online-certification-training\\\/#primaryimage\"},\"image\":{\"@id\":\"https:\\\/\\\/tre-online.com\\\/tre-online-certification-training\\\/#primaryimage\"},\"thumbnailUrl\":\"https:\\\/\\\/tre-online.com\\\/wp-content\\\/uploads\\\/2021\\\/04\\\/bigstock-Faceless-Caucasian-Woman-Lying-388521421.jpg\",\"datePublished\":\"2020-05-05T20:33:32+00:00\",\"dateModified\":\"2026-02-08T11:24:41+00:00\",\"description\":\"We're offering Global TRE\u00ae Certification Online. Learn how to lead individuals and small groups safely through the TRE\u00ae process.\",\"breadcrumb\":{\"@id\":\"https:\\\/\\\/tre-online.com\\\/tre-online-certification-training\\\/#breadcrumb\"},\"inLanguage\":\"nb-NO\",\"potentialAction\":[{\"@type\":\"ReadAction\",\"target\":[\"https:\\\/\\\/tre-online.com\\\/tre-online-certification-training\\\/\"]}]},{\"@type\":\"ImageObject\",\"inLanguage\":\"nb-NO\",\"@id\":\"https:\\\/\\\/tre-online.com\\\/tre-online-certification-training\\\/#primaryimage\",\"url\":\"https:\\\/\\\/tre-online.com\\\/wp-content\\\/uploads\\\/2021\\\/04\\\/bigstock-Faceless-Caucasian-Woman-Lying-388521421.jpg\",\"contentUrl\":\"https:\\\/\\\/tre-online.com\\\/wp-content\\\/uploads\\\/2021\\\/04\\\/bigstock-Faceless-Caucasian-Woman-Lying-388521421.jpg\",\"width\":1600,\"height\":856,\"caption\":\"Faceless caucasian woman lying on floor and working with a laptop\"},{\"@type\":\"BreadcrumbList\",\"@id\":\"https:\\\/\\\/tre-online.com\\\/tre-online-certification-training\\\/#breadcrumb\",\"itemListElement\":[{\"@type\":\"ListItem\",\"position\":1,\"name\":\"Home\",\"item\":\"https:\\\/\\\/tre-online.com\\\/\"},{\"@type\":\"ListItem\",\"position\":2,\"name\":\"Online Certification Training\"}]},{\"@type\":\"WebSite\",\"@id\":\"https:\\\/\\\/tre-online.com\\\/#website\",\"url\":\"https:\\\/\\\/tre-online.com\\\/\",\"name\":\"TRE\u00ae Tension Releasing Exercises\",\"description\":\"Release Your Body - Release Your Mind\",\"publisher\":{\"@id\":\"https:\\\/\\\/tre-online.com\\\/#organization\"},\"potentialAction\":[{\"@type\":\"SearchAction\",\"target\":{\"@type\":\"EntryPoint\",\"urlTemplate\":\"https:\\\/\\\/tre-online.com\\\/?s={search_term_string}\"},\"query-input\":{\"@type\":\"PropertyValueSpecification\",\"valueRequired\":true,\"valueName\":\"search_term_string\"}}],\"inLanguage\":\"nb-NO\"},{\"@type\":\"Organization\",\"@id\":\"https:\\\/\\\/tre-online.com\\\/#organization\",\"name\":\"TRE\u00ae Tension Releasing Exercises\",\"url\":\"https:\\\/\\\/tre-online.com\\\/\",\"logo\":{\"@type\":\"ImageObject\",\"inLanguage\":\"nb-NO\",\"@id\":\"https:\\\/\\\/tre-online.com\\\/#\\\/schema\\\/logo\\\/image\\\/\",\"url\":\"https:\\\/\\\/tre-online.com\\\/wp-content\\\/uploads\\\/2021\\\/02\\\/TRE-online-logo-size-optimzed.png\",\"contentUrl\":\"https:\\\/\\\/tre-online.com\\\/wp-content\\\/uploads\\\/2021\\\/02\\\/TRE-online-logo-size-optimzed.png\",\"width\":400,\"height\":397,\"caption\":\"TRE\u00ae Tension Releasing Exercises\"},\"image\":{\"@id\":\"https:\\\/\\\/tre-online.com\\\/#\\\/schema\\\/logo\\\/image\\\/\"},\"sameAs\":[\"https:\\\/\\\/www.facebook.com\\\/onlineTRE\",\"https:\\\/\\\/www.instagram.com\\\/online_tre\\\/\"]}]}<\/script>\n<!-- \/ Yoast SEO plugin. -->","yoast_head_json":{"title":"Online sertifiseringsoppl\u00e6ring - TRE\u00ae Tension Releasing Exercises","description":"Vi tilbyr Global TRE\u00ae-sertifisering p\u00e5 nett. L\u00e6r hvordan du trygt kan lede enkeltpersoner og sm\u00e5 grupper gjennom TRE\u00ae-prosessen.","robots":{"index":"index","follow":"follow","max-snippet":"max-snippet:-1","max-image-preview":"max-image-preview:large","max-video-preview":"max-video-preview:-1"},"canonical":"https:\/\/tre-online.com\/nb\/tre-nettbasert-sertifiseringsopplaering\/","og_locale":"nb_NO","og_type":"article","og_title":"Online Certification Training - TRE\u00ae Tension Releasing Exercises","og_description":"We're offering Global TRE\u00ae Certification Online. Learn how to lead individuals and small groups safely through the TRE\u00ae process.","og_url":"https:\/\/tre-online.com\/nb\/tre-nettbasert-sertifiseringsopplaering\/","og_site_name":"TRE\u00ae Tension Releasing Exercises","article_publisher":"https:\/\/www.facebook.com\/onlineTRE","article_modified_time":"2026-02-08T11:24:41+00:00","og_image":[{"width":1600,"height":856,"url":"https:\/\/tre-online.com\/wp-content\/uploads\/2021\/04\/bigstock-Faceless-Caucasian-Woman-Lying-388521421.jpg","type":"image\/jpeg"}],"twitter_card":"summary_large_image","twitter_misc":{"Ansl. lesetid":"6 minutter"},"schema":{"@context":"https:\/\/schema.org","@graph":[{"@type":"WebPage","@id":"https:\/\/tre-online.com\/tre-online-certification-training\/","url":"https:\/\/tre-online.com\/tre-online-certification-training\/","name":"Online sertifiseringsoppl\u00e6ring - TRE\u00ae Tension Releasing Exercises","isPartOf":{"@id":"https:\/\/tre-online.com\/#website"},"primaryImageOfPage":{"@id":"https:\/\/tre-online.com\/tre-online-certification-training\/#primaryimage"},"image":{"@id":"https:\/\/tre-online.com\/tre-online-certification-training\/#primaryimage"},"thumbnailUrl":"https:\/\/tre-online.com\/wp-content\/uploads\/2021\/04\/bigstock-Faceless-Caucasian-Woman-Lying-388521421.jpg","datePublished":"2020-05-05T20:33:32+00:00","dateModified":"2026-02-08T11:24:41+00:00","description":"Vi tilbyr Global TRE\u00ae-sertifisering p\u00e5 nett. L\u00e6r hvordan du trygt kan lede enkeltpersoner og sm\u00e5 grupper gjennom TRE\u00ae-prosessen.","breadcrumb":{"@id":"https:\/\/tre-online.com\/tre-online-certification-training\/#breadcrumb"},"inLanguage":"nb-NO","potentialAction":[{"@type":"ReadAction","target":["https:\/\/tre-online.com\/tre-online-certification-training\/"]}]},{"@type":"ImageObject","inLanguage":"nb-NO","@id":"https:\/\/tre-online.com\/tre-online-certification-training\/#primaryimage","url":"https:\/\/tre-online.com\/wp-content\/uploads\/2021\/04\/bigstock-Faceless-Caucasian-Woman-Lying-388521421.jpg","contentUrl":"https:\/\/tre-online.com\/wp-content\/uploads\/2021\/04\/bigstock-Faceless-Caucasian-Woman-Lying-388521421.jpg","width":1600,"height":856,"caption":"Faceless caucasian woman lying on floor and working with a laptop"},{"@type":"BreadcrumbList","@id":"https:\/\/tre-online.com\/tre-online-certification-training\/#breadcrumb","itemListElement":[{"@type":"ListItem","position":1,"name":"Home","item":"https:\/\/tre-online.com\/"},{"@type":"ListItem","position":2,"name":"Online Certification Training"}]},{"@type":"WebSite","@id":"https:\/\/tre-online.com\/#website","url":"https:\/\/tre-online.com\/","name":"TRE\u00ae Tension Releasing Exercises","description":"Frigj\u00f8r kroppen din - frigj\u00f8r sinnet ditt","publisher":{"@id":"https:\/\/tre-online.com\/#organization"},"potentialAction":[{"@type":"SearchAction","target":{"@type":"EntryPoint","urlTemplate":"https:\/\/tre-online.com\/?s={search_term_string}"},"query-input":{"@type":"PropertyValueSpecification","valueRequired":true,"valueName":"search_term_string"}}],"inLanguage":"nb-NO"},{"@type":"Organization","@id":"https:\/\/tre-online.com\/#organization","name":"TRE\u00ae Tension Releasing Exercises","url":"https:\/\/tre-online.com\/","logo":{"@type":"ImageObject","inLanguage":"nb-NO","@id":"https:\/\/tre-online.com\/#\/schema\/logo\/image\/","url":"https:\/\/tre-online.com\/wp-content\/uploads\/2021\/02\/TRE-online-logo-size-optimzed.png","contentUrl":"https:\/\/tre-online.com\/wp-content\/uploads\/2021\/02\/TRE-online-logo-size-optimzed.png","width":400,"height":397,"caption":"TRE\u00ae Tension Releasing Exercises"},"image":{"@id":"https:\/\/tre-online.com\/#\/schema\/logo\/image\/"},"sameAs":["https:\/\/www.facebook.com\/onlineTRE","https:\/\/www.instagram.com\/online_tre\/"]}]}},"_links":{"self":[{"href":"http:\/\/tre-online.com\/nb\/wp-json\/wp\/v2\/pages\/2122","targetHints":{"allow":["GET"]}}],"collection":[{"href":"http:\/\/tre-online.com\/nb\/wp-json\/wp\/v2\/pages"}],"about":[{"href":"http:\/\/tre-online.com\/nb\/wp-json\/wp\/v2\/types\/page"}],"author":[{"embeddable":true,"href":"http:\/\/tre-online.com\/nb\/wp-json\/wp\/v2\/users\/2"}],"replies":[{"embeddable":true,"href":"http:\/\/tre-online.com\/nb\/wp-json\/wp\/v2\/comments?post=2122"}],"version-history":[{"count":31,"href":"http:\/\/tre-online.com\/nb\/wp-json\/wp\/v2\/pages\/2122\/revisions"}],"predecessor-version":[{"id":7335,"href":"http:\/\/tre-online.com\/nb\/wp-json\/wp\/v2\/pages\/2122\/revisions\/7335"}],"wp:featuredmedia":[{"embeddable":true,"href":"http:\/\/tre-online.com\/nb\/wp-json\/wp\/v2\/media\/2740"}],"wp:attachment":[{"href":"http:\/\/tre-online.com\/nb\/wp-json\/wp\/v2\/media?parent=2122"}],"curies":[{"name":"wp","href":"https:\/\/api.w.org\/{rel}","templated":true}]}}