{"id":2469,"date":"2020-11-25T21:26:02","date_gmt":"2020-11-25T20:26:02","guid":{"rendered":"https:\/\/rrygm.beeweb-green.io\/?page_id=2469"},"modified":"2020-11-25T21:26:54","modified_gmt":"2020-11-25T20:26:54","slug":"nettbasert-utforskningsverksted","status":"publish","type":"page","link":"http:\/\/tre-online.com\/nb\/tre-online-learn-how-to\/online-exploration-workshop\/","title":{"rendered":"Utforskningsverksteder p\u00e5 nett"},"content":{"rendered":"<p>\u00c5 forst\u00e5 nevrobiologien og nevrofysiologien bak TRE\u00ae-prosessen er en stor st\u00f8tte n\u00e5r du er ny i TRE\u00ae. Denne nettbaserte utforskningsworkshopen er beregnet p\u00e5 personer som er tidlig i sin tremorprosess, og for personer som har hatt tremor en stund uten \u00e5 ha f\u00e5tt st\u00f8tte fra en sertifisert TRE\u00ae-leverand\u00f8r.<\/p>\n\n\n\n<p>Du vil bli veiledet trygt gjennom TRE\u00ae-prosessen, og du vil bevege deg gjennom \u00f8velsene og skjelveresponsen med fokus p\u00e5 kroppsliggj\u00f8ring og selvregulering, noe som st\u00f8tter bevisstheten om \u00e5 styrke kroppens naturlige helbredende intelligens. <\/p>\n\n\n\n<p>Gjennom denne workshopen vil du f\u00e5 en forst\u00e5else av hvordan skjelvingene er sentralnervesystemets medf\u00f8dte m\u00e5te \u00e5 slippe ut overdreven spenning p\u00e5, gjennom rask muskelsammentrekning og avspenning for \u00e5 roe ned kroppen fra en overopphisset binyretilstand, samt hvordan det vil hjelpe deg med \u00e5 slippe ut daglig stress og st\u00f8tte oppbyggingen av motstandskraften din. <\/p>\n\n\n\n<p>Disse online utforskningsverkstedene p\u00e5 TRE\u00ae Online tilbys som 3-timers verksteder og 6-timers verksteder (sistnevnte inkluderer en lengre pause midt p\u00e5 dagen). 6-timers workshopen kan v\u00e6re en god mulighet til \u00e5 f\u00e5 en dypere forst\u00e5else og st\u00f8tte i prosessen, og kan passe for personer som \u00f8nsker \u00e5 utforske flere lag f\u00f8r de bestemmer seg for om TRE\u00ae-sertifisering er den rette veien \u00e5 g\u00e5.<\/p>\n\n\n\n<h2 class=\"wp-block-heading\">Kostnader<\/h2>\n\n\n\n<p>3 timers verksted \u20ac 65<br>6 timers verksted \u20ac 120<\/p>\n\n\n\n<p>For kommende workshops, vennligst bes\u00f8k <a href=\"https:\/\/tre-online.com\/nb\/hendelser\/\" data-type=\"page\" data-id=\"25\">Hendelser<\/a><\/p>","protected":false},"excerpt":{"rendered":"<p>Understanding the neuro-biology and neuro-physiology behind the TRE\u00ae process is a great support when you are new to TRE\u00ae. This online exploration workshop is intended for people early in their tremoring process, and for people that have been tremoring for a while without having support from a Certified TRE\u00ae Provider. You will be safely guided &hellip; <\/p>","protected":false},"author":2,"featured_media":2470,"parent":19,"menu_order":0,"comment_status":"closed","ping_status":"closed","template":"","meta":{"_acf_changed":false,"footnotes":""},"class_list":["post-2469","page","type-page","status-publish","has-post-thumbnail","hentry","grid-sizer","latest_post"],"acf":[],"yoast_head":"<!-- This site is optimized with the Yoast SEO plugin v27.5 - https:\/\/yoast.com\/product\/yoast-seo-wordpress\/ -->\n<title>Online Exploration Workshops - TRE\u00ae Tension Releasing Exercises<\/title>\n<meta name=\"robots\" content=\"index, follow, max-snippet:-1, max-image-preview:large, max-video-preview:-1\" \/>\n<link rel=\"canonical\" href=\"https:\/\/tre-online.com\/nb\/tre-online-laere-hvordan-du\/nettbasert-utforskningsverksted\/\" \/>\n<meta property=\"og:locale\" content=\"nb_NO\" \/>\n<meta property=\"og:type\" content=\"article\" \/>\n<meta property=\"og:title\" content=\"Online Exploration Workshops - TRE\u00ae Tension Releasing Exercises\" \/>\n<meta property=\"og:description\" content=\"Understanding the neuro-biology and neuro-physiology behind the TRE\u00ae process is a great support when you are new to TRE\u00ae. This online exploration workshop is intended for people early in their tremoring process, and for people that have been tremoring for a while without having support from a Certified TRE\u00ae Provider. You will be safely guided &hellip;\" \/>\n<meta property=\"og:url\" content=\"https:\/\/tre-online.com\/nb\/tre-online-laere-hvordan-du\/nettbasert-utforskningsverksted\/\" \/>\n<meta property=\"og:site_name\" content=\"TRE\u00ae Tension Releasing Exercises\" \/>\n<meta property=\"article:publisher\" content=\"https:\/\/www.facebook.com\/onlineTRE\" \/>\n<meta property=\"article:modified_time\" content=\"2020-11-25T20:26:54+00:00\" \/>\n<meta property=\"og:image\" content=\"https:\/\/tre-online.com\/wp-content\/uploads\/2020\/11\/bigstock-Faceless-Caucasian-Woman-Lying-388521421.jpg\" \/>\n\t<meta property=\"og:image:width\" content=\"1600\" \/>\n\t<meta property=\"og:image:height\" content=\"856\" \/>\n\t<meta property=\"og:image:type\" content=\"image\/jpeg\" \/>\n<meta name=\"twitter:card\" content=\"summary_large_image\" \/>\n<meta name=\"twitter:label1\" content=\"Ansl. lesetid\" \/>\n\t<meta name=\"twitter:data1\" content=\"1 minutt\" \/>\n<script type=\"application\/ld+json\" class=\"yoast-schema-graph\">{\"@context\":\"https:\\\/\\\/schema.org\",\"@graph\":[{\"@type\":\"WebPage\",\"@id\":\"https:\\\/\\\/tre-online.com\\\/tre-online-learn-how-to\\\/online-exploration-workshop\\\/\",\"url\":\"https:\\\/\\\/tre-online.com\\\/tre-online-learn-how-to\\\/online-exploration-workshop\\\/\",\"name\":\"Online Exploration Workshops - TRE\u00ae Tension Releasing Exercises\",\"isPartOf\":{\"@id\":\"https:\\\/\\\/tre-online.com\\\/#website\"},\"primaryImageOfPage\":{\"@id\":\"https:\\\/\\\/tre-online.com\\\/tre-online-learn-how-to\\\/online-exploration-workshop\\\/#primaryimage\"},\"image\":{\"@id\":\"https:\\\/\\\/tre-online.com\\\/tre-online-learn-how-to\\\/online-exploration-workshop\\\/#primaryimage\"},\"thumbnailUrl\":\"https:\\\/\\\/tre-online.com\\\/wp-content\\\/uploads\\\/2020\\\/11\\\/bigstock-Faceless-Caucasian-Woman-Lying-388521421.jpg\",\"datePublished\":\"2020-11-25T20:26:02+00:00\",\"dateModified\":\"2020-11-25T20:26:54+00:00\",\"breadcrumb\":{\"@id\":\"https:\\\/\\\/tre-online.com\\\/tre-online-learn-how-to\\\/online-exploration-workshop\\\/#breadcrumb\"},\"inLanguage\":\"nb-NO\",\"potentialAction\":[{\"@type\":\"ReadAction\",\"target\":[\"https:\\\/\\\/tre-online.com\\\/tre-online-learn-how-to\\\/online-exploration-workshop\\\/\"]}]},{\"@type\":\"ImageObject\",\"inLanguage\":\"nb-NO\",\"@id\":\"https:\\\/\\\/tre-online.com\\\/tre-online-learn-how-to\\\/online-exploration-workshop\\\/#primaryimage\",\"url\":\"https:\\\/\\\/tre-online.com\\\/wp-content\\\/uploads\\\/2020\\\/11\\\/bigstock-Faceless-Caucasian-Woman-Lying-388521421.jpg\",\"contentUrl\":\"https:\\\/\\\/tre-online.com\\\/wp-content\\\/uploads\\\/2020\\\/11\\\/bigstock-Faceless-Caucasian-Woman-Lying-388521421.jpg\",\"width\":1600,\"height\":856,\"caption\":\"Learning TRE\u00ae Online\"},{\"@type\":\"BreadcrumbList\",\"@id\":\"https:\\\/\\\/tre-online.com\\\/tre-online-learn-how-to\\\/online-exploration-workshop\\\/#breadcrumb\",\"itemListElement\":[{\"@type\":\"ListItem\",\"position\":1,\"name\":\"Home\",\"item\":\"https:\\\/\\\/tre-online.com\\\/\"},{\"@type\":\"ListItem\",\"position\":2,\"name\":\"TRE\u00ae Online\",\"item\":\"https:\\\/\\\/tre-online.com\\\/tre-online-learn-how-to\\\/\"},{\"@type\":\"ListItem\",\"position\":3,\"name\":\"Online Exploration Workshops\"}]},{\"@type\":\"WebSite\",\"@id\":\"https:\\\/\\\/tre-online.com\\\/#website\",\"url\":\"https:\\\/\\\/tre-online.com\\\/\",\"name\":\"TRE\u00ae Tension Releasing Exercises\",\"description\":\"Release Your Body - Release Your Mind\",\"publisher\":{\"@id\":\"https:\\\/\\\/tre-online.com\\\/#organization\"},\"potentialAction\":[{\"@type\":\"SearchAction\",\"target\":{\"@type\":\"EntryPoint\",\"urlTemplate\":\"https:\\\/\\\/tre-online.com\\\/?s={search_term_string}\"},\"query-input\":{\"@type\":\"PropertyValueSpecification\",\"valueRequired\":true,\"valueName\":\"search_term_string\"}}],\"inLanguage\":\"nb-NO\"},{\"@type\":\"Organization\",\"@id\":\"https:\\\/\\\/tre-online.com\\\/#organization\",\"name\":\"TRE\u00ae Tension Releasing Exercises\",\"url\":\"https:\\\/\\\/tre-online.com\\\/\",\"logo\":{\"@type\":\"ImageObject\",\"inLanguage\":\"nb-NO\",\"@id\":\"https:\\\/\\\/tre-online.com\\\/#\\\/schema\\\/logo\\\/image\\\/\",\"url\":\"https:\\\/\\\/tre-online.com\\\/wp-content\\\/uploads\\\/2021\\\/02\\\/TRE-online-logo-size-optimzed.png\",\"contentUrl\":\"https:\\\/\\\/tre-online.com\\\/wp-content\\\/uploads\\\/2021\\\/02\\\/TRE-online-logo-size-optimzed.png\",\"width\":400,\"height\":397,\"caption\":\"TRE\u00ae Tension Releasing Exercises\"},\"image\":{\"@id\":\"https:\\\/\\\/tre-online.com\\\/#\\\/schema\\\/logo\\\/image\\\/\"},\"sameAs\":[\"https:\\\/\\\/www.facebook.com\\\/onlineTRE\",\"https:\\\/\\\/www.instagram.com\\\/online_tre\\\/\"]}]}<\/script>\n<!-- \/ Yoast SEO plugin. -->","yoast_head_json":{"title":"Online utforskningsworkshops - TRE\u00ae Tension Releasing Exercises","robots":{"index":"index","follow":"follow","max-snippet":"max-snippet:-1","max-image-preview":"max-image-preview:large","max-video-preview":"max-video-preview:-1"},"canonical":"https:\/\/tre-online.com\/nb\/tre-online-laere-hvordan-du\/nettbasert-utforskningsverksted\/","og_locale":"nb_NO","og_type":"article","og_title":"Online Exploration Workshops - TRE\u00ae Tension Releasing Exercises","og_description":"Understanding the neuro-biology and neuro-physiology behind the TRE\u00ae process is a great support when you are new to TRE\u00ae. This online exploration workshop is intended for people early in their tremoring process, and for people that have been tremoring for a while without having support from a Certified TRE\u00ae Provider. You will be safely guided &hellip;","og_url":"https:\/\/tre-online.com\/nb\/tre-online-laere-hvordan-du\/nettbasert-utforskningsverksted\/","og_site_name":"TRE\u00ae Tension Releasing Exercises","article_publisher":"https:\/\/www.facebook.com\/onlineTRE","article_modified_time":"2020-11-25T20:26:54+00:00","og_image":[{"width":1600,"height":856,"url":"https:\/\/tre-online.com\/wp-content\/uploads\/2020\/11\/bigstock-Faceless-Caucasian-Woman-Lying-388521421.jpg","type":"image\/jpeg"}],"twitter_card":"summary_large_image","twitter_misc":{"Ansl. lesetid":"1 minutt"},"schema":{"@context":"https:\/\/schema.org","@graph":[{"@type":"WebPage","@id":"https:\/\/tre-online.com\/tre-online-learn-how-to\/online-exploration-workshop\/","url":"https:\/\/tre-online.com\/tre-online-learn-how-to\/online-exploration-workshop\/","name":"Online utforskningsworkshops - TRE\u00ae Tension Releasing Exercises","isPartOf":{"@id":"https:\/\/tre-online.com\/#website"},"primaryImageOfPage":{"@id":"https:\/\/tre-online.com\/tre-online-learn-how-to\/online-exploration-workshop\/#primaryimage"},"image":{"@id":"https:\/\/tre-online.com\/tre-online-learn-how-to\/online-exploration-workshop\/#primaryimage"},"thumbnailUrl":"https:\/\/tre-online.com\/wp-content\/uploads\/2020\/11\/bigstock-Faceless-Caucasian-Woman-Lying-388521421.jpg","datePublished":"2020-11-25T20:26:02+00:00","dateModified":"2020-11-25T20:26:54+00:00","breadcrumb":{"@id":"https:\/\/tre-online.com\/tre-online-learn-how-to\/online-exploration-workshop\/#breadcrumb"},"inLanguage":"nb-NO","potentialAction":[{"@type":"ReadAction","target":["https:\/\/tre-online.com\/tre-online-learn-how-to\/online-exploration-workshop\/"]}]},{"@type":"ImageObject","inLanguage":"nb-NO","@id":"https:\/\/tre-online.com\/tre-online-learn-how-to\/online-exploration-workshop\/#primaryimage","url":"https:\/\/tre-online.com\/wp-content\/uploads\/2020\/11\/bigstock-Faceless-Caucasian-Woman-Lying-388521421.jpg","contentUrl":"https:\/\/tre-online.com\/wp-content\/uploads\/2020\/11\/bigstock-Faceless-Caucasian-Woman-Lying-388521421.jpg","width":1600,"height":856,"caption":"Learning TRE\u00ae Online"},{"@type":"BreadcrumbList","@id":"https:\/\/tre-online.com\/tre-online-learn-how-to\/online-exploration-workshop\/#breadcrumb","itemListElement":[{"@type":"ListItem","position":1,"name":"Home","item":"https:\/\/tre-online.com\/"},{"@type":"ListItem","position":2,"name":"TRE\u00ae Online","item":"https:\/\/tre-online.com\/tre-online-learn-how-to\/"},{"@type":"ListItem","position":3,"name":"Online Exploration Workshops"}]},{"@type":"WebSite","@id":"https:\/\/tre-online.com\/#website","url":"https:\/\/tre-online.com\/","name":"TRE\u00ae Tension Releasing Exercises","description":"Frigj\u00f8r kroppen din - frigj\u00f8r sinnet ditt","publisher":{"@id":"https:\/\/tre-online.com\/#organization"},"potentialAction":[{"@type":"SearchAction","target":{"@type":"EntryPoint","urlTemplate":"https:\/\/tre-online.com\/?s={search_term_string}"},"query-input":{"@type":"PropertyValueSpecification","valueRequired":true,"valueName":"search_term_string"}}],"inLanguage":"nb-NO"},{"@type":"Organization","@id":"https:\/\/tre-online.com\/#organization","name":"TRE\u00ae Tension Releasing Exercises","url":"https:\/\/tre-online.com\/","logo":{"@type":"ImageObject","inLanguage":"nb-NO","@id":"https:\/\/tre-online.com\/#\/schema\/logo\/image\/","url":"https:\/\/tre-online.com\/wp-content\/uploads\/2021\/02\/TRE-online-logo-size-optimzed.png","contentUrl":"https:\/\/tre-online.com\/wp-content\/uploads\/2021\/02\/TRE-online-logo-size-optimzed.png","width":400,"height":397,"caption":"TRE\u00ae Tension Releasing Exercises"},"image":{"@id":"https:\/\/tre-online.com\/#\/schema\/logo\/image\/"},"sameAs":["https:\/\/www.facebook.com\/onlineTRE","https:\/\/www.instagram.com\/online_tre\/"]}]}},"_links":{"self":[{"href":"http:\/\/tre-online.com\/nb\/wp-json\/wp\/v2\/pages\/2469","targetHints":{"allow":["GET"]}}],"collection":[{"href":"http:\/\/tre-online.com\/nb\/wp-json\/wp\/v2\/pages"}],"about":[{"href":"http:\/\/tre-online.com\/nb\/wp-json\/wp\/v2\/types\/page"}],"author":[{"embeddable":true,"href":"http:\/\/tre-online.com\/nb\/wp-json\/wp\/v2\/users\/2"}],"replies":[{"embeddable":true,"href":"http:\/\/tre-online.com\/nb\/wp-json\/wp\/v2\/comments?post=2469"}],"version-history":[{"count":0,"href":"http:\/\/tre-online.com\/nb\/wp-json\/wp\/v2\/pages\/2469\/revisions"}],"up":[{"embeddable":true,"href":"http:\/\/tre-online.com\/nb\/wp-json\/wp\/v2\/pages\/19"}],"wp:featuredmedia":[{"embeddable":true,"href":"http:\/\/tre-online.com\/nb\/wp-json\/wp\/v2\/media\/2470"}],"wp:attachment":[{"href":"http:\/\/tre-online.com\/nb\/wp-json\/wp\/v2\/media?parent=2469"}],"curies":[{"name":"wp","href":"https:\/\/api.w.org\/{rel}","templated":true}]}}