{"id":17,"date":"2019-09-07T12:45:38","date_gmt":"2019-09-07T12:45:38","guid":{"rendered":"https:\/\/rrygm.beeweb-green.io\/?page_id=17"},"modified":"2025-07-31T12:25:35","modified_gmt":"2025-07-31T10:25:35","slug":"vlak-v-tre","status":"publish","type":"page","link":"https:\/\/tre-online.com\/cs\/train-in-tre\/","title":{"rendered":"Vlak v TRE\u00ae"},"content":{"rendered":"<p class=\"has-background\" style=\"background-color:#def4f7\"><strong><em>A\u017e do roku 2020 prob\u00edh\u00e1 certifika\u010dn\u00ed proces pro z\u00edsk\u00e1n\u00ed titulu Certifikovan\u00fd poskytovatel TRE\u00ae formou \u0161kolen\u00ed na m\u00edst\u011b s mo\u017enost\u00ed absolvovat povinn\u00e9 supervize v r\u00e1mci \u0161kolen\u00ed pln\u011b online.<\/em><\/strong> <br><br><strong><em>Jsme r\u00e1di, \u017ee v\u00e1m m\u016f\u017eeme nab\u00eddnout online \u0161kolen\u00ed zde na TRE\u00ae Online. Najdete zde po\u017eadavky na program <a href=\"https:\/\/tre-online.com\/cs\/online-certification-training\/\">zde<\/a>.<\/em><\/strong><\/p>\n\n\n\n<p>Ji\u017e praktikujete TRE\u00ae a chcete se st\u00e1t certifikovan\u00fdm poskytovatelem TRE\u00ae, abyste mohli vyu\u010dovat TRE\u00ae jednotlivce a mal\u00e9 skupiny?<\/p>\n\n\n\n<p><strong>Chcete-li z\u00edskat certifik\u00e1t poskytovatele TRE\u00ae.<\/strong>, mus\u00edte se z\u00fa\u010dastnit \u0161esti povinn\u00fdch dn\u016f \u0161kolen\u00ed (rozd\u011blen\u00fdch do dvou nebo t\u0159\u00ed modul\u016f) a tak\u00e9 b\u00fdt b\u011bhem cel\u00e9ho procesu pod dohledem, p\u0159e\u010d\u00edst si po\u017eadovanou literaturu a plnit po\u017eadovan\u00e9 \u00fakoly. <\/p>\n\n\n\n<p><\/p>\n\n\n\n<div class=\"wp-block-columns is-layout-flex wp-container-core-columns-is-layout-9d6595d7 wp-block-columns-is-layout-flex\">\n<div class=\"wp-block-column is-layout-flow wp-block-column-is-layout-flow\" style=\"flex-basis:66.66%\">\n<p>V\u017edy se m\u016f\u017eete z\u00fa\u010dastnit prvn\u00edho modulu bez z\u00e1vazku absolvovat certifika\u010dn\u00ed proces pro z\u00edsk\u00e1n\u00ed certifik\u00e1tu TRE\u00ae Provider. Abyste mohli d\u00e1le vyu\u010dovat TRE\u00ae jednotlivce a mal\u00e9 skupiny, mus\u00edte absolvovat glob\u00e1ln\u00ed certifika\u010dn\u00ed proces. Povinn\u00e9 supervizn\u00ed sezen\u00ed mezi Modulem 1 a Modulem 2 a tak\u00e9 po Modulu 3 p\u0159ed dokon\u010den\u00edm certifikace. Proces se dokon\u010duje v rozmez\u00ed 12-18 m\u011bs\u00edc\u016f od zah\u00e1jen\u00ed Modulu 1. Povinn\u00e9 semin\u00e1\u0159e-dny je t\u0159eba absolvovat jako JEDEN PROGRAM se stejn\u00fdm tren\u00e9rem certifikace TRE\u00ae, nelze je absolvovat jako samostatn\u00e9 moduly. Certifika\u010dn\u00ed program TRE\u00ae je program zalo\u017een\u00fd na dovednostech a kompetenc\u00edch. Podrobn\u00fd p\u0159ehled v\u00e1m bude poskytnut p\u0159ed rozhodnut\u00edm, zda chcete absolvovat cel\u00fd program.<br> <br>Ofici\u00e1ln\u00ed po\u017eadavky programu TRE\u00ae FOR ALL si m\u016f\u017eete st\u00e1hnout zde.<\/p>\n\n\n\n<figure class=\"wp-block-image size-large\"><a href=\"https:\/\/rrygm.beeweb-green.io\/wp-content\/uploads\/2020\/05\/bigstock-fitness-sport-and-healthy-lif-193252192-scaled.jpg\"><img fetchpriority=\"high\" decoding=\"async\" width=\"1024\" height=\"683\" src=\"https:\/\/rrygm.beeweb-green.io\/wp-content\/uploads\/2020\/05\/bigstock-fitness-sport-and-healthy-lif-193252192-1024x683.jpg\" alt=\"\" class=\"wp-image-2137\" srcset=\"https:\/\/tre-online.com\/wp-content\/uploads\/2020\/05\/bigstock-fitness-sport-and-healthy-lif-193252192-1024x683.jpg 1024w, https:\/\/tre-online.com\/wp-content\/uploads\/2020\/05\/bigstock-fitness-sport-and-healthy-lif-193252192-scaled-200x133.jpg 200w, https:\/\/tre-online.com\/wp-content\/uploads\/2020\/05\/bigstock-fitness-sport-and-healthy-lif-193252192-300x200.jpg 300w, https:\/\/tre-online.com\/wp-content\/uploads\/2020\/05\/bigstock-fitness-sport-and-healthy-lif-193252192-768x512.jpg 768w, https:\/\/tre-online.com\/wp-content\/uploads\/2020\/05\/bigstock-fitness-sport-and-healthy-lif-193252192-1536x1024.jpg 1536w, https:\/\/tre-online.com\/wp-content\/uploads\/2020\/05\/bigstock-fitness-sport-and-healthy-lif-193252192-2048x1365.jpg 2048w, https:\/\/tre-online.com\/wp-content\/uploads\/2020\/05\/bigstock-fitness-sport-and-healthy-lif-193252192-600x400.jpg 600w, https:\/\/tre-online.com\/wp-content\/uploads\/2020\/05\/bigstock-fitness-sport-and-healthy-lif-193252192-90x60.jpg 90w, https:\/\/tre-online.com\/wp-content\/uploads\/2020\/05\/bigstock-fitness-sport-and-healthy-lif-193252192-scaled-400x267.jpg 400w\" sizes=\"(max-width: 1024px) 100vw, 1024px\" \/><\/a><\/figure>\n<\/div>\n\n\n\n<div class=\"wp-block-column is-layout-flow wp-block-column-is-layout-flow\" style=\"flex-basis:33.33%\">\n<div data-wp-interactive=\"core\/file\" class=\"wp-block-file\"><object data-wp-bind--hidden=\"!state.hasPdfPreview\" hidden class=\"wp-block-file__embed\" data=\"https:\/\/rrygm.beeweb-green.io\/wp-content\/uploads\/2022\/12\/TFA-GLOBAL-CERTIFICATION-TRAINING-PROGRAM_Nov-2022.pdf\" type=\"application\/pdf\" style=\"width:100%;height:600px\" aria-label=\"Vlo\u017eit z TFA-GLOBAL-CERTIFICATION-TRAINING-PROGRAM_Nov-2022.\"><\/object><a id=\"wp-block-file--media-fdc29f78-68ae-48a8-963c-e57db12fb780\" href=\"https:\/\/rrygm.beeweb-green.io\/wp-content\/uploads\/2022\/12\/TFA-GLOBAL-CERTIFICATION-TRAINING-PROGRAM_Nov-2022.pdf\">TFA-GLOBAL-CERTIFICATION-TRAINING-PROGRAM_Nov-2022<\/a><a href=\"https:\/\/rrygm.beeweb-green.io\/wp-content\/uploads\/2022\/12\/TFA-GLOBAL-CERTIFICATION-TRAINING-PROGRAM_Nov-2022.pdf\" class=\"wp-block-file__button wp-element-button\" download aria-describedby=\"wp-block-file--media-fdc29f78-68ae-48a8-963c-e57db12fb780\">St\u00e1hnout<\/a><\/div>\n<\/div>\n<\/div>\n\n\n\n<p>Certifika\u010dn\u00ed program TRE\u00ae umo\u017e\u0148uje osob\u00e1m s r\u016fzn\u00fdm profesn\u00edm a pedagogick\u00fdm vzd\u011bl\u00e1n\u00edm nau\u010dit se bezpe\u010dn\u011b a efektivn\u011b vyu\u010dovat TRE\u00ae. N\u00e1\u0161 v\u00edcestup\u0148ov\u00fd certifika\u010dn\u00ed program umo\u017e\u0148uje jednotlivc\u016fm, kte\u0159\u00ed poch\u00e1zej\u00ed z nejr\u016fzn\u011bj\u0161\u00edch profesn\u00edch a osobn\u00edch prost\u0159ed\u00ed, st\u00e1t se kompetentn\u00edmi a profesion\u00e1ln\u00edmi certifikovan\u00fdmi u\u010diteli procesu TRE\u00ae.<\/p>\n\n\n\n<p><em>V\u0161echny osoby, kter\u00e9 jsou certifikovan\u00fdmi poskytovateli TRE\u00ae, mohou b\u00fdt uvedeny v seznamu. <\/em><a href=\"http:\/\/www.traumaprevention.com\">www.traumaprevention.com<\/a> <em>a m\u011bli byste dost\u00e1vat pokyny TRE\u00ae pouze od t\u011bchto osob. Doufejme, \u017ee to poskytne prvek bezpe\u010d\u00ed a pohodl\u00ed t\u011bm, kte\u0159\u00ed hledaj\u00ed certifikovan\u00e9 a kvalifikovan\u00e9 poskytovatele, od nich\u017e se mohou u\u010dit TRE\u00ae.<\/em><\/p>\n\n\n\n<p>\u0160kolen\u00ed spole\u010dnosti OmniBalance AB v Evrop\u011b naleznete pod odkazem <a href=\"https:\/\/tre-online.com\/cs\/udalosti-2\/\">ud\u00e1losti<\/a> nebo na <a href=\"http:\/\/www.omnibalance.co\">www.omnibalance.co<\/a><\/p>\n\n\n\n<div class=\"wp-block-buttons is-content-justification-space-between is-layout-flex wp-container-core-buttons-is-layout-3d213aab wp-block-buttons-is-layout-flex\">\n<div class=\"wp-block-button aligncenter is-style-fill\"><a class=\"wp-block-button__link has-white-color has-text-color has-background wp-element-button\" href=\"https:\/\/tre-online.com\/cs\/online-certifikacni-skoleni\/\" style=\"border-radius:10px;background:linear-gradient(135deg,rgb(134,209,214) 0%,rgb(182,227,212) 50%,rgb(134,209,214) 100%)\" target=\"_blank\" rel=\"noreferrer noopener\"> ONLINE \u0160KOLEN\u00cd<\/a><\/div>\n\n\n\n<div class=\"wp-block-button aligncenter is-style-fill\"><a class=\"wp-block-button__link has-background wp-element-button\" href=\"https:\/\/tre-online.com\/cs\/certifikacni-skoleni-na-miste\/\" style=\"border-radius:10px;background:linear-gradient(135deg,rgb(0,91,125) 0%,rgb(51,144,171) 50%,rgb(0,91,125) 97%)\" target=\"_blank\" rel=\"noreferrer noopener\">\u0160KOLEN\u00cd NA M\u00cdST\u011a<\/a><\/div>\n<\/div>","protected":false},"excerpt":{"rendered":"<p>Up until 2020, the Certification Process to become a Certified TRE\u00ae Provider is on-site training, with possibility to complete required supervision sessions as a part of the training process fully as online session. We are happy to be offering the Online Trainings here at TRE\u00ae Online. You&#8217;ll find program requirements here. Are you already practicing &hellip; <\/p>","protected":false},"author":1,"featured_media":0,"parent":0,"menu_order":0,"comment_status":"closed","ping_status":"closed","template":"","meta":{"_acf_changed":false,"footnotes":""},"class_list":["post-17","page","type-page","status-publish","hentry","grid-sizer","latest_post"],"acf":[],"yoast_head":"<!-- This site is optimized with the Yoast SEO plugin v27.4 - https:\/\/yoast.com\/product\/yoast-seo-wordpress\/ -->\n<title>Train in TRE\u00ae - TRE\u00ae Tension Releasing Exercises<\/title>\n<meta name=\"description\" content=\"Are you interested in getting Certified TRE Provider? Tension &amp; Trauma Releasing exercises online offers Training onsite and online.\" \/>\n<meta name=\"robots\" content=\"index, follow, max-snippet:-1, max-image-preview:large, max-video-preview:-1\" \/>\n<link rel=\"canonical\" href=\"https:\/\/tre-online.com\/cs\/vlak-v-tre\/\" \/>\n<meta property=\"og:locale\" content=\"cs_CZ\" \/>\n<meta property=\"og:type\" content=\"article\" \/>\n<meta property=\"og:title\" content=\"Train in TRE\u00ae - TRE\u00ae Tension Releasing Exercises\" \/>\n<meta property=\"og:description\" content=\"Are you interested in getting Certified TRE Provider? Tension &amp; Trauma Releasing exercises online offers Training onsite and online.\" \/>\n<meta property=\"og:url\" content=\"https:\/\/tre-online.com\/cs\/vlak-v-tre\/\" \/>\n<meta property=\"og:site_name\" content=\"TRE\u00ae Tension Releasing Exercises\" \/>\n<meta property=\"article:publisher\" content=\"https:\/\/www.facebook.com\/onlineTRE\" \/>\n<meta property=\"article:modified_time\" content=\"2025-07-31T10:25:35+00:00\" \/>\n<meta property=\"og:image\" content=\"https:\/\/tre-online.com\/wp-content\/uploads\/2020\/05\/bigstock-fitness-sport-and-healthy-lif-193252192-scaled.jpg\" \/>\n\t<meta property=\"og:image:width\" content=\"2560\" \/>\n\t<meta property=\"og:image:height\" content=\"1707\" \/>\n\t<meta property=\"og:image:type\" content=\"image\/jpeg\" \/>\n<meta name=\"twitter:card\" content=\"summary_large_image\" \/>\n<meta name=\"twitter:label1\" content=\"Odhadovan\u00e1 doba \u010dten\u00ed\" \/>\n\t<meta name=\"twitter:data1\" content=\"2 minuty\" \/>\n<script type=\"application\/ld+json\" class=\"yoast-schema-graph\">{\"@context\":\"https:\\\/\\\/schema.org\",\"@graph\":[{\"@type\":\"WebPage\",\"@id\":\"https:\\\/\\\/tre-online.com\\\/train-in-tre\\\/\",\"url\":\"https:\\\/\\\/tre-online.com\\\/train-in-tre\\\/\",\"name\":\"Train in TRE\u00ae - TRE\u00ae Tension Releasing Exercises\",\"isPartOf\":{\"@id\":\"https:\\\/\\\/tre-online.com\\\/#website\"},\"primaryImageOfPage\":{\"@id\":\"https:\\\/\\\/tre-online.com\\\/train-in-tre\\\/#primaryimage\"},\"image\":{\"@id\":\"https:\\\/\\\/tre-online.com\\\/train-in-tre\\\/#primaryimage\"},\"thumbnailUrl\":\"https:\\\/\\\/rrygm.beeweb-green.io\\\/wp-content\\\/uploads\\\/2020\\\/05\\\/bigstock-fitness-sport-and-healthy-lif-193252192-1024x683.jpg\",\"datePublished\":\"2019-09-07T12:45:38+00:00\",\"dateModified\":\"2025-07-31T10:25:35+00:00\",\"description\":\"Are you interested in getting Certified TRE Provider? Tension & Trauma Releasing exercises online offers Training onsite and online.\",\"breadcrumb\":{\"@id\":\"https:\\\/\\\/tre-online.com\\\/train-in-tre\\\/#breadcrumb\"},\"inLanguage\":\"cs\",\"potentialAction\":[{\"@type\":\"ReadAction\",\"target\":[\"https:\\\/\\\/tre-online.com\\\/train-in-tre\\\/\"]}]},{\"@type\":\"ImageObject\",\"inLanguage\":\"cs\",\"@id\":\"https:\\\/\\\/tre-online.com\\\/train-in-tre\\\/#primaryimage\",\"url\":\"https:\\\/\\\/rrygm.beeweb-green.io\\\/wp-content\\\/uploads\\\/2020\\\/05\\\/bigstock-fitness-sport-and-healthy-lif-193252192-1024x683.jpg\",\"contentUrl\":\"https:\\\/\\\/rrygm.beeweb-green.io\\\/wp-content\\\/uploads\\\/2020\\\/05\\\/bigstock-fitness-sport-and-healthy-lif-193252192-1024x683.jpg\"},{\"@type\":\"BreadcrumbList\",\"@id\":\"https:\\\/\\\/tre-online.com\\\/train-in-tre\\\/#breadcrumb\",\"itemListElement\":[{\"@type\":\"ListItem\",\"position\":1,\"name\":\"Home\",\"item\":\"https:\\\/\\\/tre-online.com\\\/\"},{\"@type\":\"ListItem\",\"position\":2,\"name\":\"Train in TRE\u00ae\"}]},{\"@type\":\"WebSite\",\"@id\":\"https:\\\/\\\/tre-online.com\\\/#website\",\"url\":\"https:\\\/\\\/tre-online.com\\\/\",\"name\":\"TRE\u00ae Tension Releasing Exercises\",\"description\":\"Release Your Body - Release Your Mind\",\"publisher\":{\"@id\":\"https:\\\/\\\/tre-online.com\\\/#organization\"},\"potentialAction\":[{\"@type\":\"SearchAction\",\"target\":{\"@type\":\"EntryPoint\",\"urlTemplate\":\"https:\\\/\\\/tre-online.com\\\/?s={search_term_string}\"},\"query-input\":{\"@type\":\"PropertyValueSpecification\",\"valueRequired\":true,\"valueName\":\"search_term_string\"}}],\"inLanguage\":\"cs\"},{\"@type\":\"Organization\",\"@id\":\"https:\\\/\\\/tre-online.com\\\/#organization\",\"name\":\"TRE\u00ae Tension Releasing Exercises\",\"url\":\"https:\\\/\\\/tre-online.com\\\/\",\"logo\":{\"@type\":\"ImageObject\",\"inLanguage\":\"cs\",\"@id\":\"https:\\\/\\\/tre-online.com\\\/#\\\/schema\\\/logo\\\/image\\\/\",\"url\":\"https:\\\/\\\/tre-online.com\\\/wp-content\\\/uploads\\\/2021\\\/02\\\/TRE-online-logo-size-optimzed.png\",\"contentUrl\":\"https:\\\/\\\/tre-online.com\\\/wp-content\\\/uploads\\\/2021\\\/02\\\/TRE-online-logo-size-optimzed.png\",\"width\":400,\"height\":397,\"caption\":\"TRE\u00ae Tension Releasing Exercises\"},\"image\":{\"@id\":\"https:\\\/\\\/tre-online.com\\\/#\\\/schema\\\/logo\\\/image\\\/\"},\"sameAs\":[\"https:\\\/\\\/www.facebook.com\\\/onlineTRE\",\"https:\\\/\\\/www.instagram.com\\\/online_tre\\\/\"]}]}<\/script>\n<!-- \/ Yoast SEO plugin. -->","yoast_head_json":{"title":"Tr\u00e9nink TRE\u00ae - Cvi\u010den\u00ed na uvoln\u011bn\u00ed nap\u011bt\u00ed TRE\u00ae","description":"M\u00e1te z\u00e1jem o z\u00edsk\u00e1n\u00ed certifik\u00e1tu TRE Provider? Tension &amp; Trauma Releasing exercises online nab\u00edz\u00ed \u0161kolen\u00ed na m\u00edst\u011b i online.","robots":{"index":"index","follow":"follow","max-snippet":"max-snippet:-1","max-image-preview":"max-image-preview:large","max-video-preview":"max-video-preview:-1"},"canonical":"https:\/\/tre-online.com\/cs\/vlak-v-tre\/","og_locale":"cs_CZ","og_type":"article","og_title":"Train in TRE\u00ae - TRE\u00ae Tension Releasing Exercises","og_description":"Are you interested in getting Certified TRE Provider? Tension & Trauma Releasing exercises online offers Training onsite and online.","og_url":"https:\/\/tre-online.com\/cs\/vlak-v-tre\/","og_site_name":"TRE\u00ae Tension Releasing Exercises","article_publisher":"https:\/\/www.facebook.com\/onlineTRE","article_modified_time":"2025-07-31T10:25:35+00:00","og_image":[{"width":2560,"height":1707,"url":"https:\/\/tre-online.com\/wp-content\/uploads\/2020\/05\/bigstock-fitness-sport-and-healthy-lif-193252192-scaled.jpg","type":"image\/jpeg"}],"twitter_card":"summary_large_image","twitter_misc":{"Odhadovan\u00e1 doba \u010dten\u00ed":"2 minuty"},"schema":{"@context":"https:\/\/schema.org","@graph":[{"@type":"WebPage","@id":"https:\/\/tre-online.com\/train-in-tre\/","url":"https:\/\/tre-online.com\/train-in-tre\/","name":"Tr\u00e9nink TRE\u00ae - Cvi\u010den\u00ed na uvoln\u011bn\u00ed nap\u011bt\u00ed TRE\u00ae","isPartOf":{"@id":"https:\/\/tre-online.com\/#website"},"primaryImageOfPage":{"@id":"https:\/\/tre-online.com\/train-in-tre\/#primaryimage"},"image":{"@id":"https:\/\/tre-online.com\/train-in-tre\/#primaryimage"},"thumbnailUrl":"https:\/\/rrygm.beeweb-green.io\/wp-content\/uploads\/2020\/05\/bigstock-fitness-sport-and-healthy-lif-193252192-1024x683.jpg","datePublished":"2019-09-07T12:45:38+00:00","dateModified":"2025-07-31T10:25:35+00:00","description":"M\u00e1te z\u00e1jem o z\u00edsk\u00e1n\u00ed certifik\u00e1tu TRE Provider? Tension &amp; Trauma Releasing exercises online nab\u00edz\u00ed \u0161kolen\u00ed na m\u00edst\u011b i online.","breadcrumb":{"@id":"https:\/\/tre-online.com\/train-in-tre\/#breadcrumb"},"inLanguage":"cs","potentialAction":[{"@type":"ReadAction","target":["https:\/\/tre-online.com\/train-in-tre\/"]}]},{"@type":"ImageObject","inLanguage":"cs","@id":"https:\/\/tre-online.com\/train-in-tre\/#primaryimage","url":"https:\/\/rrygm.beeweb-green.io\/wp-content\/uploads\/2020\/05\/bigstock-fitness-sport-and-healthy-lif-193252192-1024x683.jpg","contentUrl":"https:\/\/rrygm.beeweb-green.io\/wp-content\/uploads\/2020\/05\/bigstock-fitness-sport-and-healthy-lif-193252192-1024x683.jpg"},{"@type":"BreadcrumbList","@id":"https:\/\/tre-online.com\/train-in-tre\/#breadcrumb","itemListElement":[{"@type":"ListItem","position":1,"name":"Home","item":"https:\/\/tre-online.com\/"},{"@type":"ListItem","position":2,"name":"Train in TRE\u00ae"}]},{"@type":"WebSite","@id":"https:\/\/tre-online.com\/#website","url":"https:\/\/tre-online.com\/","name":"Cvi\u010den\u00ed na uvoln\u011bn\u00ed nap\u011bt\u00ed TRE\u00ae","description":"Uvoln\u011bte sv\u00e9 t\u011blo - uvoln\u011bte svou mysl","publisher":{"@id":"https:\/\/tre-online.com\/#organization"},"potentialAction":[{"@type":"SearchAction","target":{"@type":"EntryPoint","urlTemplate":"https:\/\/tre-online.com\/?s={search_term_string}"},"query-input":{"@type":"PropertyValueSpecification","valueRequired":true,"valueName":"search_term_string"}}],"inLanguage":"cs"},{"@type":"Organization","@id":"https:\/\/tre-online.com\/#organization","name":"Cvi\u010den\u00ed na uvoln\u011bn\u00ed nap\u011bt\u00ed TRE\u00ae","url":"https:\/\/tre-online.com\/","logo":{"@type":"ImageObject","inLanguage":"cs","@id":"https:\/\/tre-online.com\/#\/schema\/logo\/image\/","url":"https:\/\/tre-online.com\/wp-content\/uploads\/2021\/02\/TRE-online-logo-size-optimzed.png","contentUrl":"https:\/\/tre-online.com\/wp-content\/uploads\/2021\/02\/TRE-online-logo-size-optimzed.png","width":400,"height":397,"caption":"TRE\u00ae Tension Releasing Exercises"},"image":{"@id":"https:\/\/tre-online.com\/#\/schema\/logo\/image\/"},"sameAs":["https:\/\/www.facebook.com\/onlineTRE","https:\/\/www.instagram.com\/online_tre\/"]}]}},"_links":{"self":[{"href":"https:\/\/tre-online.com\/cs\/wp-json\/wp\/v2\/pages\/17","targetHints":{"allow":["GET"]}}],"collection":[{"href":"https:\/\/tre-online.com\/cs\/wp-json\/wp\/v2\/pages"}],"about":[{"href":"https:\/\/tre-online.com\/cs\/wp-json\/wp\/v2\/types\/page"}],"author":[{"embeddable":true,"href":"https:\/\/tre-online.com\/cs\/wp-json\/wp\/v2\/users\/1"}],"replies":[{"embeddable":true,"href":"https:\/\/tre-online.com\/cs\/wp-json\/wp\/v2\/comments?post=17"}],"version-history":[{"count":13,"href":"https:\/\/tre-online.com\/cs\/wp-json\/wp\/v2\/pages\/17\/revisions"}],"predecessor-version":[{"id":7115,"href":"https:\/\/tre-online.com\/cs\/wp-json\/wp\/v2\/pages\/17\/revisions\/7115"}],"wp:attachment":[{"href":"https:\/\/tre-online.com\/cs\/wp-json\/wp\/v2\/media?parent=17"}],"curies":[{"name":"wp","href":"https:\/\/api.w.org\/{rel}","templated":true}]}}