{"id":27,"date":"2019-09-07T12:58:45","date_gmt":"2019-09-07T12:58:45","guid":{"rendered":"https:\/\/rrygm.beeweb-green.io\/?page_id=27"},"modified":"2025-06-03T10:22:54","modified_gmt":"2025-06-03T08:22:54","slug":"o-nas","status":"publish","type":"page","link":"https:\/\/tre-online.com\/cs\/about-us\/","title":{"rendered":"O n\u00e1s"},"content":{"rendered":"<blockquote class=\"wp-block-quote is-layout-flow wp-block-quote-is-layout-flow\">\n<p>Ka\u017ed\u00fd jsme jin\u00fd. Nesu\u010fte, ale ch\u00e1pejte.<\/p>\n<cite><strong>Roy T. Bennett,&nbsp;<\/strong><a href=\"https:\/\/www.goodreads.com\/work\/quotes\/49604402\">Sv\u011btlo v srdci<\/a><\/cite><\/blockquote>\n\n\n\n<p>Zakladatelkou t\u011bchto webov\u00fdch str\u00e1nek TRE\u00ae Online je Deva Laya Guleng, zku\u0161en\u00e1 tren\u00e9rka glob\u00e1ln\u00ed certifikace TRE\u00ae. Jako tren\u00e9rka pracuje od roku 2011 a podporuje r\u016fst TRE\u00ae v Evrop\u011b.<\/p>\n\n\n\n<p>Deva Laya dnes pracuje jako supervizorka a mentorka pro st\u00e1\u017eisty TRE\u00ae a TRE\u00ae.<sup>\u00ae<\/sup>&nbsp;Certifikace \u0161kolitel\u016f i vlastn\u00ed \u0161kolen\u00ed a individu\u00e1ln\u00ed sezen\u00ed.  Velmi se anga\u017euje v mezin\u00e1rodn\u00ed organizaci, a to jak p\u0159i vytv\u00e1\u0159en\u00ed strukturovan\u00fdch podp\u016frn\u00fdch dokument\u016f, tak p\u0159i podpo\u0159e za\u010d\u00ednaj\u00edc\u00edch TRE.<sup>\u00ae<\/sup>&nbsp;v nov\u00fdch zem\u00edch.<\/p>\n\n\n\n<p>Deva Laya se poprv\u00e9 setkala s TRE<sup>\u00ae<\/sup>&nbsp;v roce 2008 a od t\u00e9 doby praktikuje TRE<sup>\u00ae<\/sup>&nbsp;od t\u00e9 doby. Nad\u0161en\u00ed a inspirace k pou\u017e\u00edv\u00e1n\u00ed TRE<sup>\u00ae<\/sup>&nbsp;jako sebel\u00e9\u010debnou metodu pro sebe i jako n\u00e1stroj p\u0159i pr\u00e1ci s ostatn\u00edmi lidmi ji p\u0159im\u011bla vstoupit do TRE.<sup>\u00ae<\/sup>&nbsp;\u0161kolic\u00ed program. Jej\u00edmi hlavn\u00edmi \u0161koliteli jsou Dr. David Berceli a Joan MacDonaldov\u00e1.<\/p>\n\n\n\n<p>S velk\u00fdm nasazen\u00edm vede skupiny i jednotlivce prost\u0159ednictv\u00edm TRE<sup>\u00ae<\/sup>&nbsp;cvi\u010den\u00ed a z\u00e1rove\u0148 poskytuje uzemn\u011bn\u00ed a podporu. S velkou vd\u011b\u010dnost\u00ed a pokorou sleduje, jak ostatn\u00ed lid\u00e9 proch\u00e1zej\u00ed procesem uzdravov\u00e1n\u00ed.<\/p>\n\n\n\n<div class=\"wp-block-media-text is-stacked-on-mobile\" style=\"grid-template-columns:25% auto\"><figure class=\"wp-block-media-text__media\"><img fetchpriority=\"high\" decoding=\"async\" width=\"508\" height=\"560\" src=\"https:\/\/tre-online.com\/wp-content\/uploads\/2025\/06\/DevaLaya-portait.png\" alt=\"\" class=\"wp-image-7068 size-full\" srcset=\"https:\/\/tre-online.com\/wp-content\/uploads\/2025\/06\/DevaLaya-portait.png 508w, https:\/\/tre-online.com\/wp-content\/uploads\/2025\/06\/DevaLaya-portait-272x300.png 272w, https:\/\/tre-online.com\/wp-content\/uploads\/2025\/06\/DevaLaya-portait-11x12.png 11w, https:\/\/tre-online.com\/wp-content\/uploads\/2025\/06\/DevaLaya-portait-200x220.png 200w\" sizes=\"(max-width: 508px) 100vw, 508px\" \/><\/figure><div class=\"wp-block-media-text__content\">\n<p>Deva Laya se zab\u00fdv\u00e1 veden\u00edm lid\u00ed k nalezen\u00ed jejich vnit\u0159n\u00ed s\u00edly a p\u0159i sv\u00e9 pr\u00e1ci r\u00e1da pou\u017e\u00edv\u00e1 k\u0159i\u0161\u0165\u00e1lov\u00e9 zvukov\u00e9 m\u00edsy a sv\u016fj hlas. Jednou z jej\u00edch nejsiln\u011bj\u0161\u00edch viz\u00ed je i nad\u00e1le b\u00fdt pr\u016fvodcem, podporovat, pom\u00e1hat a posilovat lidi po cel\u00e9m sv\u011bt\u011b, zejm\u00e9na ty, kte\u0159\u00ed jsou na\u0161\u00ed budoucnost\u00ed - d\u011bti.<\/p>\n<\/div><\/div>","protected":false},"excerpt":{"rendered":"<p>We are all different. Don\u2019t judge, understand instead. Roy T. Bennett,&nbsp;The Light in the Heart The founder of this TRE\u00ae Online website is Deva Laya Guleng, an experienced Global TRE\u00ae Certification Trainer. She&#8217;s been working as a Trainer since 2011, supporting growth of TRE\u00ae in Europe. Deva Laya is today working both as supervisor and &hellip; <\/p>","protected":false},"author":1,"featured_media":0,"parent":0,"menu_order":0,"comment_status":"closed","ping_status":"closed","template":"","meta":{"_acf_changed":false,"footnotes":""},"class_list":["post-27","page","type-page","status-publish","hentry","grid-sizer","latest_post"],"acf":[],"yoast_head":"<!-- This site is optimized with the Yoast SEO plugin v27.5 - https:\/\/yoast.com\/product\/yoast-seo-wordpress\/ -->\n<title>About us - TRE\u00ae Tension Releasing Exercises<\/title>\n<meta name=\"robots\" content=\"index, follow, max-snippet:-1, max-image-preview:large, max-video-preview:-1\" \/>\n<link rel=\"canonical\" href=\"https:\/\/tre-online.com\/cs\/o-nas\/\" \/>\n<meta property=\"og:locale\" content=\"cs_CZ\" \/>\n<meta property=\"og:type\" content=\"article\" \/>\n<meta property=\"og:title\" content=\"About us - TRE\u00ae Tension Releasing Exercises\" \/>\n<meta property=\"og:description\" content=\"We are all different. Don\u2019t judge, understand instead. Roy T. Bennett,&nbsp;The Light in the Heart The founder of this TRE\u00ae Online website is Deva Laya Guleng, an experienced Global TRE\u00ae Certification Trainer. She&#8217;s been working as a Trainer since 2011, supporting growth of TRE\u00ae in Europe. Deva Laya is today working both as supervisor and &hellip;\" \/>\n<meta property=\"og:url\" content=\"https:\/\/tre-online.com\/cs\/o-nas\/\" \/>\n<meta property=\"og:site_name\" content=\"TRE\u00ae Tension Releasing Exercises\" \/>\n<meta property=\"article:publisher\" content=\"https:\/\/www.facebook.com\/onlineTRE\" \/>\n<meta property=\"article:modified_time\" content=\"2025-06-03T08:22:54+00:00\" \/>\n<meta property=\"og:image\" content=\"https:\/\/tre-online.com\/wp-content\/uploads\/2025\/06\/DevaLaya-portait.png\" \/>\n\t<meta property=\"og:image:width\" content=\"508\" \/>\n\t<meta property=\"og:image:height\" content=\"560\" \/>\n\t<meta property=\"og:image:type\" content=\"image\/png\" \/>\n<meta name=\"twitter:card\" content=\"summary_large_image\" \/>\n<meta name=\"twitter:label1\" content=\"Odhadovan\u00e1 doba \u010dten\u00ed\" \/>\n\t<meta name=\"twitter:data1\" content=\"2 minuty\" \/>\n<script type=\"application\/ld+json\" class=\"yoast-schema-graph\">{\"@context\":\"https:\\\/\\\/schema.org\",\"@graph\":[{\"@type\":\"WebPage\",\"@id\":\"https:\\\/\\\/tre-online.com\\\/about-us\\\/\",\"url\":\"https:\\\/\\\/tre-online.com\\\/about-us\\\/\",\"name\":\"About us - TRE\u00ae Tension Releasing Exercises\",\"isPartOf\":{\"@id\":\"https:\\\/\\\/tre-online.com\\\/#website\"},\"primaryImageOfPage\":{\"@id\":\"https:\\\/\\\/tre-online.com\\\/about-us\\\/#primaryimage\"},\"image\":{\"@id\":\"https:\\\/\\\/tre-online.com\\\/about-us\\\/#primaryimage\"},\"thumbnailUrl\":\"https:\\\/\\\/tre-online.com\\\/wp-content\\\/uploads\\\/2025\\\/06\\\/DevaLaya-portait.png\",\"datePublished\":\"2019-09-07T12:58:45+00:00\",\"dateModified\":\"2025-06-03T08:22:54+00:00\",\"breadcrumb\":{\"@id\":\"https:\\\/\\\/tre-online.com\\\/about-us\\\/#breadcrumb\"},\"inLanguage\":\"cs\",\"potentialAction\":[{\"@type\":\"ReadAction\",\"target\":[\"https:\\\/\\\/tre-online.com\\\/about-us\\\/\"]}]},{\"@type\":\"ImageObject\",\"inLanguage\":\"cs\",\"@id\":\"https:\\\/\\\/tre-online.com\\\/about-us\\\/#primaryimage\",\"url\":\"https:\\\/\\\/tre-online.com\\\/wp-content\\\/uploads\\\/2025\\\/06\\\/DevaLaya-portait.png\",\"contentUrl\":\"https:\\\/\\\/tre-online.com\\\/wp-content\\\/uploads\\\/2025\\\/06\\\/DevaLaya-portait.png\"},{\"@type\":\"BreadcrumbList\",\"@id\":\"https:\\\/\\\/tre-online.com\\\/about-us\\\/#breadcrumb\",\"itemListElement\":[{\"@type\":\"ListItem\",\"position\":1,\"name\":\"Home\",\"item\":\"https:\\\/\\\/tre-online.com\\\/\"},{\"@type\":\"ListItem\",\"position\":2,\"name\":\"About us\"}]},{\"@type\":\"WebSite\",\"@id\":\"https:\\\/\\\/tre-online.com\\\/#website\",\"url\":\"https:\\\/\\\/tre-online.com\\\/\",\"name\":\"TRE\u00ae Tension Releasing Exercises\",\"description\":\"Release Your Body - Release Your Mind\",\"publisher\":{\"@id\":\"https:\\\/\\\/tre-online.com\\\/#organization\"},\"potentialAction\":[{\"@type\":\"SearchAction\",\"target\":{\"@type\":\"EntryPoint\",\"urlTemplate\":\"https:\\\/\\\/tre-online.com\\\/?s={search_term_string}\"},\"query-input\":{\"@type\":\"PropertyValueSpecification\",\"valueRequired\":true,\"valueName\":\"search_term_string\"}}],\"inLanguage\":\"cs\"},{\"@type\":\"Organization\",\"@id\":\"https:\\\/\\\/tre-online.com\\\/#organization\",\"name\":\"TRE\u00ae Tension Releasing Exercises\",\"url\":\"https:\\\/\\\/tre-online.com\\\/\",\"logo\":{\"@type\":\"ImageObject\",\"inLanguage\":\"cs\",\"@id\":\"https:\\\/\\\/tre-online.com\\\/#\\\/schema\\\/logo\\\/image\\\/\",\"url\":\"https:\\\/\\\/tre-online.com\\\/wp-content\\\/uploads\\\/2021\\\/02\\\/TRE-online-logo-size-optimzed.png\",\"contentUrl\":\"https:\\\/\\\/tre-online.com\\\/wp-content\\\/uploads\\\/2021\\\/02\\\/TRE-online-logo-size-optimzed.png\",\"width\":400,\"height\":397,\"caption\":\"TRE\u00ae Tension Releasing Exercises\"},\"image\":{\"@id\":\"https:\\\/\\\/tre-online.com\\\/#\\\/schema\\\/logo\\\/image\\\/\"},\"sameAs\":[\"https:\\\/\\\/www.facebook.com\\\/onlineTRE\",\"https:\\\/\\\/www.instagram.com\\\/online_tre\\\/\"]}]}<\/script>\n<!-- \/ Yoast SEO plugin. -->","yoast_head_json":{"title":"O n\u00e1s - Cvi\u010den\u00ed na uvoln\u011bn\u00ed nap\u011bt\u00ed TRE\u00ae","robots":{"index":"index","follow":"follow","max-snippet":"max-snippet:-1","max-image-preview":"max-image-preview:large","max-video-preview":"max-video-preview:-1"},"canonical":"https:\/\/tre-online.com\/cs\/o-nas\/","og_locale":"cs_CZ","og_type":"article","og_title":"About us - TRE\u00ae Tension Releasing Exercises","og_description":"We are all different. Don\u2019t judge, understand instead. Roy T. Bennett,&nbsp;The Light in the Heart The founder of this TRE\u00ae Online website is Deva Laya Guleng, an experienced Global TRE\u00ae Certification Trainer. She&#8217;s been working as a Trainer since 2011, supporting growth of TRE\u00ae in Europe. Deva Laya is today working both as supervisor and &hellip;","og_url":"https:\/\/tre-online.com\/cs\/o-nas\/","og_site_name":"TRE\u00ae Tension Releasing Exercises","article_publisher":"https:\/\/www.facebook.com\/onlineTRE","article_modified_time":"2025-06-03T08:22:54+00:00","og_image":[{"width":508,"height":560,"url":"https:\/\/tre-online.com\/wp-content\/uploads\/2025\/06\/DevaLaya-portait.png","type":"image\/png"}],"twitter_card":"summary_large_image","twitter_misc":{"Odhadovan\u00e1 doba \u010dten\u00ed":"2 minuty"},"schema":{"@context":"https:\/\/schema.org","@graph":[{"@type":"WebPage","@id":"https:\/\/tre-online.com\/about-us\/","url":"https:\/\/tre-online.com\/about-us\/","name":"O n\u00e1s - Cvi\u010den\u00ed na uvoln\u011bn\u00ed nap\u011bt\u00ed TRE\u00ae","isPartOf":{"@id":"https:\/\/tre-online.com\/#website"},"primaryImageOfPage":{"@id":"https:\/\/tre-online.com\/about-us\/#primaryimage"},"image":{"@id":"https:\/\/tre-online.com\/about-us\/#primaryimage"},"thumbnailUrl":"https:\/\/tre-online.com\/wp-content\/uploads\/2025\/06\/DevaLaya-portait.png","datePublished":"2019-09-07T12:58:45+00:00","dateModified":"2025-06-03T08:22:54+00:00","breadcrumb":{"@id":"https:\/\/tre-online.com\/about-us\/#breadcrumb"},"inLanguage":"cs","potentialAction":[{"@type":"ReadAction","target":["https:\/\/tre-online.com\/about-us\/"]}]},{"@type":"ImageObject","inLanguage":"cs","@id":"https:\/\/tre-online.com\/about-us\/#primaryimage","url":"https:\/\/tre-online.com\/wp-content\/uploads\/2025\/06\/DevaLaya-portait.png","contentUrl":"https:\/\/tre-online.com\/wp-content\/uploads\/2025\/06\/DevaLaya-portait.png"},{"@type":"BreadcrumbList","@id":"https:\/\/tre-online.com\/about-us\/#breadcrumb","itemListElement":[{"@type":"ListItem","position":1,"name":"Home","item":"https:\/\/tre-online.com\/"},{"@type":"ListItem","position":2,"name":"About us"}]},{"@type":"WebSite","@id":"https:\/\/tre-online.com\/#website","url":"https:\/\/tre-online.com\/","name":"Cvi\u010den\u00ed na uvoln\u011bn\u00ed nap\u011bt\u00ed TRE\u00ae","description":"Uvoln\u011bte sv\u00e9 t\u011blo - uvoln\u011bte svou mysl","publisher":{"@id":"https:\/\/tre-online.com\/#organization"},"potentialAction":[{"@type":"SearchAction","target":{"@type":"EntryPoint","urlTemplate":"https:\/\/tre-online.com\/?s={search_term_string}"},"query-input":{"@type":"PropertyValueSpecification","valueRequired":true,"valueName":"search_term_string"}}],"inLanguage":"cs"},{"@type":"Organization","@id":"https:\/\/tre-online.com\/#organization","name":"Cvi\u010den\u00ed na uvoln\u011bn\u00ed nap\u011bt\u00ed TRE\u00ae","url":"https:\/\/tre-online.com\/","logo":{"@type":"ImageObject","inLanguage":"cs","@id":"https:\/\/tre-online.com\/#\/schema\/logo\/image\/","url":"https:\/\/tre-online.com\/wp-content\/uploads\/2021\/02\/TRE-online-logo-size-optimzed.png","contentUrl":"https:\/\/tre-online.com\/wp-content\/uploads\/2021\/02\/TRE-online-logo-size-optimzed.png","width":400,"height":397,"caption":"TRE\u00ae Tension Releasing Exercises"},"image":{"@id":"https:\/\/tre-online.com\/#\/schema\/logo\/image\/"},"sameAs":["https:\/\/www.facebook.com\/onlineTRE","https:\/\/www.instagram.com\/online_tre\/"]}]}},"_links":{"self":[{"href":"https:\/\/tre-online.com\/cs\/wp-json\/wp\/v2\/pages\/27","targetHints":{"allow":["GET"]}}],"collection":[{"href":"https:\/\/tre-online.com\/cs\/wp-json\/wp\/v2\/pages"}],"about":[{"href":"https:\/\/tre-online.com\/cs\/wp-json\/wp\/v2\/types\/page"}],"author":[{"embeddable":true,"href":"https:\/\/tre-online.com\/cs\/wp-json\/wp\/v2\/users\/1"}],"replies":[{"embeddable":true,"href":"https:\/\/tre-online.com\/cs\/wp-json\/wp\/v2\/comments?post=27"}],"version-history":[{"count":3,"href":"https:\/\/tre-online.com\/cs\/wp-json\/wp\/v2\/pages\/27\/revisions"}],"predecessor-version":[{"id":7069,"href":"https:\/\/tre-online.com\/cs\/wp-json\/wp\/v2\/pages\/27\/revisions\/7069"}],"wp:attachment":[{"href":"https:\/\/tre-online.com\/cs\/wp-json\/wp\/v2\/media?parent=27"}],"curies":[{"name":"wp","href":"https:\/\/api.w.org\/{rel}","templated":true}]}}