{"id":1795,"date":"2020-03-29T08:56:10","date_gmt":"2020-03-29T08:56:10","guid":{"rendered":"https:\/\/rrygm.beeweb-green.io\/?post_type=product&#038;p=1795"},"modified":"2024-01-15T21:19:18","modified_gmt":"2024-01-15T20:19:18","slug":"osobni-sezeni-s-tremorem-75-min","status":"publish","type":"product","link":"https:\/\/tre-online.com\/cs\/product\/personal-tremoring-session-75-min\/","title":{"rendered":"Online sezen\u00ed TRE\u00ae 75 min"},"content":{"rendered":"","protected":false},"excerpt":{"rendered":"<p>Z\u00edskejte podporu v procesu TRE\u00ae, budete m\u00edt dostatek \u010dasu na dotazy a tak\u00e9 \u010das na sezen\u00ed TRE\u00ae tremoringu.<\/p>","protected":false},"featured_media":70,"comment_status":"closed","ping_status":"closed","template":"","meta":{"_acf_changed":false},"product_brand":[],"product_cat":[20],"product_tag":[],"class_list":{"0":"post-1795","1":"product","2":"type-product","3":"status-publish","4":"has-post-thumbnail","6":"product_cat-sessions","7":"grid-sizer","8":"latest_post","10":"first","11":"instock","12":"virtual","13":"purchasable","14":"product-type-simple"},"acf":[],"yoast_head":"<!-- This site is optimized with the Yoast SEO plugin v27.4 - https:\/\/yoast.com\/product\/yoast-seo-wordpress\/ -->\n<title>Online TRE\u00ae session 75 min - TRE\u00ae Tension Releasing Exercises<\/title>\n<meta name=\"description\" content=\"Get supported in your TRE\u00ae process, have plenty of time for questions as well as time for TRE\u00ae tremoring session.\" \/>\n<meta name=\"robots\" content=\"index, follow, max-snippet:-1, max-image-preview:large, max-video-preview:-1\" \/>\n<link rel=\"canonical\" href=\"https:\/\/tre-online.com\/cs\/product\/osobni-sezeni-s-tremorem-75-min\/\" \/>\n<meta property=\"og:locale\" content=\"cs_CZ\" \/>\n<meta property=\"og:type\" content=\"article\" \/>\n<meta property=\"og:title\" content=\"Online TRE\u00ae session 75 min - TRE\u00ae Tension Releasing Exercises\" \/>\n<meta property=\"og:description\" content=\"Get supported in your TRE\u00ae process, have plenty of time for questions as well as time for TRE\u00ae tremoring session.\" \/>\n<meta property=\"og:url\" content=\"https:\/\/tre-online.com\/cs\/product\/osobni-sezeni-s-tremorem-75-min\/\" \/>\n<meta property=\"og:site_name\" content=\"TRE\u00ae Tension Releasing Exercises\" \/>\n<meta property=\"article:publisher\" content=\"https:\/\/www.facebook.com\/onlineTRE\" \/>\n<meta property=\"article:modified_time\" content=\"2024-01-15T20:19:18+00:00\" \/>\n<meta property=\"og:image\" content=\"https:\/\/tre-online.com\/wp-content\/uploads\/2019\/10\/AdobeStock_64906852-scaled.jpeg\" \/>\n\t<meta property=\"og:image:width\" content=\"2560\" \/>\n\t<meta property=\"og:image:height\" content=\"1558\" \/>\n\t<meta property=\"og:image:type\" content=\"image\/jpeg\" \/>\n<meta name=\"twitter:card\" content=\"summary_large_image\" \/>\n<meta name=\"twitter:label1\" content=\"Odhadovan\u00e1 doba \u010dten\u00ed\" \/>\n\t<meta name=\"twitter:data1\" content=\"1 minuta\" \/>\n<script type=\"application\/ld+json\" class=\"yoast-schema-graph\">{\"@context\":\"https:\\\/\\\/schema.org\",\"@graph\":[{\"@type\":\"WebPage\",\"@id\":\"https:\\\/\\\/tre-online.com\\\/product\\\/personal-tremoring-session-75-min\\\/\",\"url\":\"https:\\\/\\\/tre-online.com\\\/product\\\/personal-tremoring-session-75-min\\\/\",\"name\":\"Online TRE\u00ae session 75 min - TRE\u00ae Tension Releasing Exercises\",\"isPartOf\":{\"@id\":\"https:\\\/\\\/tre-online.com\\\/#website\"},\"primaryImageOfPage\":{\"@id\":\"https:\\\/\\\/tre-online.com\\\/product\\\/personal-tremoring-session-75-min\\\/#primaryimage\"},\"image\":{\"@id\":\"https:\\\/\\\/tre-online.com\\\/product\\\/personal-tremoring-session-75-min\\\/#primaryimage\"},\"thumbnailUrl\":\"https:\\\/\\\/tre-online.com\\\/wp-content\\\/uploads\\\/2019\\\/10\\\/AdobeStock_64906852-scaled.jpeg\",\"datePublished\":\"2020-03-29T08:56:10+00:00\",\"dateModified\":\"2024-01-15T20:19:18+00:00\",\"description\":\"Get supported in your TRE\u00ae process, have plenty of time for questions as well as time for TRE\u00ae tremoring session.\",\"breadcrumb\":{\"@id\":\"https:\\\/\\\/tre-online.com\\\/product\\\/personal-tremoring-session-75-min\\\/#breadcrumb\"},\"inLanguage\":\"cs\",\"potentialAction\":[{\"@type\":\"ReadAction\",\"target\":[\"https:\\\/\\\/tre-online.com\\\/product\\\/personal-tremoring-session-75-min\\\/\"]}]},{\"@type\":\"ImageObject\",\"inLanguage\":\"cs\",\"@id\":\"https:\\\/\\\/tre-online.com\\\/product\\\/personal-tremoring-session-75-min\\\/#primaryimage\",\"url\":\"https:\\\/\\\/tre-online.com\\\/wp-content\\\/uploads\\\/2019\\\/10\\\/AdobeStock_64906852-scaled.jpeg\",\"contentUrl\":\"https:\\\/\\\/tre-online.com\\\/wp-content\\\/uploads\\\/2019\\\/10\\\/AdobeStock_64906852-scaled.jpeg\",\"width\":2560,\"height\":1558},{\"@type\":\"BreadcrumbList\",\"@id\":\"https:\\\/\\\/tre-online.com\\\/product\\\/personal-tremoring-session-75-min\\\/#breadcrumb\",\"itemListElement\":[{\"@type\":\"ListItem\",\"position\":1,\"name\":\"Home\",\"item\":\"https:\\\/\\\/tre-online.com\\\/\"},{\"@type\":\"ListItem\",\"position\":2,\"name\":\"TRE\u00ae Online Store\",\"item\":\"https:\\\/\\\/tre-online.com\\\/store\\\/\"},{\"@type\":\"ListItem\",\"position\":3,\"name\":\"Online TRE\u00ae session 75 min\"}]},{\"@type\":\"WebSite\",\"@id\":\"https:\\\/\\\/tre-online.com\\\/#website\",\"url\":\"https:\\\/\\\/tre-online.com\\\/\",\"name\":\"TRE\u00ae Tension Releasing Exercises\",\"description\":\"Release Your Body - Release Your Mind\",\"publisher\":{\"@id\":\"https:\\\/\\\/tre-online.com\\\/#organization\"},\"potentialAction\":[{\"@type\":\"SearchAction\",\"target\":{\"@type\":\"EntryPoint\",\"urlTemplate\":\"https:\\\/\\\/tre-online.com\\\/?s={search_term_string}\"},\"query-input\":{\"@type\":\"PropertyValueSpecification\",\"valueRequired\":true,\"valueName\":\"search_term_string\"}}],\"inLanguage\":\"cs\"},{\"@type\":\"Organization\",\"@id\":\"https:\\\/\\\/tre-online.com\\\/#organization\",\"name\":\"TRE\u00ae Tension Releasing Exercises\",\"url\":\"https:\\\/\\\/tre-online.com\\\/\",\"logo\":{\"@type\":\"ImageObject\",\"inLanguage\":\"cs\",\"@id\":\"https:\\\/\\\/tre-online.com\\\/#\\\/schema\\\/logo\\\/image\\\/\",\"url\":\"https:\\\/\\\/tre-online.com\\\/wp-content\\\/uploads\\\/2021\\\/02\\\/TRE-online-logo-size-optimzed.png\",\"contentUrl\":\"https:\\\/\\\/tre-online.com\\\/wp-content\\\/uploads\\\/2021\\\/02\\\/TRE-online-logo-size-optimzed.png\",\"width\":400,\"height\":397,\"caption\":\"TRE\u00ae Tension Releasing Exercises\"},\"image\":{\"@id\":\"https:\\\/\\\/tre-online.com\\\/#\\\/schema\\\/logo\\\/image\\\/\"},\"sameAs\":[\"https:\\\/\\\/www.facebook.com\\\/onlineTRE\",\"https:\\\/\\\/www.instagram.com\\\/online_tre\\\/\"]}]}<\/script>\n<!-- \/ Yoast SEO plugin. -->","yoast_head_json":{"title":"Online sezen\u00ed TRE\u00ae 75 min - Cvi\u010den\u00ed na uvoln\u011bn\u00ed nap\u011bt\u00ed TRE\u00ae","description":"Z\u00edskejte podporu v procesu TRE\u00ae, budete m\u00edt dostatek \u010dasu na dotazy a tak\u00e9 \u010das na sezen\u00ed TRE\u00ae tremoringu.","robots":{"index":"index","follow":"follow","max-snippet":"max-snippet:-1","max-image-preview":"max-image-preview:large","max-video-preview":"max-video-preview:-1"},"canonical":"https:\/\/tre-online.com\/cs\/product\/osobni-sezeni-s-tremorem-75-min\/","og_locale":"cs_CZ","og_type":"article","og_title":"Online TRE\u00ae session 75 min - TRE\u00ae Tension Releasing Exercises","og_description":"Get supported in your TRE\u00ae process, have plenty of time for questions as well as time for TRE\u00ae tremoring session.","og_url":"https:\/\/tre-online.com\/cs\/product\/osobni-sezeni-s-tremorem-75-min\/","og_site_name":"TRE\u00ae Tension Releasing Exercises","article_publisher":"https:\/\/www.facebook.com\/onlineTRE","article_modified_time":"2024-01-15T20:19:18+00:00","og_image":[{"width":2560,"height":1558,"url":"https:\/\/tre-online.com\/wp-content\/uploads\/2019\/10\/AdobeStock_64906852-scaled.jpeg","type":"image\/jpeg"}],"twitter_card":"summary_large_image","twitter_misc":{"Odhadovan\u00e1 doba \u010dten\u00ed":"1 minuta"},"schema":{"@context":"https:\/\/schema.org","@graph":[{"@type":"WebPage","@id":"https:\/\/tre-online.com\/product\/personal-tremoring-session-75-min\/","url":"https:\/\/tre-online.com\/product\/personal-tremoring-session-75-min\/","name":"Online sezen\u00ed TRE\u00ae 75 min - Cvi\u010den\u00ed na uvoln\u011bn\u00ed nap\u011bt\u00ed TRE\u00ae","isPartOf":{"@id":"https:\/\/tre-online.com\/#website"},"primaryImageOfPage":{"@id":"https:\/\/tre-online.com\/product\/personal-tremoring-session-75-min\/#primaryimage"},"image":{"@id":"https:\/\/tre-online.com\/product\/personal-tremoring-session-75-min\/#primaryimage"},"thumbnailUrl":"https:\/\/tre-online.com\/wp-content\/uploads\/2019\/10\/AdobeStock_64906852-scaled.jpeg","datePublished":"2020-03-29T08:56:10+00:00","dateModified":"2024-01-15T20:19:18+00:00","description":"Z\u00edskejte podporu v procesu TRE\u00ae, budete m\u00edt dostatek \u010dasu na dotazy a tak\u00e9 \u010das na sezen\u00ed TRE\u00ae tremoringu.","breadcrumb":{"@id":"https:\/\/tre-online.com\/product\/personal-tremoring-session-75-min\/#breadcrumb"},"inLanguage":"cs","potentialAction":[{"@type":"ReadAction","target":["https:\/\/tre-online.com\/product\/personal-tremoring-session-75-min\/"]}]},{"@type":"ImageObject","inLanguage":"cs","@id":"https:\/\/tre-online.com\/product\/personal-tremoring-session-75-min\/#primaryimage","url":"https:\/\/tre-online.com\/wp-content\/uploads\/2019\/10\/AdobeStock_64906852-scaled.jpeg","contentUrl":"https:\/\/tre-online.com\/wp-content\/uploads\/2019\/10\/AdobeStock_64906852-scaled.jpeg","width":2560,"height":1558},{"@type":"BreadcrumbList","@id":"https:\/\/tre-online.com\/product\/personal-tremoring-session-75-min\/#breadcrumb","itemListElement":[{"@type":"ListItem","position":1,"name":"Home","item":"https:\/\/tre-online.com\/"},{"@type":"ListItem","position":2,"name":"TRE\u00ae Online Store","item":"https:\/\/tre-online.com\/store\/"},{"@type":"ListItem","position":3,"name":"Online TRE\u00ae session 75 min"}]},{"@type":"WebSite","@id":"https:\/\/tre-online.com\/#website","url":"https:\/\/tre-online.com\/","name":"Cvi\u010den\u00ed na uvoln\u011bn\u00ed nap\u011bt\u00ed TRE\u00ae","description":"Uvoln\u011bte sv\u00e9 t\u011blo - uvoln\u011bte svou mysl","publisher":{"@id":"https:\/\/tre-online.com\/#organization"},"potentialAction":[{"@type":"SearchAction","target":{"@type":"EntryPoint","urlTemplate":"https:\/\/tre-online.com\/?s={search_term_string}"},"query-input":{"@type":"PropertyValueSpecification","valueRequired":true,"valueName":"search_term_string"}}],"inLanguage":"cs"},{"@type":"Organization","@id":"https:\/\/tre-online.com\/#organization","name":"Cvi\u010den\u00ed na uvoln\u011bn\u00ed nap\u011bt\u00ed TRE\u00ae","url":"https:\/\/tre-online.com\/","logo":{"@type":"ImageObject","inLanguage":"cs","@id":"https:\/\/tre-online.com\/#\/schema\/logo\/image\/","url":"https:\/\/tre-online.com\/wp-content\/uploads\/2021\/02\/TRE-online-logo-size-optimzed.png","contentUrl":"https:\/\/tre-online.com\/wp-content\/uploads\/2021\/02\/TRE-online-logo-size-optimzed.png","width":400,"height":397,"caption":"TRE\u00ae Tension Releasing Exercises"},"image":{"@id":"https:\/\/tre-online.com\/#\/schema\/logo\/image\/"},"sameAs":["https:\/\/www.facebook.com\/onlineTRE","https:\/\/www.instagram.com\/online_tre\/"]}]}},"_links":{"self":[{"href":"https:\/\/tre-online.com\/cs\/wp-json\/wp\/v2\/product\/1795","targetHints":{"allow":["GET"]}}],"collection":[{"href":"https:\/\/tre-online.com\/cs\/wp-json\/wp\/v2\/product"}],"about":[{"href":"https:\/\/tre-online.com\/cs\/wp-json\/wp\/v2\/types\/product"}],"replies":[{"embeddable":true,"href":"https:\/\/tre-online.com\/cs\/wp-json\/wp\/v2\/comments?post=1795"}],"wp:featuredmedia":[{"embeddable":true,"href":"https:\/\/tre-online.com\/cs\/wp-json\/wp\/v2\/media\/70"}],"wp:attachment":[{"href":"https:\/\/tre-online.com\/cs\/wp-json\/wp\/v2\/media?parent=1795"}],"wp:term":[{"taxonomy":"product_brand","embeddable":true,"href":"https:\/\/tre-online.com\/cs\/wp-json\/wp\/v2\/product_brand?post=1795"},{"taxonomy":"product_cat","embeddable":true,"href":"https:\/\/tre-online.com\/cs\/wp-json\/wp\/v2\/product_cat?post=1795"},{"taxonomy":"product_tag","embeddable":true,"href":"https:\/\/tre-online.com\/cs\/wp-json\/wp\/v2\/product_tag?post=1795"}],"curies":[{"name":"wp","href":"https:\/\/api.w.org\/{rel}","templated":true}]}}