{"id":2428,"date":"2020-10-27T10:49:40","date_gmt":"2020-10-27T09:49:40","guid":{"rendered":"https:\/\/rrygm.beeweb-green.io\/?post_type=product&#038;p=2428"},"modified":"2024-01-15T20:46:53","modified_gmt":"2024-01-15T19:46:53","slug":"proces-certifikace-osobniho-sezeni-90-min-sezeni","status":"publish","type":"product","link":"https:\/\/tre-online.com\/cs\/product\/tre-personal-session-certification-process-90-min-session\/","title":{"rendered":"Proces certifikace GCTP TRE\u00ae Personal Session - 90 min. sezen\u00ed"},"content":{"rendered":"<p>Mohou si je rezervovat pouze st\u00e1\u017eist\u00e9 TRE\u00ae Provider.<br \/>\nN\u00e1sledn\u00e1 supervizn\u00ed sezen\u00ed prost\u0159ednictv\u00edm slu\u017eby Zoom, osobn\u00ed \u201c\u017eiv\u00e9 tremoringov\u00e9 sezen\u00ed\u201d\/kontrola procesu.<br \/>\nOsobn\u00ed tr\u00e9ninkov\u00fd den\u00edk je t\u0159eba zaslat nejpozd\u011bji 1 pracovn\u00ed den p\u0159ed rezervovan\u00fdm sezen\u00edm.<\/p>","protected":false},"excerpt":{"rendered":"<p>Mohou si je rezervovat pouze st\u00e1\u017eist\u00e9 TRE\u00ae Provider.<br \/>\nN\u00e1sledn\u00e1 supervizn\u00ed sezen\u00ed prost\u0159ednictv\u00edm slu\u017eby Zoom, osobn\u00ed \u201c\u017eiv\u00e9 tremoringov\u00e9 sezen\u00ed\u201d\/kontrola procesu.<br \/>\nOsobn\u00ed tr\u00e9ninkov\u00fd den\u00edk je t\u0159eba zaslat nejpozd\u011bji 1 pracovn\u00ed den p\u0159ed rezervovan\u00fdm sezen\u00edm.<\/p>","protected":false},"featured_media":70,"comment_status":"closed","ping_status":"closed","template":"","meta":{"_acf_changed":false},"product_brand":[],"product_cat":[45],"product_tag":[70],"class_list":{"0":"post-2428","1":"product","2":"type-product","3":"status-publish","4":"has-post-thumbnail","6":"product_cat-supervision-sessions","7":"product_tag-supervision-sessions-certification-program","8":"grid-sizer","9":"latest_post","11":"first","12":"instock","13":"virtual","14":"purchasable","15":"product-type-simple"},"acf":[],"yoast_head":"<!-- This site is optimized with the Yoast SEO plugin v27.4 - https:\/\/yoast.com\/product\/yoast-seo-wordpress\/ -->\n<title>GCTP TRE\u00ae Personal Session Certification process - 90 min session - TRE\u00ae Tension Releasing Exercises<\/title>\n<meta name=\"description\" content=\"TRE\u00ae Global Certification Session - Get supported in your TRE\u00ae process, have plenty of time for questions as well as time for TRE\u00ae tremoring session. Practise and explore the exercises to support embodiement.\" \/>\n<meta name=\"robots\" content=\"index, follow, max-snippet:-1, max-image-preview:large, max-video-preview:-1\" \/>\n<link rel=\"canonical\" href=\"https:\/\/tre-online.com\/cs\/product\/proces-certifikace-osobniho-sezeni-90-min-sezeni\/\" \/>\n<meta property=\"og:locale\" content=\"cs_CZ\" \/>\n<meta property=\"og:type\" content=\"article\" \/>\n<meta property=\"og:title\" content=\"GCTP TRE\u00ae Personal Session Certification process - 90 min session - TRE\u00ae Tension Releasing Exercises\" \/>\n<meta property=\"og:description\" content=\"TRE\u00ae Global Certification Session - Get supported in your TRE\u00ae process, have plenty of time for questions as well as time for TRE\u00ae tremoring session. Practise and explore the exercises to support embodiement.\" \/>\n<meta property=\"og:url\" content=\"https:\/\/tre-online.com\/cs\/product\/proces-certifikace-osobniho-sezeni-90-min-sezeni\/\" \/>\n<meta property=\"og:site_name\" content=\"TRE\u00ae Tension Releasing Exercises\" \/>\n<meta property=\"article:publisher\" content=\"https:\/\/www.facebook.com\/onlineTRE\" \/>\n<meta property=\"article:modified_time\" content=\"2024-01-15T19:46:53+00:00\" \/>\n<meta property=\"og:image\" content=\"https:\/\/tre-online.com\/wp-content\/uploads\/2019\/10\/AdobeStock_64906852-scaled.jpeg\" \/>\n\t<meta property=\"og:image:width\" content=\"2560\" \/>\n\t<meta property=\"og:image:height\" content=\"1558\" \/>\n\t<meta property=\"og:image:type\" content=\"image\/jpeg\" \/>\n<meta name=\"twitter:card\" content=\"summary_large_image\" \/>\n<meta name=\"twitter:label1\" content=\"Odhadovan\u00e1 doba \u010dten\u00ed\" \/>\n\t<meta name=\"twitter:data1\" content=\"1 minuta\" \/>\n<script type=\"application\/ld+json\" class=\"yoast-schema-graph\">{\"@context\":\"https:\\\/\\\/schema.org\",\"@graph\":[{\"@type\":\"WebPage\",\"@id\":\"https:\\\/\\\/tre-online.com\\\/product\\\/tre-personal-session-certification-process-90-min-session\\\/\",\"url\":\"https:\\\/\\\/tre-online.com\\\/product\\\/tre-personal-session-certification-process-90-min-session\\\/\",\"name\":\"GCTP TRE\u00ae Personal Session Certification process - 90 min session - TRE\u00ae Tension Releasing Exercises\",\"isPartOf\":{\"@id\":\"https:\\\/\\\/tre-online.com\\\/#website\"},\"primaryImageOfPage\":{\"@id\":\"https:\\\/\\\/tre-online.com\\\/product\\\/tre-personal-session-certification-process-90-min-session\\\/#primaryimage\"},\"image\":{\"@id\":\"https:\\\/\\\/tre-online.com\\\/product\\\/tre-personal-session-certification-process-90-min-session\\\/#primaryimage\"},\"thumbnailUrl\":\"https:\\\/\\\/tre-online.com\\\/wp-content\\\/uploads\\\/2019\\\/10\\\/AdobeStock_64906852-scaled.jpeg\",\"datePublished\":\"2020-10-27T09:49:40+00:00\",\"dateModified\":\"2024-01-15T19:46:53+00:00\",\"description\":\"TRE\u00ae Global Certification Session - Get supported in your TRE\u00ae process, have plenty of time for questions as well as time for TRE\u00ae tremoring session. Practise and explore the exercises to support embodiement.\",\"breadcrumb\":{\"@id\":\"https:\\\/\\\/tre-online.com\\\/product\\\/tre-personal-session-certification-process-90-min-session\\\/#breadcrumb\"},\"inLanguage\":\"cs\",\"potentialAction\":[{\"@type\":\"ReadAction\",\"target\":[\"https:\\\/\\\/tre-online.com\\\/product\\\/tre-personal-session-certification-process-90-min-session\\\/\"]}]},{\"@type\":\"ImageObject\",\"inLanguage\":\"cs\",\"@id\":\"https:\\\/\\\/tre-online.com\\\/product\\\/tre-personal-session-certification-process-90-min-session\\\/#primaryimage\",\"url\":\"https:\\\/\\\/tre-online.com\\\/wp-content\\\/uploads\\\/2019\\\/10\\\/AdobeStock_64906852-scaled.jpeg\",\"contentUrl\":\"https:\\\/\\\/tre-online.com\\\/wp-content\\\/uploads\\\/2019\\\/10\\\/AdobeStock_64906852-scaled.jpeg\",\"width\":2560,\"height\":1558},{\"@type\":\"BreadcrumbList\",\"@id\":\"https:\\\/\\\/tre-online.com\\\/product\\\/tre-personal-session-certification-process-90-min-session\\\/#breadcrumb\",\"itemListElement\":[{\"@type\":\"ListItem\",\"position\":1,\"name\":\"Home\",\"item\":\"https:\\\/\\\/tre-online.com\\\/\"},{\"@type\":\"ListItem\",\"position\":2,\"name\":\"TRE\u00ae Online Store\",\"item\":\"https:\\\/\\\/tre-online.com\\\/store\\\/\"},{\"@type\":\"ListItem\",\"position\":3,\"name\":\"GCTP TRE\u00ae Personal Session Certification process &#8211; 90 min session\"}]},{\"@type\":\"WebSite\",\"@id\":\"https:\\\/\\\/tre-online.com\\\/#website\",\"url\":\"https:\\\/\\\/tre-online.com\\\/\",\"name\":\"TRE\u00ae Tension Releasing Exercises\",\"description\":\"Release Your Body - Release Your Mind\",\"publisher\":{\"@id\":\"https:\\\/\\\/tre-online.com\\\/#organization\"},\"potentialAction\":[{\"@type\":\"SearchAction\",\"target\":{\"@type\":\"EntryPoint\",\"urlTemplate\":\"https:\\\/\\\/tre-online.com\\\/?s={search_term_string}\"},\"query-input\":{\"@type\":\"PropertyValueSpecification\",\"valueRequired\":true,\"valueName\":\"search_term_string\"}}],\"inLanguage\":\"cs\"},{\"@type\":\"Organization\",\"@id\":\"https:\\\/\\\/tre-online.com\\\/#organization\",\"name\":\"TRE\u00ae Tension Releasing Exercises\",\"url\":\"https:\\\/\\\/tre-online.com\\\/\",\"logo\":{\"@type\":\"ImageObject\",\"inLanguage\":\"cs\",\"@id\":\"https:\\\/\\\/tre-online.com\\\/#\\\/schema\\\/logo\\\/image\\\/\",\"url\":\"https:\\\/\\\/tre-online.com\\\/wp-content\\\/uploads\\\/2021\\\/02\\\/TRE-online-logo-size-optimzed.png\",\"contentUrl\":\"https:\\\/\\\/tre-online.com\\\/wp-content\\\/uploads\\\/2021\\\/02\\\/TRE-online-logo-size-optimzed.png\",\"width\":400,\"height\":397,\"caption\":\"TRE\u00ae Tension Releasing Exercises\"},\"image\":{\"@id\":\"https:\\\/\\\/tre-online.com\\\/#\\\/schema\\\/logo\\\/image\\\/\"},\"sameAs\":[\"https:\\\/\\\/www.facebook.com\\\/onlineTRE\",\"https:\\\/\\\/www.instagram.com\\\/online_tre\\\/\"]}]}<\/script>\n<!-- \/ Yoast SEO plugin. -->","yoast_head_json":{"title":"Proces certifikace GCTP TRE\u00ae Personal Session - 90 min. sezen\u00ed - Cvi\u010den\u00ed na uvoln\u011bn\u00ed nap\u011bt\u00ed TRE\u00ae","description":"TRE\u00ae Global Certification Session - Z\u00edskejte podporu v procesu TRE\u00ae, budete m\u00edt dostatek \u010dasu na dotazy a tak\u00e9 \u010das na TRE\u00ae tremoring session. Procvi\u010dte si a prozkoumejte cvi\u010den\u00ed na podporu zt\u011blesn\u011bn\u00ed.","robots":{"index":"index","follow":"follow","max-snippet":"max-snippet:-1","max-image-preview":"max-image-preview:large","max-video-preview":"max-video-preview:-1"},"canonical":"https:\/\/tre-online.com\/cs\/product\/proces-certifikace-osobniho-sezeni-90-min-sezeni\/","og_locale":"cs_CZ","og_type":"article","og_title":"GCTP TRE\u00ae Personal Session Certification process - 90 min session - TRE\u00ae Tension Releasing Exercises","og_description":"TRE\u00ae Global Certification Session - Get supported in your TRE\u00ae process, have plenty of time for questions as well as time for TRE\u00ae tremoring session. Practise and explore the exercises to support embodiement.","og_url":"https:\/\/tre-online.com\/cs\/product\/proces-certifikace-osobniho-sezeni-90-min-sezeni\/","og_site_name":"TRE\u00ae Tension Releasing Exercises","article_publisher":"https:\/\/www.facebook.com\/onlineTRE","article_modified_time":"2024-01-15T19:46:53+00:00","og_image":[{"width":2560,"height":1558,"url":"https:\/\/tre-online.com\/wp-content\/uploads\/2019\/10\/AdobeStock_64906852-scaled.jpeg","type":"image\/jpeg"}],"twitter_card":"summary_large_image","twitter_misc":{"Odhadovan\u00e1 doba \u010dten\u00ed":"1 minuta"},"schema":{"@context":"https:\/\/schema.org","@graph":[{"@type":"WebPage","@id":"https:\/\/tre-online.com\/product\/tre-personal-session-certification-process-90-min-session\/","url":"https:\/\/tre-online.com\/product\/tre-personal-session-certification-process-90-min-session\/","name":"Proces certifikace GCTP TRE\u00ae Personal Session - 90 min. sezen\u00ed - Cvi\u010den\u00ed na uvoln\u011bn\u00ed nap\u011bt\u00ed TRE\u00ae","isPartOf":{"@id":"https:\/\/tre-online.com\/#website"},"primaryImageOfPage":{"@id":"https:\/\/tre-online.com\/product\/tre-personal-session-certification-process-90-min-session\/#primaryimage"},"image":{"@id":"https:\/\/tre-online.com\/product\/tre-personal-session-certification-process-90-min-session\/#primaryimage"},"thumbnailUrl":"https:\/\/tre-online.com\/wp-content\/uploads\/2019\/10\/AdobeStock_64906852-scaled.jpeg","datePublished":"2020-10-27T09:49:40+00:00","dateModified":"2024-01-15T19:46:53+00:00","description":"TRE\u00ae Global Certification Session - Z\u00edskejte podporu v procesu TRE\u00ae, budete m\u00edt dostatek \u010dasu na dotazy a tak\u00e9 \u010das na TRE\u00ae tremoring session. Procvi\u010dte si a prozkoumejte cvi\u010den\u00ed na podporu zt\u011blesn\u011bn\u00ed.","breadcrumb":{"@id":"https:\/\/tre-online.com\/product\/tre-personal-session-certification-process-90-min-session\/#breadcrumb"},"inLanguage":"cs","potentialAction":[{"@type":"ReadAction","target":["https:\/\/tre-online.com\/product\/tre-personal-session-certification-process-90-min-session\/"]}]},{"@type":"ImageObject","inLanguage":"cs","@id":"https:\/\/tre-online.com\/product\/tre-personal-session-certification-process-90-min-session\/#primaryimage","url":"https:\/\/tre-online.com\/wp-content\/uploads\/2019\/10\/AdobeStock_64906852-scaled.jpeg","contentUrl":"https:\/\/tre-online.com\/wp-content\/uploads\/2019\/10\/AdobeStock_64906852-scaled.jpeg","width":2560,"height":1558},{"@type":"BreadcrumbList","@id":"https:\/\/tre-online.com\/product\/tre-personal-session-certification-process-90-min-session\/#breadcrumb","itemListElement":[{"@type":"ListItem","position":1,"name":"Home","item":"https:\/\/tre-online.com\/"},{"@type":"ListItem","position":2,"name":"TRE\u00ae Online Store","item":"https:\/\/tre-online.com\/store\/"},{"@type":"ListItem","position":3,"name":"GCTP TRE\u00ae Personal Session Certification process &#8211; 90 min session"}]},{"@type":"WebSite","@id":"https:\/\/tre-online.com\/#website","url":"https:\/\/tre-online.com\/","name":"Cvi\u010den\u00ed na uvoln\u011bn\u00ed nap\u011bt\u00ed TRE\u00ae","description":"Uvoln\u011bte sv\u00e9 t\u011blo - uvoln\u011bte svou mysl","publisher":{"@id":"https:\/\/tre-online.com\/#organization"},"potentialAction":[{"@type":"SearchAction","target":{"@type":"EntryPoint","urlTemplate":"https:\/\/tre-online.com\/?s={search_term_string}"},"query-input":{"@type":"PropertyValueSpecification","valueRequired":true,"valueName":"search_term_string"}}],"inLanguage":"cs"},{"@type":"Organization","@id":"https:\/\/tre-online.com\/#organization","name":"Cvi\u010den\u00ed na uvoln\u011bn\u00ed nap\u011bt\u00ed TRE\u00ae","url":"https:\/\/tre-online.com\/","logo":{"@type":"ImageObject","inLanguage":"cs","@id":"https:\/\/tre-online.com\/#\/schema\/logo\/image\/","url":"https:\/\/tre-online.com\/wp-content\/uploads\/2021\/02\/TRE-online-logo-size-optimzed.png","contentUrl":"https:\/\/tre-online.com\/wp-content\/uploads\/2021\/02\/TRE-online-logo-size-optimzed.png","width":400,"height":397,"caption":"TRE\u00ae Tension Releasing Exercises"},"image":{"@id":"https:\/\/tre-online.com\/#\/schema\/logo\/image\/"},"sameAs":["https:\/\/www.facebook.com\/onlineTRE","https:\/\/www.instagram.com\/online_tre\/"]}]}},"_links":{"self":[{"href":"https:\/\/tre-online.com\/cs\/wp-json\/wp\/v2\/product\/2428","targetHints":{"allow":["GET"]}}],"collection":[{"href":"https:\/\/tre-online.com\/cs\/wp-json\/wp\/v2\/product"}],"about":[{"href":"https:\/\/tre-online.com\/cs\/wp-json\/wp\/v2\/types\/product"}],"replies":[{"embeddable":true,"href":"https:\/\/tre-online.com\/cs\/wp-json\/wp\/v2\/comments?post=2428"}],"wp:featuredmedia":[{"embeddable":true,"href":"https:\/\/tre-online.com\/cs\/wp-json\/wp\/v2\/media\/70"}],"wp:attachment":[{"href":"https:\/\/tre-online.com\/cs\/wp-json\/wp\/v2\/media?parent=2428"}],"wp:term":[{"taxonomy":"product_brand","embeddable":true,"href":"https:\/\/tre-online.com\/cs\/wp-json\/wp\/v2\/product_brand?post=2428"},{"taxonomy":"product_cat","embeddable":true,"href":"https:\/\/tre-online.com\/cs\/wp-json\/wp\/v2\/product_cat?post=2428"},{"taxonomy":"product_tag","embeddable":true,"href":"https:\/\/tre-online.com\/cs\/wp-json\/wp\/v2\/product_tag?post=2428"}],"curies":[{"name":"wp","href":"https:\/\/api.w.org\/{rel}","templated":true}]}}