{"id":6182,"date":"2024-01-17T20:23:37","date_gmt":"2024-01-17T19:23:37","guid":{"rendered":"https:\/\/tre-online.com\/?post_type=product&#038;p=6182"},"modified":"2024-07-18T15:41:35","modified_gmt":"2024-07-18T13:41:35","slug":"tre-bundle-6-sezeni","status":"publish","type":"product","link":"https:\/\/tre-online.com\/cs\/product\/tre-bundle-6-sessions\/","title":{"rendered":"Online bal\u00ed\u010dek sezen\u00ed TRE\u00ae; podpora 6 x krat\u0161\u00ed sezen\u00ed"},"content":{"rendered":"<p>Can only be purchased by people that have earlier worked with Deva Laya in longer sessions, or attended a Module-weekend.<\/p>\n<p>In this follow up support bundle, you have 6 sessions included:<\/p>\n<p>2 x 45 minutes<br \/>\n4 x 30 minuted<\/p>","protected":false},"excerpt":{"rendered":"<p>Mohou si ho zakoupit pouze lid\u00e9, kte\u0159\u00ed ji\u017e d\u0159\u00edve pracovali s Devou Layou na del\u0161\u00edch sezen\u00edch nebo se z\u00fa\u010dastnili v\u00edkendov\u00e9ho modulu. V tomto bal\u00ed\u010dku n\u00e1sledn\u00e9 podpory m\u00e1te zahrnuto 6 sezen\u00ed: 2 x 45 minut 4 x 30 minut<\/p>","protected":false},"featured_media":2495,"comment_status":"open","ping_status":"closed","template":"","meta":{"_acf_changed":false},"product_brand":[],"product_cat":[117],"product_tag":[],"class_list":{"0":"post-6182","1":"product","2":"type-product","3":"status-publish","4":"has-post-thumbnail","6":"product_cat-tre-bundle-packages","7":"grid-sizer","8":"latest_post","10":"first","11":"instock","12":"virtual","13":"purchasable","14":"product-type-simple"},"acf":[],"yoast_head":"<!-- This site is optimized with the Yoast SEO plugin v27.4 - https:\/\/yoast.com\/product\/yoast-seo-wordpress\/ -->\n<title>Online TRE\u00ae Session Bundle; Support 6 x shorter sessions - TRE\u00ae Tension Releasing Exercises<\/title>\n<meta name=\"robots\" content=\"index, follow, max-snippet:-1, max-image-preview:large, max-video-preview:-1\" \/>\n<link rel=\"canonical\" href=\"https:\/\/tre-online.com\/cs\/product\/tre-bundle-6-sezeni\/\" \/>\n<meta property=\"og:locale\" content=\"cs_CZ\" \/>\n<meta property=\"og:type\" content=\"article\" \/>\n<meta property=\"og:title\" content=\"Online TRE\u00ae Session Bundle; Support 6 x shorter sessions - TRE\u00ae Tension Releasing Exercises\" \/>\n<meta property=\"og:description\" content=\"Can only be purchased by people that have earlier worked with Deva Laya in longer sessions, or attended a Module-weekend. In this follow up support bundle, you have 6 sessions included: 2 x 45 minutes 4 x 30 minuted\" \/>\n<meta property=\"og:url\" content=\"https:\/\/tre-online.com\/cs\/product\/tre-bundle-6-sezeni\/\" \/>\n<meta property=\"og:site_name\" content=\"TRE\u00ae Tension Releasing Exercises\" \/>\n<meta property=\"article:publisher\" content=\"https:\/\/www.facebook.com\/onlineTRE\" \/>\n<meta property=\"article:modified_time\" content=\"2024-07-18T13:41:35+00:00\" \/>\n<meta property=\"og:image\" content=\"https:\/\/tre-online.com\/wp-content\/uploads\/2020\/12\/pelvic-lift-TRE-Omnibalance.jpg\" \/>\n\t<meta property=\"og:image:width\" content=\"1600\" \/>\n\t<meta property=\"og:image:height\" content=\"1067\" \/>\n\t<meta property=\"og:image:type\" content=\"image\/jpeg\" \/>\n<meta name=\"twitter:card\" content=\"summary_large_image\" \/>\n<meta name=\"twitter:label1\" content=\"Odhadovan\u00e1 doba \u010dten\u00ed\" \/>\n\t<meta name=\"twitter:data1\" content=\"1 minuta\" \/>\n<script type=\"application\/ld+json\" class=\"yoast-schema-graph\">{\"@context\":\"https:\\\/\\\/schema.org\",\"@graph\":[{\"@type\":\"WebPage\",\"@id\":\"https:\\\/\\\/tre-online.com\\\/product\\\/tre-bundle-6-sessions\\\/\",\"url\":\"https:\\\/\\\/tre-online.com\\\/product\\\/tre-bundle-6-sessions\\\/\",\"name\":\"Online TRE\u00ae Session Bundle; Support 6 x shorter sessions - TRE\u00ae Tension Releasing Exercises\",\"isPartOf\":{\"@id\":\"https:\\\/\\\/tre-online.com\\\/#website\"},\"primaryImageOfPage\":{\"@id\":\"https:\\\/\\\/tre-online.com\\\/product\\\/tre-bundle-6-sessions\\\/#primaryimage\"},\"image\":{\"@id\":\"https:\\\/\\\/tre-online.com\\\/product\\\/tre-bundle-6-sessions\\\/#primaryimage\"},\"thumbnailUrl\":\"https:\\\/\\\/tre-online.com\\\/wp-content\\\/uploads\\\/2020\\\/12\\\/pelvic-lift-TRE-Omnibalance.jpg\",\"datePublished\":\"2024-01-17T19:23:37+00:00\",\"dateModified\":\"2024-07-18T13:41:35+00:00\",\"breadcrumb\":{\"@id\":\"https:\\\/\\\/tre-online.com\\\/product\\\/tre-bundle-6-sessions\\\/#breadcrumb\"},\"inLanguage\":\"cs\",\"potentialAction\":[{\"@type\":\"ReadAction\",\"target\":[\"https:\\\/\\\/tre-online.com\\\/product\\\/tre-bundle-6-sessions\\\/\"]}]},{\"@type\":\"ImageObject\",\"inLanguage\":\"cs\",\"@id\":\"https:\\\/\\\/tre-online.com\\\/product\\\/tre-bundle-6-sessions\\\/#primaryimage\",\"url\":\"https:\\\/\\\/tre-online.com\\\/wp-content\\\/uploads\\\/2020\\\/12\\\/pelvic-lift-TRE-Omnibalance.jpg\",\"contentUrl\":\"https:\\\/\\\/tre-online.com\\\/wp-content\\\/uploads\\\/2020\\\/12\\\/pelvic-lift-TRE-Omnibalance.jpg\",\"width\":1600,\"height\":1067,\"caption\":\"TRE, Tension Release, weight loss, fitness, muscular power, perfect shape, flexibility, yoga, pilates. overweight woman doing static bridge exercise to get six-pack abs and strong back\"},{\"@type\":\"BreadcrumbList\",\"@id\":\"https:\\\/\\\/tre-online.com\\\/product\\\/tre-bundle-6-sessions\\\/#breadcrumb\",\"itemListElement\":[{\"@type\":\"ListItem\",\"position\":1,\"name\":\"Home\",\"item\":\"https:\\\/\\\/tre-online.com\\\/\"},{\"@type\":\"ListItem\",\"position\":2,\"name\":\"TRE\u00ae Online Store\",\"item\":\"https:\\\/\\\/tre-online.com\\\/store\\\/\"},{\"@type\":\"ListItem\",\"position\":3,\"name\":\"Online TRE\u00ae Session Bundle; Support 6 x shorter sessions\"}]},{\"@type\":\"WebSite\",\"@id\":\"https:\\\/\\\/tre-online.com\\\/#website\",\"url\":\"https:\\\/\\\/tre-online.com\\\/\",\"name\":\"TRE\u00ae Tension Releasing Exercises\",\"description\":\"Release Your Body - Release Your Mind\",\"publisher\":{\"@id\":\"https:\\\/\\\/tre-online.com\\\/#organization\"},\"potentialAction\":[{\"@type\":\"SearchAction\",\"target\":{\"@type\":\"EntryPoint\",\"urlTemplate\":\"https:\\\/\\\/tre-online.com\\\/?s={search_term_string}\"},\"query-input\":{\"@type\":\"PropertyValueSpecification\",\"valueRequired\":true,\"valueName\":\"search_term_string\"}}],\"inLanguage\":\"cs\"},{\"@type\":\"Organization\",\"@id\":\"https:\\\/\\\/tre-online.com\\\/#organization\",\"name\":\"TRE\u00ae Tension Releasing Exercises\",\"url\":\"https:\\\/\\\/tre-online.com\\\/\",\"logo\":{\"@type\":\"ImageObject\",\"inLanguage\":\"cs\",\"@id\":\"https:\\\/\\\/tre-online.com\\\/#\\\/schema\\\/logo\\\/image\\\/\",\"url\":\"https:\\\/\\\/tre-online.com\\\/wp-content\\\/uploads\\\/2021\\\/02\\\/TRE-online-logo-size-optimzed.png\",\"contentUrl\":\"https:\\\/\\\/tre-online.com\\\/wp-content\\\/uploads\\\/2021\\\/02\\\/TRE-online-logo-size-optimzed.png\",\"width\":400,\"height\":397,\"caption\":\"TRE\u00ae Tension Releasing Exercises\"},\"image\":{\"@id\":\"https:\\\/\\\/tre-online.com\\\/#\\\/schema\\\/logo\\\/image\\\/\"},\"sameAs\":[\"https:\\\/\\\/www.facebook.com\\\/onlineTRE\",\"https:\\\/\\\/www.instagram.com\\\/online_tre\\\/\"]}]}<\/script>\n<!-- \/ Yoast SEO plugin. -->","yoast_head_json":{"title":"Online bal\u00ed\u010dek sezen\u00ed TRE\u00ae; podpora 6 x krat\u0161\u00ed sezen\u00ed - Cvi\u010den\u00ed na uvoln\u011bn\u00ed nap\u011bt\u00ed TRE\u00ae","robots":{"index":"index","follow":"follow","max-snippet":"max-snippet:-1","max-image-preview":"max-image-preview:large","max-video-preview":"max-video-preview:-1"},"canonical":"https:\/\/tre-online.com\/cs\/product\/tre-bundle-6-sezeni\/","og_locale":"cs_CZ","og_type":"article","og_title":"Online TRE\u00ae Session Bundle; Support 6 x shorter sessions - TRE\u00ae Tension Releasing Exercises","og_description":"Can only be purchased by people that have earlier worked with Deva Laya in longer sessions, or attended a Module-weekend. In this follow up support bundle, you have 6 sessions included: 2 x 45 minutes 4 x 30 minuted","og_url":"https:\/\/tre-online.com\/cs\/product\/tre-bundle-6-sezeni\/","og_site_name":"TRE\u00ae Tension Releasing Exercises","article_publisher":"https:\/\/www.facebook.com\/onlineTRE","article_modified_time":"2024-07-18T13:41:35+00:00","og_image":[{"width":1600,"height":1067,"url":"https:\/\/tre-online.com\/wp-content\/uploads\/2020\/12\/pelvic-lift-TRE-Omnibalance.jpg","type":"image\/jpeg"}],"twitter_card":"summary_large_image","twitter_misc":{"Odhadovan\u00e1 doba \u010dten\u00ed":"1 minuta"},"schema":{"@context":"https:\/\/schema.org","@graph":[{"@type":"WebPage","@id":"https:\/\/tre-online.com\/product\/tre-bundle-6-sessions\/","url":"https:\/\/tre-online.com\/product\/tre-bundle-6-sessions\/","name":"Online bal\u00ed\u010dek sezen\u00ed TRE\u00ae; podpora 6 x krat\u0161\u00ed sezen\u00ed - Cvi\u010den\u00ed na uvoln\u011bn\u00ed nap\u011bt\u00ed TRE\u00ae","isPartOf":{"@id":"https:\/\/tre-online.com\/#website"},"primaryImageOfPage":{"@id":"https:\/\/tre-online.com\/product\/tre-bundle-6-sessions\/#primaryimage"},"image":{"@id":"https:\/\/tre-online.com\/product\/tre-bundle-6-sessions\/#primaryimage"},"thumbnailUrl":"https:\/\/tre-online.com\/wp-content\/uploads\/2020\/12\/pelvic-lift-TRE-Omnibalance.jpg","datePublished":"2024-01-17T19:23:37+00:00","dateModified":"2024-07-18T13:41:35+00:00","breadcrumb":{"@id":"https:\/\/tre-online.com\/product\/tre-bundle-6-sessions\/#breadcrumb"},"inLanguage":"cs","potentialAction":[{"@type":"ReadAction","target":["https:\/\/tre-online.com\/product\/tre-bundle-6-sessions\/"]}]},{"@type":"ImageObject","inLanguage":"cs","@id":"https:\/\/tre-online.com\/product\/tre-bundle-6-sessions\/#primaryimage","url":"https:\/\/tre-online.com\/wp-content\/uploads\/2020\/12\/pelvic-lift-TRE-Omnibalance.jpg","contentUrl":"https:\/\/tre-online.com\/wp-content\/uploads\/2020\/12\/pelvic-lift-TRE-Omnibalance.jpg","width":1600,"height":1067,"caption":"TRE, Tension Release, weight loss, fitness, muscular power, perfect shape, flexibility, yoga, pilates. overweight woman doing static bridge exercise to get six-pack abs and strong back"},{"@type":"BreadcrumbList","@id":"https:\/\/tre-online.com\/product\/tre-bundle-6-sessions\/#breadcrumb","itemListElement":[{"@type":"ListItem","position":1,"name":"Home","item":"https:\/\/tre-online.com\/"},{"@type":"ListItem","position":2,"name":"TRE\u00ae Online Store","item":"https:\/\/tre-online.com\/store\/"},{"@type":"ListItem","position":3,"name":"Online TRE\u00ae Session Bundle; Support 6 x shorter sessions"}]},{"@type":"WebSite","@id":"https:\/\/tre-online.com\/#website","url":"https:\/\/tre-online.com\/","name":"Cvi\u010den\u00ed na uvoln\u011bn\u00ed nap\u011bt\u00ed TRE\u00ae","description":"Uvoln\u011bte sv\u00e9 t\u011blo - uvoln\u011bte svou mysl","publisher":{"@id":"https:\/\/tre-online.com\/#organization"},"potentialAction":[{"@type":"SearchAction","target":{"@type":"EntryPoint","urlTemplate":"https:\/\/tre-online.com\/?s={search_term_string}"},"query-input":{"@type":"PropertyValueSpecification","valueRequired":true,"valueName":"search_term_string"}}],"inLanguage":"cs"},{"@type":"Organization","@id":"https:\/\/tre-online.com\/#organization","name":"Cvi\u010den\u00ed na uvoln\u011bn\u00ed nap\u011bt\u00ed TRE\u00ae","url":"https:\/\/tre-online.com\/","logo":{"@type":"ImageObject","inLanguage":"cs","@id":"https:\/\/tre-online.com\/#\/schema\/logo\/image\/","url":"https:\/\/tre-online.com\/wp-content\/uploads\/2021\/02\/TRE-online-logo-size-optimzed.png","contentUrl":"https:\/\/tre-online.com\/wp-content\/uploads\/2021\/02\/TRE-online-logo-size-optimzed.png","width":400,"height":397,"caption":"TRE\u00ae Tension Releasing Exercises"},"image":{"@id":"https:\/\/tre-online.com\/#\/schema\/logo\/image\/"},"sameAs":["https:\/\/www.facebook.com\/onlineTRE","https:\/\/www.instagram.com\/online_tre\/"]}]}},"_links":{"self":[{"href":"https:\/\/tre-online.com\/cs\/wp-json\/wp\/v2\/product\/6182","targetHints":{"allow":["GET"]}}],"collection":[{"href":"https:\/\/tre-online.com\/cs\/wp-json\/wp\/v2\/product"}],"about":[{"href":"https:\/\/tre-online.com\/cs\/wp-json\/wp\/v2\/types\/product"}],"replies":[{"embeddable":true,"href":"https:\/\/tre-online.com\/cs\/wp-json\/wp\/v2\/comments?post=6182"}],"wp:featuredmedia":[{"embeddable":true,"href":"https:\/\/tre-online.com\/cs\/wp-json\/wp\/v2\/media\/2495"}],"wp:attachment":[{"href":"https:\/\/tre-online.com\/cs\/wp-json\/wp\/v2\/media?parent=6182"}],"wp:term":[{"taxonomy":"product_brand","embeddable":true,"href":"https:\/\/tre-online.com\/cs\/wp-json\/wp\/v2\/product_brand?post=6182"},{"taxonomy":"product_cat","embeddable":true,"href":"https:\/\/tre-online.com\/cs\/wp-json\/wp\/v2\/product_cat?post=6182"},{"taxonomy":"product_tag","embeddable":true,"href":"https:\/\/tre-online.com\/cs\/wp-json\/wp\/v2\/product_tag?post=6182"}],"curies":[{"name":"wp","href":"https:\/\/api.w.org\/{rel}","templated":true}]}}