{"id":17,"date":"2019-09-07T12:45:38","date_gmt":"2019-09-07T12:45:38","guid":{"rendered":"https:\/\/rrygm.beeweb-green.io\/?page_id=17"},"modified":"2025-07-31T12:25:35","modified_gmt":"2025-07-31T10:25:35","slug":"tren-en-tre","status":"publish","type":"page","link":"https:\/\/tre-online.com\/es\/train-in-tre\/","title":{"rendered":"Entrenar en TRE"},"content":{"rendered":"<p class=\"has-background\" style=\"background-color:#def4f7\"><strong><em>Hasta 2020, el proceso de certificaci\u00f3n para convertirse en proveedor certificado de TRE\u00ae es la formaci\u00f3n presencial, con la posibilidad de completar las sesiones de supervisi\u00f3n requeridas como parte del proceso de formaci\u00f3n en su totalidad como sesi\u00f3n en l\u00ednea.<\/em><\/strong> <br><br><strong><em>Estamos encantados de ofrecer la Formaci\u00f3n Online aqu\u00ed en TRE\u00ae Online. Encontrar\u00e1 los requisitos del programa <a href=\"https:\/\/tre-online.com\/es\/online-certification-training\/\">aqu\u00ed<\/a>.<\/em><\/strong><\/p>\n\n\n\n<p>\u00bfYa practica TRE\u00ae y desea convertirse en proveedor certificado de TRE\u00ae para ense\u00f1ar TRE\u00ae a particulares y grupos reducidos?<\/p>\n\n\n\n<p><strong>Para obtener la certificaci\u00f3n de proveedor TRE<\/strong>Adem\u00e1s, deber\u00e1 asistir a seis jornadas de formaci\u00f3n obligatorias (divididas en dos o tres m\u00f3dulos), ser supervisado a lo largo de todo el proceso, leer la bibliograf\u00eda exigida y hacer un seguimiento de las tareas requeridas. <\/p>\n\n\n\n<p><\/p>\n\n\n\n<div class=\"wp-block-columns is-layout-flex wp-container-core-columns-is-layout-9d6595d7 wp-block-columns-is-layout-flex\">\n<div class=\"wp-block-column is-layout-flow wp-block-column-is-layout-flow\" style=\"flex-basis:66.66%\">\n<p>Siempre puedes asistir al primer M\u00f3dulo sin ning\u00fan compromiso de seguir el proceso de certificaci\u00f3n como Proveedor de TRE\u00ae. Tienes que seguir el proceso de Certificaci\u00f3n Global para poder seguir ense\u00f1ando TRE\u00ae a personas y grupos peque\u00f1os. Se requiere una sesi\u00f3n de supervisi\u00f3n entre el M\u00f3dulo 1 y el M\u00f3dulo 2, as\u00ed como despu\u00e9s del M\u00f3dulo 3, antes de poder completar la certificaci\u00f3n. El proceso se completa entre 12 y 18 meses desde el inicio del M\u00f3dulo 1. Los d\u00edas de taller obligatorios deben tomarse como UN PROGRAMA con el mismo Formador de Certificaci\u00f3n TRE\u00ae, no pueden tomarse como m\u00f3dulos independientes. El Programa de Certificaci\u00f3n TRE\u00ae es un programa basado en habilidades y competencias. Se te proporcionar\u00e1 un esquema detallado antes de decidir si deseas realizar el programa completo.<br> <br>Puede descargar los requisitos oficiales del programa TRE\u00ae PARA TODOS aqu\u00ed<\/p>\n\n\n\n<figure class=\"wp-block-image size-large\"><a href=\"https:\/\/rrygm.beeweb-green.io\/wp-content\/uploads\/2020\/05\/bigstock-fitness-sport-and-healthy-lif-193252192-scaled.jpg\"><img fetchpriority=\"high\" decoding=\"async\" width=\"1024\" height=\"683\" src=\"https:\/\/rrygm.beeweb-green.io\/wp-content\/uploads\/2020\/05\/bigstock-fitness-sport-and-healthy-lif-193252192-1024x683.jpg\" alt=\"\" class=\"wp-image-2137\" srcset=\"https:\/\/tre-online.com\/wp-content\/uploads\/2020\/05\/bigstock-fitness-sport-and-healthy-lif-193252192-1024x683.jpg 1024w, https:\/\/tre-online.com\/wp-content\/uploads\/2020\/05\/bigstock-fitness-sport-and-healthy-lif-193252192-scaled-200x133.jpg 200w, https:\/\/tre-online.com\/wp-content\/uploads\/2020\/05\/bigstock-fitness-sport-and-healthy-lif-193252192-300x200.jpg 300w, https:\/\/tre-online.com\/wp-content\/uploads\/2020\/05\/bigstock-fitness-sport-and-healthy-lif-193252192-768x512.jpg 768w, https:\/\/tre-online.com\/wp-content\/uploads\/2020\/05\/bigstock-fitness-sport-and-healthy-lif-193252192-1536x1024.jpg 1536w, https:\/\/tre-online.com\/wp-content\/uploads\/2020\/05\/bigstock-fitness-sport-and-healthy-lif-193252192-2048x1365.jpg 2048w, https:\/\/tre-online.com\/wp-content\/uploads\/2020\/05\/bigstock-fitness-sport-and-healthy-lif-193252192-600x400.jpg 600w, https:\/\/tre-online.com\/wp-content\/uploads\/2020\/05\/bigstock-fitness-sport-and-healthy-lif-193252192-90x60.jpg 90w, https:\/\/tre-online.com\/wp-content\/uploads\/2020\/05\/bigstock-fitness-sport-and-healthy-lif-193252192-scaled-400x267.jpg 400w\" sizes=\"(max-width: 1024px) 100vw, 1024px\" \/><\/a><\/figure>\n<\/div>\n\n\n\n<div class=\"wp-block-column is-layout-flow wp-block-column-is-layout-flow\" style=\"flex-basis:33.33%\">\n<div data-wp-interactive=\"core\/file\" class=\"wp-block-file\"><object data-wp-bind--hidden=\"!state.hasPdfPreview\" hidden class=\"wp-block-file__embed\" data=\"https:\/\/rrygm.beeweb-green.io\/wp-content\/uploads\/2022\/12\/TFA-GLOBAL-CERTIFICATION-TRAINING-PROGRAM_Nov-2022.pdf\" type=\"application\/pdf\" style=\"width:100%;height:600px\" aria-label=\"Incrustado de TFA-GLOBAL-CERTIFICATION-TRAINING-PROGRAM_Nov-2022.\"><\/object><a id=\"wp-block-file--media-fdc29f78-68ae-48a8-963c-e57db12fb780\" href=\"https:\/\/rrygm.beeweb-green.io\/wp-content\/uploads\/2022\/12\/TFA-GLOBAL-CERTIFICATION-TRAINING-PROGRAM_Nov-2022.pdf\">TFA-GLOBAL-CERTIFICATION-TRAINING-PROGRAM_Nov-2022<\/a><a href=\"https:\/\/rrygm.beeweb-green.io\/wp-content\/uploads\/2022\/12\/TFA-GLOBAL-CERTIFICATION-TRAINING-PROGRAM_Nov-2022.pdf\" class=\"wp-block-file__button wp-element-button\" download aria-describedby=\"wp-block-file--media-fdc29f78-68ae-48a8-963c-e57db12fb780\">Descargar<\/a><\/div>\n<\/div>\n<\/div>\n\n\n\n<p>El programa de formaci\u00f3n para la certificaci\u00f3n TRE\u00ae permite a personas de diversos \u00e1mbitos profesionales y educativos aprender a ense\u00f1ar TRE\u00ae de forma segura y eficaz. Nuestro programa de certificaci\u00f3n multidisciplinar permite a personas procedentes de diversos \u00e1mbitos profesionales y personales convertirse en profesores certificados competentes y profesionales del proceso TRE\u00ae.<\/p>\n\n\n\n<p><em>Todas las personas certificadas como proveedores de TRE\u00ae pueden figurar en <\/em><a href=\"http:\/\/www.traumaprevention.com\">www.traumaprevention.com<\/a> <em>y s\u00f3lo deber\u00eda recibir orientaci\u00f3n sobre TRE\u00ae de estas personas. Esperamos que esto proporcione un elemento de seguridad y comodidad a quienes buscan proveedores certificados y cualificados de los que aprender TRE\u00ae.<\/em><\/p>\n\n\n\n<p>Los cursos de formaci\u00f3n impartidos en Europa por OmniBalance AB se encuentran en <a href=\"https:\/\/tre-online.com\/es\/acontecimientos-2\/\">eventos<\/a> o en <a href=\"http:\/\/www.omnibalance.co\">www.omnibalance.co<\/a><\/p>\n\n\n\n<div class=\"wp-block-buttons is-content-justification-space-between is-layout-flex wp-container-core-buttons-is-layout-3d213aab wp-block-buttons-is-layout-flex\">\n<div class=\"wp-block-button aligncenter is-style-fill\"><a class=\"wp-block-button__link has-white-color has-text-color has-background wp-element-button\" href=\"https:\/\/tre-online.com\/es\/tre-formacion-en-certificacion-en-linea\/\" style=\"border-radius:10px;background:linear-gradient(135deg,rgb(134,209,214) 0%,rgb(182,227,212) 50%,rgb(134,209,214) 100%)\" target=\"_blank\" rel=\"noreferrer noopener\"> FORMACI\u00d3N EN L\u00cdNEA<\/a><\/div>\n\n\n\n<div class=\"wp-block-button aligncenter is-style-fill\"><a class=\"wp-block-button__link has-background wp-element-button\" href=\"https:\/\/tre-online.com\/es\/formacion-para-la-certificacion-in-situ\/\" style=\"border-radius:10px;background:linear-gradient(135deg,rgb(0,91,125) 0%,rgb(51,144,171) 50%,rgb(0,91,125) 97%)\" target=\"_blank\" rel=\"noreferrer noopener\">FORMACI\u00d3N IN SITU<\/a><\/div>\n<\/div>","protected":false},"excerpt":{"rendered":"<p>Up until 2020, the Certification Process to become a Certified TRE\u00ae Provider is on-site training, with possibility to complete required supervision sessions as a part of the training process fully as online session. We are happy to be offering the Online Trainings here at TRE\u00ae Online. You&#8217;ll find program requirements here. Are you already practicing &hellip; <\/p>","protected":false},"author":1,"featured_media":0,"parent":0,"menu_order":0,"comment_status":"closed","ping_status":"closed","template":"","meta":{"_acf_changed":false,"footnotes":""},"class_list":["post-17","page","type-page","status-publish","hentry","grid-sizer","latest_post"],"acf":[],"yoast_head":"<!-- This site is optimized with the Yoast SEO plugin v27.4 - https:\/\/yoast.com\/product\/yoast-seo-wordpress\/ -->\n<title>Train in TRE\u00ae - TRE\u00ae Tension Releasing Exercises<\/title>\n<meta name=\"description\" content=\"Are you interested in getting Certified TRE Provider? Tension &amp; Trauma Releasing exercises online offers Training onsite and online.\" \/>\n<meta name=\"robots\" content=\"index, follow, max-snippet:-1, max-image-preview:large, max-video-preview:-1\" \/>\n<link rel=\"canonical\" href=\"https:\/\/tre-online.com\/es\/tren-en-tre\/\" \/>\n<meta property=\"og:locale\" content=\"es_ES\" \/>\n<meta property=\"og:type\" content=\"article\" \/>\n<meta property=\"og:title\" content=\"Train in TRE\u00ae - TRE\u00ae Tension Releasing Exercises\" \/>\n<meta property=\"og:description\" content=\"Are you interested in getting Certified TRE Provider? Tension &amp; Trauma Releasing exercises online offers Training onsite and online.\" \/>\n<meta property=\"og:url\" content=\"https:\/\/tre-online.com\/es\/tren-en-tre\/\" \/>\n<meta property=\"og:site_name\" content=\"TRE\u00ae Tension Releasing Exercises\" \/>\n<meta property=\"article:publisher\" content=\"https:\/\/www.facebook.com\/onlineTRE\" \/>\n<meta property=\"article:modified_time\" content=\"2025-07-31T10:25:35+00:00\" \/>\n<meta property=\"og:image\" content=\"https:\/\/tre-online.com\/wp-content\/uploads\/2020\/05\/bigstock-fitness-sport-and-healthy-lif-193252192-scaled.jpg\" \/>\n\t<meta property=\"og:image:width\" content=\"2560\" \/>\n\t<meta property=\"og:image:height\" content=\"1707\" \/>\n\t<meta property=\"og:image:type\" content=\"image\/jpeg\" \/>\n<meta name=\"twitter:card\" content=\"summary_large_image\" \/>\n<meta name=\"twitter:label1\" content=\"Tiempo de lectura\" \/>\n\t<meta name=\"twitter:data1\" content=\"2 minutos\" \/>\n<script type=\"application\/ld+json\" class=\"yoast-schema-graph\">{\"@context\":\"https:\\\/\\\/schema.org\",\"@graph\":[{\"@type\":\"WebPage\",\"@id\":\"https:\\\/\\\/tre-online.com\\\/train-in-tre\\\/\",\"url\":\"https:\\\/\\\/tre-online.com\\\/train-in-tre\\\/\",\"name\":\"Train in TRE\u00ae - TRE\u00ae Tension Releasing Exercises\",\"isPartOf\":{\"@id\":\"https:\\\/\\\/tre-online.com\\\/#website\"},\"primaryImageOfPage\":{\"@id\":\"https:\\\/\\\/tre-online.com\\\/train-in-tre\\\/#primaryimage\"},\"image\":{\"@id\":\"https:\\\/\\\/tre-online.com\\\/train-in-tre\\\/#primaryimage\"},\"thumbnailUrl\":\"https:\\\/\\\/rrygm.beeweb-green.io\\\/wp-content\\\/uploads\\\/2020\\\/05\\\/bigstock-fitness-sport-and-healthy-lif-193252192-1024x683.jpg\",\"datePublished\":\"2019-09-07T12:45:38+00:00\",\"dateModified\":\"2025-07-31T10:25:35+00:00\",\"description\":\"Are you interested in getting Certified TRE Provider? Tension & Trauma Releasing exercises online offers Training onsite and online.\",\"breadcrumb\":{\"@id\":\"https:\\\/\\\/tre-online.com\\\/train-in-tre\\\/#breadcrumb\"},\"inLanguage\":\"es\",\"potentialAction\":[{\"@type\":\"ReadAction\",\"target\":[\"https:\\\/\\\/tre-online.com\\\/train-in-tre\\\/\"]}]},{\"@type\":\"ImageObject\",\"inLanguage\":\"es\",\"@id\":\"https:\\\/\\\/tre-online.com\\\/train-in-tre\\\/#primaryimage\",\"url\":\"https:\\\/\\\/rrygm.beeweb-green.io\\\/wp-content\\\/uploads\\\/2020\\\/05\\\/bigstock-fitness-sport-and-healthy-lif-193252192-1024x683.jpg\",\"contentUrl\":\"https:\\\/\\\/rrygm.beeweb-green.io\\\/wp-content\\\/uploads\\\/2020\\\/05\\\/bigstock-fitness-sport-and-healthy-lif-193252192-1024x683.jpg\"},{\"@type\":\"BreadcrumbList\",\"@id\":\"https:\\\/\\\/tre-online.com\\\/train-in-tre\\\/#breadcrumb\",\"itemListElement\":[{\"@type\":\"ListItem\",\"position\":1,\"name\":\"Home\",\"item\":\"https:\\\/\\\/tre-online.com\\\/\"},{\"@type\":\"ListItem\",\"position\":2,\"name\":\"Train in TRE\u00ae\"}]},{\"@type\":\"WebSite\",\"@id\":\"https:\\\/\\\/tre-online.com\\\/#website\",\"url\":\"https:\\\/\\\/tre-online.com\\\/\",\"name\":\"TRE\u00ae Tension Releasing Exercises\",\"description\":\"Release Your Body - Release Your Mind\",\"publisher\":{\"@id\":\"https:\\\/\\\/tre-online.com\\\/#organization\"},\"potentialAction\":[{\"@type\":\"SearchAction\",\"target\":{\"@type\":\"EntryPoint\",\"urlTemplate\":\"https:\\\/\\\/tre-online.com\\\/?s={search_term_string}\"},\"query-input\":{\"@type\":\"PropertyValueSpecification\",\"valueRequired\":true,\"valueName\":\"search_term_string\"}}],\"inLanguage\":\"es\"},{\"@type\":\"Organization\",\"@id\":\"https:\\\/\\\/tre-online.com\\\/#organization\",\"name\":\"TRE\u00ae Tension Releasing Exercises\",\"url\":\"https:\\\/\\\/tre-online.com\\\/\",\"logo\":{\"@type\":\"ImageObject\",\"inLanguage\":\"es\",\"@id\":\"https:\\\/\\\/tre-online.com\\\/#\\\/schema\\\/logo\\\/image\\\/\",\"url\":\"https:\\\/\\\/tre-online.com\\\/wp-content\\\/uploads\\\/2021\\\/02\\\/TRE-online-logo-size-optimzed.png\",\"contentUrl\":\"https:\\\/\\\/tre-online.com\\\/wp-content\\\/uploads\\\/2021\\\/02\\\/TRE-online-logo-size-optimzed.png\",\"width\":400,\"height\":397,\"caption\":\"TRE\u00ae Tension Releasing Exercises\"},\"image\":{\"@id\":\"https:\\\/\\\/tre-online.com\\\/#\\\/schema\\\/logo\\\/image\\\/\"},\"sameAs\":[\"https:\\\/\\\/www.facebook.com\\\/onlineTRE\",\"https:\\\/\\\/www.instagram.com\\\/online_tre\\\/\"]}]}<\/script>\n<!-- \/ Yoast SEO plugin. -->","yoast_head_json":{"title":"Entrenar en TRE\u00ae - Ejercicios TRE\u00ae para liberar tensiones","description":"\u00bfEst\u00e1 interesado en obtener la certificaci\u00f3n TRE Provider? Tension &amp; Trauma Releasing exercises online ofrece formaci\u00f3n presencial y online.","robots":{"index":"index","follow":"follow","max-snippet":"max-snippet:-1","max-image-preview":"max-image-preview:large","max-video-preview":"max-video-preview:-1"},"canonical":"https:\/\/tre-online.com\/es\/tren-en-tre\/","og_locale":"es_ES","og_type":"article","og_title":"Train in TRE\u00ae - TRE\u00ae Tension Releasing Exercises","og_description":"Are you interested in getting Certified TRE Provider? Tension & Trauma Releasing exercises online offers Training onsite and online.","og_url":"https:\/\/tre-online.com\/es\/tren-en-tre\/","og_site_name":"TRE\u00ae Tension Releasing Exercises","article_publisher":"https:\/\/www.facebook.com\/onlineTRE","article_modified_time":"2025-07-31T10:25:35+00:00","og_image":[{"width":2560,"height":1707,"url":"https:\/\/tre-online.com\/wp-content\/uploads\/2020\/05\/bigstock-fitness-sport-and-healthy-lif-193252192-scaled.jpg","type":"image\/jpeg"}],"twitter_card":"summary_large_image","twitter_misc":{"Tiempo de lectura":"2 minutos"},"schema":{"@context":"https:\/\/schema.org","@graph":[{"@type":"WebPage","@id":"https:\/\/tre-online.com\/train-in-tre\/","url":"https:\/\/tre-online.com\/train-in-tre\/","name":"Entrenar en TRE\u00ae - Ejercicios TRE\u00ae para liberar tensiones","isPartOf":{"@id":"https:\/\/tre-online.com\/#website"},"primaryImageOfPage":{"@id":"https:\/\/tre-online.com\/train-in-tre\/#primaryimage"},"image":{"@id":"https:\/\/tre-online.com\/train-in-tre\/#primaryimage"},"thumbnailUrl":"https:\/\/rrygm.beeweb-green.io\/wp-content\/uploads\/2020\/05\/bigstock-fitness-sport-and-healthy-lif-193252192-1024x683.jpg","datePublished":"2019-09-07T12:45:38+00:00","dateModified":"2025-07-31T10:25:35+00:00","description":"\u00bfEst\u00e1 interesado en obtener la certificaci\u00f3n TRE Provider? Tension &amp; Trauma Releasing exercises online ofrece formaci\u00f3n presencial y online.","breadcrumb":{"@id":"https:\/\/tre-online.com\/train-in-tre\/#breadcrumb"},"inLanguage":"es","potentialAction":[{"@type":"ReadAction","target":["https:\/\/tre-online.com\/train-in-tre\/"]}]},{"@type":"ImageObject","inLanguage":"es","@id":"https:\/\/tre-online.com\/train-in-tre\/#primaryimage","url":"https:\/\/rrygm.beeweb-green.io\/wp-content\/uploads\/2020\/05\/bigstock-fitness-sport-and-healthy-lif-193252192-1024x683.jpg","contentUrl":"https:\/\/rrygm.beeweb-green.io\/wp-content\/uploads\/2020\/05\/bigstock-fitness-sport-and-healthy-lif-193252192-1024x683.jpg"},{"@type":"BreadcrumbList","@id":"https:\/\/tre-online.com\/train-in-tre\/#breadcrumb","itemListElement":[{"@type":"ListItem","position":1,"name":"Home","item":"https:\/\/tre-online.com\/"},{"@type":"ListItem","position":2,"name":"Train in TRE\u00ae"}]},{"@type":"WebSite","@id":"https:\/\/tre-online.com\/#website","url":"https:\/\/tre-online.com\/","name":"TRE\u00ae Ejercicios para liberar la tensi\u00f3n","description":"Libera tu cuerpo - Libera tu mente","publisher":{"@id":"https:\/\/tre-online.com\/#organization"},"potentialAction":[{"@type":"SearchAction","target":{"@type":"EntryPoint","urlTemplate":"https:\/\/tre-online.com\/?s={search_term_string}"},"query-input":{"@type":"PropertyValueSpecification","valueRequired":true,"valueName":"search_term_string"}}],"inLanguage":"es"},{"@type":"Organization","@id":"https:\/\/tre-online.com\/#organization","name":"TRE\u00ae Ejercicios para liberar la tensi\u00f3n","url":"https:\/\/tre-online.com\/","logo":{"@type":"ImageObject","inLanguage":"es","@id":"https:\/\/tre-online.com\/#\/schema\/logo\/image\/","url":"https:\/\/tre-online.com\/wp-content\/uploads\/2021\/02\/TRE-online-logo-size-optimzed.png","contentUrl":"https:\/\/tre-online.com\/wp-content\/uploads\/2021\/02\/TRE-online-logo-size-optimzed.png","width":400,"height":397,"caption":"TRE\u00ae Tension Releasing Exercises"},"image":{"@id":"https:\/\/tre-online.com\/#\/schema\/logo\/image\/"},"sameAs":["https:\/\/www.facebook.com\/onlineTRE","https:\/\/www.instagram.com\/online_tre\/"]}]}},"_links":{"self":[{"href":"https:\/\/tre-online.com\/es\/wp-json\/wp\/v2\/pages\/17","targetHints":{"allow":["GET"]}}],"collection":[{"href":"https:\/\/tre-online.com\/es\/wp-json\/wp\/v2\/pages"}],"about":[{"href":"https:\/\/tre-online.com\/es\/wp-json\/wp\/v2\/types\/page"}],"author":[{"embeddable":true,"href":"https:\/\/tre-online.com\/es\/wp-json\/wp\/v2\/users\/1"}],"replies":[{"embeddable":true,"href":"https:\/\/tre-online.com\/es\/wp-json\/wp\/v2\/comments?post=17"}],"version-history":[{"count":13,"href":"https:\/\/tre-online.com\/es\/wp-json\/wp\/v2\/pages\/17\/revisions"}],"predecessor-version":[{"id":7115,"href":"https:\/\/tre-online.com\/es\/wp-json\/wp\/v2\/pages\/17\/revisions\/7115"}],"wp:attachment":[{"href":"https:\/\/tre-online.com\/es\/wp-json\/wp\/v2\/media?parent=17"}],"curies":[{"name":"wp","href":"https:\/\/api.w.org\/{rel}","templated":true}]}}