{"id":6133,"date":"2024-01-07T18:30:00","date_gmt":"2024-01-07T17:30:00","guid":{"rendered":"https:\/\/tre-online.com\/?post_type=product&#038;p=6133"},"modified":"2024-01-15T19:59:42","modified_gmt":"2024-01-15T18:59:42","slug":"gctp-superviso-al-grupo-lider-de-tre-en-directo-en-linea","status":"publish","type":"product","link":"https:\/\/tre-online.com\/es\/product\/gctp-supervised-leading-tre-group-live-online\/","title":{"rendered":"Sesi\u00f3n GCTP Supervised Leading TRE\u00ae GROUP (EN VIVO) - Proceso de certificaci\u00f3n"},"content":{"rendered":"<p>&nbsp;<\/p>\n<p>S\u00f3lo puede ser reservado por proveedores de formaci\u00f3n TRE\u00ae.<br \/>\nSupervisa la sesi\u00f3n del Grupo TRE\u00ae en persona, y el supervisor observa EN DIRECTO ONLINE.<\/p>\n<p>El Aprendiz dispone de un m\u00e1ximo de 75 minutos para impartir la sesi\u00f3n TRE\u00ae a su grupo; inmediatamente despu\u00e9s, el Aprendiz TRE\u00ae se reunir\u00e1 con el Supervisor para debatir\/reflexionar\/retroalimentarse.<\/p>","protected":false},"excerpt":{"rendered":"<p>S\u00f3lo puede ser reservado por proveedores de formaci\u00f3n TRE\u00ae.<br \/>\n<strong>Ense\u00f1anza supervisada\/direcci\u00f3n de sesiones de grupo TRE\u00ae para alumnos TRE\u00ae en la 3\u00aa parte del programa de certificaci\u00f3n.<\/strong><\/p>\n<p>&nbsp;<\/p>","protected":false},"featured_media":2350,"comment_status":"closed","ping_status":"closed","template":"","meta":{"_acf_changed":false},"product_brand":[],"product_cat":[45],"product_tag":[72],"class_list":{"0":"post-6133","1":"product","2":"type-product","3":"status-publish","4":"has-post-thumbnail","6":"product_cat-supervision-sessions","7":"product_tag-tre-certification","8":"grid-sizer","9":"latest_post","11":"first","12":"instock","13":"virtual","14":"purchasable","15":"product-type-simple"},"acf":[],"yoast_head":"<!-- This site is optimized with the Yoast SEO plugin v27.4 - https:\/\/yoast.com\/product\/yoast-seo-wordpress\/ -->\n<title>GCTP Supervised Leading TRE\u00ae GROUP session (LIVE) - Certification process - TRE\u00ae Tension Releasing Exercises<\/title>\n<meta name=\"description\" content=\"Supervision session for TRE provider trainees going through the certification process. Supervision is given on teaching small groups.\" \/>\n<meta name=\"robots\" content=\"index, follow, max-snippet:-1, max-image-preview:large, max-video-preview:-1\" \/>\n<link rel=\"canonical\" href=\"https:\/\/tre-online.com\/es\/product\/gctp-superviso-al-grupo-lider-de-tre-en-directo-en-linea\/\" \/>\n<meta property=\"og:locale\" content=\"es_ES\" \/>\n<meta property=\"og:type\" content=\"article\" \/>\n<meta property=\"og:title\" content=\"GCTP Supervised Leading TRE\u00ae GROUP session (LIVE) - Certification process - TRE\u00ae Tension Releasing Exercises\" \/>\n<meta property=\"og:description\" content=\"Supervision session for TRE provider trainees going through the certification process. Supervision is given on teaching small groups.\" \/>\n<meta property=\"og:url\" content=\"https:\/\/tre-online.com\/es\/product\/gctp-superviso-al-grupo-lider-de-tre-en-directo-en-linea\/\" \/>\n<meta property=\"og:site_name\" content=\"TRE\u00ae Tension Releasing Exercises\" \/>\n<meta property=\"article:publisher\" content=\"https:\/\/www.facebook.com\/onlineTRE\" \/>\n<meta property=\"article:modified_time\" content=\"2024-01-15T18:59:42+00:00\" \/>\n<meta property=\"og:image\" content=\"https:\/\/tre-online.com\/wp-content\/uploads\/2020\/07\/AdobeStock_47041746-scaled.jpeg\" \/>\n\t<meta property=\"og:image:width\" content=\"2560\" \/>\n\t<meta property=\"og:image:height\" content=\"1544\" \/>\n\t<meta property=\"og:image:type\" content=\"image\/jpeg\" \/>\n<meta name=\"twitter:card\" content=\"summary_large_image\" \/>\n<meta name=\"twitter:label1\" content=\"Tiempo de lectura\" \/>\n\t<meta name=\"twitter:data1\" content=\"1 minuto\" \/>\n<script type=\"application\/ld+json\" class=\"yoast-schema-graph\">{\"@context\":\"https:\\\/\\\/schema.org\",\"@graph\":[{\"@type\":\"WebPage\",\"@id\":\"https:\\\/\\\/tre-online.com\\\/product\\\/gctp-supervised-leading-tre-group-live-online\\\/\",\"url\":\"https:\\\/\\\/tre-online.com\\\/product\\\/gctp-supervised-leading-tre-group-live-online\\\/\",\"name\":\"GCTP Supervised Leading TRE\u00ae GROUP session (LIVE) - Certification process - TRE\u00ae Tension Releasing Exercises\",\"isPartOf\":{\"@id\":\"https:\\\/\\\/tre-online.com\\\/#website\"},\"primaryImageOfPage\":{\"@id\":\"https:\\\/\\\/tre-online.com\\\/product\\\/gctp-supervised-leading-tre-group-live-online\\\/#primaryimage\"},\"image\":{\"@id\":\"https:\\\/\\\/tre-online.com\\\/product\\\/gctp-supervised-leading-tre-group-live-online\\\/#primaryimage\"},\"thumbnailUrl\":\"https:\\\/\\\/tre-online.com\\\/wp-content\\\/uploads\\\/2020\\\/07\\\/AdobeStock_47041746-scaled.jpeg\",\"datePublished\":\"2024-01-07T17:30:00+00:00\",\"dateModified\":\"2024-01-15T18:59:42+00:00\",\"description\":\"Supervision session for TRE provider trainees going through the certification process. Supervision is given on teaching small groups.\",\"breadcrumb\":{\"@id\":\"https:\\\/\\\/tre-online.com\\\/product\\\/gctp-supervised-leading-tre-group-live-online\\\/#breadcrumb\"},\"inLanguage\":\"es\",\"potentialAction\":[{\"@type\":\"ReadAction\",\"target\":[\"https:\\\/\\\/tre-online.com\\\/product\\\/gctp-supervised-leading-tre-group-live-online\\\/\"]}]},{\"@type\":\"ImageObject\",\"inLanguage\":\"es\",\"@id\":\"https:\\\/\\\/tre-online.com\\\/product\\\/gctp-supervised-leading-tre-group-live-online\\\/#primaryimage\",\"url\":\"https:\\\/\\\/tre-online.com\\\/wp-content\\\/uploads\\\/2020\\\/07\\\/AdobeStock_47041746-scaled.jpeg\",\"contentUrl\":\"https:\\\/\\\/tre-online.com\\\/wp-content\\\/uploads\\\/2020\\\/07\\\/AdobeStock_47041746-scaled.jpeg\",\"width\":2560,\"height\":1544},{\"@type\":\"BreadcrumbList\",\"@id\":\"https:\\\/\\\/tre-online.com\\\/product\\\/gctp-supervised-leading-tre-group-live-online\\\/#breadcrumb\",\"itemListElement\":[{\"@type\":\"ListItem\",\"position\":1,\"name\":\"Home\",\"item\":\"https:\\\/\\\/tre-online.com\\\/\"},{\"@type\":\"ListItem\",\"position\":2,\"name\":\"TRE\u00ae Online Store\",\"item\":\"https:\\\/\\\/tre-online.com\\\/store\\\/\"},{\"@type\":\"ListItem\",\"position\":3,\"name\":\"GCTP Supervised Leading TRE\u00ae GROUP session (LIVE) &#8211; Certification process\"}]},{\"@type\":\"WebSite\",\"@id\":\"https:\\\/\\\/tre-online.com\\\/#website\",\"url\":\"https:\\\/\\\/tre-online.com\\\/\",\"name\":\"TRE\u00ae Tension Releasing Exercises\",\"description\":\"Release Your Body - Release Your Mind\",\"publisher\":{\"@id\":\"https:\\\/\\\/tre-online.com\\\/#organization\"},\"potentialAction\":[{\"@type\":\"SearchAction\",\"target\":{\"@type\":\"EntryPoint\",\"urlTemplate\":\"https:\\\/\\\/tre-online.com\\\/?s={search_term_string}\"},\"query-input\":{\"@type\":\"PropertyValueSpecification\",\"valueRequired\":true,\"valueName\":\"search_term_string\"}}],\"inLanguage\":\"es\"},{\"@type\":\"Organization\",\"@id\":\"https:\\\/\\\/tre-online.com\\\/#organization\",\"name\":\"TRE\u00ae Tension Releasing Exercises\",\"url\":\"https:\\\/\\\/tre-online.com\\\/\",\"logo\":{\"@type\":\"ImageObject\",\"inLanguage\":\"es\",\"@id\":\"https:\\\/\\\/tre-online.com\\\/#\\\/schema\\\/logo\\\/image\\\/\",\"url\":\"https:\\\/\\\/tre-online.com\\\/wp-content\\\/uploads\\\/2021\\\/02\\\/TRE-online-logo-size-optimzed.png\",\"contentUrl\":\"https:\\\/\\\/tre-online.com\\\/wp-content\\\/uploads\\\/2021\\\/02\\\/TRE-online-logo-size-optimzed.png\",\"width\":400,\"height\":397,\"caption\":\"TRE\u00ae Tension Releasing Exercises\"},\"image\":{\"@id\":\"https:\\\/\\\/tre-online.com\\\/#\\\/schema\\\/logo\\\/image\\\/\"},\"sameAs\":[\"https:\\\/\\\/www.facebook.com\\\/onlineTRE\",\"https:\\\/\\\/www.instagram.com\\\/online_tre\\\/\"]}]}<\/script>\n<!-- \/ Yoast SEO plugin. -->","yoast_head_json":{"title":"Sesi\u00f3n grupal TRE\u00ae supervisada y dirigida por el GCTP (EN VIVO) - Proceso de certificaci\u00f3n - Ejercicios TRE\u00ae de liberaci\u00f3n de la tensi\u00f3n","description":"Sesi\u00f3n de supervisi\u00f3n para los proveedores de TRE que est\u00e1n en proceso de certificaci\u00f3n. Se supervisa la ense\u00f1anza a grupos peque\u00f1os.","robots":{"index":"index","follow":"follow","max-snippet":"max-snippet:-1","max-image-preview":"max-image-preview:large","max-video-preview":"max-video-preview:-1"},"canonical":"https:\/\/tre-online.com\/es\/product\/gctp-superviso-al-grupo-lider-de-tre-en-directo-en-linea\/","og_locale":"es_ES","og_type":"article","og_title":"GCTP Supervised Leading TRE\u00ae GROUP session (LIVE) - Certification process - TRE\u00ae Tension Releasing Exercises","og_description":"Supervision session for TRE provider trainees going through the certification process. Supervision is given on teaching small groups.","og_url":"https:\/\/tre-online.com\/es\/product\/gctp-superviso-al-grupo-lider-de-tre-en-directo-en-linea\/","og_site_name":"TRE\u00ae Tension Releasing Exercises","article_publisher":"https:\/\/www.facebook.com\/onlineTRE","article_modified_time":"2024-01-15T18:59:42+00:00","og_image":[{"width":2560,"height":1544,"url":"https:\/\/tre-online.com\/wp-content\/uploads\/2020\/07\/AdobeStock_47041746-scaled.jpeg","type":"image\/jpeg"}],"twitter_card":"summary_large_image","twitter_misc":{"Tiempo de lectura":"1 minuto"},"schema":{"@context":"https:\/\/schema.org","@graph":[{"@type":"WebPage","@id":"https:\/\/tre-online.com\/product\/gctp-supervised-leading-tre-group-live-online\/","url":"https:\/\/tre-online.com\/product\/gctp-supervised-leading-tre-group-live-online\/","name":"Sesi\u00f3n grupal TRE\u00ae supervisada y dirigida por el GCTP (EN VIVO) - Proceso de certificaci\u00f3n - Ejercicios TRE\u00ae de liberaci\u00f3n de la tensi\u00f3n","isPartOf":{"@id":"https:\/\/tre-online.com\/#website"},"primaryImageOfPage":{"@id":"https:\/\/tre-online.com\/product\/gctp-supervised-leading-tre-group-live-online\/#primaryimage"},"image":{"@id":"https:\/\/tre-online.com\/product\/gctp-supervised-leading-tre-group-live-online\/#primaryimage"},"thumbnailUrl":"https:\/\/tre-online.com\/wp-content\/uploads\/2020\/07\/AdobeStock_47041746-scaled.jpeg","datePublished":"2024-01-07T17:30:00+00:00","dateModified":"2024-01-15T18:59:42+00:00","description":"Sesi\u00f3n de supervisi\u00f3n para los proveedores de TRE que est\u00e1n en proceso de certificaci\u00f3n. Se supervisa la ense\u00f1anza a grupos peque\u00f1os.","breadcrumb":{"@id":"https:\/\/tre-online.com\/product\/gctp-supervised-leading-tre-group-live-online\/#breadcrumb"},"inLanguage":"es","potentialAction":[{"@type":"ReadAction","target":["https:\/\/tre-online.com\/product\/gctp-supervised-leading-tre-group-live-online\/"]}]},{"@type":"ImageObject","inLanguage":"es","@id":"https:\/\/tre-online.com\/product\/gctp-supervised-leading-tre-group-live-online\/#primaryimage","url":"https:\/\/tre-online.com\/wp-content\/uploads\/2020\/07\/AdobeStock_47041746-scaled.jpeg","contentUrl":"https:\/\/tre-online.com\/wp-content\/uploads\/2020\/07\/AdobeStock_47041746-scaled.jpeg","width":2560,"height":1544},{"@type":"BreadcrumbList","@id":"https:\/\/tre-online.com\/product\/gctp-supervised-leading-tre-group-live-online\/#breadcrumb","itemListElement":[{"@type":"ListItem","position":1,"name":"Home","item":"https:\/\/tre-online.com\/"},{"@type":"ListItem","position":2,"name":"TRE\u00ae Online Store","item":"https:\/\/tre-online.com\/store\/"},{"@type":"ListItem","position":3,"name":"GCTP Supervised Leading TRE\u00ae GROUP session (LIVE) &#8211; Certification process"}]},{"@type":"WebSite","@id":"https:\/\/tre-online.com\/#website","url":"https:\/\/tre-online.com\/","name":"TRE\u00ae Ejercicios para liberar la tensi\u00f3n","description":"Libera tu cuerpo - Libera tu mente","publisher":{"@id":"https:\/\/tre-online.com\/#organization"},"potentialAction":[{"@type":"SearchAction","target":{"@type":"EntryPoint","urlTemplate":"https:\/\/tre-online.com\/?s={search_term_string}"},"query-input":{"@type":"PropertyValueSpecification","valueRequired":true,"valueName":"search_term_string"}}],"inLanguage":"es"},{"@type":"Organization","@id":"https:\/\/tre-online.com\/#organization","name":"TRE\u00ae Ejercicios para liberar la tensi\u00f3n","url":"https:\/\/tre-online.com\/","logo":{"@type":"ImageObject","inLanguage":"es","@id":"https:\/\/tre-online.com\/#\/schema\/logo\/image\/","url":"https:\/\/tre-online.com\/wp-content\/uploads\/2021\/02\/TRE-online-logo-size-optimzed.png","contentUrl":"https:\/\/tre-online.com\/wp-content\/uploads\/2021\/02\/TRE-online-logo-size-optimzed.png","width":400,"height":397,"caption":"TRE\u00ae Tension Releasing Exercises"},"image":{"@id":"https:\/\/tre-online.com\/#\/schema\/logo\/image\/"},"sameAs":["https:\/\/www.facebook.com\/onlineTRE","https:\/\/www.instagram.com\/online_tre\/"]}]}},"_links":{"self":[{"href":"https:\/\/tre-online.com\/es\/wp-json\/wp\/v2\/product\/6133","targetHints":{"allow":["GET"]}}],"collection":[{"href":"https:\/\/tre-online.com\/es\/wp-json\/wp\/v2\/product"}],"about":[{"href":"https:\/\/tre-online.com\/es\/wp-json\/wp\/v2\/types\/product"}],"replies":[{"embeddable":true,"href":"https:\/\/tre-online.com\/es\/wp-json\/wp\/v2\/comments?post=6133"}],"wp:featuredmedia":[{"embeddable":true,"href":"https:\/\/tre-online.com\/es\/wp-json\/wp\/v2\/media\/2350"}],"wp:attachment":[{"href":"https:\/\/tre-online.com\/es\/wp-json\/wp\/v2\/media?parent=6133"}],"wp:term":[{"taxonomy":"product_brand","embeddable":true,"href":"https:\/\/tre-online.com\/es\/wp-json\/wp\/v2\/product_brand?post=6133"},{"taxonomy":"product_cat","embeddable":true,"href":"https:\/\/tre-online.com\/es\/wp-json\/wp\/v2\/product_cat?post=6133"},{"taxonomy":"product_tag","embeddable":true,"href":"https:\/\/tre-online.com\/es\/wp-json\/wp\/v2\/product_tag?post=6133"}],"curies":[{"name":"wp","href":"https:\/\/api.w.org\/{rel}","templated":true}]}}