{"id":17,"date":"2019-09-07T12:45:38","date_gmt":"2019-09-07T12:45:38","guid":{"rendered":"https:\/\/rrygm.beeweb-green.io\/?page_id=17"},"modified":"2025-07-31T12:25:35","modified_gmt":"2025-07-31T10:25:35","slug":"trene-i-tre","status":"publish","type":"page","link":"https:\/\/tre-online.com\/nb\/train-in-tre\/","title":{"rendered":"Tren i TRE\u00ae"},"content":{"rendered":"<p class=\"has-background\" style=\"background-color:#def4f7\"><strong><em>Frem til 2020 er sertifiseringsprosessen for \u00e5 bli en sertifisert TRE\u00ae-leverand\u00f8r oppl\u00e6ring p\u00e5 stedet, med mulighet for \u00e5 gjennomf\u00f8re p\u00e5krevde veilednings\u00f8kter som en del av oppl\u00e6ringsprosessen fullt ut som en nettbasert \u00f8kt.<\/em><\/strong> <br><br><strong><em>Vi er glade for \u00e5 kunne tilby online oppl\u00e6ring her p\u00e5 TRE\u00ae Online. Du finner programkravene <a href=\"https:\/\/tre-online.com\/nb\/online-certification-training\/\">her<\/a>.<\/em><\/strong><\/p>\n\n\n\n<p>Praktiserer du allerede TRE\u00ae og \u00f8nsker \u00e5 bli sertifisert TRE\u00ae Provider for \u00e5 undervise enkeltpersoner og sm\u00e5 grupper i TRE\u00ae?<\/p>\n\n\n\n<p><strong>For \u00e5 bli sertifisert som TRE\u00ae-leverand\u00f8r<\/strong>I tillegg m\u00e5 du delta p\u00e5 seks obligatoriske oppl\u00e6ringsdager (fordelt p\u00e5 to eller tre moduler), bli veiledet gjennom hele prosessen, lese n\u00f8dvendig litteratur og f\u00f8lge opp obligatoriske oppgaver. <\/p>\n\n\n\n<p><\/p>\n\n\n\n<div class=\"wp-block-columns is-layout-flex wp-container-core-columns-is-layout-9d6595d7 wp-block-columns-is-layout-flex\">\n<div class=\"wp-block-column is-layout-flow wp-block-column-is-layout-flow\" style=\"flex-basis:66.66%\">\n<p>Du kan alltid delta p\u00e5 den f\u00f8rste modulen uten \u00e5 forplikte deg til \u00e5 g\u00e5 gjennom sertifiseringsprosessen for \u00e5 bli TRE\u00ae Provider. Du m\u00e5 f\u00f8lge den globale sertifiseringsprosessen for \u00e5 kunne undervise TRE\u00ae videre til enkeltpersoner og sm\u00e5 grupper. Det kreves veiledning mellom Modul 1 og Modul 2 samt etter Modul 3 f\u00f8r sertifiseringen kan fullf\u00f8res. Prosessen fullf\u00f8res mellom 12-18 m\u00e5neder fra starten av Modul 1. De obligatoriske workshop-dagene skal tas som ETT PROGRAM med samme TRE\u00ae-sertifiseringstrener, de kan ikke tas som frittst\u00e5ende moduler. TRE\u00ae-sertifiseringsprogrammet er et ferdighets- og kompetansebasert program. Du vil f\u00e5 en detaljert oversikt f\u00f8r du bestemmer deg for om du \u00f8nsker \u00e5 ta hele programmet.<br> <br>Du kan laste ned de offisielle TRE\u00ae FOR ALL-kravene til programmet her<\/p>\n\n\n\n<figure class=\"wp-block-image size-large\"><a href=\"https:\/\/rrygm.beeweb-green.io\/wp-content\/uploads\/2020\/05\/bigstock-fitness-sport-and-healthy-lif-193252192-scaled.jpg\"><img fetchpriority=\"high\" decoding=\"async\" width=\"1024\" height=\"683\" src=\"https:\/\/rrygm.beeweb-green.io\/wp-content\/uploads\/2020\/05\/bigstock-fitness-sport-and-healthy-lif-193252192-1024x683.jpg\" alt=\"\" class=\"wp-image-2137\" srcset=\"https:\/\/tre-online.com\/wp-content\/uploads\/2020\/05\/bigstock-fitness-sport-and-healthy-lif-193252192-1024x683.jpg 1024w, https:\/\/tre-online.com\/wp-content\/uploads\/2020\/05\/bigstock-fitness-sport-and-healthy-lif-193252192-scaled-200x133.jpg 200w, https:\/\/tre-online.com\/wp-content\/uploads\/2020\/05\/bigstock-fitness-sport-and-healthy-lif-193252192-300x200.jpg 300w, https:\/\/tre-online.com\/wp-content\/uploads\/2020\/05\/bigstock-fitness-sport-and-healthy-lif-193252192-768x512.jpg 768w, https:\/\/tre-online.com\/wp-content\/uploads\/2020\/05\/bigstock-fitness-sport-and-healthy-lif-193252192-1536x1024.jpg 1536w, https:\/\/tre-online.com\/wp-content\/uploads\/2020\/05\/bigstock-fitness-sport-and-healthy-lif-193252192-2048x1365.jpg 2048w, https:\/\/tre-online.com\/wp-content\/uploads\/2020\/05\/bigstock-fitness-sport-and-healthy-lif-193252192-600x400.jpg 600w, https:\/\/tre-online.com\/wp-content\/uploads\/2020\/05\/bigstock-fitness-sport-and-healthy-lif-193252192-90x60.jpg 90w, https:\/\/tre-online.com\/wp-content\/uploads\/2020\/05\/bigstock-fitness-sport-and-healthy-lif-193252192-scaled-400x267.jpg 400w\" sizes=\"(max-width: 1024px) 100vw, 1024px\" \/><\/a><\/figure>\n<\/div>\n\n\n\n<div class=\"wp-block-column is-layout-flow wp-block-column-is-layout-flow\" style=\"flex-basis:33.33%\">\n<div data-wp-interactive=\"core\/file\" class=\"wp-block-file\"><object data-wp-bind--hidden=\"!state.hasPdfPreview\" hidden class=\"wp-block-file__embed\" data=\"https:\/\/rrygm.beeweb-green.io\/wp-content\/uploads\/2022\/12\/TFA-GLOBAL-CERTIFICATION-TRAINING-PROGRAM_Nov-2022.pdf\" type=\"application\/pdf\" style=\"width:100%;height:600px\" aria-label=\"Innbygging av TFA-GLOBAL-CERTIFICATION-TRAINING-PROGRAM_Nov-2022\"><\/object><a id=\"wp-block-file--media-fdc29f78-68ae-48a8-963c-e57db12fb780\" href=\"https:\/\/rrygm.beeweb-green.io\/wp-content\/uploads\/2022\/12\/TFA-GLOBAL-CERTIFICATION-TRAINING-PROGRAM_Nov-2022.pdf\">TFA-GLOBAL-CERTIFICATION-TRAINING-PROGRAM_Nov-2022<\/a><a href=\"https:\/\/rrygm.beeweb-green.io\/wp-content\/uploads\/2022\/12\/TFA-GLOBAL-CERTIFICATION-TRAINING-PROGRAM_Nov-2022.pdf\" class=\"wp-block-file__button wp-element-button\" download aria-describedby=\"wp-block-file--media-fdc29f78-68ae-48a8-963c-e57db12fb780\">Last ned<\/a><\/div>\n<\/div>\n<\/div>\n\n\n\n<p>TRE\u00ae-sertifiseringsprogrammet gj\u00f8r det mulig for personer med ulik yrkes- og utdanningsbakgrunn \u00e5 l\u00e6re seg \u00e5 undervise i TRE\u00ae p\u00e5 en trygg og effektiv m\u00e5te. V\u00e5rt sertifiseringsprogram med flere spor gj\u00f8r det mulig for personer med ulik faglig og personlig bakgrunn \u00e5 bli kompetente og profesjonelt sertifiserte l\u00e6rere i TRE\u00ae-prosessen.<\/p>\n\n\n\n<p><em>Alle personer som er sertifiserte TRE\u00ae-leverand\u00f8rer, kan bli oppf\u00f8rt p\u00e5 <\/em><a href=\"http:\/\/www.traumaprevention.com\">www.traumaprevention.com<\/a> <em>og du b\u00f8r kun motta TRE\u00ae-veiledning fra disse personene. Forh\u00e5pentligvis vil dette skape trygghet og komfort for dem som er p\u00e5 utkikk etter sertifiserte og kvalifiserte tilbydere som de kan l\u00e6re TRE\u00ae av.<\/em><\/p>\n\n\n\n<p>Oppl\u00e6ring i Europa gitt av OmniBalance AB finner du under <a href=\"https:\/\/tre-online.com\/nb\/hendelser-2\/\">hendelser<\/a> eller p\u00e5 <a href=\"http:\/\/www.omnibalance.co\">www.omnibalance.co<\/a><\/p>\n\n\n\n<div class=\"wp-block-buttons is-content-justification-space-between is-layout-flex wp-container-core-buttons-is-layout-3d213aab wp-block-buttons-is-layout-flex\">\n<div class=\"wp-block-button aligncenter is-style-fill\"><a class=\"wp-block-button__link has-white-color has-text-color has-background wp-element-button\" href=\"https:\/\/tre-online.com\/nb\/tre-nettbasert-sertifiseringsopplaering\/\" style=\"border-radius:10px;background:linear-gradient(135deg,rgb(134,209,214) 0%,rgb(182,227,212) 50%,rgb(134,209,214) 100%)\" target=\"_blank\" rel=\"noreferrer noopener\"> NETTBASERT OPPL\u00c6RING<\/a><\/div>\n\n\n\n<div class=\"wp-block-button aligncenter is-style-fill\"><a class=\"wp-block-button__link has-background wp-element-button\" href=\"https:\/\/tre-online.com\/nb\/sertifiseringsopplaering-pa-stedet\/\" style=\"border-radius:10px;background:linear-gradient(135deg,rgb(0,91,125) 0%,rgb(51,144,171) 50%,rgb(0,91,125) 97%)\" target=\"_blank\" rel=\"noreferrer noopener\">OPPL\u00c6RING P\u00c5 STEDET<\/a><\/div>\n<\/div>","protected":false},"excerpt":{"rendered":"<p>Up until 2020, the Certification Process to become a Certified TRE\u00ae Provider is on-site training, with possibility to complete required supervision sessions as a part of the training process fully as online session. We are happy to be offering the Online Trainings here at TRE\u00ae Online. You&#8217;ll find program requirements here. Are you already practicing &hellip; <\/p>","protected":false},"author":1,"featured_media":0,"parent":0,"menu_order":0,"comment_status":"closed","ping_status":"closed","template":"","meta":{"_acf_changed":false,"footnotes":""},"class_list":["post-17","page","type-page","status-publish","hentry","grid-sizer","latest_post"],"acf":[],"yoast_head":"<!-- This site is optimized with the Yoast SEO plugin v27.4 - https:\/\/yoast.com\/product\/yoast-seo-wordpress\/ -->\n<title>Train in TRE\u00ae - TRE\u00ae Tension Releasing Exercises<\/title>\n<meta name=\"description\" content=\"Are you interested in getting Certified TRE Provider? Tension &amp; Trauma Releasing exercises online offers Training onsite and online.\" \/>\n<meta name=\"robots\" content=\"index, follow, max-snippet:-1, max-image-preview:large, max-video-preview:-1\" \/>\n<link rel=\"canonical\" href=\"https:\/\/tre-online.com\/nb\/trene-i-tre\/\" \/>\n<meta property=\"og:locale\" content=\"nb_NO\" \/>\n<meta property=\"og:type\" content=\"article\" \/>\n<meta property=\"og:title\" content=\"Train in TRE\u00ae - TRE\u00ae Tension Releasing Exercises\" \/>\n<meta property=\"og:description\" content=\"Are you interested in getting Certified TRE Provider? Tension &amp; Trauma Releasing exercises online offers Training onsite and online.\" \/>\n<meta property=\"og:url\" content=\"https:\/\/tre-online.com\/nb\/trene-i-tre\/\" \/>\n<meta property=\"og:site_name\" content=\"TRE\u00ae Tension Releasing Exercises\" \/>\n<meta property=\"article:publisher\" content=\"https:\/\/www.facebook.com\/onlineTRE\" \/>\n<meta property=\"article:modified_time\" content=\"2025-07-31T10:25:35+00:00\" \/>\n<meta property=\"og:image\" content=\"https:\/\/tre-online.com\/wp-content\/uploads\/2020\/05\/bigstock-fitness-sport-and-healthy-lif-193252192-scaled.jpg\" \/>\n\t<meta property=\"og:image:width\" content=\"2560\" \/>\n\t<meta property=\"og:image:height\" content=\"1707\" \/>\n\t<meta property=\"og:image:type\" content=\"image\/jpeg\" \/>\n<meta name=\"twitter:card\" content=\"summary_large_image\" \/>\n<meta name=\"twitter:label1\" content=\"Ansl. lesetid\" \/>\n\t<meta name=\"twitter:data1\" content=\"2 minutter\" \/>\n<script type=\"application\/ld+json\" class=\"yoast-schema-graph\">{\"@context\":\"https:\\\/\\\/schema.org\",\"@graph\":[{\"@type\":\"WebPage\",\"@id\":\"https:\\\/\\\/tre-online.com\\\/train-in-tre\\\/\",\"url\":\"https:\\\/\\\/tre-online.com\\\/train-in-tre\\\/\",\"name\":\"Train in TRE\u00ae - TRE\u00ae Tension Releasing Exercises\",\"isPartOf\":{\"@id\":\"https:\\\/\\\/tre-online.com\\\/#website\"},\"primaryImageOfPage\":{\"@id\":\"https:\\\/\\\/tre-online.com\\\/train-in-tre\\\/#primaryimage\"},\"image\":{\"@id\":\"https:\\\/\\\/tre-online.com\\\/train-in-tre\\\/#primaryimage\"},\"thumbnailUrl\":\"https:\\\/\\\/rrygm.beeweb-green.io\\\/wp-content\\\/uploads\\\/2020\\\/05\\\/bigstock-fitness-sport-and-healthy-lif-193252192-1024x683.jpg\",\"datePublished\":\"2019-09-07T12:45:38+00:00\",\"dateModified\":\"2025-07-31T10:25:35+00:00\",\"description\":\"Are you interested in getting Certified TRE Provider? Tension & Trauma Releasing exercises online offers Training onsite and online.\",\"breadcrumb\":{\"@id\":\"https:\\\/\\\/tre-online.com\\\/train-in-tre\\\/#breadcrumb\"},\"inLanguage\":\"nb-NO\",\"potentialAction\":[{\"@type\":\"ReadAction\",\"target\":[\"https:\\\/\\\/tre-online.com\\\/train-in-tre\\\/\"]}]},{\"@type\":\"ImageObject\",\"inLanguage\":\"nb-NO\",\"@id\":\"https:\\\/\\\/tre-online.com\\\/train-in-tre\\\/#primaryimage\",\"url\":\"https:\\\/\\\/rrygm.beeweb-green.io\\\/wp-content\\\/uploads\\\/2020\\\/05\\\/bigstock-fitness-sport-and-healthy-lif-193252192-1024x683.jpg\",\"contentUrl\":\"https:\\\/\\\/rrygm.beeweb-green.io\\\/wp-content\\\/uploads\\\/2020\\\/05\\\/bigstock-fitness-sport-and-healthy-lif-193252192-1024x683.jpg\"},{\"@type\":\"BreadcrumbList\",\"@id\":\"https:\\\/\\\/tre-online.com\\\/train-in-tre\\\/#breadcrumb\",\"itemListElement\":[{\"@type\":\"ListItem\",\"position\":1,\"name\":\"Home\",\"item\":\"https:\\\/\\\/tre-online.com\\\/\"},{\"@type\":\"ListItem\",\"position\":2,\"name\":\"Train in TRE\u00ae\"}]},{\"@type\":\"WebSite\",\"@id\":\"https:\\\/\\\/tre-online.com\\\/#website\",\"url\":\"https:\\\/\\\/tre-online.com\\\/\",\"name\":\"TRE\u00ae Tension Releasing Exercises\",\"description\":\"Release Your Body - Release Your Mind\",\"publisher\":{\"@id\":\"https:\\\/\\\/tre-online.com\\\/#organization\"},\"potentialAction\":[{\"@type\":\"SearchAction\",\"target\":{\"@type\":\"EntryPoint\",\"urlTemplate\":\"https:\\\/\\\/tre-online.com\\\/?s={search_term_string}\"},\"query-input\":{\"@type\":\"PropertyValueSpecification\",\"valueRequired\":true,\"valueName\":\"search_term_string\"}}],\"inLanguage\":\"nb-NO\"},{\"@type\":\"Organization\",\"@id\":\"https:\\\/\\\/tre-online.com\\\/#organization\",\"name\":\"TRE\u00ae Tension Releasing Exercises\",\"url\":\"https:\\\/\\\/tre-online.com\\\/\",\"logo\":{\"@type\":\"ImageObject\",\"inLanguage\":\"nb-NO\",\"@id\":\"https:\\\/\\\/tre-online.com\\\/#\\\/schema\\\/logo\\\/image\\\/\",\"url\":\"https:\\\/\\\/tre-online.com\\\/wp-content\\\/uploads\\\/2021\\\/02\\\/TRE-online-logo-size-optimzed.png\",\"contentUrl\":\"https:\\\/\\\/tre-online.com\\\/wp-content\\\/uploads\\\/2021\\\/02\\\/TRE-online-logo-size-optimzed.png\",\"width\":400,\"height\":397,\"caption\":\"TRE\u00ae Tension Releasing Exercises\"},\"image\":{\"@id\":\"https:\\\/\\\/tre-online.com\\\/#\\\/schema\\\/logo\\\/image\\\/\"},\"sameAs\":[\"https:\\\/\\\/www.facebook.com\\\/onlineTRE\",\"https:\\\/\\\/www.instagram.com\\\/online_tre\\\/\"]}]}<\/script>\n<!-- \/ Yoast SEO plugin. -->","yoast_head_json":{"title":"Tren i TRE\u00ae - TRE\u00ae Tension Releasing Exercises","description":"Er du interessert i \u00e5 bli sertifisert TRE Provider? Tension &amp; Trauma Releasing exercises online tilbyr oppl\u00e6ring p\u00e5 stedet og online.","robots":{"index":"index","follow":"follow","max-snippet":"max-snippet:-1","max-image-preview":"max-image-preview:large","max-video-preview":"max-video-preview:-1"},"canonical":"https:\/\/tre-online.com\/nb\/trene-i-tre\/","og_locale":"nb_NO","og_type":"article","og_title":"Train in TRE\u00ae - TRE\u00ae Tension Releasing Exercises","og_description":"Are you interested in getting Certified TRE Provider? Tension & Trauma Releasing exercises online offers Training onsite and online.","og_url":"https:\/\/tre-online.com\/nb\/trene-i-tre\/","og_site_name":"TRE\u00ae Tension Releasing Exercises","article_publisher":"https:\/\/www.facebook.com\/onlineTRE","article_modified_time":"2025-07-31T10:25:35+00:00","og_image":[{"width":2560,"height":1707,"url":"https:\/\/tre-online.com\/wp-content\/uploads\/2020\/05\/bigstock-fitness-sport-and-healthy-lif-193252192-scaled.jpg","type":"image\/jpeg"}],"twitter_card":"summary_large_image","twitter_misc":{"Ansl. lesetid":"2 minutter"},"schema":{"@context":"https:\/\/schema.org","@graph":[{"@type":"WebPage","@id":"https:\/\/tre-online.com\/train-in-tre\/","url":"https:\/\/tre-online.com\/train-in-tre\/","name":"Tren i TRE\u00ae - TRE\u00ae Tension Releasing Exercises","isPartOf":{"@id":"https:\/\/tre-online.com\/#website"},"primaryImageOfPage":{"@id":"https:\/\/tre-online.com\/train-in-tre\/#primaryimage"},"image":{"@id":"https:\/\/tre-online.com\/train-in-tre\/#primaryimage"},"thumbnailUrl":"https:\/\/rrygm.beeweb-green.io\/wp-content\/uploads\/2020\/05\/bigstock-fitness-sport-and-healthy-lif-193252192-1024x683.jpg","datePublished":"2019-09-07T12:45:38+00:00","dateModified":"2025-07-31T10:25:35+00:00","description":"Er du interessert i \u00e5 bli sertifisert TRE Provider? Tension &amp; Trauma Releasing exercises online tilbyr oppl\u00e6ring p\u00e5 stedet og online.","breadcrumb":{"@id":"https:\/\/tre-online.com\/train-in-tre\/#breadcrumb"},"inLanguage":"nb-NO","potentialAction":[{"@type":"ReadAction","target":["https:\/\/tre-online.com\/train-in-tre\/"]}]},{"@type":"ImageObject","inLanguage":"nb-NO","@id":"https:\/\/tre-online.com\/train-in-tre\/#primaryimage","url":"https:\/\/rrygm.beeweb-green.io\/wp-content\/uploads\/2020\/05\/bigstock-fitness-sport-and-healthy-lif-193252192-1024x683.jpg","contentUrl":"https:\/\/rrygm.beeweb-green.io\/wp-content\/uploads\/2020\/05\/bigstock-fitness-sport-and-healthy-lif-193252192-1024x683.jpg"},{"@type":"BreadcrumbList","@id":"https:\/\/tre-online.com\/train-in-tre\/#breadcrumb","itemListElement":[{"@type":"ListItem","position":1,"name":"Home","item":"https:\/\/tre-online.com\/"},{"@type":"ListItem","position":2,"name":"Train in TRE\u00ae"}]},{"@type":"WebSite","@id":"https:\/\/tre-online.com\/#website","url":"https:\/\/tre-online.com\/","name":"TRE\u00ae Tension Releasing Exercises","description":"Frigj\u00f8r kroppen din - frigj\u00f8r sinnet ditt","publisher":{"@id":"https:\/\/tre-online.com\/#organization"},"potentialAction":[{"@type":"SearchAction","target":{"@type":"EntryPoint","urlTemplate":"https:\/\/tre-online.com\/?s={search_term_string}"},"query-input":{"@type":"PropertyValueSpecification","valueRequired":true,"valueName":"search_term_string"}}],"inLanguage":"nb-NO"},{"@type":"Organization","@id":"https:\/\/tre-online.com\/#organization","name":"TRE\u00ae Tension Releasing Exercises","url":"https:\/\/tre-online.com\/","logo":{"@type":"ImageObject","inLanguage":"nb-NO","@id":"https:\/\/tre-online.com\/#\/schema\/logo\/image\/","url":"https:\/\/tre-online.com\/wp-content\/uploads\/2021\/02\/TRE-online-logo-size-optimzed.png","contentUrl":"https:\/\/tre-online.com\/wp-content\/uploads\/2021\/02\/TRE-online-logo-size-optimzed.png","width":400,"height":397,"caption":"TRE\u00ae Tension Releasing Exercises"},"image":{"@id":"https:\/\/tre-online.com\/#\/schema\/logo\/image\/"},"sameAs":["https:\/\/www.facebook.com\/onlineTRE","https:\/\/www.instagram.com\/online_tre\/"]}]}},"_links":{"self":[{"href":"https:\/\/tre-online.com\/nb\/wp-json\/wp\/v2\/pages\/17","targetHints":{"allow":["GET"]}}],"collection":[{"href":"https:\/\/tre-online.com\/nb\/wp-json\/wp\/v2\/pages"}],"about":[{"href":"https:\/\/tre-online.com\/nb\/wp-json\/wp\/v2\/types\/page"}],"author":[{"embeddable":true,"href":"https:\/\/tre-online.com\/nb\/wp-json\/wp\/v2\/users\/1"}],"replies":[{"embeddable":true,"href":"https:\/\/tre-online.com\/nb\/wp-json\/wp\/v2\/comments?post=17"}],"version-history":[{"count":13,"href":"https:\/\/tre-online.com\/nb\/wp-json\/wp\/v2\/pages\/17\/revisions"}],"predecessor-version":[{"id":7115,"href":"https:\/\/tre-online.com\/nb\/wp-json\/wp\/v2\/pages\/17\/revisions\/7115"}],"wp:attachment":[{"href":"https:\/\/tre-online.com\/nb\/wp-json\/wp\/v2\/media?parent=17"}],"curies":[{"name":"wp","href":"https:\/\/api.w.org\/{rel}","templated":true}]}}