{"id":27,"date":"2019-09-07T12:58:45","date_gmt":"2019-09-07T12:58:45","guid":{"rendered":"https:\/\/rrygm.beeweb-green.io\/?page_id=27"},"modified":"2025-06-03T10:22:54","modified_gmt":"2025-06-03T08:22:54","slug":"om-oss","status":"publish","type":"page","link":"https:\/\/tre-online.com\/nb\/about-us\/","title":{"rendered":"Om oss"},"content":{"rendered":"<blockquote class=\"wp-block-quote is-layout-flow wp-block-quote-is-layout-flow\">\n<p>Vi er alle forskjellige. Ikke d\u00f8m, men forst\u00e5 i stedet.<\/p>\n<cite><strong>Roy T. Bennett,&nbsp;<\/strong><a href=\"https:\/\/www.goodreads.com\/work\/quotes\/49604402\">Lyset i hjertet<\/a><\/cite><\/blockquote>\n\n\n\n<p>Grunnleggeren av dette TRE\u00ae Online-nettstedet er Deva Laya Guleng, en erfaren global TRE\u00ae-sertifiseringstrener. Hun har jobbet som trener siden 2011, og har st\u00f8ttet veksten av TRE\u00ae i Europa.<\/p>\n\n\n\n<p>Deva Laya jobber i dag b\u00e5de som veileder og mentor for TRE\u00ae Provider Trainees og TRE<sup>\u00ae<\/sup>&nbsp;sertifiseringstrenere, i tillegg til \u00e5 gi egne treninger og individuelle samtaler.  Hun er sv\u00e6rt engasjert i den internasjonale organisasjonen, b\u00e5de med \u00e5 utvikle strukturerte st\u00f8ttedokumenter og med \u00e5 st\u00f8tte oppstart av TRE<sup>\u00ae<\/sup>&nbsp;i nye land.<\/p>\n\n\n\n<p>Deva Laya hadde f\u00f8rst kontakt med TRE<sup>\u00ae<\/sup>&nbsp;i 2008, og har praktisert TRE<sup>\u00ae<\/sup>&nbsp;siden da. Begeistringen og inspirasjonen til \u00e5 bruke TRE<sup>\u00ae<\/sup>&nbsp;som en selvhelbredende metode b\u00e5de for seg selv og som et verkt\u00f8y i arbeidet med andre mennesker, fikk henne til \u00e5 g\u00e5 inn i TRE<sup>\u00ae<\/sup>&nbsp;treningsprogram. Hun er hovedsakelig trent av Dr. David Berceli og Joan MacDonald.<\/p>\n\n\n\n<p>Hun er sv\u00e6rt dedikert til \u00e5 lede grupper og enkeltpersoner gjennom TRE<sup>\u00ae<\/sup>&nbsp;\u00f8velser samtidig som hun gir jording og st\u00f8tte. Det er med stor takknemlighet og ydmykhet at hun er vitne til andre menneskers helingsprosess.<\/p>\n\n\n\n<div class=\"wp-block-media-text is-stacked-on-mobile\" style=\"grid-template-columns:25% auto\"><figure class=\"wp-block-media-text__media\"><img fetchpriority=\"high\" decoding=\"async\" width=\"508\" height=\"560\" src=\"https:\/\/tre-online.com\/wp-content\/uploads\/2025\/06\/DevaLaya-portait.png\" alt=\"\" class=\"wp-image-7068 size-full\" srcset=\"https:\/\/tre-online.com\/wp-content\/uploads\/2025\/06\/DevaLaya-portait.png 508w, https:\/\/tre-online.com\/wp-content\/uploads\/2025\/06\/DevaLaya-portait-272x300.png 272w, https:\/\/tre-online.com\/wp-content\/uploads\/2025\/06\/DevaLaya-portait-11x12.png 11w, https:\/\/tre-online.com\/wp-content\/uploads\/2025\/06\/DevaLaya-portait-200x220.png 200w\" sizes=\"(max-width: 508px) 100vw, 508px\" \/><\/figure><div class=\"wp-block-media-text__content\">\n<p>Deva Laya er engasjert i \u00e5 veilede mennesker til \u00e5 finne sin indre kraft og elsker ogs\u00e5 \u00e5 bruke krystallklangsk\u00e5ler og stemmen sin i arbeidet sitt. En av hennes sterkeste visjoner er \u00e5 fortsette \u00e5 v\u00e6re en guide, for \u00e5 st\u00f8tte, hjelpe og styrke mennesker over hele verden, spesielt de som er v\u00e5r fremtid - barna.<\/p>\n<\/div><\/div>","protected":false},"excerpt":{"rendered":"<p>We are all different. Don\u2019t judge, understand instead. Roy T. Bennett,&nbsp;The Light in the Heart The founder of this TRE\u00ae Online website is Deva Laya Guleng, an experienced Global TRE\u00ae Certification Trainer. She&#8217;s been working as a Trainer since 2011, supporting growth of TRE\u00ae in Europe. Deva Laya is today working both as supervisor and &hellip; <\/p>","protected":false},"author":1,"featured_media":0,"parent":0,"menu_order":0,"comment_status":"closed","ping_status":"closed","template":"","meta":{"_acf_changed":false,"footnotes":""},"class_list":["post-27","page","type-page","status-publish","hentry","grid-sizer","latest_post"],"acf":[],"yoast_head":"<!-- This site is optimized with the Yoast SEO plugin v27.5 - https:\/\/yoast.com\/product\/yoast-seo-wordpress\/ -->\n<title>About us - TRE\u00ae Tension Releasing Exercises<\/title>\n<meta name=\"robots\" content=\"index, follow, max-snippet:-1, max-image-preview:large, max-video-preview:-1\" \/>\n<link rel=\"canonical\" href=\"https:\/\/tre-online.com\/nb\/om-oss\/\" \/>\n<meta property=\"og:locale\" content=\"nb_NO\" \/>\n<meta property=\"og:type\" content=\"article\" \/>\n<meta property=\"og:title\" content=\"About us - TRE\u00ae Tension Releasing Exercises\" \/>\n<meta property=\"og:description\" content=\"We are all different. Don\u2019t judge, understand instead. Roy T. Bennett,&nbsp;The Light in the Heart The founder of this TRE\u00ae Online website is Deva Laya Guleng, an experienced Global TRE\u00ae Certification Trainer. She&#8217;s been working as a Trainer since 2011, supporting growth of TRE\u00ae in Europe. Deva Laya is today working both as supervisor and &hellip;\" \/>\n<meta property=\"og:url\" content=\"https:\/\/tre-online.com\/nb\/om-oss\/\" \/>\n<meta property=\"og:site_name\" content=\"TRE\u00ae Tension Releasing Exercises\" \/>\n<meta property=\"article:publisher\" content=\"https:\/\/www.facebook.com\/onlineTRE\" \/>\n<meta property=\"article:modified_time\" content=\"2025-06-03T08:22:54+00:00\" \/>\n<meta property=\"og:image\" content=\"https:\/\/tre-online.com\/wp-content\/uploads\/2025\/06\/DevaLaya-portait.png\" \/>\n\t<meta property=\"og:image:width\" content=\"508\" \/>\n\t<meta property=\"og:image:height\" content=\"560\" \/>\n\t<meta property=\"og:image:type\" content=\"image\/png\" \/>\n<meta name=\"twitter:card\" content=\"summary_large_image\" \/>\n<meta name=\"twitter:label1\" content=\"Ansl. lesetid\" \/>\n\t<meta name=\"twitter:data1\" content=\"2 minutter\" \/>\n<script type=\"application\/ld+json\" class=\"yoast-schema-graph\">{\"@context\":\"https:\\\/\\\/schema.org\",\"@graph\":[{\"@type\":\"WebPage\",\"@id\":\"https:\\\/\\\/tre-online.com\\\/about-us\\\/\",\"url\":\"https:\\\/\\\/tre-online.com\\\/about-us\\\/\",\"name\":\"About us - TRE\u00ae Tension Releasing Exercises\",\"isPartOf\":{\"@id\":\"https:\\\/\\\/tre-online.com\\\/#website\"},\"primaryImageOfPage\":{\"@id\":\"https:\\\/\\\/tre-online.com\\\/about-us\\\/#primaryimage\"},\"image\":{\"@id\":\"https:\\\/\\\/tre-online.com\\\/about-us\\\/#primaryimage\"},\"thumbnailUrl\":\"https:\\\/\\\/tre-online.com\\\/wp-content\\\/uploads\\\/2025\\\/06\\\/DevaLaya-portait.png\",\"datePublished\":\"2019-09-07T12:58:45+00:00\",\"dateModified\":\"2025-06-03T08:22:54+00:00\",\"breadcrumb\":{\"@id\":\"https:\\\/\\\/tre-online.com\\\/about-us\\\/#breadcrumb\"},\"inLanguage\":\"nb-NO\",\"potentialAction\":[{\"@type\":\"ReadAction\",\"target\":[\"https:\\\/\\\/tre-online.com\\\/about-us\\\/\"]}]},{\"@type\":\"ImageObject\",\"inLanguage\":\"nb-NO\",\"@id\":\"https:\\\/\\\/tre-online.com\\\/about-us\\\/#primaryimage\",\"url\":\"https:\\\/\\\/tre-online.com\\\/wp-content\\\/uploads\\\/2025\\\/06\\\/DevaLaya-portait.png\",\"contentUrl\":\"https:\\\/\\\/tre-online.com\\\/wp-content\\\/uploads\\\/2025\\\/06\\\/DevaLaya-portait.png\"},{\"@type\":\"BreadcrumbList\",\"@id\":\"https:\\\/\\\/tre-online.com\\\/about-us\\\/#breadcrumb\",\"itemListElement\":[{\"@type\":\"ListItem\",\"position\":1,\"name\":\"Home\",\"item\":\"https:\\\/\\\/tre-online.com\\\/\"},{\"@type\":\"ListItem\",\"position\":2,\"name\":\"About us\"}]},{\"@type\":\"WebSite\",\"@id\":\"https:\\\/\\\/tre-online.com\\\/#website\",\"url\":\"https:\\\/\\\/tre-online.com\\\/\",\"name\":\"TRE\u00ae Tension Releasing Exercises\",\"description\":\"Release Your Body - Release Your Mind\",\"publisher\":{\"@id\":\"https:\\\/\\\/tre-online.com\\\/#organization\"},\"potentialAction\":[{\"@type\":\"SearchAction\",\"target\":{\"@type\":\"EntryPoint\",\"urlTemplate\":\"https:\\\/\\\/tre-online.com\\\/?s={search_term_string}\"},\"query-input\":{\"@type\":\"PropertyValueSpecification\",\"valueRequired\":true,\"valueName\":\"search_term_string\"}}],\"inLanguage\":\"nb-NO\"},{\"@type\":\"Organization\",\"@id\":\"https:\\\/\\\/tre-online.com\\\/#organization\",\"name\":\"TRE\u00ae Tension Releasing Exercises\",\"url\":\"https:\\\/\\\/tre-online.com\\\/\",\"logo\":{\"@type\":\"ImageObject\",\"inLanguage\":\"nb-NO\",\"@id\":\"https:\\\/\\\/tre-online.com\\\/#\\\/schema\\\/logo\\\/image\\\/\",\"url\":\"https:\\\/\\\/tre-online.com\\\/wp-content\\\/uploads\\\/2021\\\/02\\\/TRE-online-logo-size-optimzed.png\",\"contentUrl\":\"https:\\\/\\\/tre-online.com\\\/wp-content\\\/uploads\\\/2021\\\/02\\\/TRE-online-logo-size-optimzed.png\",\"width\":400,\"height\":397,\"caption\":\"TRE\u00ae Tension Releasing Exercises\"},\"image\":{\"@id\":\"https:\\\/\\\/tre-online.com\\\/#\\\/schema\\\/logo\\\/image\\\/\"},\"sameAs\":[\"https:\\\/\\\/www.facebook.com\\\/onlineTRE\",\"https:\\\/\\\/www.instagram.com\\\/online_tre\\\/\"]}]}<\/script>\n<!-- \/ Yoast SEO plugin. -->","yoast_head_json":{"title":"Om oss - TRE\u00ae Tension Releasing Exercises","robots":{"index":"index","follow":"follow","max-snippet":"max-snippet:-1","max-image-preview":"max-image-preview:large","max-video-preview":"max-video-preview:-1"},"canonical":"https:\/\/tre-online.com\/nb\/om-oss\/","og_locale":"nb_NO","og_type":"article","og_title":"About us - TRE\u00ae Tension Releasing Exercises","og_description":"We are all different. Don\u2019t judge, understand instead. Roy T. Bennett,&nbsp;The Light in the Heart The founder of this TRE\u00ae Online website is Deva Laya Guleng, an experienced Global TRE\u00ae Certification Trainer. She&#8217;s been working as a Trainer since 2011, supporting growth of TRE\u00ae in Europe. Deva Laya is today working both as supervisor and &hellip;","og_url":"https:\/\/tre-online.com\/nb\/om-oss\/","og_site_name":"TRE\u00ae Tension Releasing Exercises","article_publisher":"https:\/\/www.facebook.com\/onlineTRE","article_modified_time":"2025-06-03T08:22:54+00:00","og_image":[{"width":508,"height":560,"url":"https:\/\/tre-online.com\/wp-content\/uploads\/2025\/06\/DevaLaya-portait.png","type":"image\/png"}],"twitter_card":"summary_large_image","twitter_misc":{"Ansl. lesetid":"2 minutter"},"schema":{"@context":"https:\/\/schema.org","@graph":[{"@type":"WebPage","@id":"https:\/\/tre-online.com\/about-us\/","url":"https:\/\/tre-online.com\/about-us\/","name":"Om oss - TRE\u00ae Tension Releasing Exercises","isPartOf":{"@id":"https:\/\/tre-online.com\/#website"},"primaryImageOfPage":{"@id":"https:\/\/tre-online.com\/about-us\/#primaryimage"},"image":{"@id":"https:\/\/tre-online.com\/about-us\/#primaryimage"},"thumbnailUrl":"https:\/\/tre-online.com\/wp-content\/uploads\/2025\/06\/DevaLaya-portait.png","datePublished":"2019-09-07T12:58:45+00:00","dateModified":"2025-06-03T08:22:54+00:00","breadcrumb":{"@id":"https:\/\/tre-online.com\/about-us\/#breadcrumb"},"inLanguage":"nb-NO","potentialAction":[{"@type":"ReadAction","target":["https:\/\/tre-online.com\/about-us\/"]}]},{"@type":"ImageObject","inLanguage":"nb-NO","@id":"https:\/\/tre-online.com\/about-us\/#primaryimage","url":"https:\/\/tre-online.com\/wp-content\/uploads\/2025\/06\/DevaLaya-portait.png","contentUrl":"https:\/\/tre-online.com\/wp-content\/uploads\/2025\/06\/DevaLaya-portait.png"},{"@type":"BreadcrumbList","@id":"https:\/\/tre-online.com\/about-us\/#breadcrumb","itemListElement":[{"@type":"ListItem","position":1,"name":"Home","item":"https:\/\/tre-online.com\/"},{"@type":"ListItem","position":2,"name":"About us"}]},{"@type":"WebSite","@id":"https:\/\/tre-online.com\/#website","url":"https:\/\/tre-online.com\/","name":"TRE\u00ae Tension Releasing Exercises","description":"Frigj\u00f8r kroppen din - frigj\u00f8r sinnet ditt","publisher":{"@id":"https:\/\/tre-online.com\/#organization"},"potentialAction":[{"@type":"SearchAction","target":{"@type":"EntryPoint","urlTemplate":"https:\/\/tre-online.com\/?s={search_term_string}"},"query-input":{"@type":"PropertyValueSpecification","valueRequired":true,"valueName":"search_term_string"}}],"inLanguage":"nb-NO"},{"@type":"Organization","@id":"https:\/\/tre-online.com\/#organization","name":"TRE\u00ae Tension Releasing Exercises","url":"https:\/\/tre-online.com\/","logo":{"@type":"ImageObject","inLanguage":"nb-NO","@id":"https:\/\/tre-online.com\/#\/schema\/logo\/image\/","url":"https:\/\/tre-online.com\/wp-content\/uploads\/2021\/02\/TRE-online-logo-size-optimzed.png","contentUrl":"https:\/\/tre-online.com\/wp-content\/uploads\/2021\/02\/TRE-online-logo-size-optimzed.png","width":400,"height":397,"caption":"TRE\u00ae Tension Releasing Exercises"},"image":{"@id":"https:\/\/tre-online.com\/#\/schema\/logo\/image\/"},"sameAs":["https:\/\/www.facebook.com\/onlineTRE","https:\/\/www.instagram.com\/online_tre\/"]}]}},"_links":{"self":[{"href":"https:\/\/tre-online.com\/nb\/wp-json\/wp\/v2\/pages\/27","targetHints":{"allow":["GET"]}}],"collection":[{"href":"https:\/\/tre-online.com\/nb\/wp-json\/wp\/v2\/pages"}],"about":[{"href":"https:\/\/tre-online.com\/nb\/wp-json\/wp\/v2\/types\/page"}],"author":[{"embeddable":true,"href":"https:\/\/tre-online.com\/nb\/wp-json\/wp\/v2\/users\/1"}],"replies":[{"embeddable":true,"href":"https:\/\/tre-online.com\/nb\/wp-json\/wp\/v2\/comments?post=27"}],"version-history":[{"count":3,"href":"https:\/\/tre-online.com\/nb\/wp-json\/wp\/v2\/pages\/27\/revisions"}],"predecessor-version":[{"id":7069,"href":"https:\/\/tre-online.com\/nb\/wp-json\/wp\/v2\/pages\/27\/revisions\/7069"}],"wp:attachment":[{"href":"https:\/\/tre-online.com\/nb\/wp-json\/wp\/v2\/media?parent=27"}],"curies":[{"name":"wp","href":"https:\/\/api.w.org\/{rel}","templated":true}]}}