{"id":2637,"date":"2021-03-11T11:59:18","date_gmt":"2021-03-11T10:59:18","guid":{"rendered":"https:\/\/rrygm.beeweb-green.io\/?post_type=product&#038;p=2637"},"modified":"2024-01-15T20:42:24","modified_gmt":"2024-01-15T19:42:24","slug":"veiledning-av-mentor","status":"publish","type":"product","link":"https:\/\/tre-online.com\/nb\/product\/mentor-supervision\/","title":{"rendered":"GCTP TRE\u00ae Mentor Supervision"},"content":{"rendered":"<p>Nettbasert veiledning for TRE\u00ae Mentor, TRE\u00ae Trainer Trainee's under oppl\u00e6ring.<\/p>","protected":false},"excerpt":{"rendered":"<p>Nettbasert veiledning for TRE\u00ae-mentorer og TRE\u00ae-trenere under oppl\u00e6ring.<\/p>","protected":false},"featured_media":2638,"comment_status":"closed","ping_status":"closed","template":"","meta":{"_acf_changed":false},"product_brand":[],"product_cat":[45],"product_tag":[88,67,86,87],"class_list":{"0":"post-2637","1":"product","2":"type-product","3":"status-publish","4":"has-post-thumbnail","6":"product_cat-supervision-sessions","7":"product_tag-tre-group-supervision","8":"product_tag-tre-supervision","9":"product_tag-tre-online-support","10":"product_tag-tre-trainee-support","11":"grid-sizer","12":"latest_post","14":"first","15":"instock","16":"virtual","17":"purchasable","18":"product-type-simple"},"acf":[],"yoast_head":"<!-- This site is optimized with the Yoast SEO plugin v27.4 - https:\/\/yoast.com\/product\/yoast-seo-wordpress\/ -->\n<title>GCTP TRE\u00ae Mentor Supervision - TRE\u00ae Tension Releasing Exercises<\/title>\n<meta name=\"description\" content=\"Online Supervision for TRE\u00ae Mentor , TRE\u00ae Trainer Trainee&#039;s in training. Gain deeper knowledge to support richer guidance.\" \/>\n<meta name=\"robots\" content=\"index, follow, max-snippet:-1, max-image-preview:large, max-video-preview:-1\" \/>\n<link rel=\"canonical\" href=\"https:\/\/tre-online.com\/nb\/product\/veiledning-av-mentor\/\" \/>\n<meta property=\"og:locale\" content=\"nb_NO\" \/>\n<meta property=\"og:type\" content=\"article\" \/>\n<meta property=\"og:title\" content=\"GCTP TRE\u00ae Mentor Supervision - TRE\u00ae Tension Releasing Exercises\" \/>\n<meta property=\"og:description\" content=\"Online Supervision for TRE\u00ae Mentor , TRE\u00ae Trainer Trainee&#039;s in training. Gain deeper knowledge to support richer guidance.\" \/>\n<meta property=\"og:url\" content=\"https:\/\/tre-online.com\/nb\/product\/veiledning-av-mentor\/\" \/>\n<meta property=\"og:site_name\" content=\"TRE\u00ae Tension Releasing Exercises\" \/>\n<meta property=\"article:publisher\" content=\"https:\/\/www.facebook.com\/onlineTRE\" \/>\n<meta property=\"article:modified_time\" content=\"2024-01-15T19:42:24+00:00\" \/>\n<meta property=\"og:image\" content=\"https:\/\/tre-online.com\/wp-content\/uploads\/2021\/03\/TRE-online-logo-MENTOR-SUPERVISION.jpg\" \/>\n\t<meta property=\"og:image:width\" content=\"1792\" \/>\n\t<meta property=\"og:image:height\" content=\"1750\" \/>\n\t<meta property=\"og:image:type\" content=\"image\/jpeg\" \/>\n<meta name=\"twitter:card\" content=\"summary_large_image\" \/>\n<meta name=\"twitter:label1\" content=\"Ansl. lesetid\" \/>\n\t<meta name=\"twitter:data1\" content=\"1 minutt\" \/>\n<script type=\"application\/ld+json\" class=\"yoast-schema-graph\">{\"@context\":\"https:\\\/\\\/schema.org\",\"@graph\":[{\"@type\":\"WebPage\",\"@id\":\"https:\\\/\\\/tre-online.com\\\/product\\\/mentor-supervision\\\/\",\"url\":\"https:\\\/\\\/tre-online.com\\\/product\\\/mentor-supervision\\\/\",\"name\":\"GCTP TRE\u00ae Mentor Supervision - TRE\u00ae Tension Releasing Exercises\",\"isPartOf\":{\"@id\":\"https:\\\/\\\/tre-online.com\\\/#website\"},\"primaryImageOfPage\":{\"@id\":\"https:\\\/\\\/tre-online.com\\\/product\\\/mentor-supervision\\\/#primaryimage\"},\"image\":{\"@id\":\"https:\\\/\\\/tre-online.com\\\/product\\\/mentor-supervision\\\/#primaryimage\"},\"thumbnailUrl\":\"https:\\\/\\\/tre-online.com\\\/wp-content\\\/uploads\\\/2021\\\/03\\\/TRE-online-logo-MENTOR-SUPERVISION.jpg\",\"datePublished\":\"2021-03-11T10:59:18+00:00\",\"dateModified\":\"2024-01-15T19:42:24+00:00\",\"description\":\"Online Supervision for TRE\u00ae Mentor , TRE\u00ae Trainer Trainee's in training. Gain deeper knowledge to support richer guidance.\",\"breadcrumb\":{\"@id\":\"https:\\\/\\\/tre-online.com\\\/product\\\/mentor-supervision\\\/#breadcrumb\"},\"inLanguage\":\"nb-NO\",\"potentialAction\":[{\"@type\":\"ReadAction\",\"target\":[\"https:\\\/\\\/tre-online.com\\\/product\\\/mentor-supervision\\\/\"]}]},{\"@type\":\"ImageObject\",\"inLanguage\":\"nb-NO\",\"@id\":\"https:\\\/\\\/tre-online.com\\\/product\\\/mentor-supervision\\\/#primaryimage\",\"url\":\"https:\\\/\\\/tre-online.com\\\/wp-content\\\/uploads\\\/2021\\\/03\\\/TRE-online-logo-MENTOR-SUPERVISION.jpg\",\"contentUrl\":\"https:\\\/\\\/tre-online.com\\\/wp-content\\\/uploads\\\/2021\\\/03\\\/TRE-online-logo-MENTOR-SUPERVISION.jpg\",\"width\":1792,\"height\":1750},{\"@type\":\"BreadcrumbList\",\"@id\":\"https:\\\/\\\/tre-online.com\\\/product\\\/mentor-supervision\\\/#breadcrumb\",\"itemListElement\":[{\"@type\":\"ListItem\",\"position\":1,\"name\":\"Home\",\"item\":\"https:\\\/\\\/tre-online.com\\\/\"},{\"@type\":\"ListItem\",\"position\":2,\"name\":\"TRE\u00ae Online Store\",\"item\":\"https:\\\/\\\/tre-online.com\\\/store\\\/\"},{\"@type\":\"ListItem\",\"position\":3,\"name\":\"GCTP TRE\u00ae Mentor Supervision\"}]},{\"@type\":\"WebSite\",\"@id\":\"https:\\\/\\\/tre-online.com\\\/#website\",\"url\":\"https:\\\/\\\/tre-online.com\\\/\",\"name\":\"TRE\u00ae Tension Releasing Exercises\",\"description\":\"Release Your Body - Release Your Mind\",\"publisher\":{\"@id\":\"https:\\\/\\\/tre-online.com\\\/#organization\"},\"potentialAction\":[{\"@type\":\"SearchAction\",\"target\":{\"@type\":\"EntryPoint\",\"urlTemplate\":\"https:\\\/\\\/tre-online.com\\\/?s={search_term_string}\"},\"query-input\":{\"@type\":\"PropertyValueSpecification\",\"valueRequired\":true,\"valueName\":\"search_term_string\"}}],\"inLanguage\":\"nb-NO\"},{\"@type\":\"Organization\",\"@id\":\"https:\\\/\\\/tre-online.com\\\/#organization\",\"name\":\"TRE\u00ae Tension Releasing Exercises\",\"url\":\"https:\\\/\\\/tre-online.com\\\/\",\"logo\":{\"@type\":\"ImageObject\",\"inLanguage\":\"nb-NO\",\"@id\":\"https:\\\/\\\/tre-online.com\\\/#\\\/schema\\\/logo\\\/image\\\/\",\"url\":\"https:\\\/\\\/tre-online.com\\\/wp-content\\\/uploads\\\/2021\\\/02\\\/TRE-online-logo-size-optimzed.png\",\"contentUrl\":\"https:\\\/\\\/tre-online.com\\\/wp-content\\\/uploads\\\/2021\\\/02\\\/TRE-online-logo-size-optimzed.png\",\"width\":400,\"height\":397,\"caption\":\"TRE\u00ae Tension Releasing Exercises\"},\"image\":{\"@id\":\"https:\\\/\\\/tre-online.com\\\/#\\\/schema\\\/logo\\\/image\\\/\"},\"sameAs\":[\"https:\\\/\\\/www.facebook.com\\\/onlineTRE\",\"https:\\\/\\\/www.instagram.com\\\/online_tre\\\/\"]}]}<\/script>\n<!-- \/ Yoast SEO plugin. -->","yoast_head_json":{"title":"GCTP TRE\u00ae Mentor Supervision - TRE\u00ae Tension Releasing Exercises","description":"Nettbasert veiledning for TRE\u00ae-mentorer og TRE\u00ae-trenere under oppl\u00e6ring. F\u00e5 dypere kunnskap for \u00e5 st\u00f8tte rikere veiledning.","robots":{"index":"index","follow":"follow","max-snippet":"max-snippet:-1","max-image-preview":"max-image-preview:large","max-video-preview":"max-video-preview:-1"},"canonical":"https:\/\/tre-online.com\/nb\/product\/veiledning-av-mentor\/","og_locale":"nb_NO","og_type":"article","og_title":"GCTP TRE\u00ae Mentor Supervision - TRE\u00ae Tension Releasing Exercises","og_description":"Online Supervision for TRE\u00ae Mentor , TRE\u00ae Trainer Trainee's in training. Gain deeper knowledge to support richer guidance.","og_url":"https:\/\/tre-online.com\/nb\/product\/veiledning-av-mentor\/","og_site_name":"TRE\u00ae Tension Releasing Exercises","article_publisher":"https:\/\/www.facebook.com\/onlineTRE","article_modified_time":"2024-01-15T19:42:24+00:00","og_image":[{"width":1792,"height":1750,"url":"https:\/\/tre-online.com\/wp-content\/uploads\/2021\/03\/TRE-online-logo-MENTOR-SUPERVISION.jpg","type":"image\/jpeg"}],"twitter_card":"summary_large_image","twitter_misc":{"Ansl. lesetid":"1 minutt"},"schema":{"@context":"https:\/\/schema.org","@graph":[{"@type":"WebPage","@id":"https:\/\/tre-online.com\/product\/mentor-supervision\/","url":"https:\/\/tre-online.com\/product\/mentor-supervision\/","name":"GCTP TRE\u00ae Mentor Supervision - TRE\u00ae Tension Releasing Exercises","isPartOf":{"@id":"https:\/\/tre-online.com\/#website"},"primaryImageOfPage":{"@id":"https:\/\/tre-online.com\/product\/mentor-supervision\/#primaryimage"},"image":{"@id":"https:\/\/tre-online.com\/product\/mentor-supervision\/#primaryimage"},"thumbnailUrl":"https:\/\/tre-online.com\/wp-content\/uploads\/2021\/03\/TRE-online-logo-MENTOR-SUPERVISION.jpg","datePublished":"2021-03-11T10:59:18+00:00","dateModified":"2024-01-15T19:42:24+00:00","description":"Nettbasert veiledning for TRE\u00ae-mentorer og TRE\u00ae-trenere under oppl\u00e6ring. F\u00e5 dypere kunnskap for \u00e5 st\u00f8tte rikere veiledning.","breadcrumb":{"@id":"https:\/\/tre-online.com\/product\/mentor-supervision\/#breadcrumb"},"inLanguage":"nb-NO","potentialAction":[{"@type":"ReadAction","target":["https:\/\/tre-online.com\/product\/mentor-supervision\/"]}]},{"@type":"ImageObject","inLanguage":"nb-NO","@id":"https:\/\/tre-online.com\/product\/mentor-supervision\/#primaryimage","url":"https:\/\/tre-online.com\/wp-content\/uploads\/2021\/03\/TRE-online-logo-MENTOR-SUPERVISION.jpg","contentUrl":"https:\/\/tre-online.com\/wp-content\/uploads\/2021\/03\/TRE-online-logo-MENTOR-SUPERVISION.jpg","width":1792,"height":1750},{"@type":"BreadcrumbList","@id":"https:\/\/tre-online.com\/product\/mentor-supervision\/#breadcrumb","itemListElement":[{"@type":"ListItem","position":1,"name":"Home","item":"https:\/\/tre-online.com\/"},{"@type":"ListItem","position":2,"name":"TRE\u00ae Online Store","item":"https:\/\/tre-online.com\/store\/"},{"@type":"ListItem","position":3,"name":"GCTP TRE\u00ae Mentor Supervision"}]},{"@type":"WebSite","@id":"https:\/\/tre-online.com\/#website","url":"https:\/\/tre-online.com\/","name":"TRE\u00ae Tension Releasing Exercises","description":"Frigj\u00f8r kroppen din - frigj\u00f8r sinnet ditt","publisher":{"@id":"https:\/\/tre-online.com\/#organization"},"potentialAction":[{"@type":"SearchAction","target":{"@type":"EntryPoint","urlTemplate":"https:\/\/tre-online.com\/?s={search_term_string}"},"query-input":{"@type":"PropertyValueSpecification","valueRequired":true,"valueName":"search_term_string"}}],"inLanguage":"nb-NO"},{"@type":"Organization","@id":"https:\/\/tre-online.com\/#organization","name":"TRE\u00ae Tension Releasing Exercises","url":"https:\/\/tre-online.com\/","logo":{"@type":"ImageObject","inLanguage":"nb-NO","@id":"https:\/\/tre-online.com\/#\/schema\/logo\/image\/","url":"https:\/\/tre-online.com\/wp-content\/uploads\/2021\/02\/TRE-online-logo-size-optimzed.png","contentUrl":"https:\/\/tre-online.com\/wp-content\/uploads\/2021\/02\/TRE-online-logo-size-optimzed.png","width":400,"height":397,"caption":"TRE\u00ae Tension Releasing Exercises"},"image":{"@id":"https:\/\/tre-online.com\/#\/schema\/logo\/image\/"},"sameAs":["https:\/\/www.facebook.com\/onlineTRE","https:\/\/www.instagram.com\/online_tre\/"]}]}},"_links":{"self":[{"href":"https:\/\/tre-online.com\/nb\/wp-json\/wp\/v2\/product\/2637","targetHints":{"allow":["GET"]}}],"collection":[{"href":"https:\/\/tre-online.com\/nb\/wp-json\/wp\/v2\/product"}],"about":[{"href":"https:\/\/tre-online.com\/nb\/wp-json\/wp\/v2\/types\/product"}],"replies":[{"embeddable":true,"href":"https:\/\/tre-online.com\/nb\/wp-json\/wp\/v2\/comments?post=2637"}],"wp:featuredmedia":[{"embeddable":true,"href":"https:\/\/tre-online.com\/nb\/wp-json\/wp\/v2\/media\/2638"}],"wp:attachment":[{"href":"https:\/\/tre-online.com\/nb\/wp-json\/wp\/v2\/media?parent=2637"}],"wp:term":[{"taxonomy":"product_brand","embeddable":true,"href":"https:\/\/tre-online.com\/nb\/wp-json\/wp\/v2\/product_brand?post=2637"},{"taxonomy":"product_cat","embeddable":true,"href":"https:\/\/tre-online.com\/nb\/wp-json\/wp\/v2\/product_cat?post=2637"},{"taxonomy":"product_tag","embeddable":true,"href":"https:\/\/tre-online.com\/nb\/wp-json\/wp\/v2\/product_tag?post=2637"}],"curies":[{"name":"wp","href":"https:\/\/api.w.org\/{rel}","templated":true}]}}