{"id":2681,"date":"2021-03-19T15:40:50","date_gmt":"2021-03-19T14:40:50","guid":{"rendered":"https:\/\/rrygm.beeweb-green.io\/?post_type=product&#038;p=2681"},"modified":"2024-12-12T14:54:02","modified_gmt":"2024-12-12T13:54:02","slug":"tre-brosjyrer-10-stk-svensk-versjon","status":"publish","type":"product","link":"https:\/\/tre-online.com\/nb\/product\/tre-pamphlets-10-pcs-swedish-version\/","title":{"rendered":"Svenske TRE\u00ae-brosjyrer (10 stk) - Spenninger og traumer"},"content":{"rendered":"","protected":false},"excerpt":{"rendered":"<p>Denne brosjyren gir leseren trinnvise instruksjoner om hvordan man utf\u00f8rer Tension and Trauma Releasing Exercises\u00ae (TRE\u00ae) p\u00e5 en trygg og effektiv m\u00e5te. Det er en utmerket ressurs for terapeuter \u00e5 anbefale til sine klienter som en m\u00e5te \u00e5 veilede dem gjennom \u00f8velsene p\u00e5 mellom timene. <span style=\"color: #ff6600;\"><strong>Brosjyrene selges kun til sertifiserte TRE\u00ae-tilbydere\/utdannere<\/strong><\/span> (Hvis du n\u00e6rmer deg slutten av sertifiseringen, m\u00e5 du avklare med CT-en din om du oppfyller kravene for \u00e5 legge inn en bestilling).<\/p>\n<p>Kj\u00f8p av brosjyrer gjennom TRE-online.com kan kun sendes innen Europa. Tilbydere\/kursholdere som bor utenfor Europa, bes om \u00e5 kj\u00f8pe gjennom <a href=\"http:\/\/www.traumaprevention.com\">www.traumaprevention.com<\/a><\/p>\n<ul>\n<li>RABATT GIS VED KJ\u00d8P AV STORE PARTIER\n<ul>\n<li>10%-rabatt for 5 - 9 pakker (bruk koden provider_10 ved utsjekking)<\/li>\n<li>30%-rabatt for 10+ pakker (bruk koden provider_30 ved utsjekking)<\/li>\n<\/ul>\n<\/li>\n<\/ul>","protected":false},"featured_media":2682,"comment_status":"closed","ping_status":"closed","template":"","meta":{"_acf_changed":false},"product_brand":[],"product_cat":[32],"product_tag":[],"class_list":{"0":"post-2681","1":"product","2":"type-product","3":"status-publish","4":"has-post-thumbnail","6":"product_cat-pamphlets","7":"product_shipping_class-se","8":"grid-sizer","9":"latest_post","11":"first","12":"instock","13":"shipping-taxable","14":"purchasable","15":"product-type-simple"},"acf":[],"yoast_head":"<!-- This site is optimized with the Yoast SEO plugin v27.4 - https:\/\/yoast.com\/product\/yoast-seo-wordpress\/ -->\n<title>Swedish TRE\u00ae Pamphlets (10 pcs) - Tension &amp; Trauma - TRE\u00ae Tension Releasing Exercises<\/title>\n<meta name=\"robots\" content=\"index, follow, max-snippet:-1, max-image-preview:large, max-video-preview:-1\" \/>\n<link rel=\"canonical\" href=\"https:\/\/tre-online.com\/nb\/product\/tre-brosjyrer-10-stk-svensk-versjon\/\" \/>\n<meta property=\"og:locale\" content=\"nb_NO\" \/>\n<meta property=\"og:type\" content=\"article\" \/>\n<meta property=\"og:title\" content=\"Swedish TRE\u00ae Pamphlets (10 pcs) - Tension &amp; Trauma - TRE\u00ae Tension Releasing Exercises\" \/>\n<meta property=\"og:description\" content=\"This pamphlet provides the reader with step by step instructions on how to perform Tension and Trauma Releasing Exercises\u00ae(TRE\u00ae) safely and effectively. It is an excellent resource for therapists to recommend to their clients as a way of guiding them through the exercises between sessions. The pamphlets are only sold to certified TRE\u00ae Providers\/Trainers (if you are towards the end of your certification, please clear with your CT if you are meeting requirements for placing an order).  Purchase of pamphlets through TRE-online.com can only be shipped within Europe. Providers\/Trainers living outside of Europe are asked to purchase through www.traumaprevention.com   DISCOUNT IS PROVIDED WHEN PURCHASING BULKS   10% discount for 5 - 9 packages (use code provider_10 at check-out)  30% discount for 10+ packages (use code provider_30 at check-out)\" \/>\n<meta property=\"og:url\" content=\"https:\/\/tre-online.com\/nb\/product\/tre-brosjyrer-10-stk-svensk-versjon\/\" \/>\n<meta property=\"og:site_name\" content=\"TRE\u00ae Tension Releasing Exercises\" \/>\n<meta property=\"article:publisher\" content=\"https:\/\/www.facebook.com\/onlineTRE\" \/>\n<meta property=\"article:modified_time\" content=\"2024-12-12T13:54:02+00:00\" \/>\n<meta property=\"og:image\" content=\"https:\/\/tre-online.com\/wp-content\/uploads\/2021\/03\/Screenshot-2021-03-19-at-15.20.18.png\" \/>\n\t<meta property=\"og:image:width\" content=\"856\" \/>\n\t<meta property=\"og:image:height\" content=\"1242\" \/>\n\t<meta property=\"og:image:type\" content=\"image\/png\" \/>\n<meta name=\"twitter:card\" content=\"summary_large_image\" \/>\n<script type=\"application\/ld+json\" class=\"yoast-schema-graph\">{\"@context\":\"https:\\\/\\\/schema.org\",\"@graph\":[{\"@type\":\"WebPage\",\"@id\":\"https:\\\/\\\/tre-online.com\\\/product\\\/tre-pamphlets-10-pcs-swedish-version\\\/\",\"url\":\"https:\\\/\\\/tre-online.com\\\/product\\\/tre-pamphlets-10-pcs-swedish-version\\\/\",\"name\":\"Swedish TRE\u00ae Pamphlets (10 pcs) - Tension & Trauma - TRE\u00ae Tension Releasing Exercises\",\"isPartOf\":{\"@id\":\"https:\\\/\\\/tre-online.com\\\/#website\"},\"primaryImageOfPage\":{\"@id\":\"https:\\\/\\\/tre-online.com\\\/product\\\/tre-pamphlets-10-pcs-swedish-version\\\/#primaryimage\"},\"image\":{\"@id\":\"https:\\\/\\\/tre-online.com\\\/product\\\/tre-pamphlets-10-pcs-swedish-version\\\/#primaryimage\"},\"thumbnailUrl\":\"https:\\\/\\\/tre-online.com\\\/wp-content\\\/uploads\\\/2021\\\/03\\\/Screenshot-2021-03-19-at-15.20.18.png\",\"datePublished\":\"2021-03-19T14:40:50+00:00\",\"dateModified\":\"2024-12-12T13:54:02+00:00\",\"breadcrumb\":{\"@id\":\"https:\\\/\\\/tre-online.com\\\/product\\\/tre-pamphlets-10-pcs-swedish-version\\\/#breadcrumb\"},\"inLanguage\":\"nb-NO\",\"potentialAction\":[{\"@type\":\"ReadAction\",\"target\":[\"https:\\\/\\\/tre-online.com\\\/product\\\/tre-pamphlets-10-pcs-swedish-version\\\/\"]}]},{\"@type\":\"ImageObject\",\"inLanguage\":\"nb-NO\",\"@id\":\"https:\\\/\\\/tre-online.com\\\/product\\\/tre-pamphlets-10-pcs-swedish-version\\\/#primaryimage\",\"url\":\"https:\\\/\\\/tre-online.com\\\/wp-content\\\/uploads\\\/2021\\\/03\\\/Screenshot-2021-03-19-at-15.20.18.png\",\"contentUrl\":\"https:\\\/\\\/tre-online.com\\\/wp-content\\\/uploads\\\/2021\\\/03\\\/Screenshot-2021-03-19-at-15.20.18.png\",\"width\":856,\"height\":1242,\"caption\":\"Tension & Trauma Releasing Exercises Svenska\"},{\"@type\":\"BreadcrumbList\",\"@id\":\"https:\\\/\\\/tre-online.com\\\/product\\\/tre-pamphlets-10-pcs-swedish-version\\\/#breadcrumb\",\"itemListElement\":[{\"@type\":\"ListItem\",\"position\":1,\"name\":\"Home\",\"item\":\"https:\\\/\\\/tre-online.com\\\/\"},{\"@type\":\"ListItem\",\"position\":2,\"name\":\"TRE\u00ae Online Store\",\"item\":\"https:\\\/\\\/tre-online.com\\\/store\\\/\"},{\"@type\":\"ListItem\",\"position\":3,\"name\":\"Swedish TRE\u00ae Pamphlets (10 pcs) &#8211; Tension &#038; Trauma\"}]},{\"@type\":\"WebSite\",\"@id\":\"https:\\\/\\\/tre-online.com\\\/#website\",\"url\":\"https:\\\/\\\/tre-online.com\\\/\",\"name\":\"TRE\u00ae Tension Releasing Exercises\",\"description\":\"Release Your Body - Release Your Mind\",\"publisher\":{\"@id\":\"https:\\\/\\\/tre-online.com\\\/#organization\"},\"potentialAction\":[{\"@type\":\"SearchAction\",\"target\":{\"@type\":\"EntryPoint\",\"urlTemplate\":\"https:\\\/\\\/tre-online.com\\\/?s={search_term_string}\"},\"query-input\":{\"@type\":\"PropertyValueSpecification\",\"valueRequired\":true,\"valueName\":\"search_term_string\"}}],\"inLanguage\":\"nb-NO\"},{\"@type\":\"Organization\",\"@id\":\"https:\\\/\\\/tre-online.com\\\/#organization\",\"name\":\"TRE\u00ae Tension Releasing Exercises\",\"url\":\"https:\\\/\\\/tre-online.com\\\/\",\"logo\":{\"@type\":\"ImageObject\",\"inLanguage\":\"nb-NO\",\"@id\":\"https:\\\/\\\/tre-online.com\\\/#\\\/schema\\\/logo\\\/image\\\/\",\"url\":\"https:\\\/\\\/tre-online.com\\\/wp-content\\\/uploads\\\/2021\\\/02\\\/TRE-online-logo-size-optimzed.png\",\"contentUrl\":\"https:\\\/\\\/tre-online.com\\\/wp-content\\\/uploads\\\/2021\\\/02\\\/TRE-online-logo-size-optimzed.png\",\"width\":400,\"height\":397,\"caption\":\"TRE\u00ae Tension Releasing Exercises\"},\"image\":{\"@id\":\"https:\\\/\\\/tre-online.com\\\/#\\\/schema\\\/logo\\\/image\\\/\"},\"sameAs\":[\"https:\\\/\\\/www.facebook.com\\\/onlineTRE\",\"https:\\\/\\\/www.instagram.com\\\/online_tre\\\/\"]}]}<\/script>\n<!-- \/ Yoast SEO plugin. -->","yoast_head_json":{"title":"Svenske TRE\u00ae-brosjyrer (10 stk) - Tension &amp; Trauma - TRE\u00ae Tension Releasing Exercises","robots":{"index":"index","follow":"follow","max-snippet":"max-snippet:-1","max-image-preview":"max-image-preview:large","max-video-preview":"max-video-preview:-1"},"canonical":"https:\/\/tre-online.com\/nb\/product\/tre-brosjyrer-10-stk-svensk-versjon\/","og_locale":"nb_NO","og_type":"article","og_title":"Swedish TRE\u00ae Pamphlets (10 pcs) - Tension & Trauma - TRE\u00ae Tension Releasing Exercises","og_description":"This pamphlet provides the reader with step by step instructions on how to perform Tension and Trauma Releasing Exercises\u00ae(TRE\u00ae) safely and effectively. It is an excellent resource for therapists to recommend to their clients as a way of guiding them through the exercises between sessions. The pamphlets are only sold to certified TRE\u00ae Providers\/Trainers (if you are towards the end of your certification, please clear with your CT if you are meeting requirements for placing an order).  Purchase of pamphlets through TRE-online.com can only be shipped within Europe. Providers\/Trainers living outside of Europe are asked to purchase through www.traumaprevention.com   DISCOUNT IS PROVIDED WHEN PURCHASING BULKS   10% discount for 5 - 9 packages (use code provider_10 at check-out)  30% discount for 10+ packages (use code provider_30 at check-out)","og_url":"https:\/\/tre-online.com\/nb\/product\/tre-brosjyrer-10-stk-svensk-versjon\/","og_site_name":"TRE\u00ae Tension Releasing Exercises","article_publisher":"https:\/\/www.facebook.com\/onlineTRE","article_modified_time":"2024-12-12T13:54:02+00:00","og_image":[{"width":856,"height":1242,"url":"https:\/\/tre-online.com\/wp-content\/uploads\/2021\/03\/Screenshot-2021-03-19-at-15.20.18.png","type":"image\/png"}],"twitter_card":"summary_large_image","schema":{"@context":"https:\/\/schema.org","@graph":[{"@type":"WebPage","@id":"https:\/\/tre-online.com\/product\/tre-pamphlets-10-pcs-swedish-version\/","url":"https:\/\/tre-online.com\/product\/tre-pamphlets-10-pcs-swedish-version\/","name":"Svenske TRE\u00ae-brosjyrer (10 stk) - Tension &amp; Trauma - TRE\u00ae Tension Releasing Exercises","isPartOf":{"@id":"https:\/\/tre-online.com\/#website"},"primaryImageOfPage":{"@id":"https:\/\/tre-online.com\/product\/tre-pamphlets-10-pcs-swedish-version\/#primaryimage"},"image":{"@id":"https:\/\/tre-online.com\/product\/tre-pamphlets-10-pcs-swedish-version\/#primaryimage"},"thumbnailUrl":"https:\/\/tre-online.com\/wp-content\/uploads\/2021\/03\/Screenshot-2021-03-19-at-15.20.18.png","datePublished":"2021-03-19T14:40:50+00:00","dateModified":"2024-12-12T13:54:02+00:00","breadcrumb":{"@id":"https:\/\/tre-online.com\/product\/tre-pamphlets-10-pcs-swedish-version\/#breadcrumb"},"inLanguage":"nb-NO","potentialAction":[{"@type":"ReadAction","target":["https:\/\/tre-online.com\/product\/tre-pamphlets-10-pcs-swedish-version\/"]}]},{"@type":"ImageObject","inLanguage":"nb-NO","@id":"https:\/\/tre-online.com\/product\/tre-pamphlets-10-pcs-swedish-version\/#primaryimage","url":"https:\/\/tre-online.com\/wp-content\/uploads\/2021\/03\/Screenshot-2021-03-19-at-15.20.18.png","contentUrl":"https:\/\/tre-online.com\/wp-content\/uploads\/2021\/03\/Screenshot-2021-03-19-at-15.20.18.png","width":856,"height":1242,"caption":"Tension & Trauma Releasing Exercises Svenska"},{"@type":"BreadcrumbList","@id":"https:\/\/tre-online.com\/product\/tre-pamphlets-10-pcs-swedish-version\/#breadcrumb","itemListElement":[{"@type":"ListItem","position":1,"name":"Home","item":"https:\/\/tre-online.com\/"},{"@type":"ListItem","position":2,"name":"TRE\u00ae Online Store","item":"https:\/\/tre-online.com\/store\/"},{"@type":"ListItem","position":3,"name":"Swedish TRE\u00ae Pamphlets (10 pcs) &#8211; Tension &#038; Trauma"}]},{"@type":"WebSite","@id":"https:\/\/tre-online.com\/#website","url":"https:\/\/tre-online.com\/","name":"TRE\u00ae Tension Releasing Exercises","description":"Frigj\u00f8r kroppen din - frigj\u00f8r sinnet ditt","publisher":{"@id":"https:\/\/tre-online.com\/#organization"},"potentialAction":[{"@type":"SearchAction","target":{"@type":"EntryPoint","urlTemplate":"https:\/\/tre-online.com\/?s={search_term_string}"},"query-input":{"@type":"PropertyValueSpecification","valueRequired":true,"valueName":"search_term_string"}}],"inLanguage":"nb-NO"},{"@type":"Organization","@id":"https:\/\/tre-online.com\/#organization","name":"TRE\u00ae Tension Releasing Exercises","url":"https:\/\/tre-online.com\/","logo":{"@type":"ImageObject","inLanguage":"nb-NO","@id":"https:\/\/tre-online.com\/#\/schema\/logo\/image\/","url":"https:\/\/tre-online.com\/wp-content\/uploads\/2021\/02\/TRE-online-logo-size-optimzed.png","contentUrl":"https:\/\/tre-online.com\/wp-content\/uploads\/2021\/02\/TRE-online-logo-size-optimzed.png","width":400,"height":397,"caption":"TRE\u00ae Tension Releasing Exercises"},"image":{"@id":"https:\/\/tre-online.com\/#\/schema\/logo\/image\/"},"sameAs":["https:\/\/www.facebook.com\/onlineTRE","https:\/\/www.instagram.com\/online_tre\/"]}]}},"_links":{"self":[{"href":"https:\/\/tre-online.com\/nb\/wp-json\/wp\/v2\/product\/2681","targetHints":{"allow":["GET"]}}],"collection":[{"href":"https:\/\/tre-online.com\/nb\/wp-json\/wp\/v2\/product"}],"about":[{"href":"https:\/\/tre-online.com\/nb\/wp-json\/wp\/v2\/types\/product"}],"replies":[{"embeddable":true,"href":"https:\/\/tre-online.com\/nb\/wp-json\/wp\/v2\/comments?post=2681"}],"wp:featuredmedia":[{"embeddable":true,"href":"https:\/\/tre-online.com\/nb\/wp-json\/wp\/v2\/media\/2682"}],"wp:attachment":[{"href":"https:\/\/tre-online.com\/nb\/wp-json\/wp\/v2\/media?parent=2681"}],"wp:term":[{"taxonomy":"product_brand","embeddable":true,"href":"https:\/\/tre-online.com\/nb\/wp-json\/wp\/v2\/product_brand?post=2681"},{"taxonomy":"product_cat","embeddable":true,"href":"https:\/\/tre-online.com\/nb\/wp-json\/wp\/v2\/product_cat?post=2681"},{"taxonomy":"product_tag","embeddable":true,"href":"https:\/\/tre-online.com\/nb\/wp-json\/wp\/v2\/product_tag?post=2681"}],"curies":[{"name":"wp","href":"https:\/\/api.w.org\/{rel}","templated":true}]}}