{"id":27,"date":"2019-09-07T12:58:45","date_gmt":"2019-09-07T12:58:45","guid":{"rendered":"https:\/\/rrygm.beeweb-green.io\/?page_id=27"},"modified":"2025-06-03T10:22:54","modified_gmt":"2025-06-03T08:22:54","slug":"o-nas","status":"publish","type":"page","link":"https:\/\/tre-online.com\/sk\/about-us\/","title":{"rendered":"O n\u00e1s"},"content":{"rendered":"<blockquote class=\"wp-block-quote is-layout-flow wp-block-quote-is-layout-flow\">\n<p>Ka\u017ed\u00fd sme in\u00fd. Nes\u00fa\u010fte, ale pochopte.<\/p>\n<cite><strong>Roy T. Bennett,&nbsp;<\/strong><a href=\"https:\/\/www.goodreads.com\/work\/quotes\/49604402\">Svetlo v srdci<\/a><\/cite><\/blockquote>\n\n\n\n<p>Zakladate\u013ekou tejto webovej str\u00e1nky TRE\u00ae Online je Deva Laya Guleng, sk\u00fasen\u00e1 tr\u00e9nerka glob\u00e1lnej certifik\u00e1cie TRE\u00ae. Ako tr\u00e9nerka pracuje od roku 2011 a podporuje rast TRE\u00ae v Eur\u00f3pe.<\/p>\n\n\n\n<p>Deva Laya dnes pracuje ako superv\u00edzor a mentor pre st\u00e1\u017eistov TRE\u00ae a TRE<sup>\u00ae<\/sup>&nbsp;Certifik\u00e1cia \u0161kolite\u013eov, ako aj poskytovanie vlastn\u00fdch \u0161kolen\u00ed a individu\u00e1lnych stretnut\u00ed.  Je ve\u013emi anga\u017eovan\u00e1 v medzin\u00e1rodnej organiz\u00e1cii, a to tak pri vypracov\u00e1van\u00ed \u0161trukt\u00farovan\u00fdch podporn\u00fdch dokumentov, ako aj pri podpore za\u010d\u00ednaj\u00facich TRE<sup>\u00ae<\/sup>&nbsp;v nov\u00fdch krajin\u00e1ch.<\/p>\n\n\n\n<p>Deva Laya sa prv\u00fdkr\u00e1t stretla s TRE<sup>\u00ae<\/sup>&nbsp;v roku 2008 a od tej doby praktizuje TRE<sup>\u00ae<\/sup>&nbsp;odvtedy. Nad\u0161enie a in\u0161pir\u00e1cia na pou\u017e\u00edvanie TRE<sup>\u00ae<\/sup>&nbsp;ako samolie\u010debn\u00fa met\u00f3du pre seba aj ako n\u00e1stroj pri pr\u00e1ci s in\u00fdmi \u013eu\u010fmi ju posunula k vstupu do TRE<sup>\u00ae<\/sup>&nbsp;vzdel\u00e1vac\u00ed program. Jej hlavn\u00fdmi \u0161kolite\u013emi s\u00fa Dr. David Berceli a Joan MacDonald.<\/p>\n\n\n\n<p>S ve\u013ek\u00fdm nasaden\u00edm vedie skupiny a jednotlivcov cez TRE<sup>\u00ae<\/sup>&nbsp;cvi\u010denia a z\u00e1rove\u0148 poskytuje uzemnenie a podporu. S ve\u013ekou v\u010fa\u010dnos\u0165ou a pokorou je svedkom procesu uzdravovania in\u00fdch \u013eud\u00ed.<\/p>\n\n\n\n<div class=\"wp-block-media-text is-stacked-on-mobile\" style=\"grid-template-columns:25% auto\"><figure class=\"wp-block-media-text__media\"><img fetchpriority=\"high\" decoding=\"async\" width=\"508\" height=\"560\" src=\"https:\/\/tre-online.com\/wp-content\/uploads\/2025\/06\/DevaLaya-portait.png\" alt=\"\" class=\"wp-image-7068 size-full\" srcset=\"https:\/\/tre-online.com\/wp-content\/uploads\/2025\/06\/DevaLaya-portait.png 508w, https:\/\/tre-online.com\/wp-content\/uploads\/2025\/06\/DevaLaya-portait-272x300.png 272w, https:\/\/tre-online.com\/wp-content\/uploads\/2025\/06\/DevaLaya-portait-11x12.png 11w, https:\/\/tre-online.com\/wp-content\/uploads\/2025\/06\/DevaLaya-portait-200x220.png 200w\" sizes=\"(max-width: 508px) 100vw, 508px\" \/><\/figure><div class=\"wp-block-media-text__content\">\n<p>Deva Laya sa venuje vedeniu \u013eud\u00ed k n\u00e1jdeniu ich vn\u00fatornej sily a pri svojej pr\u00e1ci rada pou\u017e\u00edva kri\u0161t\u00e1\u013eov\u00e9 zvukov\u00e9 misy a svoj hlas. Jednou z jej najsilnej\u0161\u00edch v\u00edzi\u00ed je na\u010falej by\u0165 sprievodky\u0148ou, podporova\u0165, pom\u00e1ha\u0165 a posil\u0148ova\u0165 \u013eud\u00ed na celom svete, najm\u00e4 t\u00fdch, ktor\u00ed s\u00fa na\u0161ou bud\u00facnos\u0165ou - deti<\/p>\n<\/div><\/div>","protected":false},"excerpt":{"rendered":"<p>We are all different. Don\u2019t judge, understand instead. Roy T. Bennett,&nbsp;The Light in the Heart The founder of this TRE\u00ae Online website is Deva Laya Guleng, an experienced Global TRE\u00ae Certification Trainer. She&#8217;s been working as a Trainer since 2011, supporting growth of TRE\u00ae in Europe. Deva Laya is today working both as supervisor and &hellip; <\/p>","protected":false},"author":1,"featured_media":0,"parent":0,"menu_order":0,"comment_status":"closed","ping_status":"closed","template":"","meta":{"_acf_changed":false,"footnotes":""},"class_list":["post-27","page","type-page","status-publish","hentry","grid-sizer","latest_post"],"acf":[],"yoast_head":"<!-- This site is optimized with the Yoast SEO plugin v27.5 - https:\/\/yoast.com\/product\/yoast-seo-wordpress\/ -->\n<title>About us - TRE\u00ae Tension Releasing Exercises<\/title>\n<meta name=\"robots\" content=\"index, follow, max-snippet:-1, max-image-preview:large, max-video-preview:-1\" \/>\n<link rel=\"canonical\" href=\"https:\/\/tre-online.com\/sk\/o-nas\/\" \/>\n<meta property=\"og:locale\" content=\"sk_SK\" \/>\n<meta property=\"og:type\" content=\"article\" \/>\n<meta property=\"og:title\" content=\"About us - TRE\u00ae Tension Releasing Exercises\" \/>\n<meta property=\"og:description\" content=\"We are all different. Don\u2019t judge, understand instead. Roy T. Bennett,&nbsp;The Light in the Heart The founder of this TRE\u00ae Online website is Deva Laya Guleng, an experienced Global TRE\u00ae Certification Trainer. She&#8217;s been working as a Trainer since 2011, supporting growth of TRE\u00ae in Europe. Deva Laya is today working both as supervisor and &hellip;\" \/>\n<meta property=\"og:url\" content=\"https:\/\/tre-online.com\/sk\/o-nas\/\" \/>\n<meta property=\"og:site_name\" content=\"TRE\u00ae Tension Releasing Exercises\" \/>\n<meta property=\"article:publisher\" content=\"https:\/\/www.facebook.com\/onlineTRE\" \/>\n<meta property=\"article:modified_time\" content=\"2025-06-03T08:22:54+00:00\" \/>\n<meta property=\"og:image\" content=\"https:\/\/tre-online.com\/wp-content\/uploads\/2025\/06\/DevaLaya-portait.png\" \/>\n\t<meta property=\"og:image:width\" content=\"508\" \/>\n\t<meta property=\"og:image:height\" content=\"560\" \/>\n\t<meta property=\"og:image:type\" content=\"image\/png\" \/>\n<meta name=\"twitter:card\" content=\"summary_large_image\" \/>\n<meta name=\"twitter:label1\" content=\"Predpokladan\u00fd \u010das \u010d\u00edtania\" \/>\n\t<meta name=\"twitter:data1\" content=\"2 min\u00faty\" \/>\n<script type=\"application\/ld+json\" class=\"yoast-schema-graph\">{\"@context\":\"https:\\\/\\\/schema.org\",\"@graph\":[{\"@type\":\"WebPage\",\"@id\":\"https:\\\/\\\/tre-online.com\\\/about-us\\\/\",\"url\":\"https:\\\/\\\/tre-online.com\\\/about-us\\\/\",\"name\":\"About us - TRE\u00ae Tension Releasing Exercises\",\"isPartOf\":{\"@id\":\"https:\\\/\\\/tre-online.com\\\/#website\"},\"primaryImageOfPage\":{\"@id\":\"https:\\\/\\\/tre-online.com\\\/about-us\\\/#primaryimage\"},\"image\":{\"@id\":\"https:\\\/\\\/tre-online.com\\\/about-us\\\/#primaryimage\"},\"thumbnailUrl\":\"https:\\\/\\\/tre-online.com\\\/wp-content\\\/uploads\\\/2025\\\/06\\\/DevaLaya-portait.png\",\"datePublished\":\"2019-09-07T12:58:45+00:00\",\"dateModified\":\"2025-06-03T08:22:54+00:00\",\"breadcrumb\":{\"@id\":\"https:\\\/\\\/tre-online.com\\\/about-us\\\/#breadcrumb\"},\"inLanguage\":\"sk-SK\",\"potentialAction\":[{\"@type\":\"ReadAction\",\"target\":[\"https:\\\/\\\/tre-online.com\\\/about-us\\\/\"]}]},{\"@type\":\"ImageObject\",\"inLanguage\":\"sk-SK\",\"@id\":\"https:\\\/\\\/tre-online.com\\\/about-us\\\/#primaryimage\",\"url\":\"https:\\\/\\\/tre-online.com\\\/wp-content\\\/uploads\\\/2025\\\/06\\\/DevaLaya-portait.png\",\"contentUrl\":\"https:\\\/\\\/tre-online.com\\\/wp-content\\\/uploads\\\/2025\\\/06\\\/DevaLaya-portait.png\"},{\"@type\":\"BreadcrumbList\",\"@id\":\"https:\\\/\\\/tre-online.com\\\/about-us\\\/#breadcrumb\",\"itemListElement\":[{\"@type\":\"ListItem\",\"position\":1,\"name\":\"Home\",\"item\":\"https:\\\/\\\/tre-online.com\\\/\"},{\"@type\":\"ListItem\",\"position\":2,\"name\":\"About us\"}]},{\"@type\":\"WebSite\",\"@id\":\"https:\\\/\\\/tre-online.com\\\/#website\",\"url\":\"https:\\\/\\\/tre-online.com\\\/\",\"name\":\"TRE\u00ae Tension Releasing Exercises\",\"description\":\"Release Your Body - Release Your Mind\",\"publisher\":{\"@id\":\"https:\\\/\\\/tre-online.com\\\/#organization\"},\"potentialAction\":[{\"@type\":\"SearchAction\",\"target\":{\"@type\":\"EntryPoint\",\"urlTemplate\":\"https:\\\/\\\/tre-online.com\\\/?s={search_term_string}\"},\"query-input\":{\"@type\":\"PropertyValueSpecification\",\"valueRequired\":true,\"valueName\":\"search_term_string\"}}],\"inLanguage\":\"sk-SK\"},{\"@type\":\"Organization\",\"@id\":\"https:\\\/\\\/tre-online.com\\\/#organization\",\"name\":\"TRE\u00ae Tension Releasing Exercises\",\"url\":\"https:\\\/\\\/tre-online.com\\\/\",\"logo\":{\"@type\":\"ImageObject\",\"inLanguage\":\"sk-SK\",\"@id\":\"https:\\\/\\\/tre-online.com\\\/#\\\/schema\\\/logo\\\/image\\\/\",\"url\":\"https:\\\/\\\/tre-online.com\\\/wp-content\\\/uploads\\\/2021\\\/02\\\/TRE-online-logo-size-optimzed.png\",\"contentUrl\":\"https:\\\/\\\/tre-online.com\\\/wp-content\\\/uploads\\\/2021\\\/02\\\/TRE-online-logo-size-optimzed.png\",\"width\":400,\"height\":397,\"caption\":\"TRE\u00ae Tension Releasing Exercises\"},\"image\":{\"@id\":\"https:\\\/\\\/tre-online.com\\\/#\\\/schema\\\/logo\\\/image\\\/\"},\"sameAs\":[\"https:\\\/\\\/www.facebook.com\\\/onlineTRE\",\"https:\\\/\\\/www.instagram.com\\\/online_tre\\\/\"]}]}<\/script>\n<!-- \/ Yoast SEO plugin. -->","yoast_head_json":{"title":"O n\u00e1s - Cvi\u010denia na uvo\u013enenie nap\u00e4tia TRE\u00ae","robots":{"index":"index","follow":"follow","max-snippet":"max-snippet:-1","max-image-preview":"max-image-preview:large","max-video-preview":"max-video-preview:-1"},"canonical":"https:\/\/tre-online.com\/sk\/o-nas\/","og_locale":"sk_SK","og_type":"article","og_title":"About us - TRE\u00ae Tension Releasing Exercises","og_description":"We are all different. Don\u2019t judge, understand instead. Roy T. Bennett,&nbsp;The Light in the Heart The founder of this TRE\u00ae Online website is Deva Laya Guleng, an experienced Global TRE\u00ae Certification Trainer. She&#8217;s been working as a Trainer since 2011, supporting growth of TRE\u00ae in Europe. Deva Laya is today working both as supervisor and &hellip;","og_url":"https:\/\/tre-online.com\/sk\/o-nas\/","og_site_name":"TRE\u00ae Tension Releasing Exercises","article_publisher":"https:\/\/www.facebook.com\/onlineTRE","article_modified_time":"2025-06-03T08:22:54+00:00","og_image":[{"width":508,"height":560,"url":"https:\/\/tre-online.com\/wp-content\/uploads\/2025\/06\/DevaLaya-portait.png","type":"image\/png"}],"twitter_card":"summary_large_image","twitter_misc":{"Predpokladan\u00fd \u010das \u010d\u00edtania":"2 min\u00faty"},"schema":{"@context":"https:\/\/schema.org","@graph":[{"@type":"WebPage","@id":"https:\/\/tre-online.com\/about-us\/","url":"https:\/\/tre-online.com\/about-us\/","name":"O n\u00e1s - Cvi\u010denia na uvo\u013enenie nap\u00e4tia TRE\u00ae","isPartOf":{"@id":"https:\/\/tre-online.com\/#website"},"primaryImageOfPage":{"@id":"https:\/\/tre-online.com\/about-us\/#primaryimage"},"image":{"@id":"https:\/\/tre-online.com\/about-us\/#primaryimage"},"thumbnailUrl":"https:\/\/tre-online.com\/wp-content\/uploads\/2025\/06\/DevaLaya-portait.png","datePublished":"2019-09-07T12:58:45+00:00","dateModified":"2025-06-03T08:22:54+00:00","breadcrumb":{"@id":"https:\/\/tre-online.com\/about-us\/#breadcrumb"},"inLanguage":"sk-SK","potentialAction":[{"@type":"ReadAction","target":["https:\/\/tre-online.com\/about-us\/"]}]},{"@type":"ImageObject","inLanguage":"sk-SK","@id":"https:\/\/tre-online.com\/about-us\/#primaryimage","url":"https:\/\/tre-online.com\/wp-content\/uploads\/2025\/06\/DevaLaya-portait.png","contentUrl":"https:\/\/tre-online.com\/wp-content\/uploads\/2025\/06\/DevaLaya-portait.png"},{"@type":"BreadcrumbList","@id":"https:\/\/tre-online.com\/about-us\/#breadcrumb","itemListElement":[{"@type":"ListItem","position":1,"name":"Home","item":"https:\/\/tre-online.com\/"},{"@type":"ListItem","position":2,"name":"About us"}]},{"@type":"WebSite","@id":"https:\/\/tre-online.com\/#website","url":"https:\/\/tre-online.com\/","name":"Cvi\u010denia na uvo\u013enenie nap\u00e4tia TRE\u00ae","description":"Uvo\u013enite svoje telo - uvo\u013enite svoju myse\u013e","publisher":{"@id":"https:\/\/tre-online.com\/#organization"},"potentialAction":[{"@type":"SearchAction","target":{"@type":"EntryPoint","urlTemplate":"https:\/\/tre-online.com\/?s={search_term_string}"},"query-input":{"@type":"PropertyValueSpecification","valueRequired":true,"valueName":"search_term_string"}}],"inLanguage":"sk-SK"},{"@type":"Organization","@id":"https:\/\/tre-online.com\/#organization","name":"Cvi\u010denia na uvo\u013enenie nap\u00e4tia TRE\u00ae","url":"https:\/\/tre-online.com\/","logo":{"@type":"ImageObject","inLanguage":"sk-SK","@id":"https:\/\/tre-online.com\/#\/schema\/logo\/image\/","url":"https:\/\/tre-online.com\/wp-content\/uploads\/2021\/02\/TRE-online-logo-size-optimzed.png","contentUrl":"https:\/\/tre-online.com\/wp-content\/uploads\/2021\/02\/TRE-online-logo-size-optimzed.png","width":400,"height":397,"caption":"TRE\u00ae Tension Releasing Exercises"},"image":{"@id":"https:\/\/tre-online.com\/#\/schema\/logo\/image\/"},"sameAs":["https:\/\/www.facebook.com\/onlineTRE","https:\/\/www.instagram.com\/online_tre\/"]}]}},"_links":{"self":[{"href":"https:\/\/tre-online.com\/sk\/wp-json\/wp\/v2\/pages\/27","targetHints":{"allow":["GET"]}}],"collection":[{"href":"https:\/\/tre-online.com\/sk\/wp-json\/wp\/v2\/pages"}],"about":[{"href":"https:\/\/tre-online.com\/sk\/wp-json\/wp\/v2\/types\/page"}],"author":[{"embeddable":true,"href":"https:\/\/tre-online.com\/sk\/wp-json\/wp\/v2\/users\/1"}],"replies":[{"embeddable":true,"href":"https:\/\/tre-online.com\/sk\/wp-json\/wp\/v2\/comments?post=27"}],"version-history":[{"count":3,"href":"https:\/\/tre-online.com\/sk\/wp-json\/wp\/v2\/pages\/27\/revisions"}],"predecessor-version":[{"id":7069,"href":"https:\/\/tre-online.com\/sk\/wp-json\/wp\/v2\/pages\/27\/revisions\/7069"}],"wp:attachment":[{"href":"https:\/\/tre-online.com\/sk\/wp-json\/wp\/v2\/media?parent=27"}],"curies":[{"name":"wp","href":"https:\/\/api.w.org\/{rel}","templated":true}]}}