{"id":3075,"date":"2021-08-04T14:31:34","date_gmt":"2021-08-04T12:31:34","guid":{"rendered":"https:\/\/rrygm.beeweb-green.io\/?post_type=product&#038;p=3075"},"modified":"2024-09-24T15:20:29","modified_gmt":"2024-09-24T13:20:29","slug":"vkladovy-modul-online-tre","status":"publish","type":"product","link":"https:\/\/tre-online.com\/sk\/product\/deposit-online-tre-module\/","title":{"rendered":"Iba vklad - online \u0161kolenie modulu TRE\u00ae"},"content":{"rendered":"<p>Po\u0161lite e-mail na adresu TREtraining (at) TRE-online.com s inform\u00e1ciou, za ktor\u00fd workshop plat\u00edte z\u00e1lohu.<\/p>","protected":false},"excerpt":{"rendered":"<p>Po\u0161lite e-mail na adresu TREtraining (at) TRE-online.com s inform\u00e1ciou, za ktor\u00fd workshop plat\u00edte z\u00e1lohu.<\/p>","protected":false},"featured_media":2055,"comment_status":"open","ping_status":"closed","template":"","meta":{"_acf_changed":false},"product_brand":[],"product_cat":[19],"product_tag":[64,63,61,62],"class_list":{"0":"post-3075","1":"product","2":"type-product","3":"status-publish","4":"has-post-thumbnail","6":"product_cat-workshops_trainings","7":"product_tag-certification-training","8":"product_tag-tre-module-1","9":"product_tag-tre-training","10":"product_tag-tre-training-online","11":"grid-sizer","12":"latest_post","14":"first","15":"instock","16":"virtual","17":"sold-individually","18":"purchasable","19":"product-type-simple"},"acf":[],"yoast_head":"<!-- This site is optimized with the Yoast SEO plugin v27.4 - https:\/\/yoast.com\/product\/yoast-seo-wordpress\/ -->\n<title>Deposit only - Online TRE\u00ae Module Training - TRE\u00ae Tension Releasing Exercises<\/title>\n<meta name=\"robots\" content=\"index, follow, max-snippet:-1, max-image-preview:large, max-video-preview:-1\" \/>\n<link rel=\"canonical\" href=\"https:\/\/tre-online.com\/sk\/product\/vkladovy-modul-online-tre\/\" \/>\n<meta property=\"og:locale\" content=\"sk_SK\" \/>\n<meta property=\"og:type\" content=\"article\" \/>\n<meta property=\"og:title\" content=\"Deposit only - Online TRE\u00ae Module Training - TRE\u00ae Tension Releasing Exercises\" \/>\n<meta property=\"og:description\" content=\"Please send an email to TREtraining (at) TRE-online.com with information to which workshop you are paying the deposit for.\" \/>\n<meta property=\"og:url\" content=\"https:\/\/tre-online.com\/sk\/product\/vkladovy-modul-online-tre\/\" \/>\n<meta property=\"og:site_name\" content=\"TRE\u00ae Tension Releasing Exercises\" \/>\n<meta property=\"article:publisher\" content=\"https:\/\/www.facebook.com\/onlineTRE\" \/>\n<meta property=\"article:modified_time\" content=\"2024-09-24T13:20:29+00:00\" \/>\n<meta property=\"og:image\" content=\"https:\/\/tre-online.com\/wp-content\/uploads\/2020\/04\/bigstock-Healthy-Gym-Girl-Using-Compute-245368993-scaled.jpg\" \/>\n\t<meta property=\"og:image:width\" content=\"2560\" \/>\n\t<meta property=\"og:image:height\" content=\"1440\" \/>\n\t<meta property=\"og:image:type\" content=\"image\/jpeg\" \/>\n<meta name=\"twitter:card\" content=\"summary_large_image\" \/>\n<meta name=\"twitter:label1\" content=\"Predpokladan\u00fd \u010das \u010d\u00edtania\" \/>\n\t<meta name=\"twitter:data1\" content=\"1 min\u00fata\" \/>\n<script type=\"application\/ld+json\" class=\"yoast-schema-graph\">{\"@context\":\"https:\\\/\\\/schema.org\",\"@graph\":[{\"@type\":\"WebPage\",\"@id\":\"https:\\\/\\\/tre-online.com\\\/product\\\/deposit-online-tre-module\\\/\",\"url\":\"https:\\\/\\\/tre-online.com\\\/product\\\/deposit-online-tre-module\\\/\",\"name\":\"Deposit only - Online TRE\u00ae Module Training - TRE\u00ae Tension Releasing Exercises\",\"isPartOf\":{\"@id\":\"https:\\\/\\\/tre-online.com\\\/#website\"},\"primaryImageOfPage\":{\"@id\":\"https:\\\/\\\/tre-online.com\\\/product\\\/deposit-online-tre-module\\\/#primaryimage\"},\"image\":{\"@id\":\"https:\\\/\\\/tre-online.com\\\/product\\\/deposit-online-tre-module\\\/#primaryimage\"},\"thumbnailUrl\":\"https:\\\/\\\/tre-online.com\\\/wp-content\\\/uploads\\\/2020\\\/04\\\/bigstock-Healthy-Gym-Girl-Using-Compute-245368993-scaled.jpg\",\"datePublished\":\"2021-08-04T12:31:34+00:00\",\"dateModified\":\"2024-09-24T13:20:29+00:00\",\"breadcrumb\":{\"@id\":\"https:\\\/\\\/tre-online.com\\\/product\\\/deposit-online-tre-module\\\/#breadcrumb\"},\"inLanguage\":\"sk-SK\",\"potentialAction\":[{\"@type\":\"ReadAction\",\"target\":[\"https:\\\/\\\/tre-online.com\\\/product\\\/deposit-online-tre-module\\\/\"]}]},{\"@type\":\"ImageObject\",\"inLanguage\":\"sk-SK\",\"@id\":\"https:\\\/\\\/tre-online.com\\\/product\\\/deposit-online-tre-module\\\/#primaryimage\",\"url\":\"https:\\\/\\\/tre-online.com\\\/wp-content\\\/uploads\\\/2020\\\/04\\\/bigstock-Healthy-Gym-Girl-Using-Compute-245368993-scaled.jpg\",\"contentUrl\":\"https:\\\/\\\/tre-online.com\\\/wp-content\\\/uploads\\\/2020\\\/04\\\/bigstock-Healthy-Gym-Girl-Using-Compute-245368993-scaled.jpg\",\"width\":2560,\"height\":1440},{\"@type\":\"BreadcrumbList\",\"@id\":\"https:\\\/\\\/tre-online.com\\\/product\\\/deposit-online-tre-module\\\/#breadcrumb\",\"itemListElement\":[{\"@type\":\"ListItem\",\"position\":1,\"name\":\"Home\",\"item\":\"https:\\\/\\\/tre-online.com\\\/\"},{\"@type\":\"ListItem\",\"position\":2,\"name\":\"TRE\u00ae Online Store\",\"item\":\"https:\\\/\\\/tre-online.com\\\/store\\\/\"},{\"@type\":\"ListItem\",\"position\":3,\"name\":\"Deposit only &#8211; Online TRE\u00ae Module Training\"}]},{\"@type\":\"WebSite\",\"@id\":\"https:\\\/\\\/tre-online.com\\\/#website\",\"url\":\"https:\\\/\\\/tre-online.com\\\/\",\"name\":\"TRE\u00ae Tension Releasing Exercises\",\"description\":\"Release Your Body - Release Your Mind\",\"publisher\":{\"@id\":\"https:\\\/\\\/tre-online.com\\\/#organization\"},\"potentialAction\":[{\"@type\":\"SearchAction\",\"target\":{\"@type\":\"EntryPoint\",\"urlTemplate\":\"https:\\\/\\\/tre-online.com\\\/?s={search_term_string}\"},\"query-input\":{\"@type\":\"PropertyValueSpecification\",\"valueRequired\":true,\"valueName\":\"search_term_string\"}}],\"inLanguage\":\"sk-SK\"},{\"@type\":\"Organization\",\"@id\":\"https:\\\/\\\/tre-online.com\\\/#organization\",\"name\":\"TRE\u00ae Tension Releasing Exercises\",\"url\":\"https:\\\/\\\/tre-online.com\\\/\",\"logo\":{\"@type\":\"ImageObject\",\"inLanguage\":\"sk-SK\",\"@id\":\"https:\\\/\\\/tre-online.com\\\/#\\\/schema\\\/logo\\\/image\\\/\",\"url\":\"https:\\\/\\\/tre-online.com\\\/wp-content\\\/uploads\\\/2021\\\/02\\\/TRE-online-logo-size-optimzed.png\",\"contentUrl\":\"https:\\\/\\\/tre-online.com\\\/wp-content\\\/uploads\\\/2021\\\/02\\\/TRE-online-logo-size-optimzed.png\",\"width\":400,\"height\":397,\"caption\":\"TRE\u00ae Tension Releasing Exercises\"},\"image\":{\"@id\":\"https:\\\/\\\/tre-online.com\\\/#\\\/schema\\\/logo\\\/image\\\/\"},\"sameAs\":[\"https:\\\/\\\/www.facebook.com\\\/onlineTRE\",\"https:\\\/\\\/www.instagram.com\\\/online_tre\\\/\"]}]}<\/script>\n<!-- \/ Yoast SEO plugin. -->","yoast_head_json":{"title":"Len vklad - Online \u0161kolenie modulu TRE\u00ae - Cvi\u010denia na uvo\u013enenie nap\u00e4tia TRE\u00ae","robots":{"index":"index","follow":"follow","max-snippet":"max-snippet:-1","max-image-preview":"max-image-preview:large","max-video-preview":"max-video-preview:-1"},"canonical":"https:\/\/tre-online.com\/sk\/product\/vkladovy-modul-online-tre\/","og_locale":"sk_SK","og_type":"article","og_title":"Deposit only - Online TRE\u00ae Module Training - TRE\u00ae Tension Releasing Exercises","og_description":"Please send an email to TREtraining (at) TRE-online.com with information to which workshop you are paying the deposit for.","og_url":"https:\/\/tre-online.com\/sk\/product\/vkladovy-modul-online-tre\/","og_site_name":"TRE\u00ae Tension Releasing Exercises","article_publisher":"https:\/\/www.facebook.com\/onlineTRE","article_modified_time":"2024-09-24T13:20:29+00:00","og_image":[{"width":2560,"height":1440,"url":"https:\/\/tre-online.com\/wp-content\/uploads\/2020\/04\/bigstock-Healthy-Gym-Girl-Using-Compute-245368993-scaled.jpg","type":"image\/jpeg"}],"twitter_card":"summary_large_image","twitter_misc":{"Predpokladan\u00fd \u010das \u010d\u00edtania":"1 min\u00fata"},"schema":{"@context":"https:\/\/schema.org","@graph":[{"@type":"WebPage","@id":"https:\/\/tre-online.com\/product\/deposit-online-tre-module\/","url":"https:\/\/tre-online.com\/product\/deposit-online-tre-module\/","name":"Len vklad - Online \u0161kolenie modulu TRE\u00ae - Cvi\u010denia na uvo\u013enenie nap\u00e4tia TRE\u00ae","isPartOf":{"@id":"https:\/\/tre-online.com\/#website"},"primaryImageOfPage":{"@id":"https:\/\/tre-online.com\/product\/deposit-online-tre-module\/#primaryimage"},"image":{"@id":"https:\/\/tre-online.com\/product\/deposit-online-tre-module\/#primaryimage"},"thumbnailUrl":"https:\/\/tre-online.com\/wp-content\/uploads\/2020\/04\/bigstock-Healthy-Gym-Girl-Using-Compute-245368993-scaled.jpg","datePublished":"2021-08-04T12:31:34+00:00","dateModified":"2024-09-24T13:20:29+00:00","breadcrumb":{"@id":"https:\/\/tre-online.com\/product\/deposit-online-tre-module\/#breadcrumb"},"inLanguage":"sk-SK","potentialAction":[{"@type":"ReadAction","target":["https:\/\/tre-online.com\/product\/deposit-online-tre-module\/"]}]},{"@type":"ImageObject","inLanguage":"sk-SK","@id":"https:\/\/tre-online.com\/product\/deposit-online-tre-module\/#primaryimage","url":"https:\/\/tre-online.com\/wp-content\/uploads\/2020\/04\/bigstock-Healthy-Gym-Girl-Using-Compute-245368993-scaled.jpg","contentUrl":"https:\/\/tre-online.com\/wp-content\/uploads\/2020\/04\/bigstock-Healthy-Gym-Girl-Using-Compute-245368993-scaled.jpg","width":2560,"height":1440},{"@type":"BreadcrumbList","@id":"https:\/\/tre-online.com\/product\/deposit-online-tre-module\/#breadcrumb","itemListElement":[{"@type":"ListItem","position":1,"name":"Home","item":"https:\/\/tre-online.com\/"},{"@type":"ListItem","position":2,"name":"TRE\u00ae Online Store","item":"https:\/\/tre-online.com\/store\/"},{"@type":"ListItem","position":3,"name":"Deposit only &#8211; Online TRE\u00ae Module Training"}]},{"@type":"WebSite","@id":"https:\/\/tre-online.com\/#website","url":"https:\/\/tre-online.com\/","name":"Cvi\u010denia na uvo\u013enenie nap\u00e4tia TRE\u00ae","description":"Uvo\u013enite svoje telo - uvo\u013enite svoju myse\u013e","publisher":{"@id":"https:\/\/tre-online.com\/#organization"},"potentialAction":[{"@type":"SearchAction","target":{"@type":"EntryPoint","urlTemplate":"https:\/\/tre-online.com\/?s={search_term_string}"},"query-input":{"@type":"PropertyValueSpecification","valueRequired":true,"valueName":"search_term_string"}}],"inLanguage":"sk-SK"},{"@type":"Organization","@id":"https:\/\/tre-online.com\/#organization","name":"Cvi\u010denia na uvo\u013enenie nap\u00e4tia TRE\u00ae","url":"https:\/\/tre-online.com\/","logo":{"@type":"ImageObject","inLanguage":"sk-SK","@id":"https:\/\/tre-online.com\/#\/schema\/logo\/image\/","url":"https:\/\/tre-online.com\/wp-content\/uploads\/2021\/02\/TRE-online-logo-size-optimzed.png","contentUrl":"https:\/\/tre-online.com\/wp-content\/uploads\/2021\/02\/TRE-online-logo-size-optimzed.png","width":400,"height":397,"caption":"TRE\u00ae Tension Releasing Exercises"},"image":{"@id":"https:\/\/tre-online.com\/#\/schema\/logo\/image\/"},"sameAs":["https:\/\/www.facebook.com\/onlineTRE","https:\/\/www.instagram.com\/online_tre\/"]}]}},"_links":{"self":[{"href":"https:\/\/tre-online.com\/sk\/wp-json\/wp\/v2\/product\/3075","targetHints":{"allow":["GET"]}}],"collection":[{"href":"https:\/\/tre-online.com\/sk\/wp-json\/wp\/v2\/product"}],"about":[{"href":"https:\/\/tre-online.com\/sk\/wp-json\/wp\/v2\/types\/product"}],"replies":[{"embeddable":true,"href":"https:\/\/tre-online.com\/sk\/wp-json\/wp\/v2\/comments?post=3075"}],"wp:featuredmedia":[{"embeddable":true,"href":"https:\/\/tre-online.com\/sk\/wp-json\/wp\/v2\/media\/2055"}],"wp:attachment":[{"href":"https:\/\/tre-online.com\/sk\/wp-json\/wp\/v2\/media?parent=3075"}],"wp:term":[{"taxonomy":"product_brand","embeddable":true,"href":"https:\/\/tre-online.com\/sk\/wp-json\/wp\/v2\/product_brand?post=3075"},{"taxonomy":"product_cat","embeddable":true,"href":"https:\/\/tre-online.com\/sk\/wp-json\/wp\/v2\/product_cat?post=3075"},{"taxonomy":"product_tag","embeddable":true,"href":"https:\/\/tre-online.com\/sk\/wp-json\/wp\/v2\/product_tag?post=3075"}],"curies":[{"name":"wp","href":"https:\/\/api.w.org\/{rel}","templated":true}]}}