{"id":6069,"date":"2023-12-20T12:17:59","date_gmt":"2023-12-20T11:17:59","guid":{"rendered":"https:\/\/tre-online.com\/?post_type=product&#038;p=6069"},"modified":"2024-01-15T20:03:11","modified_gmt":"2024-01-15T19:03:11","slug":"certifikacia-tre-post","status":"publish","type":"product","link":"https:\/\/tre-online.com\/sk\/product\/tre-post-certification\/","title":{"rendered":"Doh\u013ead a podpora po certifik\u00e1cii TRE\u00ae"},"content":{"rendered":"<p>Online doh\u013ead a podpora pre poskytovate\u013eov TRE\u00ae po certifik\u00e1cii.<br \/>\nPoskytovate\u013e TRE\u00ae m\u00f4\u017ee prinies\u0165 pr\u00edpady klientov alebo z\u00edska\u0165 podporu pred za\u010dat\u00edm pr\u00e1ce s niek\u00fdm.<\/p>","protected":false},"excerpt":{"rendered":"<p>Online doh\u013ead a podpora pre poskytovate\u013eov TRE\u00ae po certifik\u00e1cii.<br \/>\nPoskytovate\u013e TRE\u00ae m\u00f4\u017ee prinies\u0165 pr\u00edpady klientov alebo z\u00edska\u0165 podporu pred za\u010dat\u00edm pr\u00e1ce s niek\u00fdm.<\/p>","protected":false},"featured_media":6070,"comment_status":"closed","ping_status":"closed","template":"","meta":{"_acf_changed":false},"product_brand":[],"product_cat":[45],"product_tag":[88,67,86,87],"class_list":{"0":"post-6069","1":"product","2":"type-product","3":"status-publish","4":"has-post-thumbnail","6":"product_cat-supervision-sessions","7":"product_tag-tre-group-supervision","8":"product_tag-tre-supervision","9":"product_tag-tre-online-support","10":"product_tag-tre-trainee-support","11":"grid-sizer","12":"latest_post","14":"first","15":"instock","16":"virtual","17":"purchasable","18":"product-type-simple"},"acf":[],"yoast_head":"<!-- This site is optimized with the Yoast SEO plugin v27.4 - https:\/\/yoast.com\/product\/yoast-seo-wordpress\/ -->\n<title>TRE\u00ae Post Certification Supervision &amp; Support - TRE\u00ae Tension Releasing Exercises<\/title>\n<meta name=\"description\" content=\"Online Supervision for TRE\u00ae Providers, Advanced &amp; TRE\u00ae Mentors , TRE\u00ae Trainer Trainee&#039;s in training. Gain deeper knowledge to support richer guidance.\" \/>\n<meta name=\"robots\" content=\"index, follow, max-snippet:-1, max-image-preview:large, max-video-preview:-1\" \/>\n<link rel=\"canonical\" href=\"https:\/\/tre-online.com\/sk\/product\/certifikacia-tre-post\/\" \/>\n<meta property=\"og:locale\" content=\"sk_SK\" \/>\n<meta property=\"og:type\" content=\"article\" \/>\n<meta property=\"og:title\" content=\"TRE\u00ae Post Certification Supervision &amp; Support - TRE\u00ae Tension Releasing Exercises\" \/>\n<meta property=\"og:description\" content=\"Online Supervision for TRE\u00ae Providers, Advanced &amp; TRE\u00ae Mentors , TRE\u00ae Trainer Trainee&#039;s in training. Gain deeper knowledge to support richer guidance.\" \/>\n<meta property=\"og:url\" content=\"https:\/\/tre-online.com\/sk\/product\/certifikacia-tre-post\/\" \/>\n<meta property=\"og:site_name\" content=\"TRE\u00ae Tension Releasing Exercises\" \/>\n<meta property=\"article:publisher\" content=\"https:\/\/www.facebook.com\/onlineTRE\" \/>\n<meta property=\"article:modified_time\" content=\"2024-01-15T19:03:11+00:00\" \/>\n<meta property=\"og:image\" content=\"https:\/\/tre-online.com\/wp-content\/uploads\/2023\/12\/POST-CERTIFICATION-TRE.jpg\" \/>\n\t<meta property=\"og:image:width\" content=\"1792\" \/>\n\t<meta property=\"og:image:height\" content=\"1750\" \/>\n\t<meta property=\"og:image:type\" content=\"image\/jpeg\" \/>\n<meta name=\"twitter:card\" content=\"summary_large_image\" \/>\n<meta name=\"twitter:label1\" content=\"Predpokladan\u00fd \u010das \u010d\u00edtania\" \/>\n\t<meta name=\"twitter:data1\" content=\"1 min\u00fata\" \/>\n<script type=\"application\/ld+json\" class=\"yoast-schema-graph\">{\"@context\":\"https:\\\/\\\/schema.org\",\"@graph\":[{\"@type\":\"WebPage\",\"@id\":\"https:\\\/\\\/tre-online.com\\\/product\\\/tre-post-certification\\\/\",\"url\":\"https:\\\/\\\/tre-online.com\\\/product\\\/tre-post-certification\\\/\",\"name\":\"TRE\u00ae Post Certification Supervision & Support - TRE\u00ae Tension Releasing Exercises\",\"isPartOf\":{\"@id\":\"https:\\\/\\\/tre-online.com\\\/#website\"},\"primaryImageOfPage\":{\"@id\":\"https:\\\/\\\/tre-online.com\\\/product\\\/tre-post-certification\\\/#primaryimage\"},\"image\":{\"@id\":\"https:\\\/\\\/tre-online.com\\\/product\\\/tre-post-certification\\\/#primaryimage\"},\"thumbnailUrl\":\"https:\\\/\\\/tre-online.com\\\/wp-content\\\/uploads\\\/2023\\\/12\\\/POST-CERTIFICATION-TRE.jpg\",\"datePublished\":\"2023-12-20T11:17:59+00:00\",\"dateModified\":\"2024-01-15T19:03:11+00:00\",\"description\":\"Online Supervision for TRE\u00ae Providers, Advanced & TRE\u00ae Mentors , TRE\u00ae Trainer Trainee's in training. Gain deeper knowledge to support richer guidance.\",\"breadcrumb\":{\"@id\":\"https:\\\/\\\/tre-online.com\\\/product\\\/tre-post-certification\\\/#breadcrumb\"},\"inLanguage\":\"sk-SK\",\"potentialAction\":[{\"@type\":\"ReadAction\",\"target\":[\"https:\\\/\\\/tre-online.com\\\/product\\\/tre-post-certification\\\/\"]}]},{\"@type\":\"ImageObject\",\"inLanguage\":\"sk-SK\",\"@id\":\"https:\\\/\\\/tre-online.com\\\/product\\\/tre-post-certification\\\/#primaryimage\",\"url\":\"https:\\\/\\\/tre-online.com\\\/wp-content\\\/uploads\\\/2023\\\/12\\\/POST-CERTIFICATION-TRE.jpg\",\"contentUrl\":\"https:\\\/\\\/tre-online.com\\\/wp-content\\\/uploads\\\/2023\\\/12\\\/POST-CERTIFICATION-TRE.jpg\",\"width\":1792,\"height\":1750,\"caption\":\"TRE\u00ae online with OmniBalance Logo Post Certification supervision\"},{\"@type\":\"BreadcrumbList\",\"@id\":\"https:\\\/\\\/tre-online.com\\\/product\\\/tre-post-certification\\\/#breadcrumb\",\"itemListElement\":[{\"@type\":\"ListItem\",\"position\":1,\"name\":\"Home\",\"item\":\"https:\\\/\\\/tre-online.com\\\/\"},{\"@type\":\"ListItem\",\"position\":2,\"name\":\"TRE\u00ae Online Store\",\"item\":\"https:\\\/\\\/tre-online.com\\\/store\\\/\"},{\"@type\":\"ListItem\",\"position\":3,\"name\":\"TRE\u00ae Post Certification Supervision &#038; Support\"}]},{\"@type\":\"WebSite\",\"@id\":\"https:\\\/\\\/tre-online.com\\\/#website\",\"url\":\"https:\\\/\\\/tre-online.com\\\/\",\"name\":\"TRE\u00ae Tension Releasing Exercises\",\"description\":\"Release Your Body - Release Your Mind\",\"publisher\":{\"@id\":\"https:\\\/\\\/tre-online.com\\\/#organization\"},\"potentialAction\":[{\"@type\":\"SearchAction\",\"target\":{\"@type\":\"EntryPoint\",\"urlTemplate\":\"https:\\\/\\\/tre-online.com\\\/?s={search_term_string}\"},\"query-input\":{\"@type\":\"PropertyValueSpecification\",\"valueRequired\":true,\"valueName\":\"search_term_string\"}}],\"inLanguage\":\"sk-SK\"},{\"@type\":\"Organization\",\"@id\":\"https:\\\/\\\/tre-online.com\\\/#organization\",\"name\":\"TRE\u00ae Tension Releasing Exercises\",\"url\":\"https:\\\/\\\/tre-online.com\\\/\",\"logo\":{\"@type\":\"ImageObject\",\"inLanguage\":\"sk-SK\",\"@id\":\"https:\\\/\\\/tre-online.com\\\/#\\\/schema\\\/logo\\\/image\\\/\",\"url\":\"https:\\\/\\\/tre-online.com\\\/wp-content\\\/uploads\\\/2021\\\/02\\\/TRE-online-logo-size-optimzed.png\",\"contentUrl\":\"https:\\\/\\\/tre-online.com\\\/wp-content\\\/uploads\\\/2021\\\/02\\\/TRE-online-logo-size-optimzed.png\",\"width\":400,\"height\":397,\"caption\":\"TRE\u00ae Tension Releasing Exercises\"},\"image\":{\"@id\":\"https:\\\/\\\/tre-online.com\\\/#\\\/schema\\\/logo\\\/image\\\/\"},\"sameAs\":[\"https:\\\/\\\/www.facebook.com\\\/onlineTRE\",\"https:\\\/\\\/www.instagram.com\\\/online_tre\\\/\"]}]}<\/script>\n<!-- \/ Yoast SEO plugin. -->","yoast_head_json":{"title":"TRE\u00ae Post Certification Supervision &amp; Support - TRE\u00ae Tension Releasing Exercises","description":"Online superv\u00edzia pre poskytovate\u013eov TRE\u00ae, pokro\u010dil\u00fdch a TRE\u00ae mentorov, \u0161kolite\u013eov TRE\u00ae v procese \u0161kolenia. Z\u00edskajte hlb\u0161ie vedomosti na podporu bohat\u0161ieho poradenstva.","robots":{"index":"index","follow":"follow","max-snippet":"max-snippet:-1","max-image-preview":"max-image-preview:large","max-video-preview":"max-video-preview:-1"},"canonical":"https:\/\/tre-online.com\/sk\/product\/certifikacia-tre-post\/","og_locale":"sk_SK","og_type":"article","og_title":"TRE\u00ae Post Certification Supervision & Support - TRE\u00ae Tension Releasing Exercises","og_description":"Online Supervision for TRE\u00ae Providers, Advanced & TRE\u00ae Mentors , TRE\u00ae Trainer Trainee's in training. Gain deeper knowledge to support richer guidance.","og_url":"https:\/\/tre-online.com\/sk\/product\/certifikacia-tre-post\/","og_site_name":"TRE\u00ae Tension Releasing Exercises","article_publisher":"https:\/\/www.facebook.com\/onlineTRE","article_modified_time":"2024-01-15T19:03:11+00:00","og_image":[{"width":1792,"height":1750,"url":"https:\/\/tre-online.com\/wp-content\/uploads\/2023\/12\/POST-CERTIFICATION-TRE.jpg","type":"image\/jpeg"}],"twitter_card":"summary_large_image","twitter_misc":{"Predpokladan\u00fd \u010das \u010d\u00edtania":"1 min\u00fata"},"schema":{"@context":"https:\/\/schema.org","@graph":[{"@type":"WebPage","@id":"https:\/\/tre-online.com\/product\/tre-post-certification\/","url":"https:\/\/tre-online.com\/product\/tre-post-certification\/","name":"TRE\u00ae Post Certification Supervision &amp; Support - TRE\u00ae Tension Releasing Exercises","isPartOf":{"@id":"https:\/\/tre-online.com\/#website"},"primaryImageOfPage":{"@id":"https:\/\/tre-online.com\/product\/tre-post-certification\/#primaryimage"},"image":{"@id":"https:\/\/tre-online.com\/product\/tre-post-certification\/#primaryimage"},"thumbnailUrl":"https:\/\/tre-online.com\/wp-content\/uploads\/2023\/12\/POST-CERTIFICATION-TRE.jpg","datePublished":"2023-12-20T11:17:59+00:00","dateModified":"2024-01-15T19:03:11+00:00","description":"Online superv\u00edzia pre poskytovate\u013eov TRE\u00ae, pokro\u010dil\u00fdch a TRE\u00ae mentorov, \u0161kolite\u013eov TRE\u00ae v procese \u0161kolenia. Z\u00edskajte hlb\u0161ie vedomosti na podporu bohat\u0161ieho poradenstva.","breadcrumb":{"@id":"https:\/\/tre-online.com\/product\/tre-post-certification\/#breadcrumb"},"inLanguage":"sk-SK","potentialAction":[{"@type":"ReadAction","target":["https:\/\/tre-online.com\/product\/tre-post-certification\/"]}]},{"@type":"ImageObject","inLanguage":"sk-SK","@id":"https:\/\/tre-online.com\/product\/tre-post-certification\/#primaryimage","url":"https:\/\/tre-online.com\/wp-content\/uploads\/2023\/12\/POST-CERTIFICATION-TRE.jpg","contentUrl":"https:\/\/tre-online.com\/wp-content\/uploads\/2023\/12\/POST-CERTIFICATION-TRE.jpg","width":1792,"height":1750,"caption":"TRE\u00ae online with OmniBalance Logo Post Certification supervision"},{"@type":"BreadcrumbList","@id":"https:\/\/tre-online.com\/product\/tre-post-certification\/#breadcrumb","itemListElement":[{"@type":"ListItem","position":1,"name":"Home","item":"https:\/\/tre-online.com\/"},{"@type":"ListItem","position":2,"name":"TRE\u00ae Online Store","item":"https:\/\/tre-online.com\/store\/"},{"@type":"ListItem","position":3,"name":"TRE\u00ae Post Certification Supervision &#038; Support"}]},{"@type":"WebSite","@id":"https:\/\/tre-online.com\/#website","url":"https:\/\/tre-online.com\/","name":"Cvi\u010denia na uvo\u013enenie nap\u00e4tia TRE\u00ae","description":"Uvo\u013enite svoje telo - uvo\u013enite svoju myse\u013e","publisher":{"@id":"https:\/\/tre-online.com\/#organization"},"potentialAction":[{"@type":"SearchAction","target":{"@type":"EntryPoint","urlTemplate":"https:\/\/tre-online.com\/?s={search_term_string}"},"query-input":{"@type":"PropertyValueSpecification","valueRequired":true,"valueName":"search_term_string"}}],"inLanguage":"sk-SK"},{"@type":"Organization","@id":"https:\/\/tre-online.com\/#organization","name":"Cvi\u010denia na uvo\u013enenie nap\u00e4tia TRE\u00ae","url":"https:\/\/tre-online.com\/","logo":{"@type":"ImageObject","inLanguage":"sk-SK","@id":"https:\/\/tre-online.com\/#\/schema\/logo\/image\/","url":"https:\/\/tre-online.com\/wp-content\/uploads\/2021\/02\/TRE-online-logo-size-optimzed.png","contentUrl":"https:\/\/tre-online.com\/wp-content\/uploads\/2021\/02\/TRE-online-logo-size-optimzed.png","width":400,"height":397,"caption":"TRE\u00ae Tension Releasing Exercises"},"image":{"@id":"https:\/\/tre-online.com\/#\/schema\/logo\/image\/"},"sameAs":["https:\/\/www.facebook.com\/onlineTRE","https:\/\/www.instagram.com\/online_tre\/"]}]}},"_links":{"self":[{"href":"https:\/\/tre-online.com\/sk\/wp-json\/wp\/v2\/product\/6069","targetHints":{"allow":["GET"]}}],"collection":[{"href":"https:\/\/tre-online.com\/sk\/wp-json\/wp\/v2\/product"}],"about":[{"href":"https:\/\/tre-online.com\/sk\/wp-json\/wp\/v2\/types\/product"}],"replies":[{"embeddable":true,"href":"https:\/\/tre-online.com\/sk\/wp-json\/wp\/v2\/comments?post=6069"}],"wp:featuredmedia":[{"embeddable":true,"href":"https:\/\/tre-online.com\/sk\/wp-json\/wp\/v2\/media\/6070"}],"wp:attachment":[{"href":"https:\/\/tre-online.com\/sk\/wp-json\/wp\/v2\/media?parent=6069"}],"wp:term":[{"taxonomy":"product_brand","embeddable":true,"href":"https:\/\/tre-online.com\/sk\/wp-json\/wp\/v2\/product_brand?post=6069"},{"taxonomy":"product_cat","embeddable":true,"href":"https:\/\/tre-online.com\/sk\/wp-json\/wp\/v2\/product_cat?post=6069"},{"taxonomy":"product_tag","embeddable":true,"href":"https:\/\/tre-online.com\/sk\/wp-json\/wp\/v2\/product_tag?post=6069"}],"curies":[{"name":"wp","href":"https:\/\/api.w.org\/{rel}","templated":true}]}}