{"id":17,"date":"2019-09-07T12:45:38","date_gmt":"2019-09-07T12:45:38","guid":{"rendered":"https:\/\/rrygm.beeweb-green.io\/?page_id=17"},"modified":"2025-07-31T12:25:35","modified_gmt":"2025-07-31T10:25:35","slug":"trana-i-tre","status":"publish","type":"page","link":"https:\/\/tre-online.com\/sv\/train-in-tre\/","title":{"rendered":"Utbildning i TRE\u00ae"},"content":{"rendered":"<p class=\"has-background\" style=\"background-color:#def4f7\"><strong><em>Fram till 2020 \u00e4r certifieringsprocessen f\u00f6r att bli en Certified TRE\u00ae Provider utbildning p\u00e5 plats, med m\u00f6jlighet att genomf\u00f6ra n\u00f6dv\u00e4ndiga handledningssessioner som en del av utbildningsprocessen helt som online-session.<\/em><\/strong> <br><br><strong><em>Vi \u00e4r glada \u00f6ver att kunna erbjuda onlineutbildningar h\u00e4r p\u00e5 TRE\u00ae Online. Du hittar programkrav <a href=\"https:\/\/tre-online.com\/sv\/online-certification-training\/\">h\u00e4r<\/a>.<\/em><\/strong><\/p>\n\n\n\n<p>Praktiserar du redan TRE\u00ae och vill bli en certifierad TRE\u00ae Provider f\u00f6r att l\u00e4ra ut TRE\u00ae till enskilda personer och sm\u00e5 grupper?<\/p>\n\n\n\n<p><strong>F\u00f6r att bli certifierad som TRE\u00ae-instrukt\u00f6r<\/strong>F\u00f6r att bli godk\u00e4nd m\u00e5ste du delta i sex obligatoriska utbildningsdagar (uppdelade p\u00e5 tv\u00e5 eller tre moduler) samt f\u00e5 handledning under hela processen, l\u00e4sa n\u00f6dv\u00e4ndig litteratur och f\u00f6lja upp n\u00f6dv\u00e4ndiga uppgifter. <\/p>\n\n\n\n<p><\/p>\n\n\n\n<div class=\"wp-block-columns is-layout-flex wp-container-core-columns-is-layout-9d6595d7 wp-block-columns-is-layout-flex\">\n<div class=\"wp-block-column is-layout-flow wp-block-column-is-layout-flow\" style=\"flex-basis:66.66%\">\n<p>Du kan alltid delta i den f\u00f6rsta modulen utan n\u00e5got \u00e5tagande att genomg\u00e5 certifieringsprocessen f\u00f6r TRE\u00ae Provider. Du m\u00e5ste f\u00f6lja den globala certifieringsprocessen f\u00f6r att kunna undervisa TRE\u00ae vidare till enskilda personer och sm\u00e5 grupper. Obligatorisk handledning mellan modul 1 och modul 2 samt efter modul 3 innan certifieringen kan slutf\u00f6ras. Processen \u00e4r slutf\u00f6rd mellan 12-18 m\u00e5nader fr\u00e5n starten av modul 1. De obligatoriska workshop-dagarna ska tas som ETT PROGRAM med samma TRE\u00ae-certifieringstr\u00e4nare, de kan inte tas som frist\u00e5ende moduler. TRE\u00ae-certifieringsprogrammet \u00e4r ett f\u00e4rdighet- och kompetensbaserat program. Detaljerad \u00f6versikt kommer att tillhandah\u00e5llas innan du best\u00e4mmer dig f\u00f6r om du vill ta hela programmet.<br> <br>Du kan ladda ner de officiella programkraven f\u00f6r TRE\u00ae FOR ALL h\u00e4r<\/p>\n\n\n\n<figure class=\"wp-block-image size-large\"><a href=\"https:\/\/rrygm.beeweb-green.io\/wp-content\/uploads\/2020\/05\/bigstock-fitness-sport-and-healthy-lif-193252192-scaled.jpg\"><img fetchpriority=\"high\" decoding=\"async\" width=\"1024\" height=\"683\" src=\"https:\/\/rrygm.beeweb-green.io\/wp-content\/uploads\/2020\/05\/bigstock-fitness-sport-and-healthy-lif-193252192-1024x683.jpg\" alt=\"\" class=\"wp-image-2137\" srcset=\"https:\/\/tre-online.com\/wp-content\/uploads\/2020\/05\/bigstock-fitness-sport-and-healthy-lif-193252192-1024x683.jpg 1024w, https:\/\/tre-online.com\/wp-content\/uploads\/2020\/05\/bigstock-fitness-sport-and-healthy-lif-193252192-scaled-200x133.jpg 200w, https:\/\/tre-online.com\/wp-content\/uploads\/2020\/05\/bigstock-fitness-sport-and-healthy-lif-193252192-300x200.jpg 300w, https:\/\/tre-online.com\/wp-content\/uploads\/2020\/05\/bigstock-fitness-sport-and-healthy-lif-193252192-768x512.jpg 768w, https:\/\/tre-online.com\/wp-content\/uploads\/2020\/05\/bigstock-fitness-sport-and-healthy-lif-193252192-1536x1024.jpg 1536w, https:\/\/tre-online.com\/wp-content\/uploads\/2020\/05\/bigstock-fitness-sport-and-healthy-lif-193252192-2048x1365.jpg 2048w, https:\/\/tre-online.com\/wp-content\/uploads\/2020\/05\/bigstock-fitness-sport-and-healthy-lif-193252192-600x400.jpg 600w, https:\/\/tre-online.com\/wp-content\/uploads\/2020\/05\/bigstock-fitness-sport-and-healthy-lif-193252192-90x60.jpg 90w, https:\/\/tre-online.com\/wp-content\/uploads\/2020\/05\/bigstock-fitness-sport-and-healthy-lif-193252192-scaled-400x267.jpg 400w\" sizes=\"(max-width: 1024px) 100vw, 1024px\" \/><\/a><\/figure>\n<\/div>\n\n\n\n<div class=\"wp-block-column is-layout-flow wp-block-column-is-layout-flow\" style=\"flex-basis:33.33%\">\n<div data-wp-interactive=\"core\/file\" class=\"wp-block-file\"><object data-wp-bind--hidden=\"!state.hasPdfPreview\" hidden class=\"wp-block-file__embed\" data=\"https:\/\/rrygm.beeweb-green.io\/wp-content\/uploads\/2022\/12\/TFA-GLOBAL-CERTIFICATION-TRAINING-PROGRAM_Nov-2022.pdf\" type=\"application\/pdf\" style=\"width:100%;height:600px\" aria-label=\"Inb\u00e4ddning av TFA-GLOBAL-CERTIFICATION-TRAINING-PROGRAM_Nov-2022.\"><\/object><a id=\"wp-block-file--media-fdc29f78-68ae-48a8-963c-e57db12fb780\" href=\"https:\/\/rrygm.beeweb-green.io\/wp-content\/uploads\/2022\/12\/TFA-GLOBAL-CERTIFICATION-TRAINING-PROGRAM_Nov-2022.pdf\">TFA-GLOBAL-CERTIFICATION-UTBILDNINGSPROGRAM_Nov-2022<\/a><a href=\"https:\/\/rrygm.beeweb-green.io\/wp-content\/uploads\/2022\/12\/TFA-GLOBAL-CERTIFICATION-TRAINING-PROGRAM_Nov-2022.pdf\" class=\"wp-block-file__button wp-element-button\" download aria-describedby=\"wp-block-file--media-fdc29f78-68ae-48a8-963c-e57db12fb780\">Nedladdningar<\/a><\/div>\n<\/div>\n<\/div>\n\n\n\n<p>Utbildningsprogrammet TRE\u00ae Certification g\u00f6r det m\u00f6jligt f\u00f6r personer med olika yrkes- och utbildningsbakgrund att l\u00e4ra sig att undervisa i TRE\u00ae p\u00e5 ett s\u00e4kert och effektivt s\u00e4tt. V\u00e5rt flersp\u00e5riga certifieringsprogram g\u00f6r det m\u00f6jligt f\u00f6r personer med olika yrkesm\u00e4ssig och personlig bakgrund att bli kompetenta och professionella certifierade l\u00e4rare i TRE\u00ae-processen.<\/p>\n\n\n\n<p><em>Alla personer som \u00e4r certifierade TRE\u00ae-leverant\u00f6rer kan listas p\u00e5 <\/em><a href=\"http:\/\/www.traumaprevention.com\">www.traumaprevention.com<\/a> <em>och du b\u00f6r endast f\u00e5 TRE\u00ae-v\u00e4gledning fr\u00e5n dessa personer. F\u00f6rhoppningsvis kommer detta att ge en viss trygghet och komfort f\u00f6r dem som letar efter certifierade och kvalificerade leverant\u00f6rer som de kan l\u00e4ra sig TRE\u00ae av.<\/em><\/p>\n\n\n\n<p>Utbildningar i Europa som ges av OmniBalance AB finns under <a href=\"https:\/\/tre-online.com\/sv\/handelser-2\/\">Evenemang<\/a> eller p\u00e5 <a href=\"http:\/\/www.omnibalance.co\">www.omnibalance.co<\/a><\/p>\n\n\n\n<div class=\"wp-block-buttons is-content-justification-space-between is-layout-flex wp-container-core-buttons-is-layout-3d213aab wp-block-buttons-is-layout-flex\">\n<div class=\"wp-block-button aligncenter is-style-fill\"><a class=\"wp-block-button__link has-white-color has-text-color has-background wp-element-button\" href=\"https:\/\/tre-online.com\/sv\/certifiering-online-utbildning\/\" style=\"border-radius:10px;background:linear-gradient(135deg,rgb(134,209,214) 0%,rgb(182,227,212) 50%,rgb(134,209,214) 100%)\" target=\"_blank\" rel=\"noreferrer noopener\"> UTBILDNING ONLINE<\/a><\/div>\n\n\n\n<div class=\"wp-block-button aligncenter is-style-fill\"><a class=\"wp-block-button__link has-background wp-element-button\" href=\"https:\/\/tre-online.com\/sv\/certifieringsutbildning-pa-plats\/\" style=\"border-radius:10px;background:linear-gradient(135deg,rgb(0,91,125) 0%,rgb(51,144,171) 50%,rgb(0,91,125) 97%)\" target=\"_blank\" rel=\"noreferrer noopener\">UTBILDNING P\u00c5 PLATS<\/a><\/div>\n<\/div>","protected":false},"excerpt":{"rendered":"<p>Up until 2020, the Certification Process to become a Certified TRE\u00ae Provider is on-site training, with possibility to complete required supervision sessions as a part of the training process fully as online session. We are happy to be offering the Online Trainings here at TRE\u00ae Online. You&#8217;ll find program requirements here. Are you already practicing &hellip; <\/p>","protected":false},"author":1,"featured_media":0,"parent":0,"menu_order":0,"comment_status":"closed","ping_status":"closed","template":"","meta":{"_acf_changed":false,"footnotes":""},"class_list":["post-17","page","type-page","status-publish","hentry","grid-sizer","latest_post"],"acf":[],"yoast_head":"<!-- This site is optimized with the Yoast SEO plugin v27.4 - https:\/\/yoast.com\/product\/yoast-seo-wordpress\/ -->\n<title>Train in TRE\u00ae - TRE\u00ae Tension Releasing Exercises<\/title>\n<meta name=\"description\" content=\"Are you interested in getting Certified TRE Provider? Tension &amp; Trauma Releasing exercises online offers Training onsite and online.\" \/>\n<meta name=\"robots\" content=\"index, follow, max-snippet:-1, max-image-preview:large, max-video-preview:-1\" \/>\n<link rel=\"canonical\" href=\"https:\/\/tre-online.com\/sv\/trana-i-tre\/\" \/>\n<meta property=\"og:locale\" content=\"sv_SE\" \/>\n<meta property=\"og:type\" content=\"article\" \/>\n<meta property=\"og:title\" content=\"Train in TRE\u00ae - TRE\u00ae Tension Releasing Exercises\" \/>\n<meta property=\"og:description\" content=\"Are you interested in getting Certified TRE Provider? Tension &amp; Trauma Releasing exercises online offers Training onsite and online.\" \/>\n<meta property=\"og:url\" content=\"https:\/\/tre-online.com\/sv\/trana-i-tre\/\" \/>\n<meta property=\"og:site_name\" content=\"TRE\u00ae Tension Releasing Exercises\" \/>\n<meta property=\"article:publisher\" content=\"https:\/\/www.facebook.com\/onlineTRE\" \/>\n<meta property=\"article:modified_time\" content=\"2025-07-31T10:25:35+00:00\" \/>\n<meta property=\"og:image\" content=\"https:\/\/tre-online.com\/wp-content\/uploads\/2020\/05\/bigstock-fitness-sport-and-healthy-lif-193252192-scaled.jpg\" \/>\n\t<meta property=\"og:image:width\" content=\"2560\" \/>\n\t<meta property=\"og:image:height\" content=\"1707\" \/>\n\t<meta property=\"og:image:type\" content=\"image\/jpeg\" \/>\n<meta name=\"twitter:card\" content=\"summary_large_image\" \/>\n<meta name=\"twitter:label1\" content=\"Ber\u00e4knad l\u00e4stid\" \/>\n\t<meta name=\"twitter:data1\" content=\"2 minuter\" \/>\n<script type=\"application\/ld+json\" class=\"yoast-schema-graph\">{\"@context\":\"https:\\\/\\\/schema.org\",\"@graph\":[{\"@type\":\"WebPage\",\"@id\":\"https:\\\/\\\/tre-online.com\\\/train-in-tre\\\/\",\"url\":\"https:\\\/\\\/tre-online.com\\\/train-in-tre\\\/\",\"name\":\"Train in TRE\u00ae - TRE\u00ae Tension Releasing Exercises\",\"isPartOf\":{\"@id\":\"https:\\\/\\\/tre-online.com\\\/#website\"},\"primaryImageOfPage\":{\"@id\":\"https:\\\/\\\/tre-online.com\\\/train-in-tre\\\/#primaryimage\"},\"image\":{\"@id\":\"https:\\\/\\\/tre-online.com\\\/train-in-tre\\\/#primaryimage\"},\"thumbnailUrl\":\"https:\\\/\\\/rrygm.beeweb-green.io\\\/wp-content\\\/uploads\\\/2020\\\/05\\\/bigstock-fitness-sport-and-healthy-lif-193252192-1024x683.jpg\",\"datePublished\":\"2019-09-07T12:45:38+00:00\",\"dateModified\":\"2025-07-31T10:25:35+00:00\",\"description\":\"Are you interested in getting Certified TRE Provider? Tension & Trauma Releasing exercises online offers Training onsite and online.\",\"breadcrumb\":{\"@id\":\"https:\\\/\\\/tre-online.com\\\/train-in-tre\\\/#breadcrumb\"},\"inLanguage\":\"sv-SE\",\"potentialAction\":[{\"@type\":\"ReadAction\",\"target\":[\"https:\\\/\\\/tre-online.com\\\/train-in-tre\\\/\"]}]},{\"@type\":\"ImageObject\",\"inLanguage\":\"sv-SE\",\"@id\":\"https:\\\/\\\/tre-online.com\\\/train-in-tre\\\/#primaryimage\",\"url\":\"https:\\\/\\\/rrygm.beeweb-green.io\\\/wp-content\\\/uploads\\\/2020\\\/05\\\/bigstock-fitness-sport-and-healthy-lif-193252192-1024x683.jpg\",\"contentUrl\":\"https:\\\/\\\/rrygm.beeweb-green.io\\\/wp-content\\\/uploads\\\/2020\\\/05\\\/bigstock-fitness-sport-and-healthy-lif-193252192-1024x683.jpg\"},{\"@type\":\"BreadcrumbList\",\"@id\":\"https:\\\/\\\/tre-online.com\\\/train-in-tre\\\/#breadcrumb\",\"itemListElement\":[{\"@type\":\"ListItem\",\"position\":1,\"name\":\"Home\",\"item\":\"https:\\\/\\\/tre-online.com\\\/\"},{\"@type\":\"ListItem\",\"position\":2,\"name\":\"Train in TRE\u00ae\"}]},{\"@type\":\"WebSite\",\"@id\":\"https:\\\/\\\/tre-online.com\\\/#website\",\"url\":\"https:\\\/\\\/tre-online.com\\\/\",\"name\":\"TRE\u00ae Tension Releasing Exercises\",\"description\":\"Release Your Body - Release Your Mind\",\"publisher\":{\"@id\":\"https:\\\/\\\/tre-online.com\\\/#organization\"},\"potentialAction\":[{\"@type\":\"SearchAction\",\"target\":{\"@type\":\"EntryPoint\",\"urlTemplate\":\"https:\\\/\\\/tre-online.com\\\/?s={search_term_string}\"},\"query-input\":{\"@type\":\"PropertyValueSpecification\",\"valueRequired\":true,\"valueName\":\"search_term_string\"}}],\"inLanguage\":\"sv-SE\"},{\"@type\":\"Organization\",\"@id\":\"https:\\\/\\\/tre-online.com\\\/#organization\",\"name\":\"TRE\u00ae Tension Releasing Exercises\",\"url\":\"https:\\\/\\\/tre-online.com\\\/\",\"logo\":{\"@type\":\"ImageObject\",\"inLanguage\":\"sv-SE\",\"@id\":\"https:\\\/\\\/tre-online.com\\\/#\\\/schema\\\/logo\\\/image\\\/\",\"url\":\"https:\\\/\\\/tre-online.com\\\/wp-content\\\/uploads\\\/2021\\\/02\\\/TRE-online-logo-size-optimzed.png\",\"contentUrl\":\"https:\\\/\\\/tre-online.com\\\/wp-content\\\/uploads\\\/2021\\\/02\\\/TRE-online-logo-size-optimzed.png\",\"width\":400,\"height\":397,\"caption\":\"TRE\u00ae Tension Releasing Exercises\"},\"image\":{\"@id\":\"https:\\\/\\\/tre-online.com\\\/#\\\/schema\\\/logo\\\/image\\\/\"},\"sameAs\":[\"https:\\\/\\\/www.facebook.com\\\/onlineTRE\",\"https:\\\/\\\/www.instagram.com\\\/online_tre\\\/\"]}]}<\/script>\n<!-- \/ Yoast SEO plugin. -->","yoast_head_json":{"title":"Tr\u00e4na i TRE\u00ae - TRE\u00ae Sp\u00e4nningsl\u00f6sande \u00f6vningar","description":"\u00c4r du intresserad av att bli certifierad TRE-leverant\u00f6r? Tension &amp; Trauma Releasing exercises online erbjuder utbildning p\u00e5 plats och online.","robots":{"index":"index","follow":"follow","max-snippet":"max-snippet:-1","max-image-preview":"max-image-preview:large","max-video-preview":"max-video-preview:-1"},"canonical":"https:\/\/tre-online.com\/sv\/trana-i-tre\/","og_locale":"sv_SE","og_type":"article","og_title":"Train in TRE\u00ae - TRE\u00ae Tension Releasing Exercises","og_description":"Are you interested in getting Certified TRE Provider? Tension & Trauma Releasing exercises online offers Training onsite and online.","og_url":"https:\/\/tre-online.com\/sv\/trana-i-tre\/","og_site_name":"TRE\u00ae Tension Releasing Exercises","article_publisher":"https:\/\/www.facebook.com\/onlineTRE","article_modified_time":"2025-07-31T10:25:35+00:00","og_image":[{"width":2560,"height":1707,"url":"https:\/\/tre-online.com\/wp-content\/uploads\/2020\/05\/bigstock-fitness-sport-and-healthy-lif-193252192-scaled.jpg","type":"image\/jpeg"}],"twitter_card":"summary_large_image","twitter_misc":{"Ber\u00e4knad l\u00e4stid":"2 minuter"},"schema":{"@context":"https:\/\/schema.org","@graph":[{"@type":"WebPage","@id":"https:\/\/tre-online.com\/train-in-tre\/","url":"https:\/\/tre-online.com\/train-in-tre\/","name":"Tr\u00e4na i TRE\u00ae - TRE\u00ae Sp\u00e4nningsl\u00f6sande \u00f6vningar","isPartOf":{"@id":"https:\/\/tre-online.com\/#website"},"primaryImageOfPage":{"@id":"https:\/\/tre-online.com\/train-in-tre\/#primaryimage"},"image":{"@id":"https:\/\/tre-online.com\/train-in-tre\/#primaryimage"},"thumbnailUrl":"https:\/\/rrygm.beeweb-green.io\/wp-content\/uploads\/2020\/05\/bigstock-fitness-sport-and-healthy-lif-193252192-1024x683.jpg","datePublished":"2019-09-07T12:45:38+00:00","dateModified":"2025-07-31T10:25:35+00:00","description":"\u00c4r du intresserad av att bli certifierad TRE-leverant\u00f6r? Tension &amp; Trauma Releasing exercises online erbjuder utbildning p\u00e5 plats och online.","breadcrumb":{"@id":"https:\/\/tre-online.com\/train-in-tre\/#breadcrumb"},"inLanguage":"sv-SE","potentialAction":[{"@type":"ReadAction","target":["https:\/\/tre-online.com\/train-in-tre\/"]}]},{"@type":"ImageObject","inLanguage":"sv-SE","@id":"https:\/\/tre-online.com\/train-in-tre\/#primaryimage","url":"https:\/\/rrygm.beeweb-green.io\/wp-content\/uploads\/2020\/05\/bigstock-fitness-sport-and-healthy-lif-193252192-1024x683.jpg","contentUrl":"https:\/\/rrygm.beeweb-green.io\/wp-content\/uploads\/2020\/05\/bigstock-fitness-sport-and-healthy-lif-193252192-1024x683.jpg"},{"@type":"BreadcrumbList","@id":"https:\/\/tre-online.com\/train-in-tre\/#breadcrumb","itemListElement":[{"@type":"ListItem","position":1,"name":"Home","item":"https:\/\/tre-online.com\/"},{"@type":"ListItem","position":2,"name":"Train in TRE\u00ae"}]},{"@type":"WebSite","@id":"https:\/\/tre-online.com\/#website","url":"https:\/\/tre-online.com\/","name":"TRE\u00ae Sp\u00e4nningsl\u00f6sande \u00f6vningar","description":"Sl\u00e4pp loss din kropp - sl\u00e4pp loss ditt sinne","publisher":{"@id":"https:\/\/tre-online.com\/#organization"},"potentialAction":[{"@type":"SearchAction","target":{"@type":"EntryPoint","urlTemplate":"https:\/\/tre-online.com\/?s={search_term_string}"},"query-input":{"@type":"PropertyValueSpecification","valueRequired":true,"valueName":"search_term_string"}}],"inLanguage":"sv-SE"},{"@type":"Organization","@id":"https:\/\/tre-online.com\/#organization","name":"TRE\u00ae Sp\u00e4nningsl\u00f6sande \u00f6vningar","url":"https:\/\/tre-online.com\/","logo":{"@type":"ImageObject","inLanguage":"sv-SE","@id":"https:\/\/tre-online.com\/#\/schema\/logo\/image\/","url":"https:\/\/tre-online.com\/wp-content\/uploads\/2021\/02\/TRE-online-logo-size-optimzed.png","contentUrl":"https:\/\/tre-online.com\/wp-content\/uploads\/2021\/02\/TRE-online-logo-size-optimzed.png","width":400,"height":397,"caption":"TRE\u00ae Tension Releasing Exercises"},"image":{"@id":"https:\/\/tre-online.com\/#\/schema\/logo\/image\/"},"sameAs":["https:\/\/www.facebook.com\/onlineTRE","https:\/\/www.instagram.com\/online_tre\/"]}]}},"_links":{"self":[{"href":"https:\/\/tre-online.com\/sv\/wp-json\/wp\/v2\/pages\/17","targetHints":{"allow":["GET"]}}],"collection":[{"href":"https:\/\/tre-online.com\/sv\/wp-json\/wp\/v2\/pages"}],"about":[{"href":"https:\/\/tre-online.com\/sv\/wp-json\/wp\/v2\/types\/page"}],"author":[{"embeddable":true,"href":"https:\/\/tre-online.com\/sv\/wp-json\/wp\/v2\/users\/1"}],"replies":[{"embeddable":true,"href":"https:\/\/tre-online.com\/sv\/wp-json\/wp\/v2\/comments?post=17"}],"version-history":[{"count":13,"href":"https:\/\/tre-online.com\/sv\/wp-json\/wp\/v2\/pages\/17\/revisions"}],"predecessor-version":[{"id":7115,"href":"https:\/\/tre-online.com\/sv\/wp-json\/wp\/v2\/pages\/17\/revisions\/7115"}],"wp:attachment":[{"href":"https:\/\/tre-online.com\/sv\/wp-json\/wp\/v2\/media?parent=17"}],"curies":[{"name":"wp","href":"https:\/\/api.w.org\/{rel}","templated":true}]}}