{"id":2085,"date":"2020-04-21T11:13:06","date_gmt":"2020-04-21T09:13:06","guid":{"rendered":"https:\/\/rrygm.beeweb-green.io\/?page_id=2085"},"modified":"2025-06-02T15:45:14","modified_gmt":"2025-06-02T13:45:14","slug":"avbokningsregler","status":"publish","type":"page","link":"https:\/\/tre-online.com\/sv\/cancellation-policy\/","title":{"rendered":"Avbokningsregler"},"content":{"rendered":"<h2 class=\"wp-block-heading\">Avbokningsregler Sessioner<\/h2>\n\n\n\n<p><strong>Avbokning av dig<\/strong><br>Avbokning m\u00e5ste ske senast 24 timmar f\u00f6re utsatt tid, annars debiteras full kostnad\/ingen ombokning \u00e4r m\u00f6jlig. F\u00f6r sessioner p\u00e5 m\u00e5ndagar m\u00e5ste avbokning ske senast fredag eftermiddag (15:00 Stockholms tidszon), annars debiteras full kostnad.<\/p>\n\n\n\n<p><strong>\"No Show\" och f\u00f6rseningar<\/strong><br>Om du inte dyker upp (online\/p\u00e5 plats) p\u00e5 utsatt tid (inom 10 minuter efter utsatt start), och\/eller inte informerar om f\u00f6rseningar, f\u00f6rlorar du din r\u00e4tt till den utsatta tiden och ingen \u00e5terbetalning\/ombokning kommer att vara m\u00f6jlig.<\/p>\n\n\n\n<p><strong>Upps\u00e4gning fr\u00e5n v\u00e5r sida<br><\/strong>OmniBalance f\u00f6rbeh\u00e5ller sig r\u00e4tten att \u00e4ndra eller st\u00e4lla in en session om of\u00f6rutsedda omst\u00e4ndigheter uppst\u00e5r. Om vi st\u00e4ller in kommer vi att informera dig s\u00e5 snart som m\u00f6jligt.<\/p>\n\n\n\n<p><strong>Sjukdom<\/strong><br>T\u00e4nk p\u00e5 att om du skulle vara sjuk, ha f\u00e4rre etc, v\u00e4nligen informera oss s\u00e5 snart som m\u00f6jligt f\u00f6r att boka om din tid. Tiden m\u00e5ste bokas om inom 1 m\u00e5nad, om vi genomf\u00f6r ombokningen inom 4 - 24 timmar f\u00f6re den schemalagda tiden. En ombokad session fr\u00e5n denna tidsram kan inte ombokas flera g\u00e5nger. Avbokning 0-4 timmar f\u00f6re sessionen (eller att dyka upp till sessionen sjuk s\u00e5 att leverant\u00f6ren m\u00e5ste besluta att den inte kan slutf\u00f6ras, 50% av kostnaden kommer att debiteras \/ f\u00f6rloras).<\/p>\n\n\n\n<p><strong>S\u00c4RSKILDA AVBOKNINGSREGLER GCTP HANDLEDNINGSTILLF\u00c4LLEN<\/strong><br>Sessioner med krav p\u00e5 f\u00f6rinspelat material har andra avbokningsregler, se separat e-postmeddelande med villkor relaterade till materialets deadline.<\/p>\n\n\n\n<h2 class=\"wp-block-heading\">Avbokningsregler Workshops\/utbildningar<\/h2>\n\n\n\n<p><strong>Avbokning av dig<\/strong><\/p>\n\n\n\n<ul class=\"wp-block-list\">\n<li>Avbokning m\u00e5ste ske senast 6 veckor (43+ dagar) f\u00f6re planerad workshop f\u00f6r att avgiften ska \u00e5terbetalas (minus den icke \u00e5terbetalningsbara registreringsavgiften 80 \u20ac).<\/li>\n\n\n\n<li>Vid avbokning mellan 3-6 veckor (22-42 dagar) f\u00f6re den planerade workshopen \u00e5terbetalas 50% av workshopen.<\/li>\n\n\n\n<li>Avbokning mindre \u00e4n tre veckor (21 dagar) - tyv\u00e4rr ingen \u00e5terbetalning!<\/li>\n<\/ul>\n\n\n\n<p>F\u00f6r anm\u00e4lningar som g\u00f6rs inom de sex sista veckorna f\u00f6re den planerade workshopen g\u00e4ller endast de tv\u00e5 sista punkterna i avbokningsreglerna. Om deltagaren inte har betalat avgiften vid registreringen, utan har valt att g\u00f6ra en direkt bank\u00f6verf\u00f6ring, \u00e4r deltagaren fortfarande bunden av betalningsvillkoren f\u00f6r sin registrerade plats. Om du inte har m\u00f6jlighet att delta och du hittar n\u00e5gon som kan ta din plats f\u00f6re utbildningen (minst 2 veckor), kan du \u00f6verf\u00f6ra din plats till n\u00e5gon annan f\u00f6r att undvika att f\u00f6rlora n\u00e5gon avgift.<\/p>\n\n\n\n<p><strong>Flytta avgift till n\u00e4sta workshop<\/strong><br>Om du i god tid inser att du inte kan delta i workshopen\/utbildningen, kan hela avgiften flyttas till n\u00e4sta utbildning (1 g\u00e5ng) inom 6 m\u00e5nader fr\u00e5n det ursprungliga datumet. F\u00f6r att hela avgiften ska flyttas m\u00e5ste detta ordnas senast 3 veckor f\u00f6re de ursprungliga datumen som deltagaren \u00e4r registrerad f\u00f6r.<\/p>\n\n\n\n<p><strong>Sjukdom<\/strong><br>Om du skulle bli sjuk och f\u00e5 en<strong> giltigt l\u00e4karintyg<\/strong>, kan du byta helg f\u00f6r deltagande, kan du flytta den betalda avgiften till en utbildning inom 6 m\u00e5nader fr\u00e5n de ursprungliga planerade datumen f\u00f6r att delta. Skulle deltagaren bli sjuk \u00e4ven p\u00e5 den nya helgen kommer avgiften tyv\u00e4rr inte att flyttas igen.<\/p>\n\n\n\n<p><strong>\"No Show\" och f\u00f6rseningar<\/strong><br>Deltagande i workshops och utbildningar kr\u00e4ver att deltagaren \u00e4r med fr\u00e5n b\u00f6rjan. De \u00e4r erfarenhetsbaserade och gruppens s\u00e4kerhet \u00e4r h\u00f6gsta prioritet. Om deltagaren inte dyker upp i tid kan deltagaren tyv\u00e4rr inte delta. Deltagaren \u00e4r ansvarig f\u00f6r att ha slutf\u00f6rt beg\u00e4rda f\u00f6rberedelser i r\u00e4tt tid. Uteblivande eller bristf\u00e4llig information som p\u00e5verkar deltagandet <strong>inte \u00e4r ber\u00e4ttigad till \u00e5terbetalning<\/strong> om arrang\u00f6ren har skickat ut information i tid. <\/p>\n\n\n\n<p><strong>Ansvar f\u00f6r skillnader i tidszoner (onlineutbildning)<\/strong><br>OmniBalance AB kommer att ange tiderna fr\u00e5n den plats d\u00e4r de \u00e4r baserade (Centraleuropeisk tidszon, sommar- och vintertid). Det \u00e4r alltid deltagarnas eget ansvar att se till att de anv\u00e4nder en tidszonsomvandlare f\u00f6r det angivna datumet\/tiden f\u00f6r att s\u00e4kerst\u00e4lla att de dyker upp vid korrekt starttid f\u00f6r workshopen.<\/p>\n\n\n\n<p><strong>Upps\u00e4gning fr\u00e5n v\u00e5r sida<\/strong><br>Vi f\u00f6rbeh\u00e5ller oss r\u00e4tten att \u00e4ndra eller st\u00e4lla in utbildningen om of\u00f6rutsedda omst\u00e4ndigheter uppst\u00e5r. Om vi st\u00e4ller in utbildningen kommer vi att informera dig s\u00e5 snart som m\u00f6jligt, och din avgift kommer att \u00e5terbetalas.<\/p>\n\n\n\n<p class=\"has-vivid-red-color has-text-color\"><em><strong>OmniBalance ansvarar inte f\u00f6r deltagarnas kostnader f\u00f6r resor\/logi vid inst\u00e4llda workshops\/utbildningar.<\/strong><\/em><\/p>\n\n\n\n<h2 class=\"wp-block-heading\">Till\u00e4mplig lag<\/h2>\n\n\n\n<p>Dessa villkor ska regleras och tolkas i enlighet med svensk lag utan h\u00e4nsyn till dess best\u00e4mmelser om lagkonflikt.<\/p>\n\n\n\n<p>V\u00e5r underl\u00e5tenhet att genomdriva n\u00e5gon r\u00e4ttighet eller best\u00e4mmelse i dessa Villkor ska inte betraktas som ett avst\u00e5ende fr\u00e5n dessa r\u00e4ttigheter. Om n\u00e5gon best\u00e4mmelse i dessa villkor av en domstol anses vara ogiltig eller om\u00f6jlig att verkst\u00e4lla, kommer de \u00e5terst\u00e5ende best\u00e4mmelserna i dessa villkor att forts\u00e4tta att g\u00e4lla. Dessa Villkor utg\u00f6r hela avtalet mellan oss avseende v\u00e5r Tj\u00e4nst, och ers\u00e4tter och ers\u00e4tter alla tidigare avtal som vi kan ha mellan oss avseende Tj\u00e4nsten.<\/p>\n\n\n\n<p>N\u00e4r du k\u00f6per evenemanget som konsument skyddas du av svensk konsumentskyddslag samt avtalsr\u00e4tt.<br>Tj\u00e4nster och produkter som k\u00f6ps som ett f\u00f6retag omfattas av s\u00e5v\u00e4l k\u00f6plagen som avtalslagen.<\/p>\n\n\n\n<p><\/p>","protected":false},"excerpt":{"rendered":"<p>Cancellation Policy Sessions Cancellation by youCancellation must be completed 24 hours prior to scheduled time, otherwise full cost will be charged\/no rebooking will be possible. For sessions on Mondays, cancellation must be completed latest Friday afternoon (3pm Stockholm time zone), otherwise full cost will be charged. &#8220;No Show&#8221; &amp; Delay&#8217;sIf you don&#8217;t show up (online\/on-site) &hellip; <\/p>","protected":false},"author":2,"featured_media":0,"parent":0,"menu_order":0,"comment_status":"closed","ping_status":"closed","template":"","meta":{"_acf_changed":false,"footnotes":""},"class_list":["post-2085","page","type-page","status-publish","hentry","grid-sizer","latest_post"],"acf":[],"yoast_head":"<!-- This site is optimized with the Yoast SEO plugin v27.4 - https:\/\/yoast.com\/product\/yoast-seo-wordpress\/ -->\n<title>Cancellation Policy - TRE\u00ae Tension Releasing Exercises<\/title>\n<meta name=\"robots\" content=\"index, follow, max-snippet:-1, max-image-preview:large, max-video-preview:-1\" \/>\n<link rel=\"canonical\" href=\"https:\/\/tre-online.com\/sv\/avbokningsregler\/\" \/>\n<meta property=\"og:locale\" content=\"sv_SE\" \/>\n<meta property=\"og:type\" content=\"article\" \/>\n<meta property=\"og:title\" content=\"Cancellation Policy - TRE\u00ae Tension Releasing Exercises\" \/>\n<meta property=\"og:description\" content=\"Cancellation Policy Sessions Cancellation by youCancellation must be completed 24 hours prior to scheduled time, otherwise full cost will be charged\/no rebooking will be possible. For sessions on Mondays, cancellation must be completed latest Friday afternoon (3pm Stockholm time zone), otherwise full cost will be charged. &#8220;No Show&#8221; &amp; Delay&#8217;sIf you don&#8217;t show up (online\/on-site) &hellip;\" \/>\n<meta property=\"og:url\" content=\"https:\/\/tre-online.com\/sv\/avbokningsregler\/\" \/>\n<meta property=\"og:site_name\" content=\"TRE\u00ae Tension Releasing Exercises\" \/>\n<meta property=\"article:publisher\" content=\"https:\/\/www.facebook.com\/onlineTRE\" \/>\n<meta property=\"article:modified_time\" content=\"2025-06-02T13:45:14+00:00\" \/>\n<meta name=\"twitter:card\" content=\"summary_large_image\" \/>\n<meta name=\"twitter:label1\" content=\"Ber\u00e4knad l\u00e4stid\" \/>\n\t<meta name=\"twitter:data1\" content=\"4 minuter\" \/>\n<script type=\"application\/ld+json\" class=\"yoast-schema-graph\">{\"@context\":\"https:\\\/\\\/schema.org\",\"@graph\":[{\"@type\":\"WebPage\",\"@id\":\"https:\\\/\\\/tre-online.com\\\/cancellation-policy\\\/\",\"url\":\"https:\\\/\\\/tre-online.com\\\/cancellation-policy\\\/\",\"name\":\"Cancellation Policy - TRE\u00ae Tension Releasing Exercises\",\"isPartOf\":{\"@id\":\"https:\\\/\\\/tre-online.com\\\/#website\"},\"datePublished\":\"2020-04-21T09:13:06+00:00\",\"dateModified\":\"2025-06-02T13:45:14+00:00\",\"breadcrumb\":{\"@id\":\"https:\\\/\\\/tre-online.com\\\/cancellation-policy\\\/#breadcrumb\"},\"inLanguage\":\"sv-SE\",\"potentialAction\":[{\"@type\":\"ReadAction\",\"target\":[\"https:\\\/\\\/tre-online.com\\\/cancellation-policy\\\/\"]}]},{\"@type\":\"BreadcrumbList\",\"@id\":\"https:\\\/\\\/tre-online.com\\\/cancellation-policy\\\/#breadcrumb\",\"itemListElement\":[{\"@type\":\"ListItem\",\"position\":1,\"name\":\"Home\",\"item\":\"https:\\\/\\\/tre-online.com\\\/\"},{\"@type\":\"ListItem\",\"position\":2,\"name\":\"Cancellation Policy\"}]},{\"@type\":\"WebSite\",\"@id\":\"https:\\\/\\\/tre-online.com\\\/#website\",\"url\":\"https:\\\/\\\/tre-online.com\\\/\",\"name\":\"TRE\u00ae Tension Releasing Exercises\",\"description\":\"Release Your Body - Release Your Mind\",\"publisher\":{\"@id\":\"https:\\\/\\\/tre-online.com\\\/#organization\"},\"potentialAction\":[{\"@type\":\"SearchAction\",\"target\":{\"@type\":\"EntryPoint\",\"urlTemplate\":\"https:\\\/\\\/tre-online.com\\\/?s={search_term_string}\"},\"query-input\":{\"@type\":\"PropertyValueSpecification\",\"valueRequired\":true,\"valueName\":\"search_term_string\"}}],\"inLanguage\":\"sv-SE\"},{\"@type\":\"Organization\",\"@id\":\"https:\\\/\\\/tre-online.com\\\/#organization\",\"name\":\"TRE\u00ae Tension Releasing Exercises\",\"url\":\"https:\\\/\\\/tre-online.com\\\/\",\"logo\":{\"@type\":\"ImageObject\",\"inLanguage\":\"sv-SE\",\"@id\":\"https:\\\/\\\/tre-online.com\\\/#\\\/schema\\\/logo\\\/image\\\/\",\"url\":\"https:\\\/\\\/tre-online.com\\\/wp-content\\\/uploads\\\/2021\\\/02\\\/TRE-online-logo-size-optimzed.png\",\"contentUrl\":\"https:\\\/\\\/tre-online.com\\\/wp-content\\\/uploads\\\/2021\\\/02\\\/TRE-online-logo-size-optimzed.png\",\"width\":400,\"height\":397,\"caption\":\"TRE\u00ae Tension Releasing Exercises\"},\"image\":{\"@id\":\"https:\\\/\\\/tre-online.com\\\/#\\\/schema\\\/logo\\\/image\\\/\"},\"sameAs\":[\"https:\\\/\\\/www.facebook.com\\\/onlineTRE\",\"https:\\\/\\\/www.instagram.com\\\/online_tre\\\/\"]}]}<\/script>\n<!-- \/ Yoast SEO plugin. -->","yoast_head_json":{"title":"Avbokningsregler - TRE\u00ae Sp\u00e4nningsl\u00f6sande \u00f6vningar","robots":{"index":"index","follow":"follow","max-snippet":"max-snippet:-1","max-image-preview":"max-image-preview:large","max-video-preview":"max-video-preview:-1"},"canonical":"https:\/\/tre-online.com\/sv\/avbokningsregler\/","og_locale":"sv_SE","og_type":"article","og_title":"Cancellation Policy - TRE\u00ae Tension Releasing Exercises","og_description":"Cancellation Policy Sessions Cancellation by youCancellation must be completed 24 hours prior to scheduled time, otherwise full cost will be charged\/no rebooking will be possible. For sessions on Mondays, cancellation must be completed latest Friday afternoon (3pm Stockholm time zone), otherwise full cost will be charged. &#8220;No Show&#8221; &amp; Delay&#8217;sIf you don&#8217;t show up (online\/on-site) &hellip;","og_url":"https:\/\/tre-online.com\/sv\/avbokningsregler\/","og_site_name":"TRE\u00ae Tension Releasing Exercises","article_publisher":"https:\/\/www.facebook.com\/onlineTRE","article_modified_time":"2025-06-02T13:45:14+00:00","twitter_card":"summary_large_image","twitter_misc":{"Ber\u00e4knad l\u00e4stid":"4 minuter"},"schema":{"@context":"https:\/\/schema.org","@graph":[{"@type":"WebPage","@id":"https:\/\/tre-online.com\/cancellation-policy\/","url":"https:\/\/tre-online.com\/cancellation-policy\/","name":"Avbokningsregler - TRE\u00ae Sp\u00e4nningsl\u00f6sande \u00f6vningar","isPartOf":{"@id":"https:\/\/tre-online.com\/#website"},"datePublished":"2020-04-21T09:13:06+00:00","dateModified":"2025-06-02T13:45:14+00:00","breadcrumb":{"@id":"https:\/\/tre-online.com\/cancellation-policy\/#breadcrumb"},"inLanguage":"sv-SE","potentialAction":[{"@type":"ReadAction","target":["https:\/\/tre-online.com\/cancellation-policy\/"]}]},{"@type":"BreadcrumbList","@id":"https:\/\/tre-online.com\/cancellation-policy\/#breadcrumb","itemListElement":[{"@type":"ListItem","position":1,"name":"Home","item":"https:\/\/tre-online.com\/"},{"@type":"ListItem","position":2,"name":"Cancellation Policy"}]},{"@type":"WebSite","@id":"https:\/\/tre-online.com\/#website","url":"https:\/\/tre-online.com\/","name":"TRE\u00ae Sp\u00e4nningsl\u00f6sande \u00f6vningar","description":"Sl\u00e4pp loss din kropp - sl\u00e4pp loss ditt sinne","publisher":{"@id":"https:\/\/tre-online.com\/#organization"},"potentialAction":[{"@type":"SearchAction","target":{"@type":"EntryPoint","urlTemplate":"https:\/\/tre-online.com\/?s={search_term_string}"},"query-input":{"@type":"PropertyValueSpecification","valueRequired":true,"valueName":"search_term_string"}}],"inLanguage":"sv-SE"},{"@type":"Organization","@id":"https:\/\/tre-online.com\/#organization","name":"TRE\u00ae Sp\u00e4nningsl\u00f6sande \u00f6vningar","url":"https:\/\/tre-online.com\/","logo":{"@type":"ImageObject","inLanguage":"sv-SE","@id":"https:\/\/tre-online.com\/#\/schema\/logo\/image\/","url":"https:\/\/tre-online.com\/wp-content\/uploads\/2021\/02\/TRE-online-logo-size-optimzed.png","contentUrl":"https:\/\/tre-online.com\/wp-content\/uploads\/2021\/02\/TRE-online-logo-size-optimzed.png","width":400,"height":397,"caption":"TRE\u00ae Tension Releasing Exercises"},"image":{"@id":"https:\/\/tre-online.com\/#\/schema\/logo\/image\/"},"sameAs":["https:\/\/www.facebook.com\/onlineTRE","https:\/\/www.instagram.com\/online_tre\/"]}]}},"_links":{"self":[{"href":"https:\/\/tre-online.com\/sv\/wp-json\/wp\/v2\/pages\/2085","targetHints":{"allow":["GET"]}}],"collection":[{"href":"https:\/\/tre-online.com\/sv\/wp-json\/wp\/v2\/pages"}],"about":[{"href":"https:\/\/tre-online.com\/sv\/wp-json\/wp\/v2\/types\/page"}],"author":[{"embeddable":true,"href":"https:\/\/tre-online.com\/sv\/wp-json\/wp\/v2\/users\/2"}],"replies":[{"embeddable":true,"href":"https:\/\/tre-online.com\/sv\/wp-json\/wp\/v2\/comments?post=2085"}],"version-history":[{"count":12,"href":"https:\/\/tre-online.com\/sv\/wp-json\/wp\/v2\/pages\/2085\/revisions"}],"predecessor-version":[{"id":7067,"href":"https:\/\/tre-online.com\/sv\/wp-json\/wp\/v2\/pages\/2085\/revisions\/7067"}],"wp:attachment":[{"href":"https:\/\/tre-online.com\/sv\/wp-json\/wp\/v2\/media?parent=2085"}],"curies":[{"name":"wp","href":"https:\/\/api.w.org\/{rel}","templated":true}]}}