{"id":27,"date":"2019-09-07T12:58:45","date_gmt":"2019-09-07T12:58:45","guid":{"rendered":"https:\/\/rrygm.beeweb-green.io\/?page_id=27"},"modified":"2025-06-03T10:22:54","modified_gmt":"2025-06-03T08:22:54","slug":"om-oss","status":"publish","type":"page","link":"https:\/\/tre-online.com\/sv\/about-us\/","title":{"rendered":"Om oss"},"content":{"rendered":"<blockquote class=\"wp-block-quote is-layout-flow wp-block-quote-is-layout-flow\">\n<p>Vi \u00e4r alla olika. D\u00f6m inte, f\u00f6rst\u00e5 ist\u00e4llet.<\/p>\n<cite><strong>Roy T. Bennett,&nbsp;<\/strong><a href=\"https:\/\/www.goodreads.com\/work\/quotes\/49604402\">Ljuset i hj\u00e4rtat<\/a><\/cite><\/blockquote>\n\n\n\n<p>Grundaren av denna TRE\u00ae Online-webbplats \u00e4r Deva Laya Guleng, en erfaren global TRE\u00ae-certifieringsutbildare. Hon har arbetat som utbildare sedan 2011 och har st\u00f6ttat tillv\u00e4xten av TRE\u00ae i Europa.<\/p>\n\n\n\n<p>Deva Laya arbetar idag b\u00e5de som handledare och mentor f\u00f6r TRE\u00ae Provider Trainees och TRE<sup>\u00ae<\/sup>&nbsp;Certification Trainer-elever samt ger egna utbildningar och individuella sessioner.  Hon \u00e4r mycket engagerad i den internationella organisationen, b\u00e5de med att utveckla strukturerade st\u00f6ddokument och med att st\u00f6dja start av TRE<sup>\u00ae<\/sup>&nbsp;i nya l\u00e4nder.<\/p>\n\n\n\n<p>Deva Laya hade f\u00f6rst kontakt med TRE<sup>\u00ae<\/sup>&nbsp;2008, och har varit verksam som TRE<sup>\u00ae<\/sup>&nbsp;sedan dess. Sp\u00e4nningen och inspirationen att anv\u00e4nda TRE<sup>\u00ae<\/sup>&nbsp;som en sj\u00e4lvl\u00e4kande metod b\u00e5de f\u00f6r sig sj\u00e4lv och som ett verktyg i sitt arbete med andra m\u00e4nniskor fick henne att g\u00e5 in i TRE<sup>\u00ae<\/sup>&nbsp;tr\u00e4ningsprogram. Hon tr\u00e4nas huvudsakligen av Dr David Berceli &amp; Joan MacDonald.<\/p>\n\n\n\n<p>Hon \u00e4r mycket engagerad i att leda grupper och individer genom TRE<sup>\u00ae<\/sup>&nbsp;\u00f6vningar samtidigt som hon ger grundning och st\u00f6d. Det \u00e4r med stor tacksamhet och \u00f6dmjukhet som hon bevittnar andra m\u00e4nniskor genom deras l\u00e4kningsprocess.<\/p>\n\n\n\n<div class=\"wp-block-media-text is-stacked-on-mobile\" style=\"grid-template-columns:25% auto\"><figure class=\"wp-block-media-text__media\"><img fetchpriority=\"high\" decoding=\"async\" width=\"508\" height=\"560\" src=\"https:\/\/tre-online.com\/wp-content\/uploads\/2025\/06\/DevaLaya-portait.png\" alt=\"\" class=\"wp-image-7068 size-full\" srcset=\"https:\/\/tre-online.com\/wp-content\/uploads\/2025\/06\/DevaLaya-portait.png 508w, https:\/\/tre-online.com\/wp-content\/uploads\/2025\/06\/DevaLaya-portait-272x300.png 272w, https:\/\/tre-online.com\/wp-content\/uploads\/2025\/06\/DevaLaya-portait-11x12.png 11w, https:\/\/tre-online.com\/wp-content\/uploads\/2025\/06\/DevaLaya-portait-200x220.png 200w\" sizes=\"(max-width: 508px) 100vw, 508px\" \/><\/figure><div class=\"wp-block-media-text__content\">\n<p>Deva Laya arbetar med att v\u00e4gleda m\u00e4nniskor till att hitta sin inre kraft och \u00e4lskar ocks\u00e5 att anv\u00e4nda Crystal Sound Bowls och sin r\u00f6st i sitt arbete. En av hennes starkaste visioner \u00e4r att forts\u00e4tta vara en guide, att st\u00f6dja, hj\u00e4lpa och st\u00e4rka m\u00e4nniskor \u00f6ver hela v\u00e4rlden, s\u00e4rskilt de som \u00e4r v\u00e5r framtid - barnen<\/p>\n<\/div><\/div>","protected":false},"excerpt":{"rendered":"<p>We are all different. Don\u2019t judge, understand instead. Roy T. Bennett,&nbsp;The Light in the Heart The founder of this TRE\u00ae Online website is Deva Laya Guleng, an experienced Global TRE\u00ae Certification Trainer. She&#8217;s been working as a Trainer since 2011, supporting growth of TRE\u00ae in Europe. Deva Laya is today working both as supervisor and &hellip; <\/p>","protected":false},"author":1,"featured_media":0,"parent":0,"menu_order":0,"comment_status":"closed","ping_status":"closed","template":"","meta":{"_acf_changed":false,"footnotes":""},"class_list":["post-27","page","type-page","status-publish","hentry","grid-sizer","latest_post"],"acf":[],"yoast_head":"<!-- This site is optimized with the Yoast SEO plugin v27.5 - https:\/\/yoast.com\/product\/yoast-seo-wordpress\/ -->\n<title>About us - TRE\u00ae Tension Releasing Exercises<\/title>\n<meta name=\"robots\" content=\"index, follow, max-snippet:-1, max-image-preview:large, max-video-preview:-1\" \/>\n<link rel=\"canonical\" href=\"https:\/\/tre-online.com\/sv\/om-oss\/\" \/>\n<meta property=\"og:locale\" content=\"sv_SE\" \/>\n<meta property=\"og:type\" content=\"article\" \/>\n<meta property=\"og:title\" content=\"About us - TRE\u00ae Tension Releasing Exercises\" \/>\n<meta property=\"og:description\" content=\"We are all different. Don\u2019t judge, understand instead. Roy T. Bennett,&nbsp;The Light in the Heart The founder of this TRE\u00ae Online website is Deva Laya Guleng, an experienced Global TRE\u00ae Certification Trainer. She&#8217;s been working as a Trainer since 2011, supporting growth of TRE\u00ae in Europe. Deva Laya is today working both as supervisor and &hellip;\" \/>\n<meta property=\"og:url\" content=\"https:\/\/tre-online.com\/sv\/om-oss\/\" \/>\n<meta property=\"og:site_name\" content=\"TRE\u00ae Tension Releasing Exercises\" \/>\n<meta property=\"article:publisher\" content=\"https:\/\/www.facebook.com\/onlineTRE\" \/>\n<meta property=\"article:modified_time\" content=\"2025-06-03T08:22:54+00:00\" \/>\n<meta property=\"og:image\" content=\"https:\/\/tre-online.com\/wp-content\/uploads\/2025\/06\/DevaLaya-portait.png\" \/>\n\t<meta property=\"og:image:width\" content=\"508\" \/>\n\t<meta property=\"og:image:height\" content=\"560\" \/>\n\t<meta property=\"og:image:type\" content=\"image\/png\" \/>\n<meta name=\"twitter:card\" content=\"summary_large_image\" \/>\n<meta name=\"twitter:label1\" content=\"Ber\u00e4knad l\u00e4stid\" \/>\n\t<meta name=\"twitter:data1\" content=\"2 minuter\" \/>\n<script type=\"application\/ld+json\" class=\"yoast-schema-graph\">{\"@context\":\"https:\\\/\\\/schema.org\",\"@graph\":[{\"@type\":\"WebPage\",\"@id\":\"https:\\\/\\\/tre-online.com\\\/about-us\\\/\",\"url\":\"https:\\\/\\\/tre-online.com\\\/about-us\\\/\",\"name\":\"About us - TRE\u00ae Tension Releasing Exercises\",\"isPartOf\":{\"@id\":\"https:\\\/\\\/tre-online.com\\\/#website\"},\"primaryImageOfPage\":{\"@id\":\"https:\\\/\\\/tre-online.com\\\/about-us\\\/#primaryimage\"},\"image\":{\"@id\":\"https:\\\/\\\/tre-online.com\\\/about-us\\\/#primaryimage\"},\"thumbnailUrl\":\"https:\\\/\\\/tre-online.com\\\/wp-content\\\/uploads\\\/2025\\\/06\\\/DevaLaya-portait.png\",\"datePublished\":\"2019-09-07T12:58:45+00:00\",\"dateModified\":\"2025-06-03T08:22:54+00:00\",\"breadcrumb\":{\"@id\":\"https:\\\/\\\/tre-online.com\\\/about-us\\\/#breadcrumb\"},\"inLanguage\":\"sv-SE\",\"potentialAction\":[{\"@type\":\"ReadAction\",\"target\":[\"https:\\\/\\\/tre-online.com\\\/about-us\\\/\"]}]},{\"@type\":\"ImageObject\",\"inLanguage\":\"sv-SE\",\"@id\":\"https:\\\/\\\/tre-online.com\\\/about-us\\\/#primaryimage\",\"url\":\"https:\\\/\\\/tre-online.com\\\/wp-content\\\/uploads\\\/2025\\\/06\\\/DevaLaya-portait.png\",\"contentUrl\":\"https:\\\/\\\/tre-online.com\\\/wp-content\\\/uploads\\\/2025\\\/06\\\/DevaLaya-portait.png\"},{\"@type\":\"BreadcrumbList\",\"@id\":\"https:\\\/\\\/tre-online.com\\\/about-us\\\/#breadcrumb\",\"itemListElement\":[{\"@type\":\"ListItem\",\"position\":1,\"name\":\"Home\",\"item\":\"https:\\\/\\\/tre-online.com\\\/\"},{\"@type\":\"ListItem\",\"position\":2,\"name\":\"About us\"}]},{\"@type\":\"WebSite\",\"@id\":\"https:\\\/\\\/tre-online.com\\\/#website\",\"url\":\"https:\\\/\\\/tre-online.com\\\/\",\"name\":\"TRE\u00ae Tension Releasing Exercises\",\"description\":\"Release Your Body - Release Your Mind\",\"publisher\":{\"@id\":\"https:\\\/\\\/tre-online.com\\\/#organization\"},\"potentialAction\":[{\"@type\":\"SearchAction\",\"target\":{\"@type\":\"EntryPoint\",\"urlTemplate\":\"https:\\\/\\\/tre-online.com\\\/?s={search_term_string}\"},\"query-input\":{\"@type\":\"PropertyValueSpecification\",\"valueRequired\":true,\"valueName\":\"search_term_string\"}}],\"inLanguage\":\"sv-SE\"},{\"@type\":\"Organization\",\"@id\":\"https:\\\/\\\/tre-online.com\\\/#organization\",\"name\":\"TRE\u00ae Tension Releasing Exercises\",\"url\":\"https:\\\/\\\/tre-online.com\\\/\",\"logo\":{\"@type\":\"ImageObject\",\"inLanguage\":\"sv-SE\",\"@id\":\"https:\\\/\\\/tre-online.com\\\/#\\\/schema\\\/logo\\\/image\\\/\",\"url\":\"https:\\\/\\\/tre-online.com\\\/wp-content\\\/uploads\\\/2021\\\/02\\\/TRE-online-logo-size-optimzed.png\",\"contentUrl\":\"https:\\\/\\\/tre-online.com\\\/wp-content\\\/uploads\\\/2021\\\/02\\\/TRE-online-logo-size-optimzed.png\",\"width\":400,\"height\":397,\"caption\":\"TRE\u00ae Tension Releasing Exercises\"},\"image\":{\"@id\":\"https:\\\/\\\/tre-online.com\\\/#\\\/schema\\\/logo\\\/image\\\/\"},\"sameAs\":[\"https:\\\/\\\/www.facebook.com\\\/onlineTRE\",\"https:\\\/\\\/www.instagram.com\\\/online_tre\\\/\"]}]}<\/script>\n<!-- \/ Yoast SEO plugin. -->","yoast_head_json":{"title":"Om oss - TRE\u00ae Sp\u00e4nningsl\u00f6sande \u00f6vningar","robots":{"index":"index","follow":"follow","max-snippet":"max-snippet:-1","max-image-preview":"max-image-preview:large","max-video-preview":"max-video-preview:-1"},"canonical":"https:\/\/tre-online.com\/sv\/om-oss\/","og_locale":"sv_SE","og_type":"article","og_title":"About us - TRE\u00ae Tension Releasing Exercises","og_description":"We are all different. Don\u2019t judge, understand instead. Roy T. Bennett,&nbsp;The Light in the Heart The founder of this TRE\u00ae Online website is Deva Laya Guleng, an experienced Global TRE\u00ae Certification Trainer. She&#8217;s been working as a Trainer since 2011, supporting growth of TRE\u00ae in Europe. Deva Laya is today working both as supervisor and &hellip;","og_url":"https:\/\/tre-online.com\/sv\/om-oss\/","og_site_name":"TRE\u00ae Tension Releasing Exercises","article_publisher":"https:\/\/www.facebook.com\/onlineTRE","article_modified_time":"2025-06-03T08:22:54+00:00","og_image":[{"width":508,"height":560,"url":"https:\/\/tre-online.com\/wp-content\/uploads\/2025\/06\/DevaLaya-portait.png","type":"image\/png"}],"twitter_card":"summary_large_image","twitter_misc":{"Ber\u00e4knad l\u00e4stid":"2 minuter"},"schema":{"@context":"https:\/\/schema.org","@graph":[{"@type":"WebPage","@id":"https:\/\/tre-online.com\/about-us\/","url":"https:\/\/tre-online.com\/about-us\/","name":"Om oss - TRE\u00ae Sp\u00e4nningsl\u00f6sande \u00f6vningar","isPartOf":{"@id":"https:\/\/tre-online.com\/#website"},"primaryImageOfPage":{"@id":"https:\/\/tre-online.com\/about-us\/#primaryimage"},"image":{"@id":"https:\/\/tre-online.com\/about-us\/#primaryimage"},"thumbnailUrl":"https:\/\/tre-online.com\/wp-content\/uploads\/2025\/06\/DevaLaya-portait.png","datePublished":"2019-09-07T12:58:45+00:00","dateModified":"2025-06-03T08:22:54+00:00","breadcrumb":{"@id":"https:\/\/tre-online.com\/about-us\/#breadcrumb"},"inLanguage":"sv-SE","potentialAction":[{"@type":"ReadAction","target":["https:\/\/tre-online.com\/about-us\/"]}]},{"@type":"ImageObject","inLanguage":"sv-SE","@id":"https:\/\/tre-online.com\/about-us\/#primaryimage","url":"https:\/\/tre-online.com\/wp-content\/uploads\/2025\/06\/DevaLaya-portait.png","contentUrl":"https:\/\/tre-online.com\/wp-content\/uploads\/2025\/06\/DevaLaya-portait.png"},{"@type":"BreadcrumbList","@id":"https:\/\/tre-online.com\/about-us\/#breadcrumb","itemListElement":[{"@type":"ListItem","position":1,"name":"Home","item":"https:\/\/tre-online.com\/"},{"@type":"ListItem","position":2,"name":"About us"}]},{"@type":"WebSite","@id":"https:\/\/tre-online.com\/#website","url":"https:\/\/tre-online.com\/","name":"TRE\u00ae Sp\u00e4nningsl\u00f6sande \u00f6vningar","description":"Sl\u00e4pp loss din kropp - sl\u00e4pp loss ditt sinne","publisher":{"@id":"https:\/\/tre-online.com\/#organization"},"potentialAction":[{"@type":"SearchAction","target":{"@type":"EntryPoint","urlTemplate":"https:\/\/tre-online.com\/?s={search_term_string}"},"query-input":{"@type":"PropertyValueSpecification","valueRequired":true,"valueName":"search_term_string"}}],"inLanguage":"sv-SE"},{"@type":"Organization","@id":"https:\/\/tre-online.com\/#organization","name":"TRE\u00ae Sp\u00e4nningsl\u00f6sande \u00f6vningar","url":"https:\/\/tre-online.com\/","logo":{"@type":"ImageObject","inLanguage":"sv-SE","@id":"https:\/\/tre-online.com\/#\/schema\/logo\/image\/","url":"https:\/\/tre-online.com\/wp-content\/uploads\/2021\/02\/TRE-online-logo-size-optimzed.png","contentUrl":"https:\/\/tre-online.com\/wp-content\/uploads\/2021\/02\/TRE-online-logo-size-optimzed.png","width":400,"height":397,"caption":"TRE\u00ae Tension Releasing Exercises"},"image":{"@id":"https:\/\/tre-online.com\/#\/schema\/logo\/image\/"},"sameAs":["https:\/\/www.facebook.com\/onlineTRE","https:\/\/www.instagram.com\/online_tre\/"]}]}},"_links":{"self":[{"href":"https:\/\/tre-online.com\/sv\/wp-json\/wp\/v2\/pages\/27","targetHints":{"allow":["GET"]}}],"collection":[{"href":"https:\/\/tre-online.com\/sv\/wp-json\/wp\/v2\/pages"}],"about":[{"href":"https:\/\/tre-online.com\/sv\/wp-json\/wp\/v2\/types\/page"}],"author":[{"embeddable":true,"href":"https:\/\/tre-online.com\/sv\/wp-json\/wp\/v2\/users\/1"}],"replies":[{"embeddable":true,"href":"https:\/\/tre-online.com\/sv\/wp-json\/wp\/v2\/comments?post=27"}],"version-history":[{"count":3,"href":"https:\/\/tre-online.com\/sv\/wp-json\/wp\/v2\/pages\/27\/revisions"}],"predecessor-version":[{"id":7069,"href":"https:\/\/tre-online.com\/sv\/wp-json\/wp\/v2\/pages\/27\/revisions\/7069"}],"wp:attachment":[{"href":"https:\/\/tre-online.com\/sv\/wp-json\/wp\/v2\/media?parent=27"}],"curies":[{"name":"wp","href":"https:\/\/api.w.org\/{rel}","templated":true}]}}