{"id":3017,"date":"2021-07-04T09:28:05","date_gmt":"2021-07-04T07:28:05","guid":{"rendered":"https:\/\/rrygm.beeweb-green.io\/?post_type=product&#038;p=3017"},"modified":"2023-10-18T13:05:01","modified_gmt":"2023-10-18T11:05:01","slug":"repeat_tre-modul","status":"publish","type":"product","link":"https:\/\/tre-online.com\/sv\/product\/repeat_tre-module\/","title":{"rendered":"Repetera modul 1 \/ 2 \/ 3 utbildningshelg"},"content":{"rendered":"<p>Om du \u00e4r under utbildning och har godk\u00e4nts f\u00f6r att repetera modul 1, 2 eller 3 \u00e4r utbildningen en obligatorisk del f\u00f6r att bli certifierad TRE\u00ae Provider (en \u00f6versikt \u00f6ver certifieringen kommer att ges). Deltagare m\u00e5ste vara f\u00f6rhandsgodk\u00e4nda och redan i utbildning med TRE\u00ae Online\/OmniBalance (om inte annat \u00f6verenskommits i f\u00f6rv\u00e4g).<\/p>\n<p><strong style=\"color: #ff6600;\">F\u00f6rkunskapskrav\u00a0<\/strong><\/p>\n<p><strong>Underl\u00e4ttare<\/strong>:<br \/>\nDevaLaya Guleng, utbildare f\u00f6r TRE\u00ae-certifiering<br \/>\n<a href=\"http:\/\/www.omnibalance.co\/\">www.omnibalance.co<\/a><br \/>\nmed assistenter<\/p>\n<p>&nbsp;<\/p>","protected":false},"excerpt":{"rendered":"<p>Om du \u00e4r under utbildning och har godk\u00e4nts att upprepa en online-modul 1, 2 eller 3 \u00e4r utbildningen obligatoriska delar f\u00f6r certifiering f\u00f6r att bli TRE\u00ae Provider (en \u00f6versikt \u00f6ver certifieringen kommer att tillhandah\u00e5llas). Deltagare m\u00e5ste vara f\u00f6rhandsgodk\u00e4nda och redan i utbildning med TRE\u00ae Online\/OmniBalance (om inte annat \u00f6verenskommits i f\u00f6rv\u00e4g).<\/p>","protected":false},"featured_media":2055,"comment_status":"closed","ping_status":"closed","template":"","meta":{"_acf_changed":false},"product_brand":[],"product_cat":[19],"product_tag":[64,63,61,62],"class_list":{"0":"post-3017","1":"product","2":"type-product","3":"status-publish","4":"has-post-thumbnail","6":"product_cat-workshops_trainings","7":"product_tag-certification-training","8":"product_tag-tre-module-1","9":"product_tag-tre-training","10":"product_tag-tre-training-online","11":"grid-sizer","12":"latest_post","14":"first","15":"instock","16":"virtual","17":"sold-individually","18":"purchasable","19":"product-type-simple"},"acf":[],"yoast_head":"<!-- This site is optimized with the Yoast SEO plugin v27.4 - https:\/\/yoast.com\/product\/yoast-seo-wordpress\/ -->\n<title>Repeat Module 1 \/ 2 \/ 3 training-weekend - TRE\u00ae Tension Releasing Exercises<\/title>\n<meta name=\"robots\" content=\"index, follow, max-snippet:-1, max-image-preview:large, max-video-preview:-1\" \/>\n<link rel=\"canonical\" href=\"https:\/\/tre-online.com\/sv\/produkt\/repeat_tre-modul\/\" \/>\n<meta property=\"og:locale\" content=\"sv_SE\" \/>\n<meta property=\"og:type\" content=\"article\" \/>\n<meta property=\"og:title\" content=\"Repeat Module 1 \/ 2 \/ 3 training-weekend - TRE\u00ae Tension Releasing Exercises\" \/>\n<meta property=\"og:description\" content=\"If you are in training and been approved to repeat an online Module 1, 2 or 3\u00a0 training is mandatory parts towards certification towards becoming a TRE\u00ae Provider (outline of certification will be provided). Registrants need to be pre-approved, and already in training with TRE\u00ae Online\/OmniBalance (unless other is agreed in advance).\" \/>\n<meta property=\"og:url\" content=\"https:\/\/tre-online.com\/sv\/produkt\/repeat_tre-modul\/\" \/>\n<meta property=\"og:site_name\" content=\"TRE\u00ae Tension Releasing Exercises\" \/>\n<meta property=\"article:publisher\" content=\"https:\/\/www.facebook.com\/onlineTRE\" \/>\n<meta property=\"article:modified_time\" content=\"2023-10-18T11:05:01+00:00\" \/>\n<meta property=\"og:image\" content=\"https:\/\/tre-online.com\/wp-content\/uploads\/2020\/04\/bigstock-Healthy-Gym-Girl-Using-Compute-245368993-scaled.jpg\" \/>\n\t<meta property=\"og:image:width\" content=\"2560\" \/>\n\t<meta property=\"og:image:height\" content=\"1440\" \/>\n\t<meta property=\"og:image:type\" content=\"image\/jpeg\" \/>\n<meta name=\"twitter:card\" content=\"summary_large_image\" \/>\n<meta name=\"twitter:label1\" content=\"Ber\u00e4knad l\u00e4stid\" \/>\n\t<meta name=\"twitter:data1\" content=\"1 minut\" \/>\n<script type=\"application\/ld+json\" class=\"yoast-schema-graph\">{\"@context\":\"https:\\\/\\\/schema.org\",\"@graph\":[{\"@type\":\"WebPage\",\"@id\":\"https:\\\/\\\/tre-online.com\\\/product\\\/repeat_tre-module\\\/\",\"url\":\"https:\\\/\\\/tre-online.com\\\/product\\\/repeat_tre-module\\\/\",\"name\":\"Repeat Module 1 \\\/ 2 \\\/ 3 training-weekend - TRE\u00ae Tension Releasing Exercises\",\"isPartOf\":{\"@id\":\"https:\\\/\\\/tre-online.com\\\/#website\"},\"primaryImageOfPage\":{\"@id\":\"https:\\\/\\\/tre-online.com\\\/product\\\/repeat_tre-module\\\/#primaryimage\"},\"image\":{\"@id\":\"https:\\\/\\\/tre-online.com\\\/product\\\/repeat_tre-module\\\/#primaryimage\"},\"thumbnailUrl\":\"https:\\\/\\\/tre-online.com\\\/wp-content\\\/uploads\\\/2020\\\/04\\\/bigstock-Healthy-Gym-Girl-Using-Compute-245368993-scaled.jpg\",\"datePublished\":\"2021-07-04T07:28:05+00:00\",\"dateModified\":\"2023-10-18T11:05:01+00:00\",\"breadcrumb\":{\"@id\":\"https:\\\/\\\/tre-online.com\\\/product\\\/repeat_tre-module\\\/#breadcrumb\"},\"inLanguage\":\"sv-SE\",\"potentialAction\":[{\"@type\":\"ReadAction\",\"target\":[\"https:\\\/\\\/tre-online.com\\\/product\\\/repeat_tre-module\\\/\"]}]},{\"@type\":\"ImageObject\",\"inLanguage\":\"sv-SE\",\"@id\":\"https:\\\/\\\/tre-online.com\\\/product\\\/repeat_tre-module\\\/#primaryimage\",\"url\":\"https:\\\/\\\/tre-online.com\\\/wp-content\\\/uploads\\\/2020\\\/04\\\/bigstock-Healthy-Gym-Girl-Using-Compute-245368993-scaled.jpg\",\"contentUrl\":\"https:\\\/\\\/tre-online.com\\\/wp-content\\\/uploads\\\/2020\\\/04\\\/bigstock-Healthy-Gym-Girl-Using-Compute-245368993-scaled.jpg\",\"width\":2560,\"height\":1440},{\"@type\":\"BreadcrumbList\",\"@id\":\"https:\\\/\\\/tre-online.com\\\/product\\\/repeat_tre-module\\\/#breadcrumb\",\"itemListElement\":[{\"@type\":\"ListItem\",\"position\":1,\"name\":\"Home\",\"item\":\"https:\\\/\\\/tre-online.com\\\/\"},{\"@type\":\"ListItem\",\"position\":2,\"name\":\"TRE\u00ae Online Store\",\"item\":\"https:\\\/\\\/tre-online.com\\\/store\\\/\"},{\"@type\":\"ListItem\",\"position\":3,\"name\":\"Repeat Module 1 \\\/ 2 \\\/ 3 training-weekend\"}]},{\"@type\":\"WebSite\",\"@id\":\"https:\\\/\\\/tre-online.com\\\/#website\",\"url\":\"https:\\\/\\\/tre-online.com\\\/\",\"name\":\"TRE\u00ae Tension Releasing Exercises\",\"description\":\"Release Your Body - Release Your Mind\",\"publisher\":{\"@id\":\"https:\\\/\\\/tre-online.com\\\/#organization\"},\"potentialAction\":[{\"@type\":\"SearchAction\",\"target\":{\"@type\":\"EntryPoint\",\"urlTemplate\":\"https:\\\/\\\/tre-online.com\\\/?s={search_term_string}\"},\"query-input\":{\"@type\":\"PropertyValueSpecification\",\"valueRequired\":true,\"valueName\":\"search_term_string\"}}],\"inLanguage\":\"sv-SE\"},{\"@type\":\"Organization\",\"@id\":\"https:\\\/\\\/tre-online.com\\\/#organization\",\"name\":\"TRE\u00ae Tension Releasing Exercises\",\"url\":\"https:\\\/\\\/tre-online.com\\\/\",\"logo\":{\"@type\":\"ImageObject\",\"inLanguage\":\"sv-SE\",\"@id\":\"https:\\\/\\\/tre-online.com\\\/#\\\/schema\\\/logo\\\/image\\\/\",\"url\":\"https:\\\/\\\/tre-online.com\\\/wp-content\\\/uploads\\\/2021\\\/02\\\/TRE-online-logo-size-optimzed.png\",\"contentUrl\":\"https:\\\/\\\/tre-online.com\\\/wp-content\\\/uploads\\\/2021\\\/02\\\/TRE-online-logo-size-optimzed.png\",\"width\":400,\"height\":397,\"caption\":\"TRE\u00ae Tension Releasing Exercises\"},\"image\":{\"@id\":\"https:\\\/\\\/tre-online.com\\\/#\\\/schema\\\/logo\\\/image\\\/\"},\"sameAs\":[\"https:\\\/\\\/www.facebook.com\\\/onlineTRE\",\"https:\\\/\\\/www.instagram.com\\\/online_tre\\\/\"]}]}<\/script>\n<!-- \/ Yoast SEO plugin. -->","yoast_head_json":{"title":"Repetera modul 1 \/ 2 \/ 3 utbildningshelg - TRE\u00ae Sp\u00e4nningsl\u00f6sande \u00f6vningar","robots":{"index":"index","follow":"follow","max-snippet":"max-snippet:-1","max-image-preview":"max-image-preview:large","max-video-preview":"max-video-preview:-1"},"canonical":"https:\/\/tre-online.com\/sv\/produkt\/repeat_tre-modul\/","og_locale":"sv_SE","og_type":"article","og_title":"Repeat Module 1 \/ 2 \/ 3 training-weekend - TRE\u00ae Tension Releasing Exercises","og_description":"If you are in training and been approved to repeat an online Module 1, 2 or 3\u00a0 training is mandatory parts towards certification towards becoming a TRE\u00ae Provider (outline of certification will be provided). Registrants need to be pre-approved, and already in training with TRE\u00ae Online\/OmniBalance (unless other is agreed in advance).","og_url":"https:\/\/tre-online.com\/sv\/produkt\/repeat_tre-modul\/","og_site_name":"TRE\u00ae Tension Releasing Exercises","article_publisher":"https:\/\/www.facebook.com\/onlineTRE","article_modified_time":"2023-10-18T11:05:01+00:00","og_image":[{"width":2560,"height":1440,"url":"https:\/\/tre-online.com\/wp-content\/uploads\/2020\/04\/bigstock-Healthy-Gym-Girl-Using-Compute-245368993-scaled.jpg","type":"image\/jpeg"}],"twitter_card":"summary_large_image","twitter_misc":{"Ber\u00e4knad l\u00e4stid":"1 minut"},"schema":{"@context":"https:\/\/schema.org","@graph":[{"@type":"WebPage","@id":"https:\/\/tre-online.com\/product\/repeat_tre-module\/","url":"https:\/\/tre-online.com\/product\/repeat_tre-module\/","name":"Repetera modul 1 \/ 2 \/ 3 utbildningshelg - TRE\u00ae Sp\u00e4nningsl\u00f6sande \u00f6vningar","isPartOf":{"@id":"https:\/\/tre-online.com\/#website"},"primaryImageOfPage":{"@id":"https:\/\/tre-online.com\/product\/repeat_tre-module\/#primaryimage"},"image":{"@id":"https:\/\/tre-online.com\/product\/repeat_tre-module\/#primaryimage"},"thumbnailUrl":"https:\/\/tre-online.com\/wp-content\/uploads\/2020\/04\/bigstock-Healthy-Gym-Girl-Using-Compute-245368993-scaled.jpg","datePublished":"2021-07-04T07:28:05+00:00","dateModified":"2023-10-18T11:05:01+00:00","breadcrumb":{"@id":"https:\/\/tre-online.com\/product\/repeat_tre-module\/#breadcrumb"},"inLanguage":"sv-SE","potentialAction":[{"@type":"ReadAction","target":["https:\/\/tre-online.com\/product\/repeat_tre-module\/"]}]},{"@type":"ImageObject","inLanguage":"sv-SE","@id":"https:\/\/tre-online.com\/product\/repeat_tre-module\/#primaryimage","url":"https:\/\/tre-online.com\/wp-content\/uploads\/2020\/04\/bigstock-Healthy-Gym-Girl-Using-Compute-245368993-scaled.jpg","contentUrl":"https:\/\/tre-online.com\/wp-content\/uploads\/2020\/04\/bigstock-Healthy-Gym-Girl-Using-Compute-245368993-scaled.jpg","width":2560,"height":1440},{"@type":"BreadcrumbList","@id":"https:\/\/tre-online.com\/product\/repeat_tre-module\/#breadcrumb","itemListElement":[{"@type":"ListItem","position":1,"name":"Home","item":"https:\/\/tre-online.com\/"},{"@type":"ListItem","position":2,"name":"TRE\u00ae Online Store","item":"https:\/\/tre-online.com\/store\/"},{"@type":"ListItem","position":3,"name":"Repeat Module 1 \/ 2 \/ 3 training-weekend"}]},{"@type":"WebSite","@id":"https:\/\/tre-online.com\/#website","url":"https:\/\/tre-online.com\/","name":"TRE\u00ae Sp\u00e4nningsl\u00f6sande \u00f6vningar","description":"Sl\u00e4pp loss din kropp - sl\u00e4pp loss ditt sinne","publisher":{"@id":"https:\/\/tre-online.com\/#organization"},"potentialAction":[{"@type":"SearchAction","target":{"@type":"EntryPoint","urlTemplate":"https:\/\/tre-online.com\/?s={search_term_string}"},"query-input":{"@type":"PropertyValueSpecification","valueRequired":true,"valueName":"search_term_string"}}],"inLanguage":"sv-SE"},{"@type":"Organization","@id":"https:\/\/tre-online.com\/#organization","name":"TRE\u00ae Sp\u00e4nningsl\u00f6sande \u00f6vningar","url":"https:\/\/tre-online.com\/","logo":{"@type":"ImageObject","inLanguage":"sv-SE","@id":"https:\/\/tre-online.com\/#\/schema\/logo\/image\/","url":"https:\/\/tre-online.com\/wp-content\/uploads\/2021\/02\/TRE-online-logo-size-optimzed.png","contentUrl":"https:\/\/tre-online.com\/wp-content\/uploads\/2021\/02\/TRE-online-logo-size-optimzed.png","width":400,"height":397,"caption":"TRE\u00ae Tension Releasing Exercises"},"image":{"@id":"https:\/\/tre-online.com\/#\/schema\/logo\/image\/"},"sameAs":["https:\/\/www.facebook.com\/onlineTRE","https:\/\/www.instagram.com\/online_tre\/"]}]}},"_links":{"self":[{"href":"https:\/\/tre-online.com\/sv\/wp-json\/wp\/v2\/product\/3017","targetHints":{"allow":["GET"]}}],"collection":[{"href":"https:\/\/tre-online.com\/sv\/wp-json\/wp\/v2\/product"}],"about":[{"href":"https:\/\/tre-online.com\/sv\/wp-json\/wp\/v2\/types\/product"}],"replies":[{"embeddable":true,"href":"https:\/\/tre-online.com\/sv\/wp-json\/wp\/v2\/comments?post=3017"}],"wp:featuredmedia":[{"embeddable":true,"href":"https:\/\/tre-online.com\/sv\/wp-json\/wp\/v2\/media\/2055"}],"wp:attachment":[{"href":"https:\/\/tre-online.com\/sv\/wp-json\/wp\/v2\/media?parent=3017"}],"wp:term":[{"taxonomy":"product_brand","embeddable":true,"href":"https:\/\/tre-online.com\/sv\/wp-json\/wp\/v2\/product_brand?post=3017"},{"taxonomy":"product_cat","embeddable":true,"href":"https:\/\/tre-online.com\/sv\/wp-json\/wp\/v2\/product_cat?post=3017"},{"taxonomy":"product_tag","embeddable":true,"href":"https:\/\/tre-online.com\/sv\/wp-json\/wp\/v2\/product_tag?post=3017"}],"curies":[{"name":"wp","href":"https:\/\/api.w.org\/{rel}","templated":true}]}}